{"id":469,"date":"2015-11-29T18:43:18","date_gmt":"2015-11-29T17:43:18","guid":{"rendered":"http:\/\/agora.xtec.cat\/ieslescorts\/?page_id=469"},"modified":"2024-01-12T10:48:54","modified_gmt":"2024-01-12T09:48:54","slug":"estudis-2","status":"publish","type":"page","link":"https:\/\/agora.xtec.cat\/ieslescorts\/estudis-2\/","title":{"rendered":"ESTUDIS"},"content":{"rendered":"<p>L&#8217;Institut Les Corts ofereix estudis de\u2019 Educaci\u00f3 Secund\u00e0ria Obligat\u00f2ria (ESO) i Batxillerat.<\/p>\n<p><a href=\"https:\/\/agora.xtec.cat\/ieslescorts\/estudis-2\/eso\/\">Informaci\u00f3 sobre l&#8217;ESO.<\/a><\/p>\n<p><a href=\"https:\/\/agora.xtec.cat\/ieslescorts\/estudis-2\/batxillerat\/\">Informaci\u00f3 sobre el BATXILLERAT.<\/a><\/p>\n<p>Informaci\u00f3 addicional sobre <a href=\"https:\/\/agora.xtec.cat\/ieslescorts\/estudis-2\/orientacio\/\">Orientaci\u00f3 Educativa.<\/a><\/p>\n","protected":false},"excerpt":{"rendered":"<p>L&#8217;Institut Les Corts ofereix estudis de\u2019 Educaci\u00f3 Secund\u00e0ria Obligat\u00f2ria (ESO) i Batxillerat.<br \/>\n<a href=\"https:\/\/agora.xtec.cat\/ieslescorts\/estudis-2\/eso\/\">Informaci\u00f3 sobre l&#8217;ESO.<\/a><br \/>\n<a href=\"https:\/\/agora.xtec.cat\/ieslescorts\/estudis-2\/batxillerat\/\">Informaci\u00f3 sobre el BATXILLERAT.<\/a><br \/>\nInformaci\u00f3 addicional sobre <a href=\"https:\/\/agora.xtec.cat\/ieslescorts\/estudis-2\/orientacio\/\">Orientaci\u00f3 Educativa.<\/a><\/p>\n","protected":false},"author":1,"featured_media":0,"parent":0,"menu_order":0,"comment_status":"closed","ping_status":"closed","template":"page-templates\/side-menu.php","meta":{"_bbp_topic_count":0,"_bbp_reply_count":0,"_bbp_total_topic_count":0,"_bbp_total_reply_count":0,"_bbp_voice_count":0,"_bbp_anonymous_reply_count":0,"_bbp_topic_count_hidden":0,"_bbp_reply_count_hidden":0,"_bbp_forum_subforum_count":0,"footnotes":""},"class_list":["post-469","page","type-page","status-publish","hentry"],"post_mailing_queue_ids":[],"_links":{"self":[{"href":"https:\/\/agora.xtec.cat\/ieslescorts\/wp-json\/wp\/v2\/pages\/469","targetHints":{"allow":["GET"]}}],"collection":[{"href":"https:\/\/agora.xtec.cat\/ieslescorts\/wp-json\/wp\/v2\/pages"}],"about":[{"href":"https:\/\/agora.xtec.cat\/ieslescorts\/wp-json\/wp\/v2\/types\/page"}],"author":[{"embeddable":true,"href":"https:\/\/agora.xtec.cat\/ieslescorts\/wp-json\/wp\/v2\/users\/1"}],"replies":[{"embeddable":true,"href":"https:\/\/agora.xtec.cat\/ieslescorts\/wp-json\/wp\/v2\/comments?post=469"}],"version-history":[{"count":4,"href":"https:\/\/agora.xtec.cat\/ieslescorts\/wp-json\/wp\/v2\/pages\/469\/revisions"}],"predecessor-version":[{"id":11291,"href":"https:\/\/agora.xtec.cat\/ieslescorts\/wp-json\/wp\/v2\/pages\/469\/revisions\/11291"}],"wp:attachment":[{"href":"https:\/\/agora.xtec.cat\/ieslescorts\/wp-json\/wp\/v2\/media?parent=469"}],"curies":[{"name":"wp","href":"https:\/\/api.w.org\/{rel}","templated":true}]}}