{"id":326,"date":"2015-06-24T20:59:46","date_gmt":"2015-06-24T19:59:46","guid":{"rendered":"http:\/\/agora.xtec.cat\/ieslescorts\/?page_id=326"},"modified":"2022-02-11T12:54:19","modified_gmt":"2022-02-11T11:54:19","slug":"batxillerat","status":"publish","type":"page","link":"https:\/\/agora.xtec.cat\/ieslescorts\/estudis-2\/batxillerat\/","title":{"rendered":"BATXILLERAT"},"content":{"rendered":"<p style=\"text-align: justify;\"><strong>Qu\u00e8 \u00e9s el batxillerat?<\/strong><\/p>\n<p style=\"text-align: justify;\">El batxillerat \u00e9s la darrera etapa de l\u2019Educaci\u00f3 Secund\u00e0ria, de car\u00e0cter postobligatori, organitzat en dos cursos.<\/p>\n<p style=\"text-align: justify;\">La finalitat \u00e9s proporcionar a l&#8217;alumnat la formaci\u00f3, la maduresa intel\u00b7lectual i personal, els coneixements acad\u00e8mics i les habilitats socials i personals que els permeti incorporar-se a estudis superiors, tant professionals (CFGS) com universitaris (Graus), i a una societat heterog\u00e8nia i multicultural.<\/p>\n<p style=\"text-align: justify;\"><a href=\"https:\/\/agora.xtec.cat\/ieslescorts\/wp-content\/uploads\/usu1246\/2021\/02\/Imatge1.jpg\"><img loading=\"lazy\" decoding=\"async\" class=\"alignright wp-image-9014 \" src=\"https:\/\/agora.xtec.cat\/ieslescorts\/wp-content\/uploads\/usu1246\/2021\/02\/Imatge1.jpg\" alt=\"\" width=\"484\" height=\"654\" srcset=\"https:\/\/agora.xtec.cat\/ieslescorts\/wp-content\/uploads\/usu1246\/2021\/02\/Imatge1.jpg 595w, https:\/\/agora.xtec.cat\/ieslescorts\/wp-content\/uploads\/usu1246\/2021\/02\/Imatge1-222x300.jpg 222w\" sizes=\"auto, (max-width: 484px) 100vw, 484px\" \/><\/a><\/p>\n<p style=\"text-align: justify;\">Es pot escollir entre dues modalitats de batxillerat:<\/p>\n<ul>\n<li><strong>ci\u00e8ncies i tecnologia<\/strong><\/li>\n<li><strong>humanitats i ci\u00e8ncies socials<\/strong><\/li>\n<\/ul>\n<p style=\"text-align: justify;\"><span style=\"font-weight: 400;\">L\u2019alumnat ha d\u2019escollir la modalitat de batxillerat en funci\u00f3 dels seus interessos i motivacions, els estudis posteriors que volen cursar o les perspectives de futur.<\/span><\/p>\n<p style=\"text-align: justify;\">Amb el batxillerat l&#8217;alumnat t\u00e9 diverses opcions i pot accedir:<\/p>\n<ul>\n<li style=\"text-align: justify;\">a un\u00a0<a href=\"http:\/\/queestudiar.gencat.cat\/ca\/estudis\/fp\/\">CFGS<\/a> (Cicles de Formaci\u00f3 de Grau Superior): el 60% de les places dels CFGS estan reservades a\u00a0 l&#8217;alumnat que t\u00e9 el batxillerat (amb prioritat dels que han cursat la modalitat de batxillerat adequada al CFGS escollit.<\/li>\n<li style=\"text-align: justify;\">a la\u00a0<a href=\"http:\/\/universitats.gencat.cat\/es\/inici\/\">Universitat<\/a>: despr\u00e9s de realitzar els ex\u00e0mens de les PAU.<\/li>\n<li style=\"text-align: justify;\">a\u00a0<a href=\"http:\/\/queestudiar.gencat.cat\/ca\/estudis\/eas\/\">ensenyaments superiors art\u00edstics<\/a>\u00a0(un cop superada una prova espec\u00edfica d\u2019acc\u00e9s).<\/li>\n<\/ul>\n<p>Per a m\u00e9s informaci\u00f3 sobre les <strong>modalitats<\/strong> que oferim a l&#8217;institut clica <strong><a href=\"https:\/\/agora.xtec.cat\/ieslescorts\/estudis-2\/batxillerat\/calendaris-batxillerat\/\">aqu\u00ed<\/a><\/strong>.<\/p>\n<p>&nbsp;<\/p>\n<p>&nbsp;<\/p>\n<p style=\"text-align: right;\">Pavell\u00f3 Ponent. Aulari Batxillerat<\/p>\n<p>&nbsp;<\/p>\n<p style=\"text-align: center;\">\n","protected":false},"excerpt":{"rendered":"<p>Qu\u00e8 \u00e9s el batxillerat?<br \/>\nEl batxillerat \u00e9s la darrera etapa de l\u2019Educaci\u00f3 Secund\u00e0ria, de car\u00e0cter postobligatori, organitzat en dos cursos.<br \/>\nLa finalitat \u00e9s proporcionar a l&#8217;alumnat la formaci\u00f3, la maduresa intel\u00b7lectual i personal, els coneixements acad\u00e8mics i les habilitats socials i personals que els permeti incorporar-se a&hellip;  <a href=\"https:\/\/agora.xtec.cat\/ieslescorts\/estudis-2\/batxillerat\/\" title=\"Read BATXILLERAT\">Llegeix m\u00e9s\u00bb<\/a><\/p>\n","protected":false},"author":1,"featured_media":0,"parent":469,"menu_order":2,"comment_status":"closed","ping_status":"closed","template":"page-templates\/side-menu.php","meta":{"_bbp_topic_count":0,"_bbp_reply_count":0,"_bbp_total_topic_count":0,"_bbp_total_reply_count":0,"_bbp_voice_count":0,"_bbp_anonymous_reply_count":0,"_bbp_topic_count_hidden":0,"_bbp_reply_count_hidden":0,"_bbp_forum_subforum_count":0,"footnotes":""},"class_list":["post-326","page","type-page","status-publish","hentry"],"post_mailing_queue_ids":[],"_links":{"self":[{"href":"https:\/\/agora.xtec.cat\/ieslescorts\/wp-json\/wp\/v2\/pages\/326","targetHints":{"allow":["GET"]}}],"collection":[{"href":"https:\/\/agora.xtec.cat\/ieslescorts\/wp-json\/wp\/v2\/pages"}],"about":[{"href":"https:\/\/agora.xtec.cat\/ieslescorts\/wp-json\/wp\/v2\/types\/page"}],"author":[{"embeddable":true,"href":"https:\/\/agora.xtec.cat\/ieslescorts\/wp-json\/wp\/v2\/users\/1"}],"replies":[{"embeddable":true,"href":"https:\/\/agora.xtec.cat\/ieslescorts\/wp-json\/wp\/v2\/comments?post=326"}],"version-history":[{"count":5,"href":"https:\/\/agora.xtec.cat\/ieslescorts\/wp-json\/wp\/v2\/pages\/326\/revisions"}],"predecessor-version":[{"id":10161,"href":"https:\/\/agora.xtec.cat\/ieslescorts\/wp-json\/wp\/v2\/pages\/326\/revisions\/10161"}],"up":[{"embeddable":true,"href":"https:\/\/agora.xtec.cat\/ieslescorts\/wp-json\/wp\/v2\/pages\/469"}],"wp:attachment":[{"href":"https:\/\/agora.xtec.cat\/ieslescorts\/wp-json\/wp\/v2\/media?parent=326"}],"curies":[{"name":"wp","href":"https:\/\/api.w.org\/{rel}","templated":true}]}}