{"id":2200,"date":"2017-03-05T11:47:11","date_gmt":"2017-03-05T10:47:11","guid":{"rendered":"http:\/\/agora.xtec.cat\/ieslescorts\/?page_id=2200"},"modified":"2025-07-04T21:53:46","modified_gmt":"2025-07-04T19:53:46","slug":"projecte-teatral","status":"publish","type":"page","link":"https:\/\/agora.xtec.cat\/ieslescorts\/projectes\/projectes-de-llengua-castellana\/projecte-teatral\/","title":{"rendered":"PROJECTE TEATRAL"},"content":{"rendered":"<p style=\"text-align: justify;\">El projecte teatre es treballa dins del Pla d&#8217;Acci\u00f3 Tutorial i des del\u00a0 departament de Llengua i Literatura Castellana. Aquestes activitats constitueixen una bona estrat\u00e8gia de cohesi\u00f3 dels grups a la vegada que es treballen les compet\u00e8ncies comunicatives en llengua oral i les arts esc\u00e8niques. Es treballen obres cl\u00e0ssiques i d&#8217;actualitat, que fomenten la reflexi\u00f3, el respecte, el di\u00e0leg i la participaci\u00f3 responsable.<\/p>\n<h4 style=\"text-align: justify;\"><img loading=\"lazy\" decoding=\"async\" class=\"wp-image-4878 aligncenter\" src=\"http:\/\/agora.xtec.cat\/ieslescorts\/wp-content\/uploads\/usu1246\/2015\/06\/proj_4-300x225.jpg\" alt=\"\" width=\"521\" height=\"391\" srcset=\"https:\/\/agora.xtec.cat\/ieslescorts\/wp-content\/uploads\/usu1246\/2015\/06\/proj_4-300x225.jpg 300w, https:\/\/agora.xtec.cat\/ieslescorts\/wp-content\/uploads\/usu1246\/2015\/06\/proj_4-768x576.jpg 768w, https:\/\/agora.xtec.cat\/ieslescorts\/wp-content\/uploads\/usu1246\/2015\/06\/proj_4-1024x768.jpg 1024w, https:\/\/agora.xtec.cat\/ieslescorts\/wp-content\/uploads\/usu1246\/2015\/06\/proj_4-200x150.jpg 200w\" sizes=\"auto, (max-width: 521px) 100vw, 521px\" \/><\/h4>\n<h3><\/h3>\n<p>&nbsp;<\/p>\n<h3 style=\"text-align: justify;\"><strong>PROJECTE TEATRE A L\u2019AULA<\/strong><\/h3>\n<p style=\"text-align: justify;\">L&#8217;activitat implica en un proc\u00e9s teatral a l&#8217;alumnat de 1r d&#8217;ESO\u00a0 de la seg\u00fcent forma:<\/p>\n<ul style=\"text-align: justify;\">\n<li>Com a actors o actrius de la representaci\u00f3.<\/li>\n<li>Com a espectadors actius que assisteixen a la mateixa i reflexionen abans i despr\u00e9s sobre el que l&#8217;obra i els int\u00e8rprets plantegen.<\/li>\n<\/ul>\n<h5 style=\"text-align: justify;\"><strong>ELS OBJECTIUS DEL PROJECTE TEATRE S\u00d3N ELS SEG\u00dcENTS:<\/strong><\/h5>\n<ul style=\"text-align: justify;\">\n<li>Practicar l\u2019expressi\u00f3 oral en totes les seves facetes: dicci\u00f3, emoci\u00f3, llenguatge no verbal\u2026<\/li>\n<li>Abordar conflictes de l&#8217;\u00e9sser hum\u00e0 i de la societat sobre els quals els adolescents han de comen\u00e7ar a reflexionar.<\/li>\n<li>Fer\u00a0 una reflexi\u00f3 profunda sobre el llenguatge,\u00a0\u00a0 l\u2019int\u00e8rpret ha d\u2019entendre no nom\u00e9s el significat de les paraules sin\u00f3 tamb\u00e9 quins interessos hi ha sota d\u2019aquestes paraules en una determinada situaci\u00f3, quins desitjos o quines pors.<\/li>\n<li>\u00a0Fer una interpretaci\u00f3 coral\u00a0 de tots els alumnes d\u2019una classe com a actors i actrius, per a evitar el protagonisme, afavorir el treball col\u00b7lectiu i implicar a tot un grup-aula en la representaci\u00f3<\/li>\n<li>Contribuir a la formaci\u00f3 de la persona en els valors que configuren una societat m\u00e9s justa, lliure, solid\u00e0ria i tolerant.<\/li>\n<\/ul>\n<p style=\"text-align: justify;\"><strong><u>L&#8217;OBRA:<\/u><\/strong><\/p>\n<p style=\"text-align: justify;\"><strong><em>Ant\u00edgona<\/em><\/strong>, que aborda el conflicte llei \/ just\u00edcia. <strong>Per ser representada pels alumnes de 1r d&#8217;ESO.<\/strong><\/p>\n<p style=\"text-align: justify;\"><strong>\u00a0<\/strong><\/p>\n<p style=\"text-align: justify;\"><a href=\"https:\/\/agora.xtec.cat\/ieslescorts\/wp-content\/uploads\/usu1246\/2019\/02\/IMG_20190222_124413.jpg\"><img loading=\"lazy\" decoding=\"async\" class=\"wp-image-6162 aligncenter\" src=\"https:\/\/agora.xtec.cat\/ieslescorts\/wp-content\/uploads\/usu1246\/2019\/02\/IMG_20190222_124413-1024x768.jpg\" alt=\"\" width=\"591\" height=\"443\" srcset=\"https:\/\/agora.xtec.cat\/ieslescorts\/wp-content\/uploads\/usu1246\/2019\/02\/IMG_20190222_124413-1024x768.jpg 1024w, https:\/\/agora.xtec.cat\/ieslescorts\/wp-content\/uploads\/usu1246\/2019\/02\/IMG_20190222_124413-300x225.jpg 300w, https:\/\/agora.xtec.cat\/ieslescorts\/wp-content\/uploads\/usu1246\/2019\/02\/IMG_20190222_124413-768x576.jpg 768w, https:\/\/agora.xtec.cat\/ieslescorts\/wp-content\/uploads\/usu1246\/2019\/02\/IMG_20190222_124413-200x150.jpg 200w, https:\/\/agora.xtec.cat\/ieslescorts\/wp-content\/uploads\/usu1246\/2019\/02\/IMG_20190222_124413.jpg 1600w\" sizes=\"auto, (max-width: 591px) 100vw, 591px\" \/><\/a><\/p>\n<p style=\"text-align: justify;\">\n","protected":false},"excerpt":{"rendered":"<p>El projecte teatre es treballa dins del Pla d&#8217;Acci\u00f3 Tutorial i des del\u00a0 departament de Llengua i Literatura Castellana. Aquestes activitats constitueixen una bona estrat\u00e8gia de cohesi\u00f3 dels grups a la vegada que es treballen les compet\u00e8ncies comunicatives en llengua oral i les arts esc\u00e8niques.&hellip;  <a href=\"https:\/\/agora.xtec.cat\/ieslescorts\/projectes\/projectes-de-llengua-castellana\/projecte-teatral\/\" title=\"Read PROJECTE TEATRAL\">Llegeix m\u00e9s\u00bb<\/a><\/p>\n","protected":false},"author":1,"featured_media":0,"parent":8352,"menu_order":1,"comment_status":"closed","ping_status":"closed","template":"page-templates\/side-menu.php","meta":{"_bbp_topic_count":0,"_bbp_reply_count":0,"_bbp_total_topic_count":0,"_bbp_total_reply_count":0,"_bbp_voice_count":0,"_bbp_anonymous_reply_count":0,"_bbp_topic_count_hidden":0,"_bbp_reply_count_hidden":0,"_bbp_forum_subforum_count":0,"footnotes":""},"class_list":["post-2200","page","type-page","status-publish","hentry"],"post_mailing_queue_ids":[],"_links":{"self":[{"href":"https:\/\/agora.xtec.cat\/ieslescorts\/wp-json\/wp\/v2\/pages\/2200","targetHints":{"allow":["GET"]}}],"collection":[{"href":"https:\/\/agora.xtec.cat\/ieslescorts\/wp-json\/wp\/v2\/pages"}],"about":[{"href":"https:\/\/agora.xtec.cat\/ieslescorts\/wp-json\/wp\/v2\/types\/page"}],"author":[{"embeddable":true,"href":"https:\/\/agora.xtec.cat\/ieslescorts\/wp-json\/wp\/v2\/users\/1"}],"replies":[{"embeddable":true,"href":"https:\/\/agora.xtec.cat\/ieslescorts\/wp-json\/wp\/v2\/comments?post=2200"}],"version-history":[{"count":5,"href":"https:\/\/agora.xtec.cat\/ieslescorts\/wp-json\/wp\/v2\/pages\/2200\/revisions"}],"predecessor-version":[{"id":12234,"href":"https:\/\/agora.xtec.cat\/ieslescorts\/wp-json\/wp\/v2\/pages\/2200\/revisions\/12234"}],"up":[{"embeddable":true,"href":"https:\/\/agora.xtec.cat\/ieslescorts\/wp-json\/wp\/v2\/pages\/8352"}],"wp:attachment":[{"href":"https:\/\/agora.xtec.cat\/ieslescorts\/wp-json\/wp\/v2\/media?parent=2200"}],"curies":[{"name":"wp","href":"https:\/\/api.w.org\/{rel}","templated":true}]}}