{"id":12299,"date":"2025-10-28T10:38:09","date_gmt":"2025-10-28T09:38:09","guid":{"rendered":"https:\/\/agora.xtec.cat\/ieslescorts\/?page_id=12299"},"modified":"2025-10-28T10:48:47","modified_gmt":"2025-10-28T09:48:47","slug":"eleccions-al-consell-escolar","status":"publish","type":"page","link":"https:\/\/agora.xtec.cat\/ieslescorts\/eleccions-al-consell-escolar\/","title":{"rendered":"Eleccions al consell escolar"},"content":{"rendered":"<p style=\"text-align: justify;\">El consell escolar del centre \u00e9s l&#8217;<strong>\u00f2rgan col\u00b7legiat de participaci\u00f3<\/strong>\u00a0de la comunitat escolar en el govern del centre. En el consell escolar hi ha representats tots els col\u00b7lectius que intervenen en la comunitat educativa: director o directora, professorat, alumnes, personal d&#8217;administraci\u00f3 i serveis, etc.<\/p>\n<p style=\"text-align: justify;\">Els membres del consell escolar s\u00f3n elegits per un per\u00edode de quatre anys i es renoven per meitats cada dos anys.<\/p>\n<p style=\"text-align: justify;\">Aquesta setmana s&#8217;ha iniciat el proc\u00e9s per a la renovaci\u00f3 del consell escolar. Podeu consultar el cens electoral que estar\u00e0 publicat al passad\u00eds de l&#8217;entrada de l&#8217;edifici Prat de la Riba. Us animem a presentar les vostres candidatures i a participar en les votacions.<\/p>\n<p style=\"text-align: justify;\"><strong>Calendari del proc\u00e9s electoral:<\/strong><\/p>\n<ul>\n<li style=\"text-align: justify;\">Inici del proc\u00e9s: a partir del 27 d&#8217;octubre de 2025.<\/li>\n<li style=\"text-align: justify;\">Constituci\u00f3 de les meses electorals: abans del 10 de novembre de 2025.<\/li>\n<li style=\"text-align: justify;\">Votacions: entre el 17 i 21 de novembre de 2025, ambd\u00f3s inclosos.<\/li>\n<li style=\"text-align: justify;\">Constituci\u00f3 del consell escolar i presa de possessi\u00f3 dels seus membres: no m\u00e9s tard del 17 de desembre de 2025.<\/li>\n<\/ul>\n<p>En aquest enlla\u00e7 trobareu informaci\u00f3 del Consorci sobre les eleccions al Consell escolar:\u00a0<a href=\"https:\/\/www.edubcn.cat\/ca\/alumnat_i_familia\/consell_escolar_als_centres_educatius\" target=\"_blank\" rel=\"noopener\" data-saferedirecturl=\"https:\/\/www.google.com\/url?q=https:\/\/www.edubcn.cat\/ca\/alumnat_i_familia\/consell_escolar_als_centres_educatius&amp;source=gmail&amp;ust=1761729637175000&amp;usg=AOvVaw30dYWoyoS_5-bl7PyaSRZE\">https:\/\/www.edubcn.<wbr \/>cat\/ca\/alumnat_i_familia\/<wbr \/>consell_escolar_als_centres_<wbr \/>educatius<\/a><\/p>\n","protected":false},"excerpt":{"rendered":"<p>El consell escolar del centre \u00e9s l&#8217;\u00f2rgan col\u00b7legiat de participaci\u00f3\u00a0de la comunitat escolar en el govern del centre. En el consell escolar hi ha representats tots els col\u00b7lectius que intervenen en la comunitat educativa: director o directora, professorat, alumnes, personal d&#8217;administraci\u00f3 i serveis, etc.<br \/>\nEls membres&hellip;  <a href=\"https:\/\/agora.xtec.cat\/ieslescorts\/eleccions-al-consell-escolar\/\" title=\"Read Eleccions al consell escolar\">Llegeix m\u00e9s\u00bb<\/a><\/p>\n","protected":false},"author":206,"featured_media":0,"parent":0,"menu_order":0,"comment_status":"closed","ping_status":"closed","template":"","meta":{"_bbp_topic_count":0,"_bbp_reply_count":0,"_bbp_total_topic_count":0,"_bbp_total_reply_count":0,"_bbp_voice_count":0,"_bbp_anonymous_reply_count":0,"_bbp_topic_count_hidden":0,"_bbp_reply_count_hidden":0,"_bbp_forum_subforum_count":0,"footnotes":""},"class_list":["post-12299","page","type-page","status-publish","hentry"],"post_mailing_queue_ids":[],"_links":{"self":[{"href":"https:\/\/agora.xtec.cat\/ieslescorts\/wp-json\/wp\/v2\/pages\/12299","targetHints":{"allow":["GET"]}}],"collection":[{"href":"https:\/\/agora.xtec.cat\/ieslescorts\/wp-json\/wp\/v2\/pages"}],"about":[{"href":"https:\/\/agora.xtec.cat\/ieslescorts\/wp-json\/wp\/v2\/types\/page"}],"author":[{"embeddable":true,"href":"https:\/\/agora.xtec.cat\/ieslescorts\/wp-json\/wp\/v2\/users\/206"}],"replies":[{"embeddable":true,"href":"https:\/\/agora.xtec.cat\/ieslescorts\/wp-json\/wp\/v2\/comments?post=12299"}],"version-history":[{"count":4,"href":"https:\/\/agora.xtec.cat\/ieslescorts\/wp-json\/wp\/v2\/pages\/12299\/revisions"}],"predecessor-version":[{"id":12304,"href":"https:\/\/agora.xtec.cat\/ieslescorts\/wp-json\/wp\/v2\/pages\/12299\/revisions\/12304"}],"wp:attachment":[{"href":"https:\/\/agora.xtec.cat\/ieslescorts\/wp-json\/wp\/v2\/media?parent=12299"}],"curies":[{"name":"wp","href":"https:\/\/api.w.org\/{rel}","templated":true}]}}