{"id":11902,"date":"2025-01-29T16:21:37","date_gmt":"2025-01-29T15:21:37","guid":{"rendered":"https:\/\/agora.xtec.cat\/ieslescorts\/?page_id=11902"},"modified":"2026-03-27T11:16:06","modified_gmt":"2026-03-27T10:16:06","slug":"portes-obertes-2025","status":"publish","type":"page","link":"https:\/\/agora.xtec.cat\/ieslescorts\/portes-obertes-2025\/","title":{"rendered":"PORTES OBERTES BATXILLERAT 2026"},"content":{"rendered":"<div class=\"entry-content\"><\/div>\n<header><\/header>\n<header><\/header>\n<div class=\"entry-content\">\n<header class=\"entry-header\">\n<p style=\"text-align: justify;\">La jornada de portes obertes de batxillerat es va fer el dia 19 de mar\u00e7. Us deixem aqu\u00ed la informaci\u00f3 que es va proporcionar a les fam\u00edlies a les <a href=\"https:\/\/drive.google.com\/file\/d\/1ObjyQ8aA7sAwYyvtTTDBPednp1GHM0LK\/view?usp=sharing\">portes obertes de batxillerat 2026.<\/a><\/p>\n<\/header>\n<\/div>\n","protected":false},"excerpt":{"rendered":"<p>La jornada de portes obertes de batxillerat es va fer el dia 19 de mar\u00e7. Us deixem aqu\u00ed la informaci\u00f3 que es va proporcionar a les fam\u00edlies a les <a href=\"https:\/\/drive.google.com\/file\/d\/1ObjyQ8aA7sAwYyvtTTDBPednp1GHM0LK\/view?usp=sharing\">portes obertes de batxillerat 2026.<\/a><\/p>\n","protected":false},"author":206,"featured_media":0,"parent":0,"menu_order":0,"comment_status":"closed","ping_status":"closed","template":"","meta":{"_bbp_topic_count":0,"_bbp_reply_count":0,"_bbp_total_topic_count":0,"_bbp_total_reply_count":0,"_bbp_voice_count":0,"_bbp_anonymous_reply_count":0,"_bbp_topic_count_hidden":0,"_bbp_reply_count_hidden":0,"_bbp_forum_subforum_count":0,"footnotes":""},"class_list":["post-11902","page","type-page","status-publish","hentry"],"post_mailing_queue_ids":[],"_links":{"self":[{"href":"https:\/\/agora.xtec.cat\/ieslescorts\/wp-json\/wp\/v2\/pages\/11902","targetHints":{"allow":["GET"]}}],"collection":[{"href":"https:\/\/agora.xtec.cat\/ieslescorts\/wp-json\/wp\/v2\/pages"}],"about":[{"href":"https:\/\/agora.xtec.cat\/ieslescorts\/wp-json\/wp\/v2\/types\/page"}],"author":[{"embeddable":true,"href":"https:\/\/agora.xtec.cat\/ieslescorts\/wp-json\/wp\/v2\/users\/206"}],"replies":[{"embeddable":true,"href":"https:\/\/agora.xtec.cat\/ieslescorts\/wp-json\/wp\/v2\/comments?post=11902"}],"version-history":[{"count":6,"href":"https:\/\/agora.xtec.cat\/ieslescorts\/wp-json\/wp\/v2\/pages\/11902\/revisions"}],"predecessor-version":[{"id":12398,"href":"https:\/\/agora.xtec.cat\/ieslescorts\/wp-json\/wp\/v2\/pages\/11902\/revisions\/12398"}],"wp:attachment":[{"href":"https:\/\/agora.xtec.cat\/ieslescorts\/wp-json\/wp\/v2\/media?parent=11902"}],"curies":[{"name":"wp","href":"https:\/\/api.w.org\/{rel}","templated":true}]}}