{"id":11487,"date":"2024-05-03T12:48:37","date_gmt":"2024-05-03T10:48:37","guid":{"rendered":"https:\/\/agora.xtec.cat\/ieslescorts\/?page_id=11487"},"modified":"2024-09-07T12:49:59","modified_gmt":"2024-09-07T10:49:59","slug":"afa-enllacos-dinteres","status":"publish","type":"page","link":"https:\/\/agora.xtec.cat\/ieslescorts\/afa-institut-les-corts\/afa-enllacos-dinteres\/","title":{"rendered":"Enlla\u00e7os d\u2019inter\u00e8s"},"content":{"rendered":"<p><a href=\"https:\/\/agora.xtec.cat\/ieslescorts\/wp-content\/uploads\/usu1246\/2024\/09\/logo.png\"><img loading=\"lazy\" decoding=\"async\" class=\"alignnone  wp-image-11695\" src=\"https:\/\/agora.xtec.cat\/ieslescorts\/wp-content\/uploads\/usu1246\/2024\/09\/logo-1024x647.png\" alt=\"\" width=\"109\" height=\"69\" srcset=\"https:\/\/agora.xtec.cat\/ieslescorts\/wp-content\/uploads\/usu1246\/2024\/09\/logo-1024x647.png 1024w, https:\/\/agora.xtec.cat\/ieslescorts\/wp-content\/uploads\/usu1246\/2024\/09\/logo-300x190.png 300w, https:\/\/agora.xtec.cat\/ieslescorts\/wp-content\/uploads\/usu1246\/2024\/09\/logo-768x486.png 768w, https:\/\/agora.xtec.cat\/ieslescorts\/wp-content\/uploads\/usu1246\/2024\/09\/logo.png 1281w\" sizes=\"auto, (max-width: 109px) 100vw, 109px\" \/><\/a><\/p>\n<p style=\"text-align: justify;\">Et presentem alguns enlla\u00e7os que poden ser d\u2019inter\u00e8s per als joves i\/o fam\u00edlies. No pret\u00e9n ser un recull exhaustiu.<\/p>\n<p style=\"text-align: justify;\">Si saps d\u2019algun enlla\u00e7 que val la pena compartir amb la resta d\u2019associats, envia\u2019ns un mail i l\u2019afegirem.<\/p>\n<table style=\"border-collapse: collapse; width: 86.5964%;\">\n<tbody>\n<tr>\n<td style=\"width: 19.4175%;\"><a href=\"#beques\"><strong>BEQUES I AJUTS<\/strong><\/a><\/td>\n<td style=\"width: 18.3252%;\"><a href=\"#estudis\"><strong>ESTUDIS<\/strong><\/a><\/td>\n<td style=\"width: 21.8447%;\"><a href=\"#adolescencia\"><strong>ADOLESCENCIA<\/strong><\/a><\/td>\n<td style=\"width: 26.6198%;\"><a href=\"#sexe\"><strong>SEXE, PORNOGRAFIA, VIOL\u00c8NCIA DE G\u00c8NERE&#8230;<\/strong><\/a><\/td>\n<\/tr>\n<tr>\n<td style=\"width: 19.4175%;\"><a href=\"#internetsegura\"><strong>INTERNET SEGURA<\/strong><\/a><\/td>\n<td style=\"width: 18.3252%;\"><a href=\"#pantalles\"><strong>LES PANTALLES<\/strong><\/a><\/td>\n<td style=\"width: 21.8447%;\"><a href=\"#alimentacio\"><strong>TRANSTONS EN L\u2019ALIMENTACI\u00d3<\/strong><\/a><\/td>\n<td style=\"width: 26.6198%;\"><a href=\"#bulling\"><strong>BULLING, ASSETJAMENT, CIBERASSETJAMENT<\/strong><\/a><\/td>\n<\/tr>\n<\/tbody>\n<\/table>\n<p><strong style=\"font-family: inherit; font-size: 1em;\">\u00a0<\/strong><span style=\"color: #0000ff;\"><strong><a id=\"beques\"><\/a>BEQUES I AJUTS<\/strong><\/span><\/p>\n<p style=\"text-align: justify;\">Consorci d\u2019Educaci\u00f3 de Barcelona \u2013 Beques menjador<\/p>\n<p style=\"text-align: justify;\"><a href=\"https:\/\/www.edubcn.cat\/ca\/alumnat_i_familia\/ajuts_beques_i_subvencions\/ajuts_de_menjador_escolar\">https:\/\/www.edubcn.cat\/ca\/alumnat_i_familia\/ajuts_beques_i_subvencions\/ajuts_de_menjador_escolar<\/a><\/p>\n<p style=\"text-align: justify;\">Consorci d\u2019Educaci\u00f3 de Barcelona \u2013 Altres<\/p>\n<p style=\"text-align: justify;\"><a href=\"https:\/\/www.edubcn.cat\/ca\/alumnat_i_familia\/ajuts_beques_i_subvencions\/altres_convocatories\">https:\/\/www.edubcn.cat\/ca\/alumnat_i_familia\/ajuts_beques_i_subvencions\/altres_convocatories<\/a><\/p>\n<p style=\"text-align: justify;\">Departament d\u2019Educaci\u00f3 (Gencat) \u2013 Ajuts a fam\u00edlies i alumnes<\/p>\n<p style=\"text-align: justify;\"><a href=\"https:\/\/educacio.gencat.cat\/ca\/serveis-tramits\/ajuts-subvencions\/per-destinataris\/families-alumnes\/\">https:\/\/educacio.gencat.cat\/ca\/serveis-tramits\/ajuts-subvencions\/per-destinataris\/families-alumnes\/<\/a><\/p>\n<p style=\"text-align: justify;\">Departament d\u2019Educaci\u00f3 (Gencat)- Beques<\/p>\n<p style=\"text-align: justify;\"><a href=\"https:\/\/educacio.gencat.cat\/ca\/serveis-tramits\/beques\/\">https:\/\/educacio.gencat.cat\/ca\/serveis-tramits\/beques\/<\/a><\/p>\n<p style=\"text-align: justify;\"><a href=\"https:\/\/faros.hsjdbcn.org\/es\/video\/muchos-adolescentes-duermen-mal-claves-conocer-promover-buenos-habitos-sueno\">https:\/\/faros.hsjdbcn.org\/es\/video\/muchos-adolescentes-duermen-mal-claves-conocer-promover-buenos-habitos-sueno<\/a><\/p>\n<p style=\"text-align: justify;\"><span style=\"color: #0000ff;\"><strong><a id=\"estudis\"><\/a>ESTUDIS<\/strong><\/span><\/p>\n<p style=\"text-align: justify;\">Tria educativa (Gencat)<\/p>\n<p style=\"text-align: justify;\"><a href=\"https:\/\/triaeducativa.gencat.cat\/ca\/inici\">https:\/\/triaeducativa.gencat.cat\/ca\/inici<\/a><\/p>\n<p style=\"text-align: justify;\">In-forma\u2019t (Ajuntament de Barcelona)<\/p>\n<p style=\"text-align: justify;\"><a href=\"http:\/\/www.informat.cat\/\">http:\/\/www.informat.cat\/<\/a><\/p>\n<p style=\"text-align: justify;\">Centres i serveis educatius (Consorci educaci\u00f3 Barcelona)<\/p>\n<p style=\"text-align: justify;\"><a href=\"https:\/\/www.edubcn.cat\/ca\/centres_serveis_educatius\">https:\/\/www.edubcn.cat\/ca\/centres_serveis_educatius<\/a><\/p>\n<p style=\"text-align: justify;\">Sal\u00f3 de l\u2019ensenyament<\/p>\n<p style=\"text-align: justify;\"><a href=\"https:\/\/educacio.gencat.cat\/ca\/serveis-tramits\/salo-ensenyament\/\">https:\/\/educacio.gencat.cat\/ca\/serveis-tramits\/salo-ensenyament\/<\/a><\/p>\n<p style=\"text-align: justify;\"><span style=\"color: #0000ff;\"><strong><a id=\"adolescencia\"><\/a>ADOLESC\u00c8NCIA, BENESTAR, H\u00c0BITS<\/strong><\/span><\/p>\n<p style=\"text-align: justify;\">Serveis d&#8217;atenci\u00f3 a la inf\u00e0ncia i l&#8217;adolesc\u00e8ncia (CSMIJ)<\/p>\n<p style=\"text-align: justify;\"><a href=\"https:\/\/xtec.gencat.cat\/ca\/curriculum\/diversitat-i-inclusio\/xarxa-de-suports-a-leducacio-inclusiva\/collaboracio-amb-altres-departaments\/serveis-datencio-a-la-infancia-i-ladolescencia\/\">https:\/\/xtec.gencat.cat\/ca\/curriculum\/diversitat-i-inclusio\/xarxa-de-suports-a-leducacio-inclusiva\/collaboracio-amb-altres-departaments\/serveis-datencio-a-la-infancia-i-ladolescencia\/<\/a><\/p>\n<p style=\"text-align: justify;\">La etapa de la adolescencia (SEPEAP)<\/p>\n<p style=\"text-align: justify;\"><a href=\"https:\/\/sepeap.org\/la-etapa-de-la-adolescencia\/\">https:\/\/sepeap.org\/la-etapa-de-la-adolescencia\/<\/a><\/p>\n<p style=\"text-align: justify;\">L&#8217;adolesc\u00e8ncia per Marta Ramon, cap del Servei d&#8217;Endocrinologia de l&#8217;Hospital del Sant Joan de D\u00e9u ( V\u00eddeo del programa Qu\u00e8quicom)<\/p>\n<p style=\"text-align: justify;\"><a href=\"https:\/\/www.ccma.cat\/tv3\/alacarta\/quequicom\/ladolescencia\/video\/5706901\/\">https:\/\/www.ccma.cat\/tv3\/alacarta\/quequicom\/ladolescencia\/video\/5706901\/<\/a><\/p>\n<p style=\"text-align: justify;\">La visi\u00f3 positiva de l&#8217;adolesc\u00e8ncia (UIB)<\/p>\n<p style=\"text-align: justify;\"><a href=\"https:\/\/seras.uib.cat\/orientacio\/recursos\/La-visio-positiva-de-ladolescencia.cid677182\">https:\/\/seras.uib.cat\/orientacio\/recursos\/La-visio-positiva-de-ladolescencia.cid677182<\/a><\/p>\n<p>\u00bfPor qu\u00e9 muchos adolescentes duermen mal? Claves para conocer y promover unos buenos h\u00e1bitos de sue\u00f1o DE \u00a0\u00d2scar Sans Capdevila de la Unidad de Trastornos del Sue\u00f1o del Hospital Sant Joan de D\u00e9u Barcelona (V\u00cdDEO)<\/p>\n<p><a href=\"https:\/\/formacion.sjdhospitalbarcelona.org\/es\/por-que-muchos-adolescentes-duermen-mal-claves-para-conocer-y-promover-unos-buenos-habitos-de-sue-o.html\">https:\/\/formacion.sjdhospitalbarcelona.org\/es\/por-que-muchos-adolescentes-duermen-mal-claves-para-conocer-y-promover-unos-buenos-habitos-de-sue-o.html<\/a><\/p>\n<p>Adolesc\u00e8ncia (Sant Joan de D\u00e9u-Escola de salut)<\/p>\n<p><a href=\"https:\/\/escolasalut.sjdhospitalbarcelona.org\/ca\/consells-salut\/adolescent\">https:\/\/escolasalut.sjdhospitalbarcelona.org\/ca\/consells-salut\/adolescent<\/a><\/p>\n<p style=\"text-align: justify;\"><span style=\"color: #0000ff;\"><strong><a id=\"internetsegura\"><\/a>INTERNET SEGURA<\/strong><\/span><\/p>\n<p style=\"text-align: justify;\">Mossos\u00a0 d\u2019Esquadra-Tecnologia <a href=\"https:\/\/mossos.gencat.cat\/ca\/consells_de_seguretat\/tecnologia\/\">https:\/\/mossos.gencat.cat\/ca\/consells_de_seguretat\/tecnologia\/<\/a><\/p>\n<p style=\"text-align: justify;\">EDU365.CAT<\/p>\n<p style=\"text-align: justify;\"><a href=\"https:\/\/www.edu365.cat\/internetsegura\/index.html\">https:\/\/www.edu365.cat\/internetsegura\/index.html<\/a><\/p>\n<p style=\"text-align: justify;\">Internet segura (Ag\u00e8ncia de Ciberseguretat de Catalunya)<\/p>\n<p style=\"text-align: justify;\"><a href=\"https:\/\/internetsegura.cat\/\">https:\/\/internetsegura.cat\/<\/a><\/p>\n<p style=\"text-align: justify;\">Internet segura (Gencat)<\/p>\n<p style=\"text-align: justify;\"><a href=\"https:\/\/xtec.gencat.cat\/ca\/recursos\/tecinformacio\/internet_segura\/\">https:\/\/xtec.gencat.cat\/ca\/recursos\/tecinformacio\/internet_segura\/<\/a><\/p>\n<p style=\"text-align: justify;\"><span style=\"color: #0000ff;\"><strong><a id=\"pantalles\"><\/a>LES PANTALLES<\/strong><\/span><\/p>\n<p style=\"text-align: justify;\">Mis hijos pasan mucho tiempo delante de las pantallas (Elena Flores, Sant Joan de D\u00e9u) Webinar FAROS<\/p>\n<p style=\"text-align: justify;\"><a href=\"https:\/\/www.youtube.com\/watch?v=B94Kesz3nyA\">https:\/\/www.youtube.com\/watch?v=B94Kesz3nyA<\/a><\/p>\n<p style=\"text-align: justify;\">Medios y TIC (FAROS, Sant Joan de D\u00e9u)<\/p>\n<p style=\"text-align: justify;\"><a href=\"https:\/\/faros.hsjdbcn.org\/es\/tema\/medios-tic\">https:\/\/faros.hsjdbcn.org\/es\/tema\/medios-tic<\/a><\/p>\n<p style=\"text-align: justify;\"><span style=\"color: #0000ff;\"><strong><a id=\"alimentacio\"><\/a>TRANSTONS EN L\u2019ALIMENTACI\u00d3<\/strong><\/span><\/p>\n<p style=\"text-align: justify;\">Cuando la relaci\u00f3n con la comida cambia: Trastornos de la conducta alimentaria en la adolescencia (Eduard Serrano, coordinador de la Unidad de Trastornos de la Conducta Alimentaria del Hospital Sant Joan de D\u00e9u). Webinar FAROS <a href=\"https:\/\/www.youtube.com\/watch?v=WECdvOp_bdY\">https:\/\/www.youtube.com\/watch?v=WECdvOp_bdY<\/a><\/p>\n<p style=\"text-align: justify;\">Trastornos alimentarios (FAROS, Sant Joan de D\u00e9u)<\/p>\n<p style=\"text-align: justify;\"><a href=\"https:\/\/faros.hsjdbcn.org\/es\/tema\/trastornos-alimentarios\">https:\/\/faros.hsjdbcn.org\/es\/tema\/trastornos-alimentarios<\/a><\/p>\n<p style=\"text-align: justify;\">Trastorns de la conducta aliment\u00e0ria (TCA) \u2013 Guia i v\u00eddeo<\/p>\n<p style=\"text-align: justify;\"><a href=\"https:\/\/canalsalut.gencat.cat\/ca\/salut-a-z\/t\/trastorns-conducta-alimentaria\/index.html\">https:\/\/canalsalut.gencat.cat\/ca\/salut-a-z\/t\/trastorns-conducta-alimentaria\/index.html<\/a><\/p>\n<p style=\"text-align: justify;\">Associaci\u00f3 contra l\u2019anor\u00e8xia i la bul\u00edmia<\/p>\n<p style=\"text-align: justify;\"><a href=\"https:\/\/www.acab.org\/\">https:\/\/www.acab.org\/<\/a><\/p>\n<p style=\"text-align: justify;\"><span style=\"color: #0000ff;\"><strong><a id=\"bulling\"><\/a>BULLING, ASSETJAMENT, CIBERASSETJAMENT<\/strong><\/span><\/p>\n<p style=\"text-align: justify;\">Protocol de prevenci\u00f3, detecci\u00f3 i intervenci\u00f3 davant l&#8217;assetjament i el ciberassetjament entre iguals<\/p>\n<p style=\"text-align: justify;\"><a href=\"https:\/\/xtec.gencat.cat\/ca\/centres\/projeducatiu\/convivencia\/protocols\/assetjament-ciberassetjament-entre-iguals\/index.html\">https:\/\/xtec.gencat.cat\/ca\/centres\/projeducatiu\/convivencia\/protocols\/assetjament-ciberassetjament-entre-iguals\/index.html<\/a><\/p>\n<p style=\"text-align: justify;\">Abusos, acoso y bullying (FAROS, Sant Joan de D\u00e9u)<\/p>\n<p style=\"text-align: justify;\"><a href=\"https:\/\/faros.hsjdbcn.org\/es\/tema\/abusos-acoso-bullying\">https:\/\/faros.hsjdbcn.org\/es\/tema\/abusos-acoso-bullying<\/a><\/p>\n<p style=\"text-align: justify;\">El acoso escolar y el bullying &#8211; Somos tu Salud de Doctora Natalia Moreno, Coordinadora de Atenci\u00f3n Psicolog\u00edca Personalizada de HM Hospitales (v\u00eddeo)<\/p>\n<p style=\"text-align: justify;\"><a href=\"https:\/\/www.hmhospitales.com\/servicios-al-paciente\/servicios-medicos\/unidad-de-atencion-psicologica-personalizada\/acoso-escolar-bulling\">https:\/\/www.hmhospitales.com\/servicios-al-paciente\/servicios-medicos\/unidad-de-atencion-psicologica-personalizada\/acoso-escolar-bulling<\/a><\/p>\n<p style=\"text-align: justify;\">Consejos para estudiantes frente al bullying o acoso escolar (Save the children) <a href=\"https:\/\/www.savethechildren.es\/publicaciones\/consejos-para-estudiantes-frente-al-bullying-o-acoso-escolar\">https:\/\/www.savethechildren.es\/publicaciones\/consejos-para-estudiantes-frente-al-bullying-o-acoso-escolar<\/a><\/p>\n<p style=\"text-align: justify;\"><span style=\"color: #0000ff;\"><strong><a id=\"sexe\"><\/a>SEXE, PORNOGRAFIA, VIOL\u00c8NCIA DE G\u00c8NERE&#8230;<\/strong><\/span><\/p>\n<p style=\"text-align: justify;\"><strong>\u00a0<\/strong>Educaci\u00f3n sexual (FAROS, Sant Joan de D\u00e9u)<\/p>\n<p style=\"text-align: justify;\"><a href=\"https:\/\/faros.hsjdbcn.org\/es\/tema\/educacion-sexual\">https:\/\/faros.hsjdbcn.org\/es\/tema\/educacion-sexual<\/a><\/p>\n<p style=\"text-align: justify;\">Gu\u00eda para familias sobre el consumo de pornograf\u00eda en la adolescencia (Save the children)<\/p>\n<p style=\"text-align: justify;\"><a href=\"https:\/\/www.savethechildren.es\/notasprensa\/guia-para-familias-sobre-el-consumo-de-pornografia-en-la-adolescencia-Euskadi\">https:\/\/www.savethechildren.es\/notasprensa\/guia-para-familias-sobre-el-consumo-de-pornografia-en-la-adolescencia-Euskadi<\/a><\/p>\n<p style=\"text-align: justify;\">Marina Marroqu\u00ed (web amb v\u00eddeos, recuros&#8230;)<\/p>\n<p style=\"text-align: justify;\"><a href=\"https:\/\/www.marinamarroqui.com\/\">https:\/\/www.marinamarroqui.com\/<\/a><\/p>\n<p style=\"text-align: justify;\"><a href=\"https:\/\/www.ccma.cat\/tv3\/alacarta\/generacio-porno\/generacio-porno-el-pes-dels-referents\/video\/6240385\/\">Generaci\u00f3 Porno: el pes dels referents<\/a> (TV3, SHINE IBERIA SL i EITB MEDIA)<\/p>\n<p style=\"text-align: justify;\"><a href=\"https:\/\/www.ccma.cat\/tv3\/generacio-porno\/\">https:\/\/www.ccma.cat\/tv3\/generacio-porno\/<\/a><\/p>\n<p style=\"text-align: justify;\">Generaci\u00f3n porno-nativa: porno, adolescencia y distorsi\u00f3n de la realidad (Sociedad Espa\u00f1ola de Medicina de la Adolescencia)<\/p>\n<p style=\"text-align: justify;\"><a href=\"https:\/\/www.adolescenciasema.org\/generacion-porno-nativa-porno-adolescencia-y-distorsion-de-la-realidad\/\">https:\/\/www.adolescenciasema.org\/generacion-porno-nativa-porno-adolescencia-y-distorsion-de-la-realidad\/<\/a><\/p>\n<p style=\"text-align: justify;\">Joves i viol\u00e8ncia Masclista (<a href=\"https:\/\/cejfe.gencat.cat\/ca\/\">Centre d&#8217;Estudis Jur\u00eddics i Formaci\u00f3 Especialitzada<\/a>)<\/p>\n<p style=\"text-align: justify;\"><a href=\"https:\/\/cejfe.gencat.cat\/ca\/observatori\/biblioteca-de-lobservatori\/Recursos-electronics\/Dossiers-tematics\/joves-violencia-masclista\/index.html\">https:\/\/cejfe.gencat.cat\/ca\/observatori\/biblioteca-de-lobservatori\/Recursos-electronics\/Dossiers-tematics\/joves-violencia-masclista\/index.html<\/a><\/p>\n<p style=\"text-align: justify;\">Joves i adolescents v\u00edctimes de viol\u00e8ncia masclista: &#8220;Confonia control amb amor&#8221; (Corporaci\u00f3 Catalana de Mitjans Audiovisuals)<\/p>\n<p style=\"text-align: justify;\"><a href=\"https:\/\/www.ccma.cat\/324\/joves-i-adolescents-victimes-de-violencia-masclista-confonia-control-amb-amor\/noticia\/3142851\/\">https:\/\/www.ccma.cat\/324\/joves-i-adolescents-victimes-de-violencia-masclista-confonia-control-amb-amor\/noticia\/3142851\/<\/a><\/p>\n<p style=\"text-align: justify;\">Programa d\u2019atenci\u00f3 a joves (SAH Joves, Ajuntament de Barcelona)<\/p>\n<p style=\"text-align: justify;\"><a href=\"https:\/\/ajuntament.barcelona.cat\/dones\/ca\/bcn-antimasclista\/masculinitats\/programa-atencio-a-joves-sah-joves\">https:\/\/ajuntament.barcelona.cat\/dones\/ca\/bcn-antimasclista\/masculinitats\/programa-atencio-a-joves-sah-joves<\/a><\/p>\n<p><span style=\"color: #0000ff;\"><strong>\u00a0<\/strong><\/span><\/p>\n<p>&nbsp;<\/p>\n<p>&nbsp;<\/p>\n","protected":false},"excerpt":{"rendered":"<p><a href=\"https:\/\/agora.xtec.cat\/ieslescorts\/wp-content\/uploads\/usu1246\/2024\/09\/logo.png\"><\/a><br \/>\nEt presentem alguns enlla\u00e7os que poden ser d\u2019inter\u00e8s per als joves i\/o fam\u00edlies. No pret\u00e9n ser un recull exhaustiu.<br \/>\nSi saps d\u2019algun enlla\u00e7 que val la pena compartir amb la resta d\u2019associats, envia\u2019ns un mail i l\u2019afegirem.<\/p>\n<p><a href=\"#beques\">BEQUES I AJUTS<\/a><br \/>\n<a href=\"#estudis\">ESTUDIS<\/a><br \/>\n<a href=\"#adolescencia\">ADOLESCENCIA<\/a><br \/>\n<a href=\"#sexe\">SEXE, PORNOGRAFIA, VIOL\u00c8NCIA&hellip;  <a href=\"https:\/\/agora.xtec.cat\/ieslescorts\/afa-institut-les-corts\/afa-enllacos-dinteres\/\" title=\"Read Enlla\u00e7os d\u2019inter\u00e8s\">Llegeix m\u00e9s\u00bb<\/a><\/p>\n","protected":false},"author":206,"featured_media":0,"parent":11276,"menu_order":8,"comment_status":"closed","ping_status":"closed","template":"page-templates\/side-menu.php","meta":{"_bbp_topic_count":0,"_bbp_reply_count":0,"_bbp_total_topic_count":0,"_bbp_total_reply_count":0,"_bbp_voice_count":0,"_bbp_anonymous_reply_count":0,"_bbp_topic_count_hidden":0,"_bbp_reply_count_hidden":0,"_bbp_forum_subforum_count":0,"footnotes":""},"class_list":["post-11487","page","type-page","status-publish","hentry"],"post_mailing_queue_ids":[],"_links":{"self":[{"href":"https:\/\/agora.xtec.cat\/ieslescorts\/wp-json\/wp\/v2\/pages\/11487","targetHints":{"allow":["GET"]}}],"collection":[{"href":"https:\/\/agora.xtec.cat\/ieslescorts\/wp-json\/wp\/v2\/pages"}],"about":[{"href":"https:\/\/agora.xtec.cat\/ieslescorts\/wp-json\/wp\/v2\/types\/page"}],"author":[{"embeddable":true,"href":"https:\/\/agora.xtec.cat\/ieslescorts\/wp-json\/wp\/v2\/users\/206"}],"replies":[{"embeddable":true,"href":"https:\/\/agora.xtec.cat\/ieslescorts\/wp-json\/wp\/v2\/comments?post=11487"}],"version-history":[{"count":5,"href":"https:\/\/agora.xtec.cat\/ieslescorts\/wp-json\/wp\/v2\/pages\/11487\/revisions"}],"predecessor-version":[{"id":11713,"href":"https:\/\/agora.xtec.cat\/ieslescorts\/wp-json\/wp\/v2\/pages\/11487\/revisions\/11713"}],"up":[{"embeddable":true,"href":"https:\/\/agora.xtec.cat\/ieslescorts\/wp-json\/wp\/v2\/pages\/11276"}],"wp:attachment":[{"href":"https:\/\/agora.xtec.cat\/ieslescorts\/wp-json\/wp\/v2\/media?parent=11487"}],"curies":[{"name":"wp","href":"https:\/\/api.w.org\/{rel}","templated":true}]}}