{"id":11472,"date":"2024-05-03T10:43:49","date_gmt":"2024-05-03T08:43:49","guid":{"rendered":"https:\/\/agora.xtec.cat\/ieslescorts\/?page_id=11472"},"modified":"2025-10-10T18:18:27","modified_gmt":"2025-10-10T16:18:27","slug":"afa-que-fem","status":"publish","type":"page","link":"https:\/\/agora.xtec.cat\/ieslescorts\/afa-institut-les-corts\/afa-que-fem\/","title":{"rendered":"Qu\u00e8 fem?"},"content":{"rendered":"<p><a href=\"https:\/\/agora.xtec.cat\/ieslescorts\/wp-content\/uploads\/usu1246\/2024\/09\/logo.png\"><img loading=\"lazy\" decoding=\"async\" class=\"alignnone wp-image-11695\" src=\"https:\/\/agora.xtec.cat\/ieslescorts\/wp-content\/uploads\/usu1246\/2024\/09\/logo-1024x647.png\" alt=\"\" width=\"106\" height=\"67\" srcset=\"https:\/\/agora.xtec.cat\/ieslescorts\/wp-content\/uploads\/usu1246\/2024\/09\/logo-1024x647.png 1024w, https:\/\/agora.xtec.cat\/ieslescorts\/wp-content\/uploads\/usu1246\/2024\/09\/logo-300x190.png 300w, https:\/\/agora.xtec.cat\/ieslescorts\/wp-content\/uploads\/usu1246\/2024\/09\/logo-768x486.png 768w, https:\/\/agora.xtec.cat\/ieslescorts\/wp-content\/uploads\/usu1246\/2024\/09\/logo.png 1281w\" sizes=\"auto, (max-width: 106px) 100vw, 106px\" \/><\/a><\/p>\n<p style=\"text-align: justify;\">Et fem un resum de les activitats i accions que portem a termes des de l\u2019AFA. Som conscients que ens falten comissions, per\u00f2 de moment aquetes s\u00f3n les que tenim en marxa.<\/p>\n<table style=\"border-collapse: collapse; width: 63.403%;\">\n<tbody>\n<tr>\n<td style=\"width: 20.5735%;\"><a href=\"#menjador\"><img loading=\"lazy\" decoding=\"async\" class=\"wp-image-11475 aligncenter\" src=\"https:\/\/agora.xtec.cat\/ieslescorts\/wp-content\/uploads\/usu1246\/2024\/05\/menjador-removebg-preview.png\" alt=\"\" width=\"138\" height=\"138\" srcset=\"https:\/\/agora.xtec.cat\/ieslescorts\/wp-content\/uploads\/usu1246\/2024\/05\/menjador-removebg-preview.png 500w, https:\/\/agora.xtec.cat\/ieslescorts\/wp-content\/uploads\/usu1246\/2024\/05\/menjador-removebg-preview-300x300.png 300w, https:\/\/agora.xtec.cat\/ieslescorts\/wp-content\/uploads\/usu1246\/2024\/05\/menjador-removebg-preview-150x150.png 150w\" sizes=\"auto, (max-width: 138px) 100vw, 138px\" \/><\/a><\/td>\n<td style=\"width: 22.0387%;\"><a href=\"#extraescolars\"><img loading=\"lazy\" decoding=\"async\" class=\"wp-image-11555 aligncenter\" src=\"https:\/\/agora.xtec.cat\/ieslescorts\/wp-content\/uploads\/usu1246\/2024\/05\/extraescolars-removebg-preview.png\" alt=\"\" width=\"142\" height=\"142\" srcset=\"https:\/\/agora.xtec.cat\/ieslescorts\/wp-content\/uploads\/usu1246\/2024\/05\/extraescolars-removebg-preview.png 500w, https:\/\/agora.xtec.cat\/ieslescorts\/wp-content\/uploads\/usu1246\/2024\/05\/extraescolars-removebg-preview-300x300.png 300w, https:\/\/agora.xtec.cat\/ieslescorts\/wp-content\/uploads\/usu1246\/2024\/05\/extraescolars-removebg-preview-150x150.png 150w\" sizes=\"auto, (max-width: 142px) 100vw, 142px\" \/><\/a><\/td>\n<td style=\"width: 18.6148%;\"><a href=\"#llibrestext\"><img loading=\"lazy\" decoding=\"async\" class=\"wp-image-11563 aligncenter\" src=\"https:\/\/agora.xtec.cat\/ieslescorts\/wp-content\/uploads\/usu1246\/2024\/05\/llibres_text-removebg-preview-1.png\" alt=\"\" width=\"139\" height=\"139\" srcset=\"https:\/\/agora.xtec.cat\/ieslescorts\/wp-content\/uploads\/usu1246\/2024\/05\/llibres_text-removebg-preview-1.png 500w, https:\/\/agora.xtec.cat\/ieslescorts\/wp-content\/uploads\/usu1246\/2024\/05\/llibres_text-removebg-preview-1-300x300.png 300w, https:\/\/agora.xtec.cat\/ieslescorts\/wp-content\/uploads\/usu1246\/2024\/05\/llibres_text-removebg-preview-1-150x150.png 150w\" sizes=\"auto, (max-width: 139px) 100vw, 139px\" \/><\/a><\/td>\n<\/tr>\n<tr>\n<td style=\"width: 20.5735%;\"><a href=\"#xerrades\"><img loading=\"lazy\" decoding=\"async\" class=\"wp-image-11558 aligncenter\" src=\"https:\/\/agora.xtec.cat\/ieslescorts\/wp-content\/uploads\/usu1246\/2024\/05\/xerrades_AFA-removebg-preview.png\" alt=\"\" width=\"141\" height=\"141\" srcset=\"https:\/\/agora.xtec.cat\/ieslescorts\/wp-content\/uploads\/usu1246\/2024\/05\/xerrades_AFA-removebg-preview.png 500w, https:\/\/agora.xtec.cat\/ieslescorts\/wp-content\/uploads\/usu1246\/2024\/05\/xerrades_AFA-removebg-preview-300x300.png 300w, https:\/\/agora.xtec.cat\/ieslescorts\/wp-content\/uploads\/usu1246\/2024\/05\/xerrades_AFA-removebg-preview-150x150.png 150w\" sizes=\"auto, (max-width: 141px) 100vw, 141px\" \/><\/a><\/td>\n<td style=\"width: 22.0387%;\"><a href=\"#biblioteca\"><img loading=\"lazy\" decoding=\"async\" class=\"wp-image-11553 aligncenter\" src=\"https:\/\/agora.xtec.cat\/ieslescorts\/wp-content\/uploads\/usu1246\/2024\/05\/biblioteca-removebg-preview.png\" alt=\"\" width=\"141\" height=\"141\" srcset=\"https:\/\/agora.xtec.cat\/ieslescorts\/wp-content\/uploads\/usu1246\/2024\/05\/biblioteca-removebg-preview.png 500w, https:\/\/agora.xtec.cat\/ieslescorts\/wp-content\/uploads\/usu1246\/2024\/05\/biblioteca-removebg-preview-300x300.png 300w, https:\/\/agora.xtec.cat\/ieslescorts\/wp-content\/uploads\/usu1246\/2024\/05\/biblioteca-removebg-preview-150x150.png 150w\" sizes=\"auto, (max-width: 141px) 100vw, 141px\" \/><\/a><\/td>\n<td style=\"width: 18.6148%;\"><a href=\"#festes\"><img loading=\"lazy\" decoding=\"async\" class=\"wp-image-11556 aligncenter\" src=\"https:\/\/agora.xtec.cat\/ieslescorts\/wp-content\/uploads\/usu1246\/2024\/05\/festes-removebg-preview.png\" alt=\"\" width=\"141\" height=\"141\" srcset=\"https:\/\/agora.xtec.cat\/ieslescorts\/wp-content\/uploads\/usu1246\/2024\/05\/festes-removebg-preview.png 500w, https:\/\/agora.xtec.cat\/ieslescorts\/wp-content\/uploads\/usu1246\/2024\/05\/festes-removebg-preview-300x300.png 300w, https:\/\/agora.xtec.cat\/ieslescorts\/wp-content\/uploads\/usu1246\/2024\/05\/festes-removebg-preview-150x150.png 150w\" sizes=\"auto, (max-width: 141px) 100vw, 141px\" \/><\/a><\/td>\n<\/tr>\n<\/tbody>\n<\/table>\n<p style=\"text-align: justify;\"><strong><u><a id=\"menjador\"><\/a>MENJADOR<\/u><\/strong><\/p>\n<p style=\"text-align: justify;\">Pel curs 2025-26 l\u2019empresa responsable de menjador \u00e9s <a href=\"https:\/\/www.eduactivities.cat\/\" target=\"_blank\" rel=\"noopener\">EduActivities<\/a>, la mateixa que ens ofereix les extraescolars i\u00a0 el c\u00e0tering \u00e9s de &#8220;<a href=\"http:\/\/www.cuinatslaesperanza.com\/\" target=\"_blank\" rel=\"noopener\">Cuinats l\u2019Esperan\u00e7a<\/a>\u201d una empresa petita, familiar amb plats de proximitat.<\/p>\n<p>Per poder accedir al menjador cal inscriure&#8217;s online a <a href=\"http:\/\/www.eduactivities.cat\">www.eduactivities.cat<\/a>. Aneu a l&#8217;apartat &#8220;acc\u00e9s escoles&#8221; de l&#8217;apart superior dreta i poseu: Usuari: <strong>IESlescorts<\/strong> i contrasenya: <strong>IESlescorts.2526CAT<\/strong><\/p>\n<p>Podeu demanar ajuts de menjador quan surtin les convocat\u00f2ries.<\/p>\n<p><span style=\"font-family: inherit; font-size: 1em; text-align: justify;\">Per qualsevol problema o dubte podeu contactar a trav\u00e9s de correu electr\u00f2nic: <\/span><a style=\"font-family: inherit; font-size: 1em; text-align: justify;\" href=\"mailto:coordinacioieslescorts@gmail.com\">coordinacioieslescorts@gmail.com<\/a><\/p>\n<p>Si necessiteu contactar amb l&#8217;AFA per temes del menjador, per queixes o suggeriment podeu enviar un missatge a: <a href=\"mailto:menjadorafainslescorts@gmail.com\">menjadorafainslescorts@gmail.com<\/a><\/p>\n<p style=\"text-align: justify;\"><strong><u><a id=\"extraescolars\"><\/a>EXTRAESCOLARS<\/u><\/strong><\/p>\n<p style=\"text-align: justify;\">L\u2019AFA organitzem i gestionem m\u00faltiples activitats extraescolars a trav\u00e9s de l\u2019empresa\u00a0<a href=\"https:\/\/www.eduactivities.cat\/\" target=\"_blank\" rel=\"noopener\">EduActivities<\/a>. \u00c9s la nostra voluntat anar ampliant el ventall d\u2019activitats, sempre i quan hi hagi prou inscrits.<\/p>\n<p>En aquesta guia trobareu la informaci\u00f3 i reglament de les <a href=\"https:\/\/agora.xtec.cat\/ieslescorts\/wp-content\/uploads\/usu1246\/2025\/06\/Extraescolars-2025-2026.pdf\" target=\"_blank\" rel=\"noopener\">Extraescolars 2025-2026.<\/a><\/p>\n<p style=\"text-align: justify;\">Les inscripcions pel curs 2025-26 s\u2019han de fer online a <a href=\"http:\/\/www.eduactivities.cat\">www.eduactivities.cat<\/a>. Aneu a l&#8217;apartat &#8220;acc\u00e9s escoles&#8221; de l&#8217;apart superior dreta i poseu: Usuari: <strong>IESlescorts<\/strong> i contrasenya: \u00a0<strong>IESlescorts.2526CAT<\/strong><\/p>\n<p><strong>El per\u00edode d\u2019inscripci\u00f3 per a les activitats ser\u00e0 fins que no hi hagi disponibilitat de places.<\/strong><\/p>\n<p>Podeu demanar ajuts per a les <a href=\"https:\/\/www.plaesportescolarbcn.cat\/ca\" target=\"_blank\" rel=\"noopener\">activitats esportives fora d\u2019horari escolar<\/a><\/p>\n<p style=\"text-align: justify;\"><a href=\"https:\/\/www.plaesportescolarbcn.cat\/ca\/subvencions_302069\" target=\"_blank\" rel=\"noopener\"><strong>SUBVENCIONS<\/strong><\/a>\u00a0\u2013 esportives i\/o culturals<\/p>\n<p style=\"text-align: center;\"><strong>Per qualsevol problema o dubte podeu contactar a trav\u00e9s de correu electr\u00f2nic: <a href=\"mailto:coordinacioieslescorts@gmail.com\">coordinacioieslescorts@gmail.com<\/a><\/strong><\/p>\n<p style=\"text-align: justify;\"><strong><u><a id=\"llibrestext\"><\/a>LLIBRES DE TEXT<\/u><\/strong><\/p>\n<p style=\"text-align: justify;\">El servei de venta de llibres el gestiona l&#8217;AFA amb l\u2019empresa <a href=\"https:\/\/spain.iddink.es\/ca\/\" target=\"_blank\" rel=\"noopener\">IDDINK<\/a> amb qui negociem descomptes de llibres nous i llibres de segona m\u00e0 en pr\u00e9stec amb l&#8217;objectiu de promocionar l&#8217;\u00fas d&#8217;ecobooks per millorar la sostenibilitat.<\/p>\n<p style=\"text-align: justify;\">Com fer-ho? busca a la p\u00e0gina web <a href=\"https:\/\/spain.iddink.es\/ca\/\" target=\"_blank\" rel=\"noopener\">IDDINK<\/a> Institut IES les Corts i posa el <strong>codi 403LC4 <\/strong><\/p>\n<p>Per utilitzar aquest servi <strong>cal pagar la quota anual de l\u2019AFA (25\u20ac per fam\u00edlia)<\/strong>. D&#8217;aquesta manera podreu comprar els llibres i ecobooks a trav\u00e9s d&#8217;Iddink i gaudir dels avantatges que hem aconseguit pels nostres socis:<\/p>\n<ul>\n<li>65% descompte en la compra d\u2019Ecobooks.<\/li>\n<li>Enviament a domicili gratu\u00eft (a c\u00e0rrec de l\u2019AFA) si fas la comanda abans del 21 juliol.<\/li>\n<li>Entrega de l\u2019agenda, amb el disseny dels alumnes guanyadors d\u2019aquest curs, amb l\u2019entrega dels llibres.<\/li>\n<li>1 carpeta d\u2019anelles per als alumnes des de 2n ESO a 2n Batxillerat amb l\u2019entrega dels llibres.<\/li>\n<li>1 Carpeta classificadora pels alumnes de 1r ESO el primer dia de classe.<\/li>\n<\/ul>\n<p>Tamb\u00e9 et pots descomptar els vals escolars fent la compra a trav\u00e9s d\u2019IDDINK seguint aquestes instruccions: <a href=\"https:\/\/agora.xtec.cat\/ieslescorts\/wp-content\/uploads\/usu1246\/2025\/06\/Iddink_vals-escolars_2025-26.pdf\" target=\"_blank\" rel=\"noopener\">Iddink_vals escolars_2025-26<\/a>.<\/p>\n<p style=\"text-align: justify;\">Si vols adquirir-los pel teu compte i tamb\u00e9 vols fer-te soci de l&#8217;AFA, cap problema! Pots abonar l\u2019import de 25\u20ac al compte <strong>ES72 2100 0704 1102 0022 2758\u00a0<\/strong>indicant com a concepte <strong>QUOTA AFA Nom i Cognoms alumne i curs<\/strong>. Un fet el pagament, cal que ens feu arribar el rebut a trav\u00e9s del correu electr\u00f2nic \u00a0<a href=\"https:\/\/agora.xtec.cat\/ieslescorts\/afa-institut-les-corts\/afa-contactans\/\" target=\"_blank\" rel=\"noopener\">afainslescorts@gmail.com<\/a><\/p>\n<p>Iddink ofereix una <a href=\"https:\/\/teams.microsoft.com\/dl\/launcher\/launcher.html?url=%2F_%23%2Fl%2Fmeetup-join%2F19%3Ameeting_OTU0NzdjMzUtODllOC00NzMzLWE3N2EtNTQyMTUxZDI3N2I4%40thread.v2%2F0%3Fcontext%3D%257b%2522Tid%2522%253a%25224d5a4899-3bae-4dc5-9ea0-ba540b354430%2522%252c%2522Oid%2522%253a%2522c8aa8721-c5e1-422f-aa6c-239177015056%2522%257d%26anon%3Dtrue&amp;type=meetup-join&amp;deeplinkId=d5bfab2c-45d3-49ed-a00b-6f72efd1a63f&amp;directDl=true&amp;msLaunch=true&amp;enableMobilePage=true&amp;suppressPrompt=true\" target=\"_blank\" rel=\"noopener\">reuni\u00f3 virtual<\/a> el dijous 3 de juliol a les 18h. per explicar com fer la compra, com aprofitar els vals escolars i aclarir dubtes.<\/p>\n<p><a href=\"https:\/\/agora.xtec.cat\/ieslescorts\/wp-content\/uploads\/usu1246\/2025\/07\/2025-26_llibres_Ins-Les-Corts.pdf\" target=\"_blank\" rel=\"noopener\">Llistat dels llibres<\/a> de tots els cursos del curs 2025-26<\/p>\n<p style=\"text-align: justify;\">Per qualsevol dubte contacta amb nosaltres\u00a0<a href=\"https:\/\/agora.xtec.cat\/ieslescorts\/afa-institut-les-corts\/afa-contactans\/\" target=\"_blank\" rel=\"noopener\">afainslescorts@gmail.com<\/a><\/p>\n<p style=\"text-align: justify;\"><strong><u><a id=\"xerrades\"><\/a>XERRADES I TALLERS<\/u><\/strong><\/p>\n<p style=\"text-align: justify;\">Des de l\u2019AFA organitzem xerrades i tallers per a les fam\u00edlies, aix\u00ed com per a l\u2019alumnat.<\/p>\n<p style=\"text-align: justify;\">Hem consolidat una cooperaci\u00f3 estreta amb el\u00a0<a href=\"https:\/\/ajuntament.barcelona.cat\/ccivics\/tomasacuevas\/p\/155\/pij-punt-dinformaci-juvenil-de-les-corts\" target=\"_blank\" rel=\"noopener\">PIJ<\/a>, el\u00a0<a href=\"https:\/\/qsl.cat\/punts-jip-jove-informat-i-participa\/\" target=\"_blank\" rel=\"noopener\">JIP<\/a>\u00a0i l\u2019espai\u00a0<a href=\"https:\/\/bcnsostenible.cat\/web\/punt\/espai-jovecardi\" target=\"_blank\" rel=\"noopener\">Jovecard\u00ed<\/a>, tots ells recursos experts en adolesc\u00e8ncia, per tal de poder oferir refor\u00e7 en tot els temes que es creguin oportuns. L\u2019espai Jovecardi fa una presentaci\u00f3 al curs pels cursos de 1r a 4t ESO amb una xerrada pr\u00e8via a les fam\u00edlies perqu\u00e8 coneguin aquest recurs dins del barri.<\/p>\n<p style=\"text-align: justify;\">En aquesta mateixa l\u00ednia, agrairem que ens feu arribar les vostres inquietuds i interessos en diversos temes entorn l\u2019adolesc\u00e8ncia, per tal de mirar d\u2019organitzar xerrades participatives i\/o tallers que ens proporcionin eines i recursos a les fam\u00edlies que ens permetin acompanyar millor els nostres joves.<\/p>\n<p style=\"text-align: justify;\">Des de l\u2019AFA us fem arribar informaci\u00f3 de tallers i xerrades que organitzem nosaltres i altres que es fan pel barri a trav\u00e9s de les nostres xarxes socials, la p\u00e0gina web i el correu electr\u00f2nic.<\/p>\n<p style=\"text-align: justify;\">Pel curs 2023-24 hem organitzat:<\/p>\n<ul style=\"text-align: justify;\">\n<li>Taller de t\u00e8cniques d\u2019estudi, per als alumnes socis de l\u2019AFA.<\/li>\n<li><strong>El taller per als alumnes <\/strong><strong>\u201cAix\u00f2 no \u00e9s amor\u201d(2n ESO a 2n batxillerat)<\/strong> a c\u00e0rrec de <a href=\"https:\/\/www.marinamarroqui.com\/\" target=\"_blank\" rel=\"noopener\">Marina Marroqu\u00ed<\/a> (25 abril 2024).<\/li>\n<li><strong>Xerrada per a fam\u00edlies s\u00f2cies de l\u2019AFA i professorat, \u201cCom construir una educaci\u00f3 afectiu-sexual m\u00e9s enll\u00e0 del porno\u201d<\/strong> (25 abril 2024) a c\u00e0rrec de Marina Marroqu\u00ed.<\/li>\n<li>Xerrada <span class=\"OYPEnA text-decoration-none text-strikethrough-none\">de prevenci\u00f3 de consum de pornografia a c\u00e0rrec de l\u2019Associaci\u00f3 Amar Dragoste (el taller de la Marina Marroqu\u00ed no era adequat per als alumnes de 1r ESO).<\/span><\/li>\n<\/ul>\n<p><strong><span class=\"OYPEnA text-decoration-none text-strikethrough-none\">Agrairem que ens feu arribar les vostres inquietuds i interessos en diversos temes entorn l\u2019adolesc\u00e8ncia, per tal de poder organitzar m\u00e9s xerrades i tallers.<\/span> <\/strong><\/p>\n<p style=\"text-align: justify;\"><strong><u><a id=\"biblioteca\"><\/a>BIBLIOTECA<\/u><\/strong><\/p>\n<p style=\"text-align: justify;\">L\u2019AFA aposta per la biblioteca. Estem en contacte amb la responsable de la biblioteca de l\u2019institut i destinem una part del nostre pressupost a ampliar el fons, sobretot amb llibres de coneixements relacionats amb els temes que ens preocupen a les fam\u00edlies (\u00fas de la \u00a0xarxa i m\u00f2bils, sexe, adolesc\u00e8ncia, etc.)<\/p>\n<p style=\"text-align: justify;\">\u00c9s la nostra intenci\u00f3 anar ampliant la biblioteca amb aquest tipus de llibres que creiem poden ajudar als joves en el seu desenvolupament.<\/p>\n<p style=\"text-align: justify;\"><strong><u><a id=\"festes\"><\/a>FESTES I ESDEVENIMENTS<\/u><\/strong><\/p>\n<p style=\"text-align: justify;\">\u00c9s la nostra intenci\u00f3 organitzar festes per tal d\u2019apropar les fam\u00edlies amb la vida de l\u2019institut. Us anirem informant per\u00f2\u2026 si teniu idees o voleu donar un cop de m\u00e0, la vostra ajuda ser\u00e0 benvinguda.<\/p>\n<p style=\"text-align: justify;\">Tamb\u00e9 col\u00b7laborem en esdeveniments concrets (Sant Jordi, graduaci\u00f3 2n batxillerat&#8230;)<\/p>\n","protected":false},"excerpt":{"rendered":"<p><a href=\"https:\/\/agora.xtec.cat\/ieslescorts\/wp-content\/uploads\/usu1246\/2024\/09\/logo.png\"><\/a><br \/>\nEt fem un resum de les activitats i accions que portem a termes des de l\u2019AFA. Som conscients que ens falten comissions, per\u00f2 de moment aquetes s\u00f3n les que tenim en marxa.<\/p>\n<p><a href=\"#menjador\"><\/a><br \/>\n<a href=\"#extraescolars\"><\/a><br \/>\n<a href=\"#llibrestext\"><\/a><\/p>\n<p><a href=\"#xerrades\"><\/a><br \/>\n<a href=\"#biblioteca\"><\/a><br \/>\n<a href=\"#festes\"><\/a><\/p>\n<p><a id=\"menjador\"><\/a>MENJADOR<br \/>\nPel curs 2025-26 l\u2019empresa responsable de&hellip;  <a href=\"https:\/\/agora.xtec.cat\/ieslescorts\/afa-institut-les-corts\/afa-que-fem\/\" title=\"Read Qu\u00e8 fem?\">Llegeix m\u00e9s\u00bb<\/a><\/p>\n","protected":false},"author":206,"featured_media":0,"parent":11276,"menu_order":3,"comment_status":"closed","ping_status":"closed","template":"page-templates\/side-menu.php","meta":{"_bbp_topic_count":0,"_bbp_reply_count":0,"_bbp_total_topic_count":0,"_bbp_total_reply_count":0,"_bbp_voice_count":0,"_bbp_anonymous_reply_count":0,"_bbp_topic_count_hidden":0,"_bbp_reply_count_hidden":0,"_bbp_forum_subforum_count":0,"footnotes":""},"class_list":["post-11472","page","type-page","status-publish","hentry"],"post_mailing_queue_ids":[],"_links":{"self":[{"href":"https:\/\/agora.xtec.cat\/ieslescorts\/wp-json\/wp\/v2\/pages\/11472","targetHints":{"allow":["GET"]}}],"collection":[{"href":"https:\/\/agora.xtec.cat\/ieslescorts\/wp-json\/wp\/v2\/pages"}],"about":[{"href":"https:\/\/agora.xtec.cat\/ieslescorts\/wp-json\/wp\/v2\/types\/page"}],"author":[{"embeddable":true,"href":"https:\/\/agora.xtec.cat\/ieslescorts\/wp-json\/wp\/v2\/users\/206"}],"replies":[{"embeddable":true,"href":"https:\/\/agora.xtec.cat\/ieslescorts\/wp-json\/wp\/v2\/comments?post=11472"}],"version-history":[{"count":7,"href":"https:\/\/agora.xtec.cat\/ieslescorts\/wp-json\/wp\/v2\/pages\/11472\/revisions"}],"predecessor-version":[{"id":12295,"href":"https:\/\/agora.xtec.cat\/ieslescorts\/wp-json\/wp\/v2\/pages\/11472\/revisions\/12295"}],"up":[{"embeddable":true,"href":"https:\/\/agora.xtec.cat\/ieslescorts\/wp-json\/wp\/v2\/pages\/11276"}],"wp:attachment":[{"href":"https:\/\/agora.xtec.cat\/ieslescorts\/wp-json\/wp\/v2\/media?parent=11472"}],"curies":[{"name":"wp","href":"https:\/\/api.w.org\/{rel}","templated":true}]}}