{"id":10976,"date":"2023-04-13T07:56:33","date_gmt":"2023-04-13T05:56:33","guid":{"rendered":"https:\/\/agora.xtec.cat\/ieslescorts\/?page_id=10976"},"modified":"2026-04-22T08:45:26","modified_gmt":"2026-04-22T06:45:26","slug":"proves-dacces-a-cicles-2024","status":"publish","type":"page","link":"https:\/\/agora.xtec.cat\/ieslescorts\/proves-dacces-a-cicles-2024\/","title":{"rendered":"PROVES D&#8217;ACC\u00c9S A CICLES 2026"},"content":{"rendered":"<p>L&#8217;Institut Les Corts \u00e9s un centre que acull Proves d&#8217;Acc\u00e9s a Cicles de Grau Mitj\u00e0 i de Grau Superior.<\/p>\n<p>Trobareu <strong>tota la informaci\u00f3<\/strong> relativa al proc\u00e9s d&#8217;inscripci\u00f3, <strong>calendari, requisits, proves, material i documentaci\u00f3 a portar<\/strong>, etc.\u00a0a:<\/p>\n<p><strong>PROVES ACC\u00c9S GRAU MITJ\u00c0:\u00a0<a href=\"https:\/\/triaeducativa.gencat.cat\/ca\/proves\/proves-acces\/fp\/fp-gm\/index.html\">https:\/\/triaeducativa.gencat.cat\/ca\/proves\/proves-acces\/fp\/fp-gm\/index.html<\/a><\/strong><\/p>\n<p><strong>PROVES ACC\u00c9S GRAU SUPERIOR:\u00a0<a href=\"https:\/\/triaeducativa.gencat.cat\/ca\/proves\/proves-acces\/fp\/fp-gs\/index.html\">https:\/\/triaeducativa.gencat.cat\/ca\/proves\/proves-acces\/fp\/fp-gs\/index.html<\/a><\/strong><\/p>\n<p>&nbsp;<\/p>\n<p><strong>INFORMACI\u00d3 I PRESENTACI\u00d3 DE DOCUMENTACI\u00d3 PER A CONTACTAR AMB EL CENTRE:<\/strong><\/p>\n<p>Per a contactar amb el centre, el mitj\u00e0 preferent \u00e9s la seg\u00fcent adre\u00e7a de correu electr\u00f2nic: <strong>proves.acces@inslescorts.cat<\/strong><\/p>\n<p>L&#8217;horari d&#8217;atenci\u00f3 i registre de documentaci\u00f3 mitjan\u00e7ant el correu electr\u00f2nic \u00e9s el mateix que presencialment.<\/p>\n<p>L&#8217;horari d&#8217;atenci\u00f3 per a presentar documentaci\u00f3 \u00e9s el seg\u00fcent.<\/p>\n<p><strong>Grau Mitj\u00e0: <\/strong>del 23 d&#8217;abril al 7 de maig de 2026\u00a0(de dilluns a divendres): de 9:00 a 14:00<\/p>\n<p><strong>Grau Superior: <\/strong>del 24 d&#8217;abril al 8 de maig de 2026 (de dilluns a divendres): de 9:00 a 14:00<\/p>\n<p><strong>IMPORTANT<\/strong>: En presentar la documentaci\u00f3 i altres peticions es demana adjuntar una relaci\u00f3 de la documentaci\u00f3 que es presenta a la comissi\u00f3 avaluadora, mitjan\u00e7ant els models seg\u00fcents:<\/p>\n<ul>\n<li style=\"list-style-type: none;\">\n<ul>\n<li><strong>Grau Mitj\u00e0:<\/strong>\n<ul>\n<li style=\"list-style-type: none;\">\n<ul>\n<li><a href=\"https:\/\/agora.xtec.cat\/ieslescorts\/wp-content\/uploads\/usu1246\/2025\/02\/Impres-documentaci-presentada-CFGM.pdf\">Impr\u00e8s documentaci\u00f3 presentada CFGM<\/a><\/li>\n<li><a href=\"https:\/\/triaeducativa.gencat.cat\/ca\/proves\/proves-acces\/fp\/fp-gm\/normativa\/\">Normativa<\/a><\/li>\n<li><a href=\"https:\/\/triaeducativa.gencat.cat\/ca\/proves\/proves-acces\/fp\/fp-gm\/exempcions\/\">Exempcions<\/a><\/li>\n<li><a href=\"https:\/\/triaeducativa.gencat.cat\/ca\/proves\/proves-acces\/fp\/fp-gm\/puntuacio\/\">Puntuaci\u00f3 complement\u00e0ria<\/a><\/li>\n<li><a href=\"https:\/\/agora.xtec.cat\/ieslescorts\/wp-content\/uploads\/usu1246\/2025\/02\/Document-Barem-del-Curriculum-CFGM.pdf\">Document Barem del Curriculum CFGM<\/a><\/li>\n<li><a href=\"https:\/\/agora.xtec.cat\/ieslescorts\/wp-content\/uploads\/usu1246\/2025\/02\/Sollicitud-excempcio-llengua-catalana-CFGM.pdf\">Sol\u00b7licitud exempci\u00f3 llengua catalana CFGM<\/a><\/li>\n<\/ul>\n<\/li>\n<\/ul>\n<\/li>\n<\/ul>\n<ul>\n<li><strong>Grau Superior:<\/strong>\n<ul>\n<li style=\"list-style-type: none;\">\n<ul>\n<li><a href=\"https:\/\/agora.xtec.cat\/ieslescorts\/wp-content\/uploads\/usu1246\/2025\/02\/Impres-de-documentacio-presentada.pdf\">Impr\u00e8s de documentaci\u00f3 presentada<\/a><\/li>\n<li><a href=\"https:\/\/triaeducativa.gencat.cat\/ca\/proves\/proves-acces\/fp\/fp-gs\/normativa\/\">Normativa<\/a><\/li>\n<li><a href=\"https:\/\/triaeducativa.gencat.cat\/ca\/proves\/proves-acces\/fp\/fp-gs\/exempcions\/\">Exempcions<\/a><\/li>\n<li><a href=\"https:\/\/triaeducativa.gencat.cat\/ca\/proves\/proves-acces\/fp\/fp-gs\/puntuacio\/\"><span style=\"font-family: inherit; font-size: 1em;\">Puntuaci\u00f3 complement\u00e0ria<\/span><\/a><\/li>\n<li><a href=\"https:\/\/agora.xtec.cat\/ieslescorts\/wp-content\/uploads\/usu1246\/2025\/02\/Document-Barem-del-Curriculum-CFGS.pdf\">Document Barem del Curriculum CFGS<\/a><\/li>\n<li><a href=\"https:\/\/agora.xtec.cat\/ieslescorts\/wp-content\/uploads\/usu1246\/2025\/02\/Sollicitud-excempcio-llengua-catalana-CFGS.pdf\">Sol\u00b7licitud exempci\u00f3 llengua catalana CFGS<\/a><\/li>\n<\/ul>\n<\/li>\n<\/ul>\n<\/li>\n<\/ul>\n<\/li>\n<\/ul>\n<p><strong><u>PROVA GRAU MIG<\/u><\/strong>: 13 de maig de 2026<\/p>\n<ul>\n<li>15.30 h Verificaci\u00f3 de la identitat dels aspirants<\/li>\n<li>16.00 h Primer bloc: parts comunicativa i social<\/li>\n<li>18.00 h Descans<\/li>\n<li>18.30 h Segon bloc: parts cientificotecnol\u00f2gica i matem\u00e0tica<\/li>\n<\/ul>\n<p><strong>MATERIAL A PORTAR PER A LA PROVA DE GRAU MIG:\u00a0<a href=\"https:\/\/triaeducativa.gencat.cat\/ca\/proves\/proves-acces\/fp\/fp-gm\/material\/\">https:\/\/triaeducativa.gencat.cat\/ca\/proves\/proves-acces\/fp\/fp-gm\/material\/<\/a><\/strong><\/p>\n<p><strong>MEMBRES DE LA COMISSI\u00d3:<\/strong><\/p>\n<p>Presidenta: Lidia Segura Muns<br \/>\nSecret\u00e0ria: Jana Periano S\u00e1nchez<\/p>\n<p>Vocals:<\/p>\n<ul>\n<li>Laia Brulles<\/li>\n<li>Anabel Gonz\u00e1lez<\/li>\n<li>Helena Villal\u00f3n<\/li>\n<li>Miguel Angel Quesada<\/li>\n<li>M\u00f2nica de la Torre<\/li>\n<li>Laia Cases<\/li>\n<li>Cynthia Burgue\u00f1o<\/li>\n<li>Ernest Tom\u00e0s<\/li>\n<\/ul>\n<p><strong><u>PROVA GRAU SUPERIOR<\/u><\/strong><strong>:<\/strong><\/p>\n<p><strong>Part comuna:<\/strong> 20 de maig de 2026<\/p>\n<p>15.30 h Verificaci\u00f3 de la identitat dels aspirants<br \/>\n16.00 h Primer bloc: Llengua estrangera (angl\u00e8s, franc\u00e8s o alemany) i llengua castellana<br \/>\n18.00 h Descans<br \/>\n18.30 Segon bloc: Llengua catalana i matem\u00e0tiques<\/p>\n<p><strong>Part espec\u00edfica:<\/strong> 21 de maig de 2026<\/p>\n<p>15.30 h Verificaci\u00f3 de la identitat dels aspirants<br \/>\n16.00 h Mat\u00e8ries espec\u00edfiques triades<\/p>\n<p><strong>MATERIAL A PORTAR PER A LA PROVA GRAU SUPERIOR:\u00a0<a href=\"https:\/\/triaeducativa.gencat.cat\/ca\/proves\/proves-acces\/fp\/fp-gs\/material\/\">https:\/\/triaeducativa.gencat.cat\/ca\/proves\/proves-acces\/fp\/fp-gs\/material\/<\/a><\/strong><\/p>\n<p><strong>MEMBRES DE LA COMISSI\u00d3:<\/strong><\/p>\n<p>Presidenta: Lidia Segura Muns<br \/>\nSecret\u00e0ria: Jana Periano S\u00e1nchez<\/p>\n<p>Vocals:<\/p>\n<ul>\n<li>Laia Brulles<\/li>\n<li>Anabel Gonz\u00e1lez<\/li>\n<li>Helena Villal\u00f3n<\/li>\n<li>Miguel Angel Quesada<\/li>\n<li>M\u00f2nica de la Torre<\/li>\n<li>Laia Cases<\/li>\n<li>Cynthia Burgue\u00f1o<\/li>\n<li>Susanna Ayats<\/li>\n<li>Emilio Amella<\/li>\n<li>H\u00e9ctor Gracia<\/li>\n<li>Jes\u00fas Raga<\/li>\n<li>Gl\u00f2ria Farran<\/li>\n<li>Carmen Campo Cosculluela<\/li>\n<\/ul>\n","protected":false},"excerpt":{"rendered":"<p>L&#8217;Institut Les Corts \u00e9s un centre que acull Proves d&#8217;Acc\u00e9s a Cicles de Grau Mitj\u00e0 i de Grau Superior.<br \/>\nTrobareu tota la informaci\u00f3 relativa al proc\u00e9s d&#8217;inscripci\u00f3, calendari, requisits, proves, material i documentaci\u00f3 a portar, etc.\u00a0a:<br \/>\nPROVES ACC\u00c9S GRAU MITJ\u00c0:\u00a0<a href=\"https:\/\/triaeducativa.gencat.cat\/ca\/proves\/proves-acces\/fp\/fp-gm\/index.html\">https:\/\/triaeducativa.gencat.cat\/ca\/proves\/proves-acces\/fp\/fp-gm\/index.html<\/a><br \/>\nPROVES ACC\u00c9S GRAU SUPERIOR:\u00a0<a href=\"https:\/\/triaeducativa.gencat.cat\/ca\/proves\/proves-acces\/fp\/fp-gs\/index.html\">https:\/\/triaeducativa.gencat.cat\/ca\/proves\/proves-acces\/fp\/fp-gs\/index.html<\/a><br \/>\n&nbsp;<br \/>\nINFORMACI\u00d3 I PRESENTACI\u00d3&hellip;  <a href=\"https:\/\/agora.xtec.cat\/ieslescorts\/proves-dacces-a-cicles-2024\/\" title=\"Read PROVES D&#8217;ACC\u00c9S A CICLES 2026\">Llegeix m\u00e9s\u00bb<\/a><\/p>\n","protected":false},"author":169,"featured_media":0,"parent":0,"menu_order":0,"comment_status":"closed","ping_status":"closed","template":"","meta":{"_bbp_topic_count":0,"_bbp_reply_count":0,"_bbp_total_topic_count":0,"_bbp_total_reply_count":0,"_bbp_voice_count":0,"_bbp_anonymous_reply_count":0,"_bbp_topic_count_hidden":0,"_bbp_reply_count_hidden":0,"_bbp_forum_subforum_count":0,"footnotes":""},"class_list":["post-10976","page","type-page","status-publish","hentry"],"post_mailing_queue_ids":[],"_links":{"self":[{"href":"https:\/\/agora.xtec.cat\/ieslescorts\/wp-json\/wp\/v2\/pages\/10976","targetHints":{"allow":["GET"]}}],"collection":[{"href":"https:\/\/agora.xtec.cat\/ieslescorts\/wp-json\/wp\/v2\/pages"}],"about":[{"href":"https:\/\/agora.xtec.cat\/ieslescorts\/wp-json\/wp\/v2\/types\/page"}],"author":[{"embeddable":true,"href":"https:\/\/agora.xtec.cat\/ieslescorts\/wp-json\/wp\/v2\/users\/169"}],"replies":[{"embeddable":true,"href":"https:\/\/agora.xtec.cat\/ieslescorts\/wp-json\/wp\/v2\/comments?post=10976"}],"version-history":[{"count":7,"href":"https:\/\/agora.xtec.cat\/ieslescorts\/wp-json\/wp\/v2\/pages\/10976\/revisions"}],"predecessor-version":[{"id":12403,"href":"https:\/\/agora.xtec.cat\/ieslescorts\/wp-json\/wp\/v2\/pages\/10976\/revisions\/12403"}],"wp:attachment":[{"href":"https:\/\/agora.xtec.cat\/ieslescorts\/wp-json\/wp\/v2\/media?parent=10976"}],"curies":[{"name":"wp","href":"https:\/\/api.w.org\/{rel}","templated":true}]}}