{"id":10289,"date":"2022-04-19T11:05:13","date_gmt":"2022-04-19T09:05:13","guid":{"rendered":"https:\/\/agora.xtec.cat\/ieslescorts\/?page_id=10289"},"modified":"2022-05-05T09:34:55","modified_gmt":"2022-05-05T07:34:55","slug":"proves-dacces-a-cicles-2022","status":"publish","type":"page","link":"https:\/\/agora.xtec.cat\/ieslescorts\/proves-dacces-a-cicles-2022\/","title":{"rendered":"PROVES D&#8217;ACC\u00c9S A CICLES 2022"},"content":{"rendered":"<p>&nbsp;<\/p>\n<p>L&#8217;Institut Les Corts \u00e9s un centre que acull Proves d&#8217;Acc\u00e9s a Cicles de Grau Mitj\u00e0 i de Grau Superior.<\/p>\n<p>Trobareu <strong>tota la informaci\u00f3<\/strong> relativa al proc\u00e9s d&#8217;inscripci\u00f3, <strong>calendari, requisits, proves, material i documentaci\u00f3 a portar<\/strong>, etc.\u00a0a:<\/p>\n<p style=\"padding-left: 40px;\"><strong>PROVES ACC\u00c9S GRAU MIT\u00c0: <a href=\"https:\/\/educacio.gencat.cat\/ca\/serveis-tramits\/proves\/proves-acces\/gm-fp\/\">https:\/\/educacio.gencat.cat\/ca\/serveis-tramits\/proves\/proves-acces\/gm-fp\/<\/a><\/strong><\/p>\n<p style=\"padding-left: 40px;\"><strong>PROVES ACC\u00c9S GRAU SUPERIOR: <a href=\"https:\/\/educacio.gencat.cat\/ca\/serveis-tramits\/proves\/proves-acces\/gs-fp\/\">https:\/\/educacio.gencat.cat\/ca\/serveis-tramits\/proves\/proves-acces\/gs-fp\/<\/a><\/strong><\/p>\n<p>&nbsp;<\/p>\n<p><strong>INFORMACI\u00d3 PER A CONTACTAR AMB EL CENTRE:<\/strong><\/p>\n<p>Per a contactar amb el centre, el mitj\u00e0 preferent \u00e9s la seg\u00fcent adre\u00e7a de correu electr\u00f2nic: <strong>proves.acces<span class=\"\"><span class=\"\">@inslescorts.cat<\/span><\/span><\/strong><\/p>\n<p>L&#8217;horari d&#8217;atenci\u00f3 i registre de documentaci\u00f3 mitjan\u00e7ant el correu electr\u00f2nic \u00e9s el mateix que presencialment:<\/p>\n<p style=\"padding-left: 40px;\"><strong>Grau Mitj\u00e0:\u00a0<\/strong>Del 20 d&#8217;abril al 3 de maig de 2022: de 8:00 a 15:00<\/p>\n<p style=\"padding-left: 40px;\"><strong>Grau Superior: <\/strong>Del 21 d&#8217;abril al 4 de maig de 2022: de 8:00 a 15:00<\/p>\n<p>&nbsp;<\/p>\n<p><strong>PRESENTACI\u00d3 DOCUMENTACI\u00d3<\/strong><\/p>\n<p>L&#8217;horari d&#8217;atenci\u00f3 per a presentar documentaci\u00f3 \u00e9s el seg\u00fcent.<\/p>\n<p style=\"padding-left: 40px;\"><strong>Grau Mitj\u00e0:\u00a0<\/strong>Del 20 d&#8217;abril al 3 de maig de 2022: de 8:00 a 15:00<\/p>\n<p style=\"padding-left: 40px;\"><strong>Grau Superior: <\/strong>Del 21 d&#8217;abril al 4 de maig de 2022: de 8:00 a 15:00<\/p>\n<p><strong>IMPORTANT<\/strong>: En presentar la documentaci\u00f3 i altres peticions cal adjuntar una relaci\u00f3 de la documentaci\u00f3 que es presenta a la comissi\u00f3 avaluadora, mitjan\u00e7ant els models seg\u00fcents:<\/p>\n<ul>\n<li style=\"list-style-type: none;\">\n<ul>\n<li><strong>Grau Mitj\u00e0:<\/strong>\n<ul>\n<li style=\"list-style-type: none;\">\n<ul>\n<li><strong><a href=\"https:\/\/documents.espai.educacio.gencat.cat\/FormularisModels\/CentresDocumentacioAcademica\/A24.pdf\">IMPR\u00c8S DE DOCUMENTACI\u00d3 PRESENTADA<\/a><\/strong><\/li>\n<li>Exempci\u00f3 parcial:\n<ul>\n<li><a href=\"https:\/\/educacio.gencat.cat\/ca\/serveis-tramits\/proves\/proves-acces\/gm-fp\/exempcions\/\">Normativa<\/a><\/li>\n<li><a href=\"https:\/\/documents.espai.educacio.gencat.cat\/FormularisModels\/CentresDocumentacioAcademica\/A23.pdf\">Impr\u00e8s de sol\u00b7licitud a presentar<\/a><\/li>\n<\/ul>\n<\/li>\n<li>Puntuaci\u00f3 complement\u00e0ria\n<ul>\n<li><a href=\"https:\/\/educacio.gencat.cat\/ca\/serveis-tramits\/proves\/proves-acces\/gm-fp\/qualificacions-certificacions\/\">Normativa<\/a><\/li>\n<li>Baremaci\u00f3 per curr\u00edculum\n<ul>\n<li><a href=\"https:\/\/documents.espai.educacio.gencat.cat\/FormularisModels\/CentresDocumentacioAcademica\/A25.pdf\">Impr\u00e8s de baremaci\u00f3 a presentar<\/a><\/li>\n<\/ul>\n<\/li>\n<\/ul>\n<\/li>\n<\/ul>\n<\/li>\n<\/ul>\n<\/li>\n<\/ul>\n<\/li>\n<li style=\"list-style-type: none;\">\n<ul>\n<li><strong>Grau Superior:<\/strong>\n<ul>\n<li style=\"list-style-type: none;\">\n<ul>\n<li><strong><a href=\"https:\/\/documents.espai.educacio.gencat.cat\/FormularisModels\/CentresDocumentacioAcademica\/A28.pdf\">IMPR\u00c8S DE DOCUMENTACI\u00d3 PRESENTADA<\/a><\/strong><\/li>\n<li><a href=\"https:\/\/educacio.gencat.cat\/ca\/serveis-tramits\/proves\/proves-acces\/gs-fp\/exempcions\/\">Exempcions<\/a><\/li>\n<li>Puntuaci\u00f3 complement\u00e0ria\n<ul>\n<li><a href=\"https:\/\/educacio.gencat.cat\/ca\/serveis-tramits\/proves\/proves-acces\/gs-fp\/qualificacions-certificacions\/\">Normativa<\/a><\/li>\n<li>Baremaci\u00f3 per curr\u00edculum\n<ul>\n<li><a href=\"https:\/\/documents.espai.educacio.gencat.cat\/FormularisModels\/CentresDocumentacioAcademica\/A503.pdf\">Impr\u00e8s de baremaci\u00f3 a presentar<\/a><\/li>\n<\/ul>\n<\/li>\n<\/ul>\n<\/li>\n<\/ul>\n<\/li>\n<\/ul>\n<\/li>\n<\/ul>\n<\/li>\n<\/ul>\n<p><strong>PROVA GRAU MIG<\/strong>: 5 de maig de 2022<\/p>\n<p>15.30 h Verificaci\u00f3 de la identitat dels aspirants<br \/>\n16 h Primer bloc: parts comunicativa i social<br \/>\n18 h Descans<br \/>\n18.30 h Segon bloc: parts cientificotecnol\u00f2gica i matem\u00e0tica<\/p>\n<p><strong>MATERIAL GRAU MIG: <\/strong>https:\/\/educacio.gencat.cat\/ca\/serveis-tramits\/proves\/proves-acces\/gm-fp\/contingut-temaris-material\/<\/p>\n<p>&nbsp;<\/p>\n<p><b>PROVA GRAU SUPERIOR:<\/b><\/p>\n<p>Part comuna: 10 de maig de 2022<\/p>\n<p>15.30 h Verificaci\u00f3 de la identitat dels aspirants<br \/>\n16 h Primer bloc: Llengua Catalana i Llengua Castellana<br \/>\n18 h Descans<br \/>\n18.30 Segon bloc: Llengua Estrangera (Angl\u00e8s, Franc\u00e8s o Alemany) i Matem\u00e0tiques<\/p>\n<p>Part espec\u00edfica: 12 de maig de 2022<\/p>\n<p>15.30 h Verificaci\u00f3 de la identitat dels aspirants<br \/>\n16 h Mat\u00e8ries espec\u00edfiques triades<\/p>\n<p><strong>MATERIAL GRAU SUPERIOR:<\/strong> https:\/\/educacio.gencat.cat\/ca\/serveis-tramits\/proves\/proves-acces\/gs-fp\/contingut-temaris-material\/<\/p>\n<p>&nbsp;<\/p>\n<p><strong>INFORMACI\u00d3 ADDICIONAL:<\/strong><\/p>\n<p><strong>Preinscripci\u00f3 Grau Mitj\u00e0:<\/strong> Trobareu tota la informaci\u00f3 a <a href=\"https:\/\/preinscripcio.gencat.cat\/ca\/estudis\/fp-grau-mitja\/inici\/\">https:\/\/preinscripcio.gencat.cat\/ca\/estudis\/fp-grau-mitja\/inici\/<\/a><\/p>\n<p><strong>Preinscripci\u00f3 Grau Superior: <\/strong>Trobareu tota la informaci\u00f3 a <a href=\"https:\/\/preinscripcio.gencat.cat\/ca\/estudis\/fp-grau-superior\/inici\/\">https:\/\/preinscripcio.gencat.cat\/ca\/estudis\/fp-grau-superior\/inici\/<\/a><\/p>\n<p><strong>MEMBRES DE LES COMISSIONS:<\/strong><\/p>\n<p style=\"padding-left: 40px;\"><a href=\"https:\/\/drive.google.com\/file\/d\/1ekZO8ce4VP69TWmfgfd1Kx59KSlcOsIa\/view?usp=sharing\">Membres de la comissi\u00f3 avaluadora de les proves d&#8217;acc\u00e9s a cicles formatius de Formaci\u00f3 Professional de Grau Superior<\/a><\/p>\n<p style=\"padding-left: 40px;\"><a href=\"https:\/\/drive.google.com\/file\/d\/1v69VSu8c7d4-NDen9NMDEXufrVcap3wf\/view?usp=sharing\">Membres de la comissi\u00f3 avaluadora de les proves d&#8217;acc\u00e9s a cicles formatius de Formaci\u00f3 Professional de Grau Mig<\/a><\/p>\n","protected":false},"excerpt":{"rendered":"<p>&nbsp;<br \/>\nL&#8217;Institut Les Corts \u00e9s un centre que acull Proves d&#8217;Acc\u00e9s a Cicles de Grau Mitj\u00e0 i de Grau Superior.<br \/>\nTrobareu tota la informaci\u00f3 relativa al proc\u00e9s d&#8217;inscripci\u00f3, calendari, requisits, proves, material i documentaci\u00f3 a portar, etc.\u00a0a:<br \/>\nPROVES ACC\u00c9S GRAU MIT\u00c0: <a href=\"https:\/\/educacio.gencat.cat\/ca\/serveis-tramits\/proves\/proves-acces\/gm-fp\/\">https:\/\/educacio.gencat.cat\/ca\/serveis-tramits\/proves\/proves-acces\/gm-fp\/<\/a><br \/>\nPROVES ACC\u00c9S GRAU SUPERIOR: <a href=\"https:\/\/educacio.gencat.cat\/ca\/serveis-tramits\/proves\/proves-acces\/gs-fp\/\">https:\/\/educacio.gencat.cat\/ca\/serveis-tramits\/proves\/proves-acces\/gs-fp\/<\/a><br \/>\n&nbsp;<br \/>\nINFORMACI\u00d3&hellip;  <a href=\"https:\/\/agora.xtec.cat\/ieslescorts\/proves-dacces-a-cicles-2022\/\" title=\"Read PROVES D&#8217;ACC\u00c9S A CICLES 2022\">Llegeix m\u00e9s\u00bb<\/a><\/p>\n","protected":false},"author":169,"featured_media":0,"parent":0,"menu_order":0,"comment_status":"closed","ping_status":"closed","template":"","meta":{"_bbp_topic_count":0,"_bbp_reply_count":0,"_bbp_total_topic_count":0,"_bbp_total_reply_count":0,"_bbp_voice_count":0,"_bbp_anonymous_reply_count":0,"_bbp_topic_count_hidden":0,"_bbp_reply_count_hidden":0,"_bbp_forum_subforum_count":0,"footnotes":""},"class_list":["post-10289","page","type-page","status-publish","hentry"],"post_mailing_queue_ids":[],"_links":{"self":[{"href":"https:\/\/agora.xtec.cat\/ieslescorts\/wp-json\/wp\/v2\/pages\/10289","targetHints":{"allow":["GET"]}}],"collection":[{"href":"https:\/\/agora.xtec.cat\/ieslescorts\/wp-json\/wp\/v2\/pages"}],"about":[{"href":"https:\/\/agora.xtec.cat\/ieslescorts\/wp-json\/wp\/v2\/types\/page"}],"author":[{"embeddable":true,"href":"https:\/\/agora.xtec.cat\/ieslescorts\/wp-json\/wp\/v2\/users\/169"}],"replies":[{"embeddable":true,"href":"https:\/\/agora.xtec.cat\/ieslescorts\/wp-json\/wp\/v2\/comments?post=10289"}],"version-history":[{"count":3,"href":"https:\/\/agora.xtec.cat\/ieslescorts\/wp-json\/wp\/v2\/pages\/10289\/revisions"}],"predecessor-version":[{"id":10357,"href":"https:\/\/agora.xtec.cat\/ieslescorts\/wp-json\/wp\/v2\/pages\/10289\/revisions\/10357"}],"wp:attachment":[{"href":"https:\/\/agora.xtec.cat\/ieslescorts\/wp-json\/wp\/v2\/media?parent=10289"}],"curies":[{"name":"wp","href":"https:\/\/api.w.org\/{rel}","templated":true}]}}