{"id":10261,"date":"2022-03-24T19:49:13","date_gmt":"2022-03-24T18:49:13","guid":{"rendered":"https:\/\/agora.xtec.cat\/ieslescorts\/?page_id=10261"},"modified":"2022-06-09T23:34:10","modified_gmt":"2022-06-09T21:34:10","slug":"estrategia-digital-de-centre","status":"publish","type":"page","link":"https:\/\/agora.xtec.cat\/ieslescorts\/estrategia-digital-de-centre\/","title":{"rendered":"ESTRAT\u00c8GIA DIGITAL DE CENTRE"},"content":{"rendered":"<p style=\"text-align: justify;\">L\u2019EDC t\u00e9, b\u00e0sicament dues parts. Una primera part que \u00e9s m\u00e9s\u00a0<strong>estrat\u00e8gica<\/strong>\u00a0(objectius, activitats, planificaci\u00f3, etc.), on es defineix on vol arribar el centre digitalment parlant. La segona part mostra la\u00a0<strong>cultura digital,<\/strong>\u00a0ja que \u00e9s on es va recollint el que el centre ja t\u00e9 establert en aquest sentit.<\/p>\n<p style=\"text-align: justify;\">Per entendre\u2019ns, la part estrat\u00e8gica \u00e9s com volem que acabi sent el centre i com aconseguir-ho,\u00a0<em><strong>on volem anar?,<\/strong><\/em>\u00a0i la part de cultura digital s\u00f3n els plans, procediments, protocols, normatives, serveis i acords que el centre ja utilitza,\u00a0<strong><em>que estem fent?<\/em><\/strong><\/p>\n<p><a href=\"https:\/\/agora.xtec.cat\/ieslescorts\/wp-content\/uploads\/usu1246\/2022\/06\/EDC.png\"><img loading=\"lazy\" decoding=\"async\" class=\"aligncenter size-full wp-image-10455\" src=\"https:\/\/agora.xtec.cat\/ieslescorts\/wp-content\/uploads\/usu1246\/2022\/06\/EDC.png\" alt=\"\" width=\"472\" height=\"719\" srcset=\"https:\/\/agora.xtec.cat\/ieslescorts\/wp-content\/uploads\/usu1246\/2022\/06\/EDC.png 472w, https:\/\/agora.xtec.cat\/ieslescorts\/wp-content\/uploads\/usu1246\/2022\/06\/EDC-197x300.png 197w\" sizes=\"auto, (max-width: 472px) 100vw, 472px\" \/><\/a><\/p>\n<p>&nbsp;<\/p>\n<p>&nbsp;<\/p>\n<p>&nbsp;<\/p>\n","protected":false},"excerpt":{"rendered":"<p>L\u2019EDC t\u00e9, b\u00e0sicament dues parts. Una primera part que \u00e9s m\u00e9s\u00a0estrat\u00e8gica\u00a0(objectius, activitats, planificaci\u00f3, etc.), on es defineix on vol arribar el centre digitalment parlant. La segona part mostra la\u00a0cultura digital,\u00a0ja que \u00e9s on es va recollint el que el centre ja t\u00e9 establert en aquest&hellip;  <a href=\"https:\/\/agora.xtec.cat\/ieslescorts\/estrategia-digital-de-centre\/\" title=\"Read ESTRAT\u00c8GIA DIGITAL DE CENTRE\">Llegeix m\u00e9s\u00bb<\/a><\/p>\n","protected":false},"author":206,"featured_media":0,"parent":0,"menu_order":0,"comment_status":"closed","ping_status":"closed","template":"page-templates\/side-menu.php","meta":{"_bbp_topic_count":0,"_bbp_reply_count":0,"_bbp_total_topic_count":0,"_bbp_total_reply_count":0,"_bbp_voice_count":0,"_bbp_anonymous_reply_count":0,"_bbp_topic_count_hidden":0,"_bbp_reply_count_hidden":0,"_bbp_forum_subforum_count":0,"footnotes":""},"class_list":["post-10261","page","type-page","status-publish","hentry"],"post_mailing_queue_ids":[],"_links":{"self":[{"href":"https:\/\/agora.xtec.cat\/ieslescorts\/wp-json\/wp\/v2\/pages\/10261","targetHints":{"allow":["GET"]}}],"collection":[{"href":"https:\/\/agora.xtec.cat\/ieslescorts\/wp-json\/wp\/v2\/pages"}],"about":[{"href":"https:\/\/agora.xtec.cat\/ieslescorts\/wp-json\/wp\/v2\/types\/page"}],"author":[{"embeddable":true,"href":"https:\/\/agora.xtec.cat\/ieslescorts\/wp-json\/wp\/v2\/users\/206"}],"replies":[{"embeddable":true,"href":"https:\/\/agora.xtec.cat\/ieslescorts\/wp-json\/wp\/v2\/comments?post=10261"}],"version-history":[{"count":3,"href":"https:\/\/agora.xtec.cat\/ieslescorts\/wp-json\/wp\/v2\/pages\/10261\/revisions"}],"predecessor-version":[{"id":10456,"href":"https:\/\/agora.xtec.cat\/ieslescorts\/wp-json\/wp\/v2\/pages\/10261\/revisions\/10456"}],"wp:attachment":[{"href":"https:\/\/agora.xtec.cat\/ieslescorts\/wp-json\/wp\/v2\/media?parent=10261"}],"curies":[{"name":"wp","href":"https:\/\/api.w.org\/{rel}","templated":true}]}}