{"id":10152,"date":"2022-02-11T11:19:55","date_gmt":"2022-02-11T10:19:55","guid":{"rendered":"https:\/\/agora.xtec.cat\/ieslescorts\/?page_id=10152"},"modified":"2022-02-11T12:49:07","modified_gmt":"2022-02-11T11:49:07","slug":"estudis-2","status":"publish","type":"page","link":"https:\/\/agora.xtec.cat\/ieslescorts\/linstitut\/estudis-2\/","title":{"rendered":"Estudis"},"content":{"rendered":"<p>&nbsp;<\/p>\n<p>&nbsp;<\/p>\n<p>&nbsp;<\/p>\n<p>&nbsp;<\/p>\n<h4 style=\"text-align: center;\"><span style=\"color: #000000;\">Consulta el nostre apartat <a style=\"color: #000000;\" href=\"https:\/\/agora.xtec.cat\/ieslescorts\/estudis-2\/\">d&#8217;ESTUDIS<\/a> per a con\u00e8ixer els estudis que oferim d\u2019Educaci\u00f3 Secund\u00e0ria Obligat\u00f2ria (ESO) i Batxillerat.<\/span><\/h4>\n<p>&nbsp;<\/p>\n<p>&nbsp;<\/p>\n<p>&nbsp;<\/p>\n<p>&nbsp;<\/p>\n","protected":false},"excerpt":{"rendered":"<p>&nbsp;<br \/>\n&nbsp;<br \/>\n&nbsp;<br \/>\n&nbsp;<br \/>\nConsulta el nostre apartat <a style=\"color: #000000;\" href=\"https:\/\/agora.xtec.cat\/ieslescorts\/estudis-2\/\">d&#8217;ESTUDIS<\/a> per a con\u00e8ixer els estudis que oferim d\u2019Educaci\u00f3 Secund\u00e0ria Obligat\u00f2ria (ESO) i Batxillerat.<br \/>\n&nbsp;<br \/>\n&nbsp;<br \/>\n&nbsp;<br \/>\n&nbsp;<\/p>\n","protected":false},"author":169,"featured_media":0,"parent":19,"menu_order":8,"comment_status":"closed","ping_status":"closed","template":"page-templates\/side-menu.php","meta":{"_bbp_topic_count":0,"_bbp_reply_count":0,"_bbp_total_topic_count":0,"_bbp_total_reply_count":0,"_bbp_voice_count":0,"_bbp_anonymous_reply_count":0,"_bbp_topic_count_hidden":0,"_bbp_reply_count_hidden":0,"_bbp_forum_subforum_count":0,"footnotes":""},"class_list":["post-10152","page","type-page","status-publish","hentry"],"post_mailing_queue_ids":[],"_links":{"self":[{"href":"https:\/\/agora.xtec.cat\/ieslescorts\/wp-json\/wp\/v2\/pages\/10152","targetHints":{"allow":["GET"]}}],"collection":[{"href":"https:\/\/agora.xtec.cat\/ieslescorts\/wp-json\/wp\/v2\/pages"}],"about":[{"href":"https:\/\/agora.xtec.cat\/ieslescorts\/wp-json\/wp\/v2\/types\/page"}],"author":[{"embeddable":true,"href":"https:\/\/agora.xtec.cat\/ieslescorts\/wp-json\/wp\/v2\/users\/169"}],"replies":[{"embeddable":true,"href":"https:\/\/agora.xtec.cat\/ieslescorts\/wp-json\/wp\/v2\/comments?post=10152"}],"version-history":[{"count":3,"href":"https:\/\/agora.xtec.cat\/ieslescorts\/wp-json\/wp\/v2\/pages\/10152\/revisions"}],"predecessor-version":[{"id":10159,"href":"https:\/\/agora.xtec.cat\/ieslescorts\/wp-json\/wp\/v2\/pages\/10152\/revisions\/10159"}],"up":[{"embeddable":true,"href":"https:\/\/agora.xtec.cat\/ieslescorts\/wp-json\/wp\/v2\/pages\/19"}],"wp:attachment":[{"href":"https:\/\/agora.xtec.cat\/ieslescorts\/wp-json\/wp\/v2\/media?parent=10152"}],"curies":[{"name":"wp","href":"https:\/\/api.w.org\/{rel}","templated":true}]}}