{"id":8211,"date":"2020-02-03T08:46:49","date_gmt":"2020-02-03T07:46:49","guid":{"rendered":"http:\/\/agora.xtec.cat\/ieslescala\/?page_id=8211"},"modified":"2026-02-10T13:55:04","modified_gmt":"2026-02-10T12:55:04","slug":"proves-complecio-criteris-i-continguts","status":"publish","type":"page","link":"https:\/\/agora.xtec.cat\/ieslescala\/proves-complecio-criteris-i-continguts\/","title":{"rendered":"Proves per obtenir el t\u00edtol de graduat. Criteris i continguts."},"content":{"rendered":"<header class=\"entry-header\">\n<h1 class=\"entry-title\">Proves anuals per completar ESO<\/h1>\n<\/header>\n<div class=\"entry-content\">\n<div class=\"border-start bgGrey\">\n<div id=\"impacteContainer\">\n<div class=\"fpca-subcapcalera \">\n<div class=\"NG-menu \">\n<div class=\"NG-container\">\n<div class=\"NG-menu__wrapper\">\n<div class=\"NG-menu__wrapper_title\" role=\"main\">\n<h1 class=\"NG-menu__title\">Graduat en educaci\u00f3 secund\u00e0ria obligat\u00f2ria (alumnes que no l&#8217;han obtingut en finalitzar l&#8217;etapa)<\/h1>\n<\/div>\n<div class=\"NG-menu__wrapper_title2\">\u00a0<\/div>\n<\/div>\n<\/div>\n<\/div>\n<\/div>\n<\/div>\n<\/div>\n<div class=\"literalesAccesibilidad\">\u00a0<\/div>\n<section class=\"padding-xs padding-sm padding-md\">\n<article class=\"container fullcontainer-xs\">\n<div class=\"row\">\n<div id=\"center_1R\">\n<div id=\"c8377202-6585-11e4-b4dc-000c29cdf219\" class=\"fpca_article pd-15\" data-crawling-fpca=\"article\">\n<div class=\"entradeta__wrapper\">\n<div class=\"row\">\n<div class=\"col-xs-12 col-sm-8 basic_text_peq\">\n<div class=\"pd-15x link-dotted\" data-crawling=\"principal-body\">\n<p>Els alumnes que no obtenen el t\u00edtol de graduat o graduada en educaci\u00f3 secund\u00e0ria obligat\u00f2ria en finalitzar l&#8217;etapa es poden presentar a la prova que els centres organitzen el mes de mar\u00e7 de cada any.<\/p>\n<p>Requisits:<\/p>\n<p>Es poden presentar a la prova les persones que compleixen els\u00a0<strong>dos\u00a0requisits<\/strong>\u00a0seg\u00fcents:<\/p>\n<ol>\n<li>Tenir almenys 18 anys o complir-los l&#8217;any 2025. L&#8217;edat requerida es podr\u00e0 rebaixar fins als setze anys sempre que l&#8217;alumne o alumna compleixi alguna de les condicions seg\u00fcents:\n<ul>\n<li>tenir un contracte laboral que els impedeixi d&#8217;assistir al centre en r\u00e8gim ordinari,<\/li>\n<li>trobar-se en proc\u00e9s d&#8217;obtenir un perm\u00eds de treball,<\/li>\n<li>ser esportista d&#8217;alt rendiment (cal presentar una certificaci\u00f3 del Consell Catal\u00e0 de l&#8217;Esport que acredita que consta en el programa de tecnificaci\u00f3 (ARC) de la federaci\u00f3 catalana corresponent) o<\/li>\n<li>tenir un expedient d&#8217;homologaci\u00f3 obert d&#8217;estudis estrangers al t\u00edtol de GESO.<\/li>\n<\/ul>\n<\/li>\n<li>Haver finalitzat l&#8217;ESO l&#8217;any 2023 o 2024 sense haver obtingut el t\u00edtol o haver finalitzat l&#8217;equivalent del quart curs de l&#8217;ESO en un sistema educatiu estranger amb mat\u00e8ries amb avaluaci\u00f3 negativa en cursos anteriors.\n<p style=\"text-align: left;\">De manera excepcional, tamb\u00e9 s&#8217;hi poden acollir alumnes amb informe de reconeixement de necessitats educatives especials, em\u00e8s per l&#8217;equip d&#8217;assessorament psicopedag\u00f2gic (EAP), per als quals es va elaborar un pla de suport individualitzat durant el per\u00edode compr\u00e8s entre els cursos 2017-2018 i 2022-2023.<\/p>\n<\/li>\n<\/ol>\n<p style=\"text-align: left;\">En aplicaci\u00f3 d&#8217;aquests requisits, queden exclosos de les proves els alumnes inscrits per repetir quart d&#8217;ESO en el curs 2024-2025.<\/p>\n<p>D&#8217;altra banda, els alumnes que estan matriculats en ensenyaments d&#8217;adults o a l&#8217;Institut Obert de Catalunya hi poden conc\u00f3rrer, sempre que compleixin els requisits esmentats.<\/p>\n<p><strong>Sol\u00b7licitud<\/strong><\/p>\n<ul>\n<li>Entre el 3 i el 14 de febrer\u00a0de 2025\u00a0i s&#8217;ha de presentar a la secretaria del centre on la persona sol\u00b7licitant va estar matriculada de quart d&#8217;ESO per \u00faltima vegada.<\/li>\n<\/ul>\n<p><strong>Calendari i llistes de persones admeses i excloses<\/strong><\/p>\n<ul>\n<li>Fins al 3 de mar\u00e7 de 2025, el centre publica el calendari de la prova i la\u00a0llista de persones admeses i excloses. Tamb\u00e9 s&#8217;inclouran les mat\u00e8ries objecte de la prova.<\/li>\n<li>Del 4 al 6 de mar\u00e7 de 2025, els aspirants exclosos poden presentar una reclamaci\u00f3 davant la direcci\u00f3 del centre.<\/li>\n<\/ul>\n<p><strong>Realitzaci\u00f3 de la prova<\/strong><\/p>\n<ul>\n<li>Durant el mes de mar\u00e7 de 2025.<\/li>\n<li>Els alumnes han de portar l&#8217;original del DNI, targeta de resid\u00e8ncia, passaport o qualsevol altre document identificatiu oficial en vigor.<\/li>\n<\/ul>\n<p><a href=\"https:\/\/educacio.gencat.cat\/ca\/serveis-tramits\/proves\/proves-lliures-obtencio-titols\/obtencio-titol-eso\/index.html\">Informaci\u00f3 detallada<\/a><\/p>\n<p>Properament publicarem el calendari de les proves al centre.<\/p>\n<\/div>\n<\/div>\n<\/div>\n<\/div>\n<\/div>\n<\/div>\n<\/div>\n<\/article>\n<\/section>\n<p><a href=\"https:\/\/drive.google.com\/file\/d\/1hdJ-jgRgq0MbgKiYtN2cmlfnvbHJTJgN\/view?usp=sharing\"><strong>Horari de les proves( enlla\u00e7)<\/strong><\/a><\/p>\n<\/div>\n<p><strong>Continguts i criteris d&#8217;avaluaci\u00f3<\/strong><\/p>\n<table style=\"border-collapse: collapse; width: 64.0123%; height: 128px;\">\n<tbody>\n<tr style=\"height: 32px;\">\n<td style=\"width: 21.5544%; height: 32px;\">Catal\u00e0<\/td>\n<td style=\"width: 9.97217%; height: 32px;\"><a href=\"https:\/\/drive.google.com\/file\/d\/1ircTEr-K2lfneasYAzHxr_od3FhKOnaA\/view?usp=sharing\">Socials<\/a><\/td>\n<td style=\"width: 17.3076%; height: 32px;\"><a href=\"https:\/\/drive.google.com\/file\/d\/1AKyOvJatFpkjsv002G1xfJIn92QqxuJd\/view?usp=sharing\">Tecnologia<\/a><\/td>\n<td style=\"width: 11.8453%; height: 32px;\"><a href=\"https:\/\/drive.google.com\/file\/d\/1MrFS3tzhO5pxFTpzcWLaB4jCtir5fN2e\/view?usp=sharing\">Biologia i Geologia<\/a><\/td>\n<\/tr>\n<tr style=\"height: 32px;\">\n<td style=\"width: 21.5544%; height: 32px;\"><a href=\"https:\/\/drive.google.com\/file\/d\/1ZcQ8nQOMKwavyIHUq88reln20OCPXuEx\/view?usp=sharing\">Castell\u00e0<\/a><\/td>\n<td style=\"width: 9.97217%; height: 32px;\"><a href=\"https:\/\/drive.google.com\/file\/d\/19wMGrux_JOoa9nk7FpCUXfHFO-lHnoZZ\/view?usp=sharing\">Angl\u00e8s<\/a><\/td>\n<td style=\"width: 17.3076%; height: 32px;\"><a href=\"https:\/\/drive.google.com\/file\/d\/15iOH-iyt-lmw7BnRWu44gxD2082bdJB-\/view?usp=sharing\">Inform\u00e0tica<\/a><\/td>\n<td style=\"width: 11.8453%; height: 32px;\">ViP<\/td>\n<\/tr>\n<tr style=\"height: 32px;\">\n<td style=\"width: 21.5544%; height: 32px;\"><a href=\"https:\/\/drive.google.com\/file\/d\/192829ExyYIp6rUOFZeaBAz7jo-Ke5xNz\/view?usp=sharing\">Matem\u00e0tiques<\/a><\/td>\n<td style=\"width: 9.97217%; height: 32px;\"><a href=\"https:\/\/drive.google.com\/file\/d\/1UnTSxUViaeLynyNjoJjd71ZvORGyRq_1\/view?usp=sharing\">Franc\u00e8s<\/a><\/td>\n<td style=\"width: 17.3076%; height: 32px;\">Digitalitzaci\u00f3\u00a0<\/td>\n<td style=\"width: 11.8453%; height: 32px;\"><a href=\"https:\/\/drive.google.com\/file\/d\/15GEUQ1fREdoeifatleA51UgBYAfzhCT4\/view?usp=sharing\">M\u00fasica<\/a><\/td>\n<\/tr>\n<tr style=\"height: 32px;\">\n<td style=\"width: 21.5544%; height: 32px;\"><a href=\"https:\/\/drive.google.com\/file\/d\/1POtoAoWrdLdNgDRbmx6y-9O4WNr1BSgl\/view?usp=sharing\">F\u00edsica i Qu\u00edmica\u00a0 \u00a0<\/a><\/td>\n<td style=\"width: 9.97217%; height: 32px;\"><a href=\"https:\/\/drive.google.com\/file\/d\/1Q8blWXhC3di_q1z4TcjvkoB7_ec7HzZa\/view?usp=sharing\">LLat\u00ed<\/a><\/td>\n<td style=\"width: 17.3076%; height: 32px;\"><a href=\"https:\/\/drive.google.com\/file\/d\/1P1319xTE2G3oJeUYPP0_udsWiKgva8ud\/view?usp=sharing\">Compet\u00e8ncia personal i social<\/a><\/td>\n<td style=\"width: 11.8453%; height: 32px;\"><a href=\"https:\/\/drive.google.com\/file\/d\/1hs13v9f_IBmu7AwERXDQbap64J-96TyG\/view?usp=sharing\">Educaci\u00f3 f\u00edsica<\/a><\/td>\n<\/tr>\n<\/tbody>\n<\/table>\n\n\n<p><\/p>\n\n\n\n<p><\/p>\n\n\n\n<p><\/p>\n","protected":false},"excerpt":{"rendered":"<p>Proves anuals per completar ESO Graduat en educaci\u00f3 secund\u00e0ria obligat\u00f2ria (alumnes que no l&#8217;han obtingut en finalitzar l&#8217;etapa) \u00a0 \u00a0 [&hellip;]<\/p>\n","protected":false},"author":9,"featured_media":0,"parent":0,"menu_order":0,"comment_status":"closed","ping_status":"closed","template":"","meta":{"_bbp_topic_count":0,"_bbp_reply_count":0,"_bbp_total_topic_count":0,"_bbp_total_reply_count":0,"_bbp_voice_count":0,"_bbp_anonymous_reply_count":0,"_bbp_topic_count_hidden":0,"_bbp_reply_count_hidden":0,"_bbp_forum_subforum_count":0,"site-sidebar-layout":"default","site-content-layout":"","ast-site-content-layout":"default","site-content-style":"default","site-sidebar-style":"default","ast-global-header-display":"","ast-banner-title-visibility":"","ast-main-header-display":"","ast-hfb-above-header-display":"","ast-hfb-below-header-display":"","ast-hfb-mobile-header-display":"","site-post-title":"","ast-breadcrumbs-content":"","ast-featured-img":"","footer-sml-layout":"","theme-transparent-header-meta":"","adv-header-id-meta":"","stick-header-meta":"","header-above-stick-meta":"","header-main-stick-meta":"","header-below-stick-meta":"","astra-migrate-meta-layouts":"set","ast-page-background-enabled":"default","ast-page-background-meta":{"desktop":{"background-color":"var(--ast-global-color-4)","background-image":"","background-repeat":"repeat","background-position":"center center","background-size":"auto","background-attachment":"scroll","background-type":"","background-media":"","overlay-type":"","overlay-color":"","overlay-opacity":"","overlay-gradient":""},"tablet":{"background-color":"","background-image":"","background-repeat":"repeat","background-position":"center center","background-size":"auto","background-attachment":"scroll","background-type":"","background-media":"","overlay-type":"","overlay-color":"","overlay-opacity":"","overlay-gradient":""},"mobile":{"background-color":"","background-image":"","background-repeat":"repeat","background-position":"center center","background-size":"auto","background-attachment":"scroll","background-type":"","background-media":"","overlay-type":"","overlay-color":"","overlay-opacity":"","overlay-gradient":""}},"ast-content-background-meta":{"desktop":{"background-color":"var(--ast-global-color-5)","background-image":"","background-repeat":"repeat","background-position":"center center","background-size":"auto","background-attachment":"scroll","background-type":"","background-media":"","overlay-type":"","overlay-color":"","overlay-opacity":"","overlay-gradient":""},"tablet":{"background-color":"var(--ast-global-color-5)","background-image":"","background-repeat":"repeat","background-position":"center center","background-size":"auto","background-attachment":"scroll","background-type":"","background-media":"","overlay-type":"","overlay-color":"","overlay-opacity":"","overlay-gradient":""},"mobile":{"background-color":"var(--ast-global-color-5)","background-image":"","background-repeat":"repeat","background-position":"center center","background-size":"auto","background-attachment":"scroll","background-type":"","background-media":"","overlay-type":"","overlay-color":"","overlay-opacity":"","overlay-gradient":""}},"footnotes":""},"class_list":["post-8211","page","type-page","status-publish","hentry"],"post_mailing_queue_ids":[],"_links":{"self":[{"href":"https:\/\/agora.xtec.cat\/ieslescala\/wp-json\/wp\/v2\/pages\/8211","targetHints":{"allow":["GET"]}}],"collection":[{"href":"https:\/\/agora.xtec.cat\/ieslescala\/wp-json\/wp\/v2\/pages"}],"about":[{"href":"https:\/\/agora.xtec.cat\/ieslescala\/wp-json\/wp\/v2\/types\/page"}],"author":[{"embeddable":true,"href":"https:\/\/agora.xtec.cat\/ieslescala\/wp-json\/wp\/v2\/users\/9"}],"replies":[{"embeddable":true,"href":"https:\/\/agora.xtec.cat\/ieslescala\/wp-json\/wp\/v2\/comments?post=8211"}],"version-history":[{"count":6,"href":"https:\/\/agora.xtec.cat\/ieslescala\/wp-json\/wp\/v2\/pages\/8211\/revisions"}],"predecessor-version":[{"id":12005,"href":"https:\/\/agora.xtec.cat\/ieslescala\/wp-json\/wp\/v2\/pages\/8211\/revisions\/12005"}],"wp:attachment":[{"href":"https:\/\/agora.xtec.cat\/ieslescala\/wp-json\/wp\/v2\/media?parent=8211"}],"curies":[{"name":"wp","href":"https:\/\/api.w.org\/{rel}","templated":true}]}}