{"id":81,"date":"2014-09-18T10:38:05","date_gmt":"2014-09-18T10:38:05","guid":{"rendered":"http:\/\/agora.xtec.cat\/ieslescala\/?page_id=81"},"modified":"2026-03-04T11:35:08","modified_gmt":"2026-03-04T10:35:08","slug":"secretaria","status":"publish","type":"page","link":"https:\/\/agora.xtec.cat\/ieslescala\/secretaria\/","title":{"rendered":"Secretaria"},"content":{"rendered":"\n<div class=\"wp-block-getwid-toggle has-icon-left\">\n<div class=\"wp-block-getwid-toggle__row\"><div class=\"wp-block-getwid-toggle__header-wrapper\"><span class=\"wp-block-getwid-toggle__header\"><a href=\"#\"><span class=\"wp-block-getwid-toggle__header-title\">Horari d&#8217;atenci\u00f3<\/span><span class=\"wp-block-getwid-toggle__icon is-active\"><i class=\"fas fa-plus\"><\/i><\/span><span class=\"wp-block-getwid-toggle__icon is-passive\"><i class=\"fas fa-minus\"><\/i><\/span><\/a><\/span><\/div><div class=\"wp-block-getwid-toggle__content-wrapper\"><div class=\"wp-block-getwid-toggle__content\">\n<ul class=\"wp-block-list\">\n<li>De dilluns a divendres al mat\u00ed de 9 a 13:30 h<\/li>\n\n\n\n<li>Dimecres i dijous a la tarda de 15:15 a 16:45h (d&#8217;octubre a maig)<\/li>\n<\/ul>\n\n\n\n<p>Per qualsevol gesti\u00f3 a secretaria cal demanar cita pr\u00e8via trucant al tel\u00e8fon <strong>972772128<\/strong> o per correu electr\u00f2nic a <strong>secretaria@elpedro.cat<\/strong>.<\/p>\n<\/div><\/div><\/div>\n\n\n\n<div class=\"wp-block-getwid-toggle__row\"><div class=\"wp-block-getwid-toggle__header-wrapper\"><span class=\"wp-block-getwid-toggle__header\"><a href=\"#\"><span class=\"wp-block-getwid-toggle__header-title\">Preinscripci\u00f3 i matr\u00edcula<\/span><span class=\"wp-block-getwid-toggle__icon is-active\"><i class=\"fas fa-plus\"><\/i><\/span><span class=\"wp-block-getwid-toggle__icon is-passive\"><i class=\"fas fa-minus\"><\/i><\/span><\/a><\/span><\/div><div class=\"wp-block-getwid-toggle__content-wrapper\"><div class=\"wp-block-getwid-toggle__content\">\n<ul class=\"wp-block-list\">\n<li>ESO: <a href=\"https:\/\/preinscripcio.gencat.cat\/ca\/inici\">https:\/\/preinscripcio.gencat.cat\/ca\/inici<\/a><\/li>\n\n\n\n<li>BATXILLERAT: <\/li>\n\n\n\n<li>CICLES FORMATIUS: <\/li>\n<\/ul>\n\n\n\n<h5 class=\"wp-block-heading\">Documentaci\u00f3 que cal portar per la matr\u00edcula<\/h5>\n\n\n\n<p>DNI\/NIE\/Passaport original i fotoc\u00f2pia de l\u2019alumne\/a<br>Targeta sanit\u00e0ria individual, original i fotoc\u00f2pia.<br>Adre\u00e7a del correu electr\u00f2nic<br>Full d&#8217;autoritzacions firmat<br>Certificat d&#8217;empadronament<br>Butllet\u00ed de notes de l\u2019antiga escolaritzaci\u00f3 en el cas que no sigui el primer any de matriculaci\u00f3<br>Carnet de fam\u00edlia nombrosa si fos el cas<\/p>\n\n\n\n<p>Si l\u2019alumne \u00e9s menor d\u2019edat cal que porti:<\/p>\n\n\n\n<ul class=\"wp-block-list\">\n<li>fotoc\u00f2pia del DNI\/NIE\/ passaport dels pares o tutors<\/li>\n\n\n\n<li>fotoc\u00f2pia del llibre de fam\u00edlia o partida de naixement.<\/li>\n\n\n\n<li>adre\u00e7a electr\u00f2nica i tel\u00e8fons de contacte dels pares o tutors<\/li>\n<\/ul>\n\n\n\n<p>A part de tots aquests documents far\u00e0 falta que es descarreguin l&#8217;aplicaci\u00f3 <a href=\"https:\/\/play.google.com\/store\/apps\/details?id=com.additioapp.edvoice&amp;hl=ca&amp;pli=1\" data-type=\"link\" data-id=\"https:\/\/play.google.com\/store\/apps\/details?id=com.additioapp.edvoice&amp;hl=ca&amp;pli=1\">edvoice<\/a><\/p>\n<\/div><\/div><\/div>\n\n\n\n<div class=\"wp-block-getwid-toggle__row\"><div class=\"wp-block-getwid-toggle__header-wrapper\"><span class=\"wp-block-getwid-toggle__header\"><a href=\"#\"><span class=\"wp-block-getwid-toggle__header-title\">Llibres de text<\/span><span class=\"wp-block-getwid-toggle__icon is-active\"><i class=\"fas fa-plus\"><\/i><\/span><span class=\"wp-block-getwid-toggle__icon is-passive\"><i class=\"fas fa-minus\"><\/i><\/span><\/a><\/span><\/div><div class=\"wp-block-getwid-toggle__content-wrapper\"><div class=\"wp-block-getwid-toggle__content\">\n<ul class=\"wp-block-list\">\n<li><a href=\"https:\/\/drive.google.com\/file\/d\/1KYfLOqLTqDJAaThnGFKI8mlO3gUXyfP7\/view?usp=sharing\">LLIBRES ESO<\/a><\/li>\n\n\n\n<li><a href=\"https:\/\/drive.google.com\/file\/d\/1r2Kw1KpoH096IjbypUm4y1fN4S2szDWD\/view?usp=sharing\">LLIBRES 1r de Batxillerat &nbsp; &nbsp;<\/a>&nbsp;&nbsp; &nbsp; &nbsp; &nbsp; &nbsp; &nbsp; &nbsp; &nbsp; &nbsp;&nbsp;<a href=\"https:\/\/drive.google.com\/file\/d\/1lhyoiLK5Uc0z-jPyuAUjyupxr9WAqakT\/view?usp=sharing\">&nbsp;LLIBRES 2n de Batxillerat<\/a><\/li>\n\n\n\n<li><a href=\"https:\/\/drive.google.com\/file\/d\/1FT6X5ZgO6LL-siTKKJkqEQqCnnbqNgCS\/view?usp=sharing\">AMPA: INFORMACI\u00d3 SOCIALITZACI\u00d3 DELS LLIBRES<\/a><\/li>\n\n\n\n<li><a href=\"https:\/\/drive.google.com\/file\/d\/1V5S5HMGAYr4VzbsWHIH_J-DDNyonmLI5\/view?usp=sharing\">INFORMACI\u00d3 LLIBRES PER A BATXILLERAT<\/a><\/li>\n<\/ul>\n<\/div><\/div><\/div>\n\n\n\n<div class=\"wp-block-getwid-toggle__row\"><div class=\"wp-block-getwid-toggle__header-wrapper\"><span class=\"wp-block-getwid-toggle__header\"><a href=\"#\"><span class=\"wp-block-getwid-toggle__header-title\">Beques<\/span><span class=\"wp-block-getwid-toggle__icon is-active\"><i class=\"fas fa-plus\"><\/i><\/span><span class=\"wp-block-getwid-toggle__icon is-passive\"><i class=\"fas fa-minus\"><\/i><\/span><\/a><\/span><\/div><div class=\"wp-block-getwid-toggle__content-wrapper\"><div class=\"wp-block-getwid-toggle__content\">\n<p>Podeu consultar tota la informaci\u00f3 de beques a la seg\u00fcent p\u00e0gina<a href=\"https:\/\/educacio.gencat.cat\/ca\/serveis-tramits\/beques\/index.html\"> web.<\/a><\/p>\n<\/div><\/div><\/div>\n\n\n\n<div class=\"wp-block-getwid-toggle__row\"><div class=\"wp-block-getwid-toggle__header-wrapper\"><span class=\"wp-block-getwid-toggle__header\"><a href=\"#\"><span class=\"wp-block-getwid-toggle__header-title\">Certificats de catal\u00e0<\/span><span class=\"wp-block-getwid-toggle__icon is-active\"><i class=\"fas fa-plus\"><\/i><\/span><span class=\"wp-block-getwid-toggle__icon is-passive\"><i class=\"fas fa-minus\"><\/i><\/span><\/a><\/span><\/div><div class=\"wp-block-getwid-toggle__content-wrapper\"><div class=\"wp-block-getwid-toggle__content\">\n<p>Per poder tramitar el&nbsp;<strong>certificat d\u2019equival\u00e8ncia de catal\u00e0<\/strong>, cal presentar la documentaci\u00f3 seg\u00fcent a la secretaria del centre:<\/p>\n\n\n\n<ul class=\"wp-block-list\">\n<li><strong>Sol\u00b7licitud<\/strong>&nbsp;degudament emplenada i signada&nbsp;<strong>Fotoc\u00f2pia del DNI, NIE o passaport<\/strong>.<\/li>\n\n\n\n<li><strong>Documentaci\u00f3 acad\u00e8mica que acrediti haver cursat i aprovat la mat\u00e8ria de Llengua Catalana<\/strong>, mitjan\u00e7ant una de les opcions seg\u00fcents:\n<ul class=\"wp-block-list\">\n<li>C\u00f2pia del&nbsp;<strong>llibre d\u2019escolaritat<\/strong>&nbsp;on consti la qualificaci\u00f3 de catal\u00e0.<\/li>\n\n\n\n<li>C\u00f2pia del&nbsp;<strong>t\u00edtol d\u2019ESO o de Batxillerat<\/strong>.<\/li>\n\n\n\n<li><strong>Certificat acad\u00e8mic oficial del centre<\/strong>&nbsp;on consti que s\u2019ha cursat i superat la mat\u00e8ria de Llengua Catalana.<\/li>\n<\/ul>\n<\/li>\n<\/ul>\n\n\n\n<p>La documentaci\u00f3 es pot presentar presencialment a la secretaria del centre o b\u00e9 enviar-la per correu electr\u00f2nic a l\u2019adre\u00e7a oficial de l\u2019institut.<\/p>\n\n\n\n<p>Un cop revisada la documentaci\u00f3, el centre informar\u00e0 la persona sol\u00b7licitant sobre la resoluci\u00f3 i la data de recollida del certificat.<\/p>\n\n\n\n<p>Per a qualsevol dubte, podeu contactar amb la secretaria@elpedro.cat<\/p>\n\n\n\n<div data-wp-interactive=\"core\/file\" class=\"wp-block-file\"><object data-wp-bind--hidden=\"!state.hasPdfPreview\" hidden class=\"wp-block-file__embed\" data=\"https:\/\/agora.xtec.cat\/ieslescala\/wp-content\/uploads\/usu933\/2026\/02\/SOL\u00b7LICITUDS-CERTIFICATS-CATALA.pdf\" type=\"application\/pdf\" style=\"width:100%;height:600px\" aria-label=\"Incrustaci\u00f3 del fitxer SOL\u00b7LICITUDS CERTIFICATS CATAL\u00c0.\"><\/object><a id=\"wp-block-file--media-0dad25be-3311-4243-ac0c-b6407cd5d57a\" href=\"https:\/\/agora.xtec.cat\/ieslescala\/wp-content\/uploads\/usu933\/2026\/02\/SOL\u00b7LICITUDS-CERTIFICATS-CATALA.pdf\">SOL\u00b7LICITUDS CERTIFICATS CATAL\u00c0<\/a><a href=\"https:\/\/agora.xtec.cat\/ieslescala\/wp-content\/uploads\/usu933\/2026\/02\/SOL\u00b7LICITUDS-CERTIFICATS-CATALA.pdf\" class=\"wp-block-file__button wp-element-button\" download aria-describedby=\"wp-block-file--media-0dad25be-3311-4243-ac0c-b6407cd5d57a\">Baixa<\/a><\/div>\n<\/div><\/div><\/div>\n\n\n\n<div class=\"wp-block-getwid-toggle__row\"><div class=\"wp-block-getwid-toggle__header-wrapper\"><span class=\"wp-block-getwid-toggle__header\"><a href=\"#\"><span class=\"wp-block-getwid-toggle__header-title\">Convalidacions d\u2019hores curriculars<\/span><span class=\"wp-block-getwid-toggle__icon is-active\"><i class=\"fas fa-plus\"><\/i><\/span><span class=\"wp-block-getwid-toggle__icon is-passive\"><i class=\"fas fa-minus\"><\/i><\/span><\/a><\/span><\/div><div class=\"wp-block-getwid-toggle__content-wrapper\"><div class=\"wp-block-getwid-toggle__content\">\n<p>Convalidacions d\u2019hores curriculars (data d\u2019actualitzaci\u00f3 a la web oficial gencat: 2.6.2024<\/p>\n\n\n\n<p><strong>L\u2019exempci\u00f3<\/strong>&nbsp;d\u2019una mat\u00e8ria \u00e9s la dispensa de cursar-la per raons derivades de circumst\u00e0ncies personals. A efectes administratius, cal fer constar l\u2019expressi\u00f3 \u201cExempt\/a\u201d.&nbsp;Les exempcions per circumst\u00e0ncies personals s\u00f3n les que s\u2019estableixen a&nbsp;<a href=\"https:\/\/espai.educacio.gencat.cat\/Alumnes\/Curriculum\/Cur-batxillerat\/Convalidacions\/Pagines\/Exempcions.aspx\"><strong>Exempci\u00f3 de mat\u00e8ries<\/strong><em>.<\/em><\/a><\/p>\n\n\n\n<p><strong>La convalidaci\u00f3&nbsp;<\/strong>d\u2019una mat\u00e8ria \u00e9s la decisi\u00f3 administrativa de donar-la per cursada sense haver-ho fet, per raons de curr\u00edculum acad\u00e8mic previ. A efectes administratius, cal fer constar l\u2019expressi\u00f3 \u201cConvalidat\u201d.&nbsp;Les convalidacions i el reconeixement de mat\u00e8ries perqu\u00e8 s\u2019han cursat o perqu\u00e8 se n\u2019han cursat d\u2019equivalents s\u00f3n les que s\u2019estableixen a l\u2019apartat&nbsp;<a href=\"https:\/\/espai.educacio.gencat.cat\/Alumnes\/Curriculum\/Cur-batxillerat\/Convalidacions\/Pagines\/Convalidacions.aspx\"><strong>Convalidacions de mat\u00e8ries<\/strong><\/a>, en qu\u00e8 tant hi concorren situacions en qu\u00e8 l\u2019alumne o alumna est\u00e0 cursant dos estudis alhora, com alumnes que han cursat pr\u00e8viament un cicle&nbsp; formatiu o ensenyaments professionals de m\u00fasica o de dansa.\u200b<\/p>\n\n\n\n<p>En el batxillerat es poden concedir exempcions i convalidacions de determinades mat\u00e8ries en alguns casos.<\/p>\n\n\n\n<p>Tamb\u00e9 pot haver-hi r\u200beducci\u00f3 d\u2019un determinat nombre d\u2019hores per reconeixement d\u2019estudis en una escola de m\u00fasica o dansa autoritzades. Les condicions per a aquest reconeixement es troben als documents&nbsp;<a href=\"https:\/\/documents.espai.educacio.gencat.cat\/IPCNormativa\/DOIGC\/CUR_Simultaneitat_musica.pdf\" target=\"_blank\" rel=\"noreferrer noopener\">Simultane\u00eftat d\u2019estudis d\u2019ESO o de batxillerat amb estudis de m\u00fasica<\/a>&nbsp;i&nbsp;<a href=\"https:\/\/documents.espai.educacio.gencat.cat\/IPCNormativa\/DOIGC\/CUR_Simultaneitat_dansa.pdf\" target=\"_blank\" rel=\"noreferrer noopener\">Simultane\u00eftat d\u2019estudis d\u2019ESO o de batxillerat amb estudis de dansa<\/a>.<\/p>\n\n\n\n<p>Tamb\u00e9 pot haver-hi reducci\u00f3 d\u2019un determinat nombre d\u2019hores per reconeixement d\u2019estudis&nbsp;d\u2019un&nbsp;cicle formatiu d\u2019esports. Les condicions per aquest reconeixement, en el que l\u2019alumnat est\u00e0 cursant simult\u00e0niament dos estudis diferents, es troben a dins de l\u2019apartat de Convalidacions.\u200b<\/p>\n\n\n\n<p><strong>Les mat\u00e8ries objecte d\u2019exempci\u00f3, convalidaci\u00f3 o reconeixement deixen de computar per al c\u00e0lcul de la qualificaci\u00f3 final de batxillerat.\u200b\u200b\u200b<\/strong><\/p>\n<\/div><\/div><\/div>\n<\/div>\n\n\n\n<p><\/p>\n","protected":false},"excerpt":{"rendered":"","protected":false},"author":1,"featured_media":0,"parent":0,"menu_order":0,"comment_status":"closed","ping_status":"closed","template":"","meta":{"_bbp_topic_count":0,"_bbp_reply_count":0,"_bbp_total_topic_count":0,"_bbp_total_reply_count":0,"_bbp_voice_count":0,"_bbp_anonymous_reply_count":0,"_bbp_topic_count_hidden":0,"_bbp_reply_count_hidden":0,"_bbp_forum_subforum_count":0,"site-sidebar-layout":"default","site-content-layout":"","ast-site-content-layout":"default","site-content-style":"default","site-sidebar-style":"default","ast-global-header-display":"","ast-banner-title-visibility":"","ast-main-header-display":"","ast-hfb-above-header-display":"","ast-hfb-below-header-display":"","ast-hfb-mobile-header-display":"","site-post-title":"","ast-breadcrumbs-content":"","ast-featured-img":"","footer-sml-layout":"","theme-transparent-header-meta":"","adv-header-id-meta":"","stick-header-meta":"","header-above-stick-meta":"","header-main-stick-meta":"","header-below-stick-meta":"","astra-migrate-meta-layouts":"set","ast-page-background-enabled":"default","ast-page-background-meta":{"desktop":{"background-color":"var(--ast-global-color-4)","background-image":"","background-repeat":"repeat","background-position":"center center","background-size":"auto","background-attachment":"scroll","background-type":"","background-media":"","overlay-type":"","overlay-color":"","overlay-opacity":"","overlay-gradient":""},"tablet":{"background-color":"","background-image":"","background-repeat":"repeat","background-position":"center center","background-size":"auto","background-attachment":"scroll","background-type":"","background-media":"","overlay-type":"","overlay-color":"","overlay-opacity":"","overlay-gradient":""},"mobile":{"background-color":"","background-image":"","background-repeat":"repeat","background-position":"center center","background-size":"auto","background-attachment":"scroll","background-type":"","background-media":"","overlay-type":"","overlay-color":"","overlay-opacity":"","overlay-gradient":""}},"ast-content-background-meta":{"desktop":{"background-color":"var(--ast-global-color-5)","background-image":"","background-repeat":"repeat","background-position":"center center","background-size":"auto","background-attachment":"scroll","background-type":"","background-media":"","overlay-type":"","overlay-color":"","overlay-opacity":"","overlay-gradient":""},"tablet":{"background-color":"var(--ast-global-color-5)","background-image":"","background-repeat":"repeat","background-position":"center center","background-size":"auto","background-attachment":"scroll","background-type":"","background-media":"","overlay-type":"","overlay-color":"","overlay-opacity":"","overlay-gradient":""},"mobile":{"background-color":"var(--ast-global-color-5)","background-image":"","background-repeat":"repeat","background-position":"center center","background-size":"auto","background-attachment":"scroll","background-type":"","background-media":"","overlay-type":"","overlay-color":"","overlay-opacity":"","overlay-gradient":""}},"footnotes":""},"class_list":["post-81","page","type-page","status-publish","hentry"],"post_mailing_queue_ids":[],"_links":{"self":[{"href":"https:\/\/agora.xtec.cat\/ieslescala\/wp-json\/wp\/v2\/pages\/81","targetHints":{"allow":["GET"]}}],"collection":[{"href":"https:\/\/agora.xtec.cat\/ieslescala\/wp-json\/wp\/v2\/pages"}],"about":[{"href":"https:\/\/agora.xtec.cat\/ieslescala\/wp-json\/wp\/v2\/types\/page"}],"author":[{"embeddable":true,"href":"https:\/\/agora.xtec.cat\/ieslescala\/wp-json\/wp\/v2\/users\/1"}],"replies":[{"embeddable":true,"href":"https:\/\/agora.xtec.cat\/ieslescala\/wp-json\/wp\/v2\/comments?post=81"}],"version-history":[{"count":6,"href":"https:\/\/agora.xtec.cat\/ieslescala\/wp-json\/wp\/v2\/pages\/81\/revisions"}],"predecessor-version":[{"id":12057,"href":"https:\/\/agora.xtec.cat\/ieslescala\/wp-json\/wp\/v2\/pages\/81\/revisions\/12057"}],"wp:attachment":[{"href":"https:\/\/agora.xtec.cat\/ieslescala\/wp-json\/wp\/v2\/media?parent=81"}],"curies":[{"name":"wp","href":"https:\/\/api.w.org\/{rel}","templated":true}]}}