{"id":77,"date":"2014-09-18T10:29:25","date_gmt":"2014-09-18T09:29:25","guid":{"rendered":"http:\/\/agora.xtec.cat\/ieslescala\/?page_id=77"},"modified":"2019-09-19T17:00:56","modified_gmt":"2019-09-19T15:00:56","slug":"transport-escolar","status":"publish","type":"page","link":"https:\/\/agora.xtec.cat\/ieslescala\/serveis\/transport-escolar\/","title":{"rendered":"Transport escolar"},"content":{"rendered":"<h5><strong>Finalitat:<\/strong><\/h5>\n<p>Fer efectiu el Decret 161\/1996, que regula el servei escolar de transport, i que estableix que les comunitats educatives prestaran de forma gratu\u00efta el servei escolar de transport per a l\u2019alumnat d\u2019educaci\u00f3 prim\u00e0ria i d\u2019educaci\u00f3 secund\u00e0ria obligat\u00f2ria que per tal de garantir la qualitat de l\u2019ensenyament hagi de ser escolaritzat fora del seu municipi.<\/p>\n<h5><strong>Prestacions:<\/strong><\/h5>\n<p>Gratu\u00eftat del servei de transport escolar per a l\u2019alumnat d\u2019educaci\u00f3 prim\u00e0ria i d\u2019educaci\u00f3 secund\u00e0ria obligat\u00f2ria que hagi de ser escolaritzat fora del seu municipi. El servei de transport escolar inclou la pres\u00e8ncia, com a m\u00ednim, d\u2019una persona acompanyant que realitzar\u00e0 tasques de vigil\u00e0ncia i control. Quan no sigui possible l\u2019establiment del servei de transport escolar s\u2019establiran ajuts individuals, que s\u2019abonaran pr\u00e8via justificaci\u00f3 de la despesa.<\/p>\n<h5><strong>Adre\u00e7at a:<\/strong><\/h5>\n<p>Alumnes que cursen ensenyaments de car\u00e0cter obligatori i estan escolaritzats a la comarca de l\u2019Alt Empord\u00e0.<\/p>\n<p><strong>M\u00e9s informaci\u00f3 a l&#8217;enlla\u00e7 seg\u00fcent:<\/strong><\/p>\n<p><a href=\"https:\/\/www.altemporda.org\/portal\/cultura-i-ensenyament\/ensenyament\/transport-escolar\">https:\/\/www.altemporda.org\/portal\/cultura-i-ensenyament\/ensenyament\/transport-escolar<\/a><\/p>\n<p>&nbsp;<\/p>\n","protected":false},"excerpt":{"rendered":"<p>Finalitat: Fer efectiu el Decret 161\/1996, que regula el servei escolar de transport, i que estableix que les comunitats educatives [&hellip;]<\/p>\n","protected":false},"author":1,"featured_media":0,"parent":63,"menu_order":50,"comment_status":"closed","ping_status":"closed","template":"page-templates\/side-menu.php","meta":{"_bbp_topic_count":0,"_bbp_reply_count":0,"_bbp_total_topic_count":0,"_bbp_total_reply_count":0,"_bbp_voice_count":0,"_bbp_anonymous_reply_count":0,"_bbp_topic_count_hidden":0,"_bbp_reply_count_hidden":0,"_bbp_forum_subforum_count":0,"site-sidebar-layout":"default","site-content-layout":"","ast-site-content-layout":"","site-content-style":"default","site-sidebar-style":"default","ast-global-header-display":"","ast-banner-title-visibility":"","ast-main-header-display":"","ast-hfb-above-header-display":"","ast-hfb-below-header-display":"","ast-hfb-mobile-header-display":"","site-post-title":"","ast-breadcrumbs-content":"","ast-featured-img":"","footer-sml-layout":"","theme-transparent-header-meta":"","adv-header-id-meta":"","stick-header-meta":"","header-above-stick-meta":"","header-main-stick-meta":"","header-below-stick-meta":"","astra-migrate-meta-layouts":"default","ast-page-background-enabled":"default","ast-page-background-meta":{"desktop":{"background-color":"var(--ast-global-color-4)","background-image":"","background-repeat":"repeat","background-position":"center center","background-size":"auto","background-attachment":"scroll","background-type":"","background-media":"","overlay-type":"","overlay-color":"","overlay-opacity":"","overlay-gradient":""},"tablet":{"background-color":"","background-image":"","background-repeat":"repeat","background-position":"center center","background-size":"auto","background-attachment":"scroll","background-type":"","background-media":"","overlay-type":"","overlay-color":"","overlay-opacity":"","overlay-gradient":""},"mobile":{"background-color":"","background-image":"","background-repeat":"repeat","background-position":"center center","background-size":"auto","background-attachment":"scroll","background-type":"","background-media":"","overlay-type":"","overlay-color":"","overlay-opacity":"","overlay-gradient":""}},"ast-content-background-meta":{"desktop":{"background-color":"var(--ast-global-color-5)","background-image":"","background-repeat":"repeat","background-position":"center center","background-size":"auto","background-attachment":"scroll","background-type":"","background-media":"","overlay-type":"","overlay-color":"","overlay-opacity":"","overlay-gradient":""},"tablet":{"background-color":"var(--ast-global-color-5)","background-image":"","background-repeat":"repeat","background-position":"center center","background-size":"auto","background-attachment":"scroll","background-type":"","background-media":"","overlay-type":"","overlay-color":"","overlay-opacity":"","overlay-gradient":""},"mobile":{"background-color":"var(--ast-global-color-5)","background-image":"","background-repeat":"repeat","background-position":"center center","background-size":"auto","background-attachment":"scroll","background-type":"","background-media":"","overlay-type":"","overlay-color":"","overlay-opacity":"","overlay-gradient":""}},"footnotes":""},"class_list":["post-77","page","type-page","status-publish","hentry"],"post_mailing_queue_ids":[],"_links":{"self":[{"href":"https:\/\/agora.xtec.cat\/ieslescala\/wp-json\/wp\/v2\/pages\/77","targetHints":{"allow":["GET"]}}],"collection":[{"href":"https:\/\/agora.xtec.cat\/ieslescala\/wp-json\/wp\/v2\/pages"}],"about":[{"href":"https:\/\/agora.xtec.cat\/ieslescala\/wp-json\/wp\/v2\/types\/page"}],"author":[{"embeddable":true,"href":"https:\/\/agora.xtec.cat\/ieslescala\/wp-json\/wp\/v2\/users\/1"}],"replies":[{"embeddable":true,"href":"https:\/\/agora.xtec.cat\/ieslescala\/wp-json\/wp\/v2\/comments?post=77"}],"version-history":[{"count":3,"href":"https:\/\/agora.xtec.cat\/ieslescala\/wp-json\/wp\/v2\/pages\/77\/revisions"}],"predecessor-version":[{"id":7562,"href":"https:\/\/agora.xtec.cat\/ieslescala\/wp-json\/wp\/v2\/pages\/77\/revisions\/7562"}],"up":[{"embeddable":true,"href":"https:\/\/agora.xtec.cat\/ieslescala\/wp-json\/wp\/v2\/pages\/63"}],"wp:attachment":[{"href":"https:\/\/agora.xtec.cat\/ieslescala\/wp-json\/wp\/v2\/media?parent=77"}],"curies":[{"name":"wp","href":"https:\/\/api.w.org\/{rel}","templated":true}]}}