{"id":7670,"date":"2019-09-26T15:49:54","date_gmt":"2019-09-26T13:49:54","guid":{"rendered":"http:\/\/agora.xtec.cat\/ieslescala\/?page_id=7670"},"modified":"2024-07-23T13:28:02","modified_gmt":"2024-07-23T11:28:02","slug":"convalidacions-dhores-curriculars","status":"publish","type":"page","link":"https:\/\/agora.xtec.cat\/ieslescala\/convalidacions-dhores-curriculars\/","title":{"rendered":"Convalidacions d&#8217;hores curriculars (data d&#8217;actualitzaci\u00f3 a la web oficial gencat:  2.6.2024"},"content":{"rendered":"<header class=\"entry-header\"><\/header>\n<div class=\"entry-content\">\n<p><strong>L&#8217;exempci\u00f3<\/strong>\u00a0d&#8217;una mat\u00e8ria \u00e9s la dispensa de cursar-la per raons derivades de circumst\u00e0ncies personals. A efectes administratius, cal fer constar l&#8217;expressi\u00f3 \u201cExempt\/a&#8221;.\u00a0Les exempcions per circumst\u00e0ncies personals s\u00f3n les que s&#8217;estableixen a\u00a0<a title=\"Ves a Excempcions\" href=\"https:\/\/espai.educacio.gencat.cat\/Alumnes\/Curriculum\/Cur-batxillerat\/Convalidacions\/Pagines\/Exempcions.aspx\"><strong>Exempci\u00f3 de mat\u00e8ries<\/strong><em>.<\/em><\/a><\/p>\n<p><strong>La convalidaci\u00f3\u00a0<\/strong>d&#8217;una mat\u00e8ria \u00e9s la decisi\u00f3 administrativa de donar-la per cursada sense haver-ho fet, per raons de curr\u00edculum acad\u00e8mic previ. A efectes administratius, cal fer constar l&#8217;expressi\u00f3 \u201cConvalidat&#8221;.\u00a0Les convalidacions i el reconeixement de mat\u00e8ries perqu\u00e8 s&#8217;han cursat o perqu\u00e8 se n&#8217;han cursat d&#8217;equivalents s\u00f3n les que s&#8217;estableixen a l&#8217;apartat\u00a0<a title=\"Ves a Convalidacions\" href=\"https:\/\/espai.educacio.gencat.cat\/Alumnes\/Curriculum\/Cur-batxillerat\/Convalidacions\/Pagines\/Convalidacions.aspx\"><strong>Convalidacions de mat\u00e8ries<\/strong><\/a>, en qu\u00e8 tant hi concorren situacions en qu\u00e8 l&#8217;alumne o alumna est\u00e0 cursant dos estudis alhora, com alumnes que han cursat pr\u00e8viament un cicle\u00a0 formatiu o ensenyaments professionals de m\u00fasica o de dansa.\u200b<\/p>\n<p>En el batxillerat es poden concedir exempcions i convalidacions de determinades mat\u00e8ries en alguns casos.<\/p>\n<p>Tamb\u00e9 pot haver-hi r\u200beducci\u00f3 d&#8217;un determinat nombre d&#8217;hores per reconeixement d&#8217;estudis en una escola de m\u00fasica o dansa autoritzades. Les condicions per a aquest reconeixement es troben als documents\u00a0<a title=\"Descarregueu el document\" href=\"https:\/\/documents.espai.educacio.gencat.cat\/IPCNormativa\/DOIGC\/CUR_Simultaneitat_musica.pdf\" target=\"_blank\" rel=\"noopener\">Simultane\u00eftat d&#8217;estudis d&#8217;ESO o de batxillerat amb estudis de m\u00fasica<\/a>\u00a0i\u00a0<a title=\"Descarregueu el document\" href=\"https:\/\/documents.espai.educacio.gencat.cat\/IPCNormativa\/DOIGC\/CUR_Simultaneitat_dansa.pdf\" target=\"_blank\" rel=\"noopener\">Simultane\u00eftat d&#8217;estudis d&#8217;ESO o de batxillerat amb estudis de dansa<\/a>.<\/p>\n<p>Tamb\u00e9 pot haver-hi reducci\u00f3 d&#8217;un determinat nombre d&#8217;hores per reconeixement d&#8217;estudis\u00a0d&#8217;un\u00a0cicle formatiu d&#8217;esports. Les condicions per aquest reconeixement, en el que l&#8217;alumnat est\u00e0 cursant simult\u00e0niament dos estudis diferents, es troben a dins de l&#8217;apartat de Convalidacions.\u200b<\/p>\n<p><strong>Les mat\u00e8ries objecte d&#8217;exempci\u00f3, convalidaci\u00f3 o reconeixement deixen de computar per al c\u00e0lcul de la qualificaci\u00f3 final de batxillerat.\u200b\u200b\u200b<\/strong><\/p>\n<p>&nbsp;<\/p>\n<\/div>\n","protected":false},"excerpt":{"rendered":"<p>L&#8217;exempci\u00f3\u00a0d&#8217;una mat\u00e8ria \u00e9s la dispensa de cursar-la per raons derivades de circumst\u00e0ncies personals. A efectes administratius, cal fer constar l&#8217;expressi\u00f3 [&hellip;]<\/p>\n","protected":false},"author":9,"featured_media":0,"parent":0,"menu_order":0,"comment_status":"closed","ping_status":"closed","template":"","meta":{"_bbp_topic_count":0,"_bbp_reply_count":0,"_bbp_total_topic_count":0,"_bbp_total_reply_count":0,"_bbp_voice_count":0,"_bbp_anonymous_reply_count":0,"_bbp_topic_count_hidden":0,"_bbp_reply_count_hidden":0,"_bbp_forum_subforum_count":0,"site-sidebar-layout":"default","site-content-layout":"","ast-site-content-layout":"","site-content-style":"default","site-sidebar-style":"default","ast-global-header-display":"","ast-banner-title-visibility":"","ast-main-header-display":"","ast-hfb-above-header-display":"","ast-hfb-below-header-display":"","ast-hfb-mobile-header-display":"","site-post-title":"","ast-breadcrumbs-content":"","ast-featured-img":"","footer-sml-layout":"","theme-transparent-header-meta":"","adv-header-id-meta":"","stick-header-meta":"","header-above-stick-meta":"","header-main-stick-meta":"","header-below-stick-meta":"","astra-migrate-meta-layouts":"default","ast-page-background-enabled":"default","ast-page-background-meta":{"desktop":{"background-color":"var(--ast-global-color-4)","background-image":"","background-repeat":"repeat","background-position":"center center","background-size":"auto","background-attachment":"scroll","background-type":"","background-media":"","overlay-type":"","overlay-color":"","overlay-opacity":"","overlay-gradient":""},"tablet":{"background-color":"","background-image":"","background-repeat":"repeat","background-position":"center center","background-size":"auto","background-attachment":"scroll","background-type":"","background-media":"","overlay-type":"","overlay-color":"","overlay-opacity":"","overlay-gradient":""},"mobile":{"background-color":"","background-image":"","background-repeat":"repeat","background-position":"center center","background-size":"auto","background-attachment":"scroll","background-type":"","background-media":"","overlay-type":"","overlay-color":"","overlay-opacity":"","overlay-gradient":""}},"ast-content-background-meta":{"desktop":{"background-color":"var(--ast-global-color-5)","background-image":"","background-repeat":"repeat","background-position":"center center","background-size":"auto","background-attachment":"scroll","background-type":"","background-media":"","overlay-type":"","overlay-color":"","overlay-opacity":"","overlay-gradient":""},"tablet":{"background-color":"var(--ast-global-color-5)","background-image":"","background-repeat":"repeat","background-position":"center center","background-size":"auto","background-attachment":"scroll","background-type":"","background-media":"","overlay-type":"","overlay-color":"","overlay-opacity":"","overlay-gradient":""},"mobile":{"background-color":"var(--ast-global-color-5)","background-image":"","background-repeat":"repeat","background-position":"center center","background-size":"auto","background-attachment":"scroll","background-type":"","background-media":"","overlay-type":"","overlay-color":"","overlay-opacity":"","overlay-gradient":""}},"footnotes":""},"class_list":["post-7670","page","type-page","status-publish","hentry"],"post_mailing_queue_ids":[],"_links":{"self":[{"href":"https:\/\/agora.xtec.cat\/ieslescala\/wp-json\/wp\/v2\/pages\/7670","targetHints":{"allow":["GET"]}}],"collection":[{"href":"https:\/\/agora.xtec.cat\/ieslescala\/wp-json\/wp\/v2\/pages"}],"about":[{"href":"https:\/\/agora.xtec.cat\/ieslescala\/wp-json\/wp\/v2\/types\/page"}],"author":[{"embeddable":true,"href":"https:\/\/agora.xtec.cat\/ieslescala\/wp-json\/wp\/v2\/users\/9"}],"replies":[{"embeddable":true,"href":"https:\/\/agora.xtec.cat\/ieslescala\/wp-json\/wp\/v2\/comments?post=7670"}],"version-history":[{"count":6,"href":"https:\/\/agora.xtec.cat\/ieslescala\/wp-json\/wp\/v2\/pages\/7670\/revisions"}],"predecessor-version":[{"id":11385,"href":"https:\/\/agora.xtec.cat\/ieslescala\/wp-json\/wp\/v2\/pages\/7670\/revisions\/11385"}],"wp:attachment":[{"href":"https:\/\/agora.xtec.cat\/ieslescala\/wp-json\/wp\/v2\/media?parent=7670"}],"curies":[{"name":"wp","href":"https:\/\/api.w.org\/{rel}","templated":true}]}}