{"id":46,"date":"2014-09-17T16:53:45","date_gmt":"2014-09-17T16:53:45","guid":{"rendered":"http:\/\/agora.xtec.cat\/ieslescala\/?page_id=46"},"modified":"2026-01-28T11:30:07","modified_gmt":"2026-01-28T10:30:07","slug":"organigrama","status":"publish","type":"page","link":"https:\/\/agora.xtec.cat\/ieslescala\/linstitut\/organigrama\/","title":{"rendered":"Organigrama"},"content":{"rendered":"<h3>EQUIP DIRECTIU<\/h3>\n<ul>\n<li>Directora: Albert, Maria Rosa (<a href=\"mailto:direccio@elpedro.cat\">direccio@elpedro.cat<\/a>)<\/li>\n<li>Cap d\u2019estudis: Fabrellas, Judith (<a href=\"mailto:capdestudis@elpedro.cat\">capdestudis@elpedro.cat<\/a>)<\/li>\n<li>Coordinadora pedag\u00f2gica: Havard, Sylvia (<a href=\"mailto:coordinaciopedagogica@elpedro.cat\">coordinaciopedagogica@elpedro.cat<\/a>)<\/li>\n<li>Secretaria: Comas, Judit (<a class=\"rABsFf RffVmb AL18ce\" href=\"mailto:gestio@elpedro.cat\" target=\"_blank\" rel=\"noopener\" aria-label=\"gestio@elpedro.cat Dels teus contactes de Google\" data-tooltip=\"Dels teus contactes de Google\" data-tooltip-position=\"top\">gestio@elpedro.cat<\/a>)<\/li>\n<\/ul>\n<h3>COORDINACIONS<\/h3>\n<ul>\n<li>1r d\u2019ESO: Ripoll, Maria (<a href=\"mailto:mripoll@elpedro.cat\">mripoll@elpedro.cat<\/a>)<\/li>\n<li>2n d&#8217;ESO: Nadal, Carles (<a href=\"mailto:cnadal@elpedro.cat\">cnadal@elpedro.cat<\/a>)<\/li>\n<li>3r d\u2019ESO: Sirisi, M\u00f2nica (<a href=\"mailto:msirisi@elpedro.cat\">msirisi@elpedro.cat<\/a>)<\/li>\n<li>4t d&#8217;ESO: Mir, Francesca (<a href=\"mailto:fmir@elpedro.cat\">fmir@elpedro.cat<\/a>)<\/li>\n<li>Batxillerat: Caner, Marcel (<a href=\"mailto:mcaner@elpedro.cat\">mcaner@elpedro.cat<\/a>)<\/li>\n<li>Coordinador ling\u00fc\u00edstica: Dominguez, \u00d2scar (<a href=\"mailto:odominguez@elpedro.cat\">odominguez@elpedro.cat<\/a>)<\/li>\n<li>Coordinadora d\u2019activitats: Mi\u00e0s, Cristina (<a href=\"mailto:cmias@elpedro.cat\">cmias@elpedro.cat<\/a>)<\/li>\n<li>Coordinador d\u2019inform\u00e0tica: Masmart\u00ed, Narc\u00eds (<a href=\"mailto:informatica@elpedro.cat\">informatica@elpedro.cat<\/a>)<\/li>\n<li>Prevenci\u00f3 de riscos laborals: Cortal, Josep Llu\u00eds (<a class=\"rABsFf RffVmb AL18ce\" href=\"mailto:jcortal2@elpedro.cat\" target=\"_blank\" rel=\"noopener\" aria-label=\"jcortal2@elpedro.cat Dels teus contactes de Google\" data-tooltip=\"Dels teus contactes de Google\" data-tooltip-position=\"top\">jcortal2@elpedro.cat<\/a>)<\/li>\n<\/ul>\n<h3>PERSONAL ADMINISTRATIU<\/h3>\n<ul>\n<li>Parera, Judit (<a class=\"rABsFf RffVmb AL18ce\" href=\"mailto:secretaria@elpedro.cat\" target=\"_blank\" rel=\"noopener\" aria-label=\"secretaria@elpedro.cat Dels teus contactes de Google\" data-tooltip=\"Dels teus contactes de Google\" data-tooltip-position=\"top\">secretaria@elpedro.cat<\/a>)<\/li>\n<li>Oliveras, N\u00faria\u00a0 (<a class=\"rABsFf RffVmb AL18ce\" href=\"mailto:secretaria@elpedro.cat\" target=\"_blank\" rel=\"noopener\" aria-label=\"secretaria@elpedro.cat Dels teus contactes de Google\" data-tooltip=\"Dels teus contactes de Google\" data-tooltip-position=\"top\">secretaria@elpedro.cat<\/a>)<\/li>\n<\/ul>\n<h3>PERSONAL SUBALTERN<\/h3>\n<ul>\n<li>Del Fresno, Maria \u00c0ngels (<a href=\"mailto:consergeria@elpedro.cat\">consergeria@elpedro.cat<\/a>)<\/li>\n<\/ul>\n\n\n<p><\/p>\n","protected":false},"excerpt":{"rendered":"<p>EQUIP DIRECTIU Directora: Albert, Maria Rosa (direccio@elpedro.cat) Cap d\u2019estudis: Fabrellas, Judith (capdestudis@elpedro.cat) Coordinadora pedag\u00f2gica: Havard, Sylvia (coordinaciopedagogica@elpedro.cat) Secretaria: Comas, Judit [&hellip;]<\/p>\n","protected":false},"author":1,"featured_media":0,"parent":19,"menu_order":50,"comment_status":"closed","ping_status":"closed","template":"","meta":{"_bbp_topic_count":0,"_bbp_reply_count":0,"_bbp_total_topic_count":0,"_bbp_total_reply_count":0,"_bbp_voice_count":0,"_bbp_anonymous_reply_count":0,"_bbp_topic_count_hidden":0,"_bbp_reply_count_hidden":0,"_bbp_forum_subforum_count":0,"site-sidebar-layout":"default","site-content-layout":"","ast-site-content-layout":"default","site-content-style":"default","site-sidebar-style":"default","ast-global-header-display":"","ast-banner-title-visibility":"","ast-main-header-display":"","ast-hfb-above-header-display":"","ast-hfb-below-header-display":"","ast-hfb-mobile-header-display":"","site-post-title":"","ast-breadcrumbs-content":"","ast-featured-img":"","footer-sml-layout":"","theme-transparent-header-meta":"","adv-header-id-meta":"","stick-header-meta":"","header-above-stick-meta":"","header-main-stick-meta":"","header-below-stick-meta":"","astra-migrate-meta-layouts":"set","ast-page-background-enabled":"default","ast-page-background-meta":{"desktop":{"background-color":"var(--ast-global-color-4)","background-image":"","background-repeat":"repeat","background-position":"center center","background-size":"auto","background-attachment":"scroll","background-type":"","background-media":"","overlay-type":"","overlay-color":"","overlay-opacity":"","overlay-gradient":""},"tablet":{"background-color":"","background-image":"","background-repeat":"repeat","background-position":"center center","background-size":"auto","background-attachment":"scroll","background-type":"","background-media":"","overlay-type":"","overlay-color":"","overlay-opacity":"","overlay-gradient":""},"mobile":{"background-color":"","background-image":"","background-repeat":"repeat","background-position":"center center","background-size":"auto","background-attachment":"scroll","background-type":"","background-media":"","overlay-type":"","overlay-color":"","overlay-opacity":"","overlay-gradient":""}},"ast-content-background-meta":{"desktop":{"background-color":"var(--ast-global-color-5)","background-image":"","background-repeat":"repeat","background-position":"center center","background-size":"auto","background-attachment":"scroll","background-type":"","background-media":"","overlay-type":"","overlay-color":"","overlay-opacity":"","overlay-gradient":""},"tablet":{"background-color":"var(--ast-global-color-5)","background-image":"","background-repeat":"repeat","background-position":"center center","background-size":"auto","background-attachment":"scroll","background-type":"","background-media":"","overlay-type":"","overlay-color":"","overlay-opacity":"","overlay-gradient":""},"mobile":{"background-color":"var(--ast-global-color-5)","background-image":"","background-repeat":"repeat","background-position":"center center","background-size":"auto","background-attachment":"scroll","background-type":"","background-media":"","overlay-type":"","overlay-color":"","overlay-opacity":"","overlay-gradient":""}},"footnotes":""},"class_list":["post-46","page","type-page","status-publish","hentry"],"post_mailing_queue_ids":[],"_links":{"self":[{"href":"https:\/\/agora.xtec.cat\/ieslescala\/wp-json\/wp\/v2\/pages\/46","targetHints":{"allow":["GET"]}}],"collection":[{"href":"https:\/\/agora.xtec.cat\/ieslescala\/wp-json\/wp\/v2\/pages"}],"about":[{"href":"https:\/\/agora.xtec.cat\/ieslescala\/wp-json\/wp\/v2\/types\/page"}],"author":[{"embeddable":true,"href":"https:\/\/agora.xtec.cat\/ieslescala\/wp-json\/wp\/v2\/users\/1"}],"replies":[{"embeddable":true,"href":"https:\/\/agora.xtec.cat\/ieslescala\/wp-json\/wp\/v2\/comments?post=46"}],"version-history":[{"count":6,"href":"https:\/\/agora.xtec.cat\/ieslescala\/wp-json\/wp\/v2\/pages\/46\/revisions"}],"predecessor-version":[{"id":11998,"href":"https:\/\/agora.xtec.cat\/ieslescala\/wp-json\/wp\/v2\/pages\/46\/revisions\/11998"}],"up":[{"embeddable":true,"href":"https:\/\/agora.xtec.cat\/ieslescala\/wp-json\/wp\/v2\/pages\/19"}],"wp:attachment":[{"href":"https:\/\/agora.xtec.cat\/ieslescala\/wp-json\/wp\/v2\/media?parent=46"}],"curies":[{"name":"wp","href":"https:\/\/api.w.org\/{rel}","templated":true}]}}