{"id":27,"date":"2014-09-17T16:24:03","date_gmt":"2014-09-17T16:24:03","guid":{"rendered":"http:\/\/agora.xtec.cat\/ieslescala\/?page_id=27"},"modified":"2020-06-03T15:23:15","modified_gmt":"2020-06-03T13:23:15","slug":"historia","status":"publish","type":"page","link":"https:\/\/agora.xtec.cat\/ieslescala\/linstitut\/historia\/","title":{"rendered":"Hist\u00f2ria"},"content":{"rendered":"<p style=\"text-align: justify;\"><a href=\"http:\/\/agora.xtec.cat\/ieslescala\/wp-content\/uploads\/usu933\/2014\/09\/porta_entrada1.jpg\"><img loading=\"lazy\" decoding=\"async\" class=\" wp-image-804 alignright\" src=\"http:\/\/agora.xtec.cat\/ieslescala\/wp-content\/uploads\/usu933\/2014\/09\/porta_entrada1-1024x683.jpg\" alt=\"porta_entrada\" width=\"513\" height=\"342\" srcset=\"https:\/\/agora.xtec.cat\/ieslescala\/wp-content\/uploads\/usu933\/2014\/09\/porta_entrada1.jpg 1024w, https:\/\/agora.xtec.cat\/ieslescala\/wp-content\/uploads\/usu933\/2014\/09\/porta_entrada1-300x200.jpg 300w\" sizes=\"auto, (max-width: 513px) 100vw, 513px\" \/><\/a>L\u2019Institut el Pedr\u00f3 de l\u2019Escala va n\u00e9ixer el curs 1978-1979 com a Secci\u00f3 de Formaci\u00f3 Professional de l\u2019IES Narc\u00eds Monturiol de Figueres. S\u2019hi impartien ensenyaments de primer grau de la branca Administrativa i Comercial. El curs 1991-1992 el centre va comen\u00e7ar l\u2019experimentaci\u00f3 de la Reforma Educativa impartint el tercer curs de l\u2019ESO. Els anys seg\u00fcents es va continuar amb quart d\u2019ESO i primer i segon de Batxillerat de les modalitats de Ci\u00e8ncies de la Natura i de Ci\u00e8ncies Socials. Aquests ensenyaments es van anar consolidant i de centre experimentador es va passar a ser un centre anticipat a la implantaci\u00f3 de la Reforma, situaci\u00f3 que es va mantenir fins que a partir del curs 1996-1997 es va anar generalitzant el nou sistema educatiu progressivament des dels primers cursos dels dos cicles de l\u2019ESO i el curs 1998-1999 es van generalitzar tamb\u00e9 els ensenyaments de batxillerat. En el curs 1996-1997 la Secci\u00f3 de Formaci\u00f3 Professional va esdevenir Institut d\u2019Ensenyament Secundari.<\/p>\n<p style=\"text-align: justify;\">En el moment actual el centre est\u00e0 autoritzat per a impartir Ensenyament Secundari Obligatori i Batxillerat de les modalitats d\u2019Humanitats i Ci\u00e8ncies Socials i Ci\u00e8ncies i Tecnologia. Compta generalment amb quatre l\u00ednies per a l\u2019ESO i dues per al Batxillerat. Cada curs el nombre d\u2019alumnes matriculats est\u00e0 al voltant dels cinc-cents. La proced\u00e8ncia d\u2019aquests alumnes \u00e9s majorit\u00e0riament de l\u2019Escala, procedents de les Escoles Emp\u00faries i l&#8217;Esculapi. Hi acudeixen tamb\u00e9 alumnes de la zona que el Departament d\u2019Ensenyament ha definit com a \u00e0rea depenent del centre i que compr\u00e8n els municipis de Saus, Camallera, Sant Mori, Ventall\u00f3, Viladamat i Vila\u00fcr. El Consell Comarcal de l\u2019Alt Empord\u00e0 gestiona el servei\u00a0 de transport per als alumnes despla\u00e7ats del seu municipi de resid\u00e8ncia mentre cursen ESO.<\/p>\n","protected":false},"excerpt":{"rendered":"<p>L\u2019Institut el Pedr\u00f3 de l\u2019Escala va n\u00e9ixer el curs 1978-1979 com a Secci\u00f3 de Formaci\u00f3 Professional de l\u2019IES Narc\u00eds Monturiol [&hellip;]<\/p>\n","protected":false},"author":1,"featured_media":0,"parent":19,"menu_order":20,"comment_status":"closed","ping_status":"closed","template":"page-templates\/side-menu.php","meta":{"_bbp_topic_count":0,"_bbp_reply_count":0,"_bbp_total_topic_count":0,"_bbp_total_reply_count":0,"_bbp_voice_count":0,"_bbp_anonymous_reply_count":0,"_bbp_topic_count_hidden":0,"_bbp_reply_count_hidden":0,"_bbp_forum_subforum_count":0,"site-sidebar-layout":"default","site-content-layout":"","ast-site-content-layout":"","site-content-style":"default","site-sidebar-style":"default","ast-global-header-display":"","ast-banner-title-visibility":"","ast-main-header-display":"","ast-hfb-above-header-display":"","ast-hfb-below-header-display":"","ast-hfb-mobile-header-display":"","site-post-title":"","ast-breadcrumbs-content":"","ast-featured-img":"","footer-sml-layout":"","theme-transparent-header-meta":"","adv-header-id-meta":"","stick-header-meta":"","header-above-stick-meta":"","header-main-stick-meta":"","header-below-stick-meta":"","astra-migrate-meta-layouts":"default","ast-page-background-enabled":"default","ast-page-background-meta":{"desktop":{"background-color":"var(--ast-global-color-4)","background-image":"","background-repeat":"repeat","background-position":"center center","background-size":"auto","background-attachment":"scroll","background-type":"","background-media":"","overlay-type":"","overlay-color":"","overlay-opacity":"","overlay-gradient":""},"tablet":{"background-color":"","background-image":"","background-repeat":"repeat","background-position":"center center","background-size":"auto","background-attachment":"scroll","background-type":"","background-media":"","overlay-type":"","overlay-color":"","overlay-opacity":"","overlay-gradient":""},"mobile":{"background-color":"","background-image":"","background-repeat":"repeat","background-position":"center center","background-size":"auto","background-attachment":"scroll","background-type":"","background-media":"","overlay-type":"","overlay-color":"","overlay-opacity":"","overlay-gradient":""}},"ast-content-background-meta":{"desktop":{"background-color":"var(--ast-global-color-5)","background-image":"","background-repeat":"repeat","background-position":"center center","background-size":"auto","background-attachment":"scroll","background-type":"","background-media":"","overlay-type":"","overlay-color":"","overlay-opacity":"","overlay-gradient":""},"tablet":{"background-color":"var(--ast-global-color-5)","background-image":"","background-repeat":"repeat","background-position":"center center","background-size":"auto","background-attachment":"scroll","background-type":"","background-media":"","overlay-type":"","overlay-color":"","overlay-opacity":"","overlay-gradient":""},"mobile":{"background-color":"var(--ast-global-color-5)","background-image":"","background-repeat":"repeat","background-position":"center center","background-size":"auto","background-attachment":"scroll","background-type":"","background-media":"","overlay-type":"","overlay-color":"","overlay-opacity":"","overlay-gradient":""}},"footnotes":""},"class_list":["post-27","page","type-page","status-publish","hentry"],"post_mailing_queue_ids":[],"_links":{"self":[{"href":"https:\/\/agora.xtec.cat\/ieslescala\/wp-json\/wp\/v2\/pages\/27","targetHints":{"allow":["GET"]}}],"collection":[{"href":"https:\/\/agora.xtec.cat\/ieslescala\/wp-json\/wp\/v2\/pages"}],"about":[{"href":"https:\/\/agora.xtec.cat\/ieslescala\/wp-json\/wp\/v2\/types\/page"}],"author":[{"embeddable":true,"href":"https:\/\/agora.xtec.cat\/ieslescala\/wp-json\/wp\/v2\/users\/1"}],"replies":[{"embeddable":true,"href":"https:\/\/agora.xtec.cat\/ieslescala\/wp-json\/wp\/v2\/comments?post=27"}],"version-history":[{"count":3,"href":"https:\/\/agora.xtec.cat\/ieslescala\/wp-json\/wp\/v2\/pages\/27\/revisions"}],"predecessor-version":[{"id":8702,"href":"https:\/\/agora.xtec.cat\/ieslescala\/wp-json\/wp\/v2\/pages\/27\/revisions\/8702"}],"up":[{"embeddable":true,"href":"https:\/\/agora.xtec.cat\/ieslescala\/wp-json\/wp\/v2\/pages\/19"}],"wp:attachment":[{"href":"https:\/\/agora.xtec.cat\/ieslescala\/wp-json\/wp\/v2\/media?parent=27"}],"curies":[{"name":"wp","href":"https:\/\/api.w.org\/{rel}","templated":true}]}}