{"id":11554,"date":"2025-01-07T13:55:54","date_gmt":"2025-01-07T12:55:54","guid":{"rendered":"https:\/\/agora.xtec.cat\/ieslescala\/?page_id=11554"},"modified":"2025-03-10T16:52:20","modified_gmt":"2025-03-10T15:52:20","slug":"i-despres-de-linstitut-que","status":"publish","type":"page","link":"https:\/\/agora.xtec.cat\/ieslescala\/i-despres-de-linstitut-que\/","title":{"rendered":"I despr\u00e9s de l&#8217;institut, qu\u00e8?"},"content":{"rendered":"\n<ul class=\"wp-block-list\">\n<li>CICLES FORMATIUS: <a href=\"http:\/\/queestudiar.gencat.cat\/ca\/preinscripcio\/estudis\/fp-gm\/\">http:\/\/queestudiar.gencat.cat\/ca\/preinscripcio\/estudis\/fp-gm\/<\/a><\/li>\n\n\n\n<li>PFI: <a href=\"https:\/\/pfipttlescala.wordpress.com\/\">https:\/\/pfipttlescala.wordpress.com\/<\/a><\/li>\n\n\n\n<li>BATXILLERAT\n<ul class=\"wp-block-list\">\n<li>Canal Universitats:\u00a0<a href=\"https:\/\/universitats.gencat.cat\/ca\/inici\/index.html\" target=\"_blank\" rel=\"noreferrer noopener\">https:\/\/universitats.gencat.cat\/ca\/inici\/index.html<\/a><\/li>\n\n\n\n<li>Ag\u00e8ncia per a la Qualitat del sistema universitari a Catalunya (indicadors interessants sobre els estudis, sortides professionals, etc.).\u00a0<a href=\"https:\/\/www.aqu.cat\/ca\/\" target=\"_blank\" rel=\"noreferrer noopener\">https:\/\/www.aqu.cat\/ca\/<\/a><\/li>\n\n\n\n<li>Beques estudis universitaris:\u00a0<a href=\"https:\/\/agaur.gencat.cat\/ca\/beques-i-ajuts\/pagines-especials\/beques-i-ajuts-per-estudis-universitaris1\/\" target=\"_blank\" rel=\"noreferrer noopener\">https:\/\/agaur.gencat.cat\/ca\/beques-i-ajuts\/pagines-especials\/beques-i-ajuts-per-estudis-universitaris1\/<\/a><\/li>\n<\/ul>\n<\/li>\n\n\n\n<li>Tria educativa (batxillerat i cicles):\u00a0<a href=\"https:\/\/triaeducativa.gencat.cat\/ca\/inici\" target=\"_blank\" rel=\"noreferrer noopener\">https:\/\/triaeducativa.gencat.cat\/ca\/inici<\/a><\/li>\n<\/ul>\n\n\n\n<p><\/p>\n\n\n\n<p><a href=\"https:\/\/sites.google.com\/xtec.cat\/mapa-de-recursos-ae\/p%C3%A0gina-principal\" data-type=\"link\" data-id=\"https:\/\/sites.google.com\/xtec.cat\/mapa-de-recursos-ae\/p%C3%A0gina-principal\">Mapa de recursos de formaci\u00f3 postobligat\u00f2ria a l&#8217;alt Empord\u00e0<\/a><\/p>\n\n\n\n<figure class=\"wp-block-image size-full is-resized\"><a href=\"https:\/\/agora.xtec.cat\/ieslescala\/wp-content\/uploads\/usu933\/2025\/02\/itineraris-futur-1024x556-1.jpg\"><img loading=\"lazy\" decoding=\"async\" width=\"995\" height=\"556\" src=\"https:\/\/agora.xtec.cat\/ieslescala\/wp-content\/uploads\/usu933\/2025\/02\/itineraris-futur-1024x556-1.jpg\" alt=\"\" class=\"wp-image-11701\" style=\"width:743px;height:auto\" srcset=\"https:\/\/agora.xtec.cat\/ieslescala\/wp-content\/uploads\/usu933\/2025\/02\/itineraris-futur-1024x556-1.jpg 995w, https:\/\/agora.xtec.cat\/ieslescala\/wp-content\/uploads\/usu933\/2025\/02\/itineraris-futur-1024x556-1-300x168.jpg 300w, https:\/\/agora.xtec.cat\/ieslescala\/wp-content\/uploads\/usu933\/2025\/02\/itineraris-futur-1024x556-1-768x429.jpg 768w\" sizes=\"auto, (max-width: 995px) 100vw, 995px\" \/><\/a><\/figure>\n","protected":false},"excerpt":{"rendered":"<p>Mapa de recursos de formaci\u00f3 postobligat\u00f2ria a l&#8217;alt Empord\u00e0<\/p>\n","protected":false},"author":1,"featured_media":0,"parent":0,"menu_order":0,"comment_status":"closed","ping_status":"close","template":"","meta":{"_bbp_topic_count":0,"_bbp_reply_count":0,"_bbp_total_topic_count":0,"_bbp_total_reply_count":0,"_bbp_voice_count":0,"_bbp_anonymous_reply_count":0,"_bbp_topic_count_hidden":0,"_bbp_reply_count_hidden":0,"_bbp_forum_subforum_count":0,"site-sidebar-layout":"default","site-content-layout":"","ast-site-content-layout":"default","site-content-style":"default","site-sidebar-style":"default","ast-global-header-display":"","ast-banner-title-visibility":"","ast-main-header-display":"","ast-hfb-above-header-display":"","ast-hfb-below-header-display":"","ast-hfb-mobile-header-display":"","site-post-title":"","ast-breadcrumbs-content":"","ast-featured-img":"","footer-sml-layout":"","theme-transparent-header-meta":"","adv-header-id-meta":"","stick-header-meta":"","header-above-stick-meta":"","header-main-stick-meta":"","header-below-stick-meta":"","astra-migrate-meta-layouts":"set","ast-page-background-enabled":"default","ast-page-background-meta":{"desktop":{"background-color":"var(--ast-global-color-4)","background-image":"","background-repeat":"repeat","background-position":"center center","background-size":"auto","background-attachment":"scroll","background-type":"","background-media":"","overlay-type":"","overlay-color":"","overlay-opacity":"","overlay-gradient":""},"tablet":{"background-color":"","background-image":"","background-repeat":"repeat","background-position":"center center","background-size":"auto","background-attachment":"scroll","background-type":"","background-media":"","overlay-type":"","overlay-color":"","overlay-opacity":"","overlay-gradient":""},"mobile":{"background-color":"","background-image":"","background-repeat":"repeat","background-position":"center center","background-size":"auto","background-attachment":"scroll","background-type":"","background-media":"","overlay-type":"","overlay-color":"","overlay-opacity":"","overlay-gradient":""}},"ast-content-background-meta":{"desktop":{"background-color":"var(--ast-global-color-5)","background-image":"","background-repeat":"repeat","background-position":"center center","background-size":"auto","background-attachment":"scroll","background-type":"","background-media":"","overlay-type":"","overlay-color":"","overlay-opacity":"","overlay-gradient":""},"tablet":{"background-color":"var(--ast-global-color-5)","background-image":"","background-repeat":"repeat","background-position":"center center","background-size":"auto","background-attachment":"scroll","background-type":"","background-media":"","overlay-type":"","overlay-color":"","overlay-opacity":"","overlay-gradient":""},"mobile":{"background-color":"var(--ast-global-color-5)","background-image":"","background-repeat":"repeat","background-position":"center center","background-size":"auto","background-attachment":"scroll","background-type":"","background-media":"","overlay-type":"","overlay-color":"","overlay-opacity":"","overlay-gradient":""}},"footnotes":""},"class_list":["post-11554","page","type-page","status-publish","hentry"],"post_mailing_queue_ids":[],"_links":{"self":[{"href":"https:\/\/agora.xtec.cat\/ieslescala\/wp-json\/wp\/v2\/pages\/11554","targetHints":{"allow":["GET"]}}],"collection":[{"href":"https:\/\/agora.xtec.cat\/ieslescala\/wp-json\/wp\/v2\/pages"}],"about":[{"href":"https:\/\/agora.xtec.cat\/ieslescala\/wp-json\/wp\/v2\/types\/page"}],"author":[{"embeddable":true,"href":"https:\/\/agora.xtec.cat\/ieslescala\/wp-json\/wp\/v2\/users\/1"}],"replies":[{"embeddable":true,"href":"https:\/\/agora.xtec.cat\/ieslescala\/wp-json\/wp\/v2\/comments?post=11554"}],"version-history":[{"count":6,"href":"https:\/\/agora.xtec.cat\/ieslescala\/wp-json\/wp\/v2\/pages\/11554\/revisions"}],"predecessor-version":[{"id":11729,"href":"https:\/\/agora.xtec.cat\/ieslescala\/wp-json\/wp\/v2\/pages\/11554\/revisions\/11729"}],"wp:attachment":[{"href":"https:\/\/agora.xtec.cat\/ieslescala\/wp-json\/wp\/v2\/media?parent=11554"}],"curies":[{"name":"wp","href":"https:\/\/api.w.org\/{rel}","templated":true}]}}