{"id":77,"date":"2014-09-18T10:29:25","date_gmt":"2014-09-18T09:29:25","guid":{"rendered":"http:\/\/agora.xtec.cat\/ieslaserra\/?page_id=77"},"modified":"2024-01-25T17:34:22","modified_gmt":"2024-01-25T16:34:22","slug":"transport-escolar","status":"publish","type":"page","link":"https:\/\/agora.xtec.cat\/ieslaserra\/serveis\/transport-escolar\/","title":{"rendered":"Transport escolar"},"content":{"rendered":"<p>El Consell Comarcal del Pla d&#8217;Urgell t\u00e9 encomanada la gesti\u00f3 dels transport escolar. L&#8217;alumnat resident a les poblacions adscrites a l&#8217;Institut tenen el transport gratu\u00eft. La resta d&#8217;alumnes poden utilitzar-lo, en cas de places disponibles, a trav\u00e9s d&#8217;un sistema de tiquets prepagament. En les poblacions de Sidamon, Vila-sana i Golm\u00e9s, la parada \u00e9s l&#8217;habitual del transport escolar; en el cas de Mollerussa t\u00e9 parada davant l&#8217;Institut Terres de Ponent i, en algunes rutes, tamb\u00e9 davant l&#8217;Institut Salt del Duran.<\/p>\n<p>Tamb\u00e9 podeu utilitzar la l\u00ednia regular Els Arcs, Bellv\u00eds, El Poal, El Palau, Fondarella, Ins Teres de Ponent, Ins La Serra. Aquesta l\u00ednia est\u00e0 gestiona per Autocar Salvia.<\/p>\n<p><b>Si no s\u00f3c alumne\/a adscrit\/a, com puc sol\u00b7licitar el transport escolar?<\/b><\/p>\n<p>D\u2019acord amb el reglament de transport escolar, el Consell Comarcal obrir\u00e0 un termini <strong><span style=\"color: #ff6600;\">entre finals de juny i principis de juliol<\/span> <\/strong>perqu\u00e8 les fam\u00edlies puguin sol\u00b7licitar una pla\u00e7a de transport escolar no obligatori (alumnat matriculat en centre un centre no adscrit. L\u2019obertura d\u2019aquest termini es publicar\u00e0 a la seu electr\u00f2nica del Consell Comarcal del Pla d\u2019Urgell i al web www.plaurgell.cat. La presentaci\u00f3 de les sol\u00b7licituds es podr\u00e0 fer per via telem\u00e0tica, a trav\u00e9s d\u2019inst\u00e0ncia gen\u00e8rica a la seu electr\u00f2nica del Consell Comarcal del Pla d\u2019Urgell, i tamb\u00e9 de manera presencial al registre del Consell(C\/Prat de la Riba, 1, Mollerussa). Un cop comptabilitzats tots els alumnes d&#8217;escoles adscrites que ocupin pla\u00e7a de transport escolar, quedar\u00e0 definit el nombre de places disponibles per a la resta d&#8217;alumnes, que es cobriran en funci\u00f3 de les sol\u00b7licituds rebudes. S&#8217;assignar\u00e0 pla\u00e7a per rigor\u00f3s ordre de presentaci\u00f3 de la sol\u00b7licitud.<\/p>\n<p><strong><a href=\"https:\/\/agora.xtec.cat\/ieslaserra\/wp-content\/uploads\/usu681\/2024\/01\/Horari-i-Parades-transport-escolar-23-24-1.doc\">Rutes, horari i parades transport escolar 23-24<\/a><\/strong><\/p>\n<p><a href=\"https:\/\/agora.xtec.cat\/ieslaserra\/wp-content\/uploads\/usu681\/2024\/01\/SOL\u00b7LICITUD-I-AUTORITZACIO-TRANSPORT-ESCOLAR-OBLIGATORI-2023_2024.pdf\"><strong>Sol\u00b7licitud transport escolar obligatori<\/strong> 2023_2024<\/a><\/p>\n<p><a href=\"https:\/\/agora.xtec.cat\/ieslaserra\/wp-content\/uploads\/usu681\/2024\/01\/SOL\u00b7LICITUD-CCPU-TRANSPORT-ESCOLAR-NO-OBLIGATORI-2023_2024.pdf\"><strong>Sol\u00b7licitud transport no obligatori (no adscrits i Batxillerat 2023_2024<\/strong><\/a><\/p>\n<p>Per qualsevol dubte o proposta podeu adre\u00e7ar-vos al Consell Comarcal (C. Prat de la Riba, 1 Mollerussa) i demanar per la Sra. Maricel Pujol. Tel. 973-711313.<\/p>\n","protected":false},"excerpt":{"rendered":"<p>El Consell Comarcal del Pla d&#8217;Urgell t\u00e9 encomanada la gesti\u00f3 dels transport escolar. L&#8217;alumnat resident a les poblacions adscrites a l&#8217;Institut tenen el transport gratu\u00eft. La resta d&#8217;alumnes poden utilitzar-lo, en cas de places disponibles, a trav\u00e9s d&#8217;un sistema de tiquets prepagament. En les poblacions&hellip;  <a href=\"https:\/\/agora.xtec.cat\/ieslaserra\/serveis\/transport-escolar\/\" title=\"Read Transport escolar\">Llegeix m\u00e9s\u00bb<\/a><\/p>\n","protected":false},"author":1,"featured_media":0,"parent":63,"menu_order":50,"comment_status":"closed","ping_status":"closed","template":"page-templates\/side-menu.php","meta":{"_bbp_topic_count":0,"_bbp_reply_count":0,"_bbp_total_topic_count":0,"_bbp_total_reply_count":0,"_bbp_voice_count":0,"_bbp_anonymous_reply_count":0,"_bbp_topic_count_hidden":0,"_bbp_reply_count_hidden":0,"_bbp_forum_subforum_count":0,"footnotes":""},"class_list":["post-77","page","type-page","status-publish","hentry"],"post_mailing_queue_ids":[],"_links":{"self":[{"href":"https:\/\/agora.xtec.cat\/ieslaserra\/wp-json\/wp\/v2\/pages\/77","targetHints":{"allow":["GET"]}}],"collection":[{"href":"https:\/\/agora.xtec.cat\/ieslaserra\/wp-json\/wp\/v2\/pages"}],"about":[{"href":"https:\/\/agora.xtec.cat\/ieslaserra\/wp-json\/wp\/v2\/types\/page"}],"author":[{"embeddable":true,"href":"https:\/\/agora.xtec.cat\/ieslaserra\/wp-json\/wp\/v2\/users\/1"}],"replies":[{"embeddable":true,"href":"https:\/\/agora.xtec.cat\/ieslaserra\/wp-json\/wp\/v2\/comments?post=77"}],"version-history":[{"count":5,"href":"https:\/\/agora.xtec.cat\/ieslaserra\/wp-json\/wp\/v2\/pages\/77\/revisions"}],"predecessor-version":[{"id":18618,"href":"https:\/\/agora.xtec.cat\/ieslaserra\/wp-json\/wp\/v2\/pages\/77\/revisions\/18618"}],"up":[{"embeddable":true,"href":"https:\/\/agora.xtec.cat\/ieslaserra\/wp-json\/wp\/v2\/pages\/63"}],"wp:attachment":[{"href":"https:\/\/agora.xtec.cat\/ieslaserra\/wp-json\/wp\/v2\/media?parent=77"}],"curies":[{"name":"wp","href":"https:\/\/api.w.org\/{rel}","templated":true}]}}