{"id":52,"date":"2016-09-17T16:58:07","date_gmt":"2016-09-17T14:58:07","guid":{"rendered":"http:\/\/agora.xtec.cat\/ieslaserra\/?page_id=52"},"modified":"2025-09-10T09:14:19","modified_gmt":"2025-09-10T07:14:19","slug":"calendari-del-curs","status":"publish","type":"page","link":"https:\/\/agora.xtec.cat\/ieslaserra\/linstitut\/calendari-del-curs\/","title":{"rendered":"Calendari del curs"},"content":{"rendered":"<p><strong>Durada del curs<\/strong>: del dilluns 8 de setembre de 2025 al divendres 19 de juny de 2026<\/p>\n<p><span style=\"color: #ff0000;\"><strong>1a. AVALUACI\u00d3<\/strong><\/span><\/p>\n<p><strong>Durada<\/strong>: del dilluns 8 de setembre al divendres 28 de novembre (58 dies lectius).<\/p>\n<p>Sessions preavaluaci\u00f3 i avaluaci\u00f3 inicial: del 20 al 23 d\u2019octubre.<\/p>\n<p>Reunions de fam\u00edlies: del 27 al 30 d&#8217;octubre<\/p>\n<p>Sessions d\u2019avaluaci\u00f3:\u00a0 entre l&#8217;1 i el 4 de desembre.<\/p>\n<p>Entrega d&#8217;informes: 10, 11 i 12 de desembre<\/p>\n<p><em>Dies festius<\/em>:<\/p>\n<p><em>\u00a0 \u00a0 \u00a0 \u00a0 \u00a0 \u00a0 \u00a0 \u00a0 \u00a0 \u00a0 11 de setembre (dj) , diada nacional de Catalunya<\/em><\/p>\n<p><em>\u00a0 \u00a0 \u00a0 \u00a0 \u00a0 \u00a0 \u00a0 \u00a0 \u00a0 \u00a0 31<\/em><em> d&#8217;octubre (dv), dia festiu de lliure disposici\u00f3<\/em><em>\u00a0 \u00a0 \u00a0 <\/em><em>\u00a0<\/em><\/p>\n<p><span style=\"color: #ff0000;\"><strong>2a. AVALUACI\u00d3<\/strong><\/span><\/p>\n<p><strong>Durada<\/strong>: del dilluns 1 de desembre al divendres 13 de mar\u00e7 (59 dies lectius).<\/p>\n<p>Sessions d\u2019avaluaci\u00f3:\u00a0 entre el 16 i el 24 de mar\u00e7.<\/p>\n<p>Entrega d&#8217;informes: 18 i 25 de mar\u00e7 d&#8217;abril<\/p>\n<p><em>Dies festius<\/em>:\u00a0 \u00a0 \u00a0 \u00a08 de desembre (dll), festivitat de la Immaculada<\/p>\n<p>9 de desembre (dm), dia festiu de lliure disposici\u00f3<\/p>\n<p><em>\u00a0 \u00a0 \u00a0 \u00a0 \u00a0 \u00a0 \u00a0 \u00a0 \u00a0 \u00a0 \u00a0 \u00a0 \u00a0 del 20 de desembre (ds) al 7 de gener (dc), Vacances Nadal<\/em><em>\u00a0 \u00a0 \u00a0 \u00a0 \u00a0 \u00a0 \u00a0 \u00a0<\/em><\/p>\n<p><em>\u00a0\u00a0\u00a0\u00a0\u00a0\u00a0\u00a0\u00a0\u00a0\u00a0\u00a0\u00a0\u00a0\u00a0\u00a0\u00a0\u00a0\u00a0\u00a0\u00a0\u00a0\u00a0\u00a0\u00a0\u00a0 16 de febrer (dll), dia festiu de lliure disposici\u00f3 (Dilluns de Carnaval)<\/em><em>\u00a0<\/em>\u00a0 <em>\u00a0 \u00a0 \u00a0 \u00a0 \u00a0 \u00a0 \u00a0 \u00a0 \u00a0 \u00a0 \u00a0 \u00a0 \u00a0 \u00a0<\/em><\/p>\n<p><span style=\"color: #ff0000;\"><strong>3a. AVALUACI\u00d3<\/strong><\/span><\/p>\n<p><strong>Durada<\/strong>: del dilluns 16 de mar\u00e7 al divendres 19 de juny (60 dies lectius).<\/p>\n<p><em>Dies festius<\/em>:\u00a0 \u00a0 \u00a0 \u00a019 de mar\u00e7 (dj), festa local (St. Josep)<\/p>\n<p>20 de mar\u00e7, dia festiu de lliure disposici\u00f3<\/p>\n<p>de<em>l 28 de mar\u00e7 al 6 d&#8217;abril, Vacances de Setmana Santa.<\/em><\/p>\n<p><em>\u00a0 \u00a0 \u00a0 \u00a0 \u00a0 \u00a0 \u00a0 \u00a0 \u00a0 \u00a0 \u00a0 \u00a0 \u00a0\u00a0 1 de maig (dv), festa del treball.\u00a0 \u00a0 <\/em><em>\u00a0 \u00a0 \u00a0 \u00a0 \u00a0 \u00a0 \u00a0\u00a0<\/em><\/p>\n<p><em>\u00a0\u00a0\u00a0\u00a0\u00a0\u00a0\u00a0\u00a0\u00a0\u00a0\u00a0\u00a0\u00a0\u00a0\u00a0\u00a0\u00a0\u00a0\u00a0\u00a0\u00a0\u00a0\u00a0\u00a0\u00a0 15 de maig (dv), festa local<\/em><\/p>\n<p><strong>Jornada redu\u00efda<\/strong> de 8h a 2\/4 de 2: del 8 al 19 de juny de 2026<\/p>\n<p><span style=\"color: #ff0000;\"><strong>ACTIVITATS DOCENTS ESO<\/strong>:<\/span><\/p>\n<ul style=\"list-style-type: disc;\">\n<li>Activitats lectives 1r, 2n i 3r d&#8217;ESO: fins el 19 de juny<\/li>\n<li>Activitats lectives 4t d&#8217;ESO: fins el 12 de juny<\/li>\n<\/ul>\n<p><strong>Sessions d\u2019avaluaci\u00f3<\/strong>:<\/p>\n<ul>\n<li>Sessions d&#8217;avaluaci\u00f3 ordin\u00e0ria ESO (final i \u00fanica):\n<ul>\n<li>1r d&#8217;ESO:\u00a0 \u00a022 de juny<\/li>\n<li>2n d&#8217;ESO:\u00a0 17 de juny<\/li>\n<li>3r d&#8217;ESO:\u00a0 \u00a018 de juny<\/li>\n<li>4t d&#8217;ESO:\u00a0 \u00a0 11 de juny<\/li>\n<\/ul>\n<\/li>\n<li><span style=\"font-family: inherit; font-size: 1em;\">Entrega de qualificacions: 23 i 25 de juny<\/span><\/li>\n<\/ul>\n<p><strong>Activitats extraescolars de final de curs ESO<\/strong>:<\/p>\n<ul>\n<li>1r d&#8217;ESO:\n<ul>\n<li>Col\u00f2nies fi de curs-Port del Comte: 18 i 19 de juny<\/li>\n<li>Trobada Prim\u00e0ria-Secund\u00e0ria: 17 de juny<\/li>\n<\/ul>\n<\/li>\n<li>2n d&#8217;ESO:\n<ul>\n<li>Sortida fi de curs-Terradets: 18 de juny<\/li>\n<li>Splash: 19 de juny<\/li>\n<\/ul>\n<\/li>\n<li>3r d&#8217;ESO:\n<ul>\n<li>Sortida fi de curs-La Mora: 17 de juny<\/li>\n<\/ul>\n<\/li>\n<li>4t d&#8217;ESO:\n<ul>\n<li>Viatge fi d&#8217;etapa: del 15 al 19 de juny<\/li>\n<li><\/li>\n<\/ul>\n<\/li>\n<li><strong>FESTA GRADUACI\u00d3 4t ESO: 12 de juny de 2026<br \/>\n<\/strong><\/li>\n<\/ul>\n<p><strong>\u00a0<\/strong><\/p>\n<p><span style=\"color: #ff0000;\"><strong>ACTIVITATS DOCENTS 1r BTX<\/strong><\/span><\/p>\n<ul>\n<li>Fi de les classes: 2 de juny de 2026<\/li>\n<li>Ex\u00e0mens de recuperaci\u00f3 i millora: del 3 al 9 de juny<\/li>\n<li>Avaluaci\u00f3 final ordin\u00e0ria: 10 de juny<\/li>\n<li>Ex\u00e0mens de recuperaci\u00f3 extraordin\u00e0ria: del 15 al 18 de juny<\/li>\n<li>Avaluaci\u00f3 final extraordin\u00e0ria: 22 de juny<\/li>\n<\/ul>\n<p>Entrega d&#8217;informes: 23 i 25 de juny<\/p>\n<p>&nbsp;<\/p>\n<p><span style=\"color: #ff0000;\"><strong>ACTIVITATS DOCENTS 2n BTX<\/strong><\/span><\/p>\n<p><strong style=\"font-family: inherit; font-size: 1em;\">Avaluaci\u00f3 ordin\u00e0ria<\/strong><\/p>\n<ul>\n<li>Activitats lectives fins el 30 d&#8217;abril de 2026<\/li>\n<li>Ex\u00e0mens 3a avaluaci\u00f3:\u00a0\u00a0 del 4 al 8 de maig de 2026<\/li>\n<li>Recuperacions ordin\u00e0ries:\u00a0 de l&#8217;11 al 14 de maig de 2026<\/li>\n<\/ul>\n<p>Sessi\u00f3 d&#8217;avaluaci\u00f3 ordin\u00e0ria:\u00a0 19 de maig de 2026<\/p>\n<p>Classes recuperaci\u00f3 i preparaci\u00f3 acc\u00e9s a la universitat: del 19 de maig al 5 de juny de 2026<\/p>\n<ul>\n<li>Recuperacions extraordin\u00e0ries: del 3 al 9 de juny de 2026<\/li>\n<\/ul>\n<p>Sessi\u00f3 d&#8217;avaluaci\u00f3 extraordin\u00e0ria:\u00a0 9 de juny de 2026<\/p>\n<p>Entrega d&#8217;informes:\u00a0 20 de maig i 10 de juny de 2026<\/p>\n<p><strong>FESTA GRADUACI\u00d3 2n BTX:\u00a0 22 de maig de 2026<\/strong><\/p>\n","protected":false},"excerpt":{"rendered":"<p>Durada del curs: del dilluns 8 de setembre de 2025 al divendres 19 de juny de 2026<br \/>\n1a. AVALUACI\u00d3<br \/>\nDurada: del dilluns 8 de setembre al divendres 28 de novembre (58 dies lectius).<br \/>\nSessions preavaluaci\u00f3 i avaluaci\u00f3 inicial: del 20 al 23 d\u2019octubre.<br \/>\nReunions de fam\u00edlies: del 27 al&hellip;  <a href=\"https:\/\/agora.xtec.cat\/ieslaserra\/linstitut\/calendari-del-curs\/\" title=\"Read Calendari del curs\">Llegeix m\u00e9s\u00bb<\/a><\/p>\n","protected":false},"author":1,"featured_media":0,"parent":19,"menu_order":70,"comment_status":"closed","ping_status":"closed","template":"page-templates\/side-menu.php","meta":{"_bbp_topic_count":0,"_bbp_reply_count":0,"_bbp_total_topic_count":0,"_bbp_total_reply_count":0,"_bbp_voice_count":0,"_bbp_anonymous_reply_count":0,"_bbp_topic_count_hidden":0,"_bbp_reply_count_hidden":0,"_bbp_forum_subforum_count":0,"footnotes":""},"class_list":["post-52","page","type-page","status-publish","hentry"],"post_mailing_queue_ids":[],"_links":{"self":[{"href":"https:\/\/agora.xtec.cat\/ieslaserra\/wp-json\/wp\/v2\/pages\/52","targetHints":{"allow":["GET"]}}],"collection":[{"href":"https:\/\/agora.xtec.cat\/ieslaserra\/wp-json\/wp\/v2\/pages"}],"about":[{"href":"https:\/\/agora.xtec.cat\/ieslaserra\/wp-json\/wp\/v2\/types\/page"}],"author":[{"embeddable":true,"href":"https:\/\/agora.xtec.cat\/ieslaserra\/wp-json\/wp\/v2\/users\/1"}],"replies":[{"embeddable":true,"href":"https:\/\/agora.xtec.cat\/ieslaserra\/wp-json\/wp\/v2\/comments?post=52"}],"version-history":[{"count":6,"href":"https:\/\/agora.xtec.cat\/ieslaserra\/wp-json\/wp\/v2\/pages\/52\/revisions"}],"predecessor-version":[{"id":19446,"href":"https:\/\/agora.xtec.cat\/ieslaserra\/wp-json\/wp\/v2\/pages\/52\/revisions\/19446"}],"up":[{"embeddable":true,"href":"https:\/\/agora.xtec.cat\/ieslaserra\/wp-json\/wp\/v2\/pages\/19"}],"wp:attachment":[{"href":"https:\/\/agora.xtec.cat\/ieslaserra\/wp-json\/wp\/v2\/media?parent=52"}],"curies":[{"name":"wp","href":"https:\/\/api.w.org\/{rel}","templated":true}]}}