{"id":46,"date":"2014-09-17T16:53:45","date_gmt":"2014-09-17T16:53:45","guid":{"rendered":"http:\/\/agora.xtec.cat\/ieslaserra\/?page_id=46"},"modified":"2025-11-06T13:55:28","modified_gmt":"2025-11-06T12:55:28","slug":"organigrama","status":"publish","type":"page","link":"https:\/\/agora.xtec.cat\/ieslaserra\/linstitut\/organigrama\/","title":{"rendered":"Organigrama"},"content":{"rendered":"<p><strong>Equip directiu:<\/strong><\/p>\n<ul>\n<li>Director: <em>Ignasi Serret i Palau<\/em><\/li>\n<li>Cap d&#8217;Estudis: <em>M. Jos\u00e9 Santiago Planes<br \/>\n<\/em><\/li>\n<li>Coordinadora Pedag\u00f2gica: <em>Marissa Llovera Mitjana<\/em><\/li>\n<li>Secret\u00e0ria: <em>Nat\u00e0lia Rib\u00f3 Mur<\/em><\/li>\n<\/ul>\n<p><strong>Coordinadors i coordinadores de nivell:<\/strong><\/p>\n<ul>\n<li>Coordinaci\u00f3 1r ESO: <em>Gemma Sim\u00f3 Chimenos<\/em><\/li>\n<li>Coordinaci\u00f3 2n ESO: <em>Mag\u00ed Serra Marsell\u00e9s<br \/>\n<\/em><\/li>\n<li>Coordinaci\u00f3 3r ESO: <em>Marc Pellis\u00e9 Palacios<br \/>\n<\/em><\/li>\n<li>Coordinaci\u00f3 4t ESO: <em>Marta Ros Pujol<\/em><\/li>\n<li>Coordinaci\u00f3 Batxillerat: <em>Gl\u00f2ria Sol Font<\/em><\/li>\n<\/ul>\n<p><strong>ESO Tutors i tutores:<\/strong><\/p>\n<ul>\n<li>Tutoria 1r ESO A: <em>Judit Pi\u00f1ol Alberich<\/em><\/li>\n<li>Tutoria 1r ESO B: M\u00edriam Vila Caelles<em><br \/>\n<\/em><\/li>\n<li>Tutoria 1r ESO C: <em>Tamara Ortiz Alsina<br \/>\n<\/em><\/li>\n<li>Tutoria 1r ESO D: <em>Gemma Sim\u00f3 Chimenos<\/em><em><br \/>\n<\/em><\/li>\n<\/ul>\n<ul>\n<li>Tutoria 2n ESO A: Mag\u00ed Serra Marsell\u00e9s<em><br \/>\n<\/em><\/li>\n<li>Tutoria 2n ESO B: <em>Cristina Mestre Gorn\u00e9<br \/>\n<\/em><\/li>\n<li>Tutoria 2n ESO C: <em>Adri\u00e0 P\u00e9rez Vergara<\/em><em><br \/>\n<\/em><\/li>\n<li>Tutoria 2n ESO D: <em>Laia Garsaball Segura<br \/>\n<\/em><\/li>\n<\/ul>\n<ul>\n<li>Tutoria 3r ESO A: <em>Merc\u00e8 Llobera Farnell<\/em><em><br \/>\n<\/em><\/li>\n<li>Tutoria 3r ESO B: Elena Salmer\u00f3n Quesada<em><br \/>\n<\/em><\/li>\n<li>Tutoria 3r ESO C: <em>Andrea Sobrev\u00eda Almuzara<\/em><em><br \/>\n<\/em><\/li>\n<li>Tutoria 3r ESO D: <em>Josep M. Espasa Molg\u00f3<br \/>\n<\/em><\/li>\n<li>Tutoria 3r ESO E: Marc Pellis\u00e9 Palacios<\/li>\n<li><\/li>\n<li>Tutoria 4t ESO A: <em>Marta Ros Pujol<br \/>\n<\/em><\/li>\n<li>Tutoria 4t ESO B: Albert Sim\u00f3 Masgoret<em><br \/>\n<\/em><\/li>\n<li>Tutoria 4t ESO C: <em>Anna Bosch Gonz\u00e1lez &#8211; Odet Baiges Vila<\/em><\/li>\n<li>Tutoria 4t ESO D: \u00d2s<em>car Garsaball Miquel<br \/>\n<\/em><\/li>\n<li>Tutoria 4t ESO E: M. Jos\u00e9 Monn\u00e9 Florensa<\/li>\n<li><\/li>\n<li>SIEI: <em>Al\u00edcia Tudela, Virg\u00ednia Onta\u00f1\u00f3n i Susana S\u00e1nchez<br \/>\n<\/em><\/li>\n<li>Aula d&#8217;acollida. <em>Laura Tom\u00e0s L\u00f3pez<br \/>\n<\/em><\/li>\n<li>Educadores: Eva Espa\u00f1ol Boncompte i Txell Pelfort Zafra<\/li>\n<li>T\u00e8cnica d&#8217;Integraci\u00f3 social: Maria Guix\u00e9 Alfaro<\/li>\n<\/ul>\n<p><strong>BATXILLERAT\u00a0 Tutors i tutores:<\/strong><\/p>\n<ul>\n<li>Tutoria 1r Batxillerat A: <em>Xavier Freixes Serrano<\/em><\/li>\n<li>Tutoria 1r Batxillerat B: <em>David Taranilla Garcia<\/em><\/li>\n<\/ul>\n<ul>\n<li>Tutoria 2n Batxillerat A: <em>Xavier Blanch Buchaca<\/em><em><br \/>\n<\/em><\/li>\n<li>Tutoria 2n Batxillerat B: Gl\u00f2ria Sol Font<\/li>\n<\/ul>\n<p><strong>DEPARTAMENTS DID\u00c0CTICS:<\/strong><\/p>\n<ul>\n<li>Cap del departament d&#8217;Orientaci\u00f3: <em>Magda Andr\u00e9s Capdevila<\/em><\/li>\n<li>Cap del departament de Llengua catalana i literatura: <em>Marta Font Falguera<\/em><\/li>\n<li>Cap del departament de Llengua castellana i literatura: <em>Alba Bacard\u00ed Baldrich<\/em><\/li>\n<li>Cap del departament de Lleng\u00fces estrangeres: <em>Josep M. Espasa Molg\u00f3<br \/>\n<\/em><\/li>\n<li>Cap del departament de Matem\u00e0tiques i Economia: <em>Judit Pi\u00f1ol Alberich<\/em><\/li>\n<li>Cap del departament de Ci\u00e8ncies de la naturalesa: <em>Montserrat Sol\u00e9 Montoro<\/em><\/li>\n<li>Cap dle departament de Ci\u00e8ncies Socials: <em>\u00d2scar Garsaball Miquel<br \/>\n<\/em><\/li>\n<li>Cap del departament de Tecnologia: <em>Josep Balcells Espasa<\/em><\/li>\n<li>Cap del departament d&#8217;Expressi\u00f3 art\u00edstica: <em>Cristina Mestre Gorn\u00e9<\/em><\/li>\n<\/ul>\n<p><strong>COORDINACIONS T\u00c8CNIQUES:<\/strong><\/p>\n<ul>\n<li>Biblioteca escolar: <em>Pepita Boneu Farr\u00e9<\/em><\/li>\n<li>Pla lector: <em>Ton Cambrod\u00ed Masip<br \/>\n<\/em><\/li>\n<li>Servei Comunitari: Montse Tella \/ Xavier Blanch<\/li>\n<li>Relacions internacionals: <em>Josep M. Espasa Molg\u00f3 i M. \u00c0ngels Juli\u00e0 Traveria<br \/>\n<\/em><\/li>\n<li>Recursos t\u00e8cnics TAC: <em>Miquel Sabat\u00e9 Palau<\/em><\/li>\n<li>Relacions amb el m\u00f3n laboral: <em>Guillem Padrosa Dan\u00e9s<\/em><\/li>\n<li>Coeducaci\u00f3, conviv\u00e8ncia i benestar de l&#8217;alumnat: <em>Al\u00edcia Tudela Berga<\/em><\/li>\n<li>Extraescolars i Pla catal\u00e0 d&#8217;esport: <em>M. Carme Munt\u00e9 Torres<\/em><\/li>\n<li>Riscos laborals: <em>Nat\u00e0lia Rib\u00f3 Mur<\/em><\/li>\n<\/ul>\n","protected":false},"excerpt":{"rendered":"<p>Equip directiu:<\/p>\n<ul>\n<li>Director: Ignasi Serret i Palau<\/li>\n<li>Cap d&#8217;Estudis: M. Jos\u00e9 Santiago Planes\n<\/li>\n<li>Coordinadora Pedag\u00f2gica: Marissa Llovera Mitjana<\/li>\n<li>Secret\u00e0ria: Nat\u00e0lia Rib\u00f3 Mur<\/li>\n<\/ul>\n<p>Coordinadors i coordinadores de nivell:<\/p>\n<ul>\n<li>Coordinaci\u00f3 1r ESO: Gemma Sim\u00f3 Chimenos<\/li>\n<li>Coordinaci\u00f3 2n ESO: Mag\u00ed Serra Marsell\u00e9s\n<\/li>\n<li>Coordinaci\u00f3 3r ESO: Marc Pellis\u00e9 Palacios\n<\/li>\n<li>Coordinaci\u00f3 4t ESO: Marta Ros Pujol<\/li>\n<li>Coordinaci\u00f3 Batxillerat: Gl\u00f2ria Sol&hellip;  <a href=\"https:\/\/agora.xtec.cat\/ieslaserra\/linstitut\/organigrama\/\" title=\"Read Organigrama\">Llegeix m\u00e9s\u00bb<\/a><br \/>\n","protected":false},"author":1,"featured_media":0,"parent":19,"menu_order":50,"comment_status":"closed","ping_status":"closed","template":"page-templates\/side-menu.php","meta":{"_bbp_topic_count":0,"_bbp_reply_count":0,"_bbp_total_topic_count":0,"_bbp_total_reply_count":0,"_bbp_voice_count":0,"_bbp_anonymous_reply_count":0,"_bbp_topic_count_hidden":0,"_bbp_reply_count_hidden":0,"_bbp_forum_subforum_count":0,"footnotes":""},"class_list":["post-46","page","type-page","status-publish","hentry"],"post_mailing_queue_ids":[],"_links":{"self":[{"href":"https:\/\/agora.xtec.cat\/ieslaserra\/wp-json\/wp\/v2\/pages\/46","targetHints":{"allow":["GET"]}}],"collection":[{"href":"https:\/\/agora.xtec.cat\/ieslaserra\/wp-json\/wp\/v2\/pages"}],"about":[{"href":"https:\/\/agora.xtec.cat\/ieslaserra\/wp-json\/wp\/v2\/types\/page"}],"author":[{"embeddable":true,"href":"https:\/\/agora.xtec.cat\/ieslaserra\/wp-json\/wp\/v2\/users\/1"}],"replies":[{"embeddable":true,"href":"https:\/\/agora.xtec.cat\/ieslaserra\/wp-json\/wp\/v2\/comments?post=46"}],"version-history":[{"count":6,"href":"https:\/\/agora.xtec.cat\/ieslaserra\/wp-json\/wp\/v2\/pages\/46\/revisions"}],"predecessor-version":[{"id":19483,"href":"https:\/\/agora.xtec.cat\/ieslaserra\/wp-json\/wp\/v2\/pages\/46\/revisions\/19483"}],"up":[{"embeddable":true,"href":"https:\/\/agora.xtec.cat\/ieslaserra\/wp-json\/wp\/v2\/pages\/19"}],"wp:attachment":[{"href":"https:\/\/agora.xtec.cat\/ieslaserra\/wp-json\/wp\/v2\/media?parent=46"}],"curies":[{"name":"wp","href":"https:\/\/api.w.org\/{rel}","templated":true}]}}