{"id":19,"date":"2014-09-17T14:56:56","date_gmt":"2014-09-17T14:56:56","guid":{"rendered":"http:\/\/agora.xtec.cat\/ieslaserra\/?page_id=19"},"modified":"2017-02-16T19:12:33","modified_gmt":"2017-02-16T18:12:33","slug":"linstitut","status":"publish","type":"page","link":"https:\/\/agora.xtec.cat\/ieslaserra\/linstitut\/","title":{"rendered":"L&#8217;Institut"},"content":{"rendered":"<p style=\"color: #444444;\">Us presentem el nostre Institut. <strong>L&#8217;Institut La Serra<\/strong> neix amb la implantaci\u00f3 de la LOGSE per escolaritzar l&#8217;alumnat del Pla d&#8217;Urgell que havia de cursar l&#8217;Educaci\u00f3 Secund\u00e0ria Obligat\u00f2ria. Despr\u00e9s d&#8217;un per\u00edode breu a les instal\u00b7lacions de l&#8217;actual <em>Institut Mollerussa<\/em>, ens traslladem a l&#8217;edifici actual.<\/p>\n<p style=\"color: #444444;\">Us oferim una descripci\u00f3 general del centre: ubicaci\u00f3, hist\u00f2ria, edifici, instal\u00b7lacions, organigrama, consell escolar, calendari, contactes,\u2026<\/p>\n<p style=\"color: #444444;\">Esperem que us agradi i sigueu benvinguts i benvingudes.<\/p>\n","protected":false},"excerpt":{"rendered":"<p>Us presentem el nostre Institut. L&#8217;Institut La Serra neix amb la implantaci\u00f3 de la LOGSE per escolaritzar l&#8217;alumnat del Pla d&#8217;Urgell que havia de cursar l&#8217;Educaci\u00f3 Secund\u00e0ria Obligat\u00f2ria. Despr\u00e9s d&#8217;un per\u00edode breu a les instal\u00b7lacions de l&#8217;actual Institut Mollerussa, ens traslladem a l&#8217;edifici actual.<br \/>\nUs oferim&hellip;  <a href=\"https:\/\/agora.xtec.cat\/ieslaserra\/linstitut\/\" title=\"Read L&#8217;Institut\">Llegeix m\u00e9s\u00bb<\/a><\/p>\n","protected":false},"author":1,"featured_media":0,"parent":0,"menu_order":0,"comment_status":"closed","ping_status":"closed","template":"page-templates\/side-menu.php","meta":{"_bbp_topic_count":0,"_bbp_reply_count":0,"_bbp_total_topic_count":0,"_bbp_total_reply_count":0,"_bbp_voice_count":0,"_bbp_anonymous_reply_count":0,"_bbp_topic_count_hidden":0,"_bbp_reply_count_hidden":0,"_bbp_forum_subforum_count":0,"footnotes":""},"class_list":["post-19","page","type-page","status-publish","hentry"],"post_mailing_queue_ids":[],"_links":{"self":[{"href":"https:\/\/agora.xtec.cat\/ieslaserra\/wp-json\/wp\/v2\/pages\/19","targetHints":{"allow":["GET"]}}],"collection":[{"href":"https:\/\/agora.xtec.cat\/ieslaserra\/wp-json\/wp\/v2\/pages"}],"about":[{"href":"https:\/\/agora.xtec.cat\/ieslaserra\/wp-json\/wp\/v2\/types\/page"}],"author":[{"embeddable":true,"href":"https:\/\/agora.xtec.cat\/ieslaserra\/wp-json\/wp\/v2\/users\/1"}],"replies":[{"embeddable":true,"href":"https:\/\/agora.xtec.cat\/ieslaserra\/wp-json\/wp\/v2\/comments?post=19"}],"version-history":[{"count":4,"href":"https:\/\/agora.xtec.cat\/ieslaserra\/wp-json\/wp\/v2\/pages\/19\/revisions"}],"predecessor-version":[{"id":648,"href":"https:\/\/agora.xtec.cat\/ieslaserra\/wp-json\/wp\/v2\/pages\/19\/revisions\/648"}],"wp:attachment":[{"href":"https:\/\/agora.xtec.cat\/ieslaserra\/wp-json\/wp\/v2\/media?parent=19"}],"curies":[{"name":"wp","href":"https:\/\/api.w.org\/{rel}","templated":true}]}}