{"id":43,"date":"2014-09-17T16:45:07","date_gmt":"2014-09-17T16:45:07","guid":{"rendered":"http:\/\/agora.xtec.cat\/ieslasedeta\/?page_id=43"},"modified":"2025-11-26T19:35:08","modified_gmt":"2025-11-26T18:35:08","slug":"consell-escolar","status":"publish","type":"page","link":"https:\/\/agora.xtec.cat\/ieslasedeta\/equip-huma\/consell-escolar\/","title":{"rendered":"Consell escolar"},"content":{"rendered":"\n<div class=\"wp-block-columns is-layout-flex wp-container-core-columns-is-layout-1 wp-block-columns-is-layout-flex\">\n<div class=\"wp-block-column is-layout-flow wp-block-column-is-layout-flow\" style=\"flex-basis:100%\">\n<figure class=\"wp-block-table alignwide is-style-stripes\"><table class=\"has-white-background-color has-background\"><tbody><tr><td class=\"has-text-align-center\" data-align=\"center\"><span style=\"color: #000000;\"><strong>President \/ Director<\/strong><\/span><\/td><td>Pedro Mariscal<\/td><td rowspan=\"2\"><span style=\"color: #000000;\"><strong>Sector&nbsp;fam\u00edlies<\/strong><\/span><\/td><td rowspan=\"2\">Mirela Fiori<div>Ana Gim\u00e9nez<\/div>I<span style=\"font-family: inherit; font-size: inherit; font-weight: inherit; background-color: rgba(0, 0, 0, 0);\">sabel Renter<\/span> (AFA)<\/td><\/tr><tr><td class=\"has-text-align-center\" data-align=\"center\"><span style=\"color: #000000;\"><strong>Cap d\u2019estudis<\/strong><\/span><\/td><td>Cristina Dur\u00f3<\/td><\/tr><tr><td class=\"has-text-align-center\" data-align=\"center\"><span style=\"color: #000000;\"><strong>Secret\u00e0ria<\/strong><\/span><\/td><td>Montserrat Gamazo<\/td><td>&nbsp;<strong>Sector PAS<\/strong><\/td><td>&nbsp;Eul\u00e0lia Rovira<\/td><\/tr><tr><td class=\"has-text-align-center\" data-align=\"center\"><span style=\"color: #000000;\"><strong>Sector professorat<\/strong><\/span><\/td><td><div class=\"TableContents\"><\/div>Josep Llu\u00eds Mart\u00ednez<br>Guillem Romeu<br>Albert Saurina<br>Carolina Ter\u00e9s<br>Jos\u00e9 Antonio Torrecillas<br>Tom\u00e0s Winand<\/td><td><span style=\"color: #000000;\"><strong>Sector alumnat<\/strong><\/span><\/td><td>Aitana Garcia<div>Alba Mart\u00ednez <\/div>Daniel Real<\/td><\/tr><tr><td class=\"has-text-align-center\" data-align=\"center\"><\/td><td><\/td><td><strong>Ajuntament<\/strong><\/td><td>Ferran Urgell<\/td><\/tr><\/tbody><\/table><\/figure>\n<\/div>\n<\/div>\n\n\n\n<p><span style=\"color: #000000;\">El consell escolar \u00e9s l\u2019\u00f2rgan col\u00b7legiat de participaci\u00f3 de la comunitat escolar en el govern del centre. Les seves funcions estan recollides a l&#8217;<em>article 148 de la Llei 12\/2009, d&#8217;educaci\u00f3:<\/em><\/span><\/p>\n\n\n\n<p>1. El consell escolar \u00e9s l&#8217;\u00f2rgan de participaci\u00f3 de la comunitat escolar en el govern del centre. Correspon al Departament establir mesures perqu\u00e8 aquesta participaci\u00f3 sigui efectiva, i tamb\u00e9 determinar el nombre i el procediment d&#8217;elecci\u00f3 dels membres del consell.<\/p>\n\n\n\n<p>2. El Departament ha d&#8217;adaptar l&#8217;estructura i la composici\u00f3 del consell escolar a les caracter\u00edstiques dels centres educatius \u00fanics a qu\u00e8 es refereix l&#8217;article 72.3, i d&#8217;altres centres de caracter\u00edstiques singulars, per a garantir l&#8217;efic\u00e0cia en l&#8217;exercici de les funcions que li corresponen.<\/p>\n\n\n\n<p class=\"has-text-align-left\">3. Corresponen al consell escolar les funcions seg\u00fcents:<\/p>\n\n\n\n<ol class=\"wp-block-list\">\n<li>Aprovar el projecte educatiu i les modificacions corresponents per una majoria de tres cinquenes parts dels membres.<\/li>\n\n\n\n<li>Aprovar la programaci\u00f3 general anual del centre i avaluar-ne el desenvolupament i els resultats.<\/li>\n\n\n\n<li>Aprovar les propostes d&#8217;acords de coresponsabilitat, convenis i altres acords de col\u00b7laboraci\u00f3 del centre amb entitats o institucions.<\/li>\n\n\n\n<li>Aprovar les normes d&#8217;organitzaci\u00f3 i funcionament i les modificacions corresponents.<\/li>\n\n\n\n<li>Aprovar la carta de comprom\u00eds educatiu.<\/li>\n\n\n\n<li>Aprovar el pressupost del centre i el rendiment de comptes.<\/li>\n\n\n\n<li>Intervenir en el procediment d&#8217;admissi\u00f3 d&#8217;alumnes.<\/li>\n\n\n\n<li>Participar en el procediment de selecci\u00f3 i en la proposta de cessament del director o directora.<\/li>\n\n\n\n<li>Intervenir en la resoluci\u00f3 dels conflictes i, si escau, revisar les sancions als alumnes.<\/li>\n\n\n\n<li>Aprovar les directrius per a la programaci\u00f3 d&#8217;activitats escolars complement\u00e0ries i d&#8217;activitats extraescolars, i avaluar-ne el desenvolupament.<\/li>\n\n\n\n<li>Participar en les an\u00e0lisis i les avaluacions del funcionament general del centre i con\u00e8ixer l&#8217;evoluci\u00f3 del rendiment escolar.<\/li>\n\n\n\n<li>Aprovar els criteris de col\u00b7laboraci\u00f3 amb altres centres i amb l&#8217;entorn.<\/li>\n\n\n\n<li>Qualsevol altra que li sigui atribu\u00efda per les normes legals o reglament\u00e0ries.<\/li>\n<\/ol>\n","protected":false},"excerpt":{"rendered":"<p>President \/ Director Pedro Mariscal Sector&nbsp;fam\u00edlies Mirela Fiori Ana Gim\u00e9nez Isabel Renter (AFA) Cap d\u2019estudis Cristina Dur\u00f3 Secret\u00e0ria Montserrat Gamazo &nbsp;Sector PAS &nbsp;Eul\u00e0lia Rovira Sector professorat Josep Llu\u00eds Mart\u00ednezGuillem RomeuAlbert SaurinaCarolina Ter\u00e9sJos\u00e9 Antonio TorrecillasTom\u00e0s Winand Sector alumnat Aitana Garcia Alba Mart\u00ednez Daniel Real Ajuntament Ferran Urgell El consell escolar \u00e9s l\u2019\u00f2rgan col\u00b7legiat de participaci\u00f3 de [&hellip;]<\/p>\n","protected":false},"author":1,"featured_media":0,"parent":908,"menu_order":40,"comment_status":"closed","ping_status":"closed","template":"","meta":{"_bbp_topic_count":0,"_bbp_reply_count":0,"_bbp_total_topic_count":0,"_bbp_total_reply_count":0,"_bbp_voice_count":0,"_bbp_anonymous_reply_count":0,"_bbp_topic_count_hidden":0,"_bbp_reply_count_hidden":0,"_bbp_forum_subforum_count":0,"site-sidebar-layout":"default","site-content-layout":"","ast-site-content-layout":"default","site-content-style":"default","site-sidebar-style":"default","ast-global-header-display":"","ast-banner-title-visibility":"","ast-main-header-display":"","ast-hfb-above-header-display":"","ast-hfb-below-header-display":"","ast-hfb-mobile-header-display":"","site-post-title":"","ast-breadcrumbs-content":"","ast-featured-img":"","footer-sml-layout":"","theme-transparent-header-meta":"","adv-header-id-meta":"","stick-header-meta":"","header-above-stick-meta":"","header-main-stick-meta":"","header-below-stick-meta":"","astra-migrate-meta-layouts":"set","ast-page-background-enabled":"default","ast-page-background-meta":{"desktop":{"background-color":"var(--ast-global-color-4)","background-image":"","background-repeat":"repeat","background-position":"center center","background-size":"auto","background-attachment":"scroll","background-type":"","background-media":"","overlay-type":"","overlay-color":"","overlay-opacity":"","overlay-gradient":""},"tablet":{"background-color":"","background-image":"","background-repeat":"repeat","background-position":"center center","background-size":"auto","background-attachment":"scroll","background-type":"","background-media":"","overlay-type":"","overlay-color":"","overlay-opacity":"","overlay-gradient":""},"mobile":{"background-color":"","background-image":"","background-repeat":"repeat","background-position":"center center","background-size":"auto","background-attachment":"scroll","background-type":"","background-media":"","overlay-type":"","overlay-color":"","overlay-opacity":"","overlay-gradient":""}},"ast-content-background-meta":{"desktop":{"background-color":"var(--ast-global-color-5)","background-image":"","background-repeat":"repeat","background-position":"center center","background-size":"auto","background-attachment":"scroll","background-type":"","background-media":"","overlay-type":"","overlay-color":"","overlay-opacity":"","overlay-gradient":""},"tablet":{"background-color":"var(--ast-global-color-5)","background-image":"","background-repeat":"repeat","background-position":"center center","background-size":"auto","background-attachment":"scroll","background-type":"","background-media":"","overlay-type":"","overlay-color":"","overlay-opacity":"","overlay-gradient":""},"mobile":{"background-color":"var(--ast-global-color-5)","background-image":"","background-repeat":"repeat","background-position":"center center","background-size":"auto","background-attachment":"scroll","background-type":"","background-media":"","overlay-type":"","overlay-color":"","overlay-opacity":"","overlay-gradient":""}},"footnotes":""},"class_list":["post-43","page","type-page","status-publish","hentry"],"post_mailing_queue_ids":[],"_links":{"self":[{"href":"https:\/\/agora.xtec.cat\/ieslasedeta\/wp-json\/wp\/v2\/pages\/43","targetHints":{"allow":["GET"]}}],"collection":[{"href":"https:\/\/agora.xtec.cat\/ieslasedeta\/wp-json\/wp\/v2\/pages"}],"about":[{"href":"https:\/\/agora.xtec.cat\/ieslasedeta\/wp-json\/wp\/v2\/types\/page"}],"author":[{"embeddable":true,"href":"https:\/\/agora.xtec.cat\/ieslasedeta\/wp-json\/wp\/v2\/users\/1"}],"replies":[{"embeddable":true,"href":"https:\/\/agora.xtec.cat\/ieslasedeta\/wp-json\/wp\/v2\/comments?post=43"}],"version-history":[{"count":5,"href":"https:\/\/agora.xtec.cat\/ieslasedeta\/wp-json\/wp\/v2\/pages\/43\/revisions"}],"predecessor-version":[{"id":13645,"href":"https:\/\/agora.xtec.cat\/ieslasedeta\/wp-json\/wp\/v2\/pages\/43\/revisions\/13645"}],"up":[{"embeddable":true,"href":"https:\/\/agora.xtec.cat\/ieslasedeta\/wp-json\/wp\/v2\/pages\/908"}],"wp:attachment":[{"href":"https:\/\/agora.xtec.cat\/ieslasedeta\/wp-json\/wp\/v2\/media?parent=43"}],"curies":[{"name":"wp","href":"https:\/\/api.w.org\/{rel}","templated":true}]}}