{"id":396,"date":"2015-09-02T20:24:19","date_gmt":"2015-09-02T19:24:19","guid":{"rendered":"http:\/\/agora.xtec.cat\/ieslasedeta\/?page_id=396"},"modified":"2025-11-06T17:31:27","modified_gmt":"2025-11-06T16:31:27","slug":"formularis-i-impressos","status":"publish","type":"page","link":"https:\/\/agora.xtec.cat\/ieslasedeta\/formularis-i-impressos\/","title":{"rendered":"Documents i formularis descarregables"},"content":{"rendered":"<table style=\"border: none; width: 513px;\" border=\"4\">\n<tbody>\n<tr style=\"border-color: #f29007;\">\n<td style=\"border: none; width: 67px;\"><a href=\"http:\/\/agora.xtec.cat\/ieslasedeta\/wp-content\/uploads\/usu656\/2015\/09\/formulari-100x100.png\"><img loading=\"lazy\" decoding=\"async\" class=\"alignnone wp-image-400\" src=\"http:\/\/agora.xtec.cat\/ieslasedeta\/wp-content\/uploads\/usu656\/2015\/09\/formulari-100x100.png\" alt=\"formulari 100x100\" width=\"50\" height=\"50\" \/><\/a><\/td>\n<td style=\"border: none; width: 440px;\"><strong><span style=\"font-size: 14pt;\"><a href=\"https:\/\/drive.google.com\/file\/d\/1IIS8xx76UCDEwA9YLiJj8NAteX2PXh3q\/view?usp=sharing\" target=\"_blank\" rel=\"noopener noreferrer\">Autoritzaci\u00f3 per sortir del centre en horari lectiu<\/a><\/span><\/strong><\/td>\n<\/tr>\n<tr>\n<td style=\"border: none; width: 67px;\"><a href=\"http:\/\/agora.xtec.cat\/ieslasedeta\/wp-content\/uploads\/usu656\/2015\/09\/formulari-100x100.png\"><img loading=\"lazy\" decoding=\"async\" class=\"alignnone wp-image-400\" src=\"http:\/\/agora.xtec.cat\/ieslasedeta\/wp-content\/uploads\/usu656\/2015\/09\/formulari-100x100.png\" alt=\"formulari 100x100\" width=\"50\" height=\"50\" \/><\/a><\/td>\n<td style=\"border: none; width: 440px;\"><strong><span style=\"font-size: 14pt;\"><a href=\"https:\/\/drive.google.com\/file\/d\/1tcG6Tpmy9Vc4aJ55qW4BxT2auV-W51bx\/view?usp=sharing\" target=\"_blank\" rel=\"noopener noreferrer\">Justificaci\u00f3 de faltes 1r ESO<\/a><\/span><\/strong><\/td>\n<\/tr>\n<tr>\n<td style=\"border: none; width: 67px;\"><strong><span style=\"font-size: 14pt;\"><a href=\"http:\/\/agora.xtec.cat\/ieslasedeta\/wp-content\/uploads\/usu656\/2015\/09\/formulari-100x100.png\"><img loading=\"lazy\" decoding=\"async\" class=\"alignnone wp-image-400\" src=\"http:\/\/agora.xtec.cat\/ieslasedeta\/wp-content\/uploads\/usu656\/2015\/09\/formulari-100x100.png\" alt=\"formulari 100x100\" width=\"50\" height=\"50\" \/><\/a><\/span><\/strong><\/td>\n<td style=\"border: none; width: 440px;\"><strong><span style=\"font-size: 14pt;\"><a href=\"https:\/\/drive.google.com\/file\/d\/1IyK3euK17J9vgpWmsKpfNI-5TG5WflI1\/view?usp=sharing\" target=\"_blank\" rel=\"noopener noreferrer\">Justificaci\u00f3 de faltes 2n ESO<\/a><\/span><\/strong><\/td>\n<\/tr>\n<tr>\n<td style=\"border: none; width: 67px;\"><a href=\"http:\/\/agora.xtec.cat\/ieslasedeta\/wp-content\/uploads\/usu656\/2015\/09\/formulari-100x100.png\"><img loading=\"lazy\" decoding=\"async\" class=\"alignnone wp-image-400\" src=\"http:\/\/agora.xtec.cat\/ieslasedeta\/wp-content\/uploads\/usu656\/2015\/09\/formulari-100x100.png\" alt=\"formulari 100x100\" width=\"50\" height=\"50\" \/><\/a><\/td>\n<td style=\"border: none; width: 440px;\"><strong><span style=\"font-size: 14pt;\"><a href=\"https:\/\/drive.google.com\/file\/d\/1tts5h4rel10eMuCGH3BWSdZ4r0tPC-1C\/view?usp=sharing\" target=\"_blank\" rel=\"noopener noreferrer\">Justificaci\u00f3 de faltes 3r ESO<\/a><\/span><\/strong><\/td>\n<\/tr>\n<tr>\n<td style=\"border: none; width: 67px;\"><strong><span style=\"font-size: 14pt;\"><a href=\"http:\/\/agora.xtec.cat\/ieslasedeta\/wp-content\/uploads\/usu656\/2015\/09\/formulari-100x100.png\"><img loading=\"lazy\" decoding=\"async\" class=\"alignnone wp-image-400\" src=\"http:\/\/agora.xtec.cat\/ieslasedeta\/wp-content\/uploads\/usu656\/2015\/09\/formulari-100x100.png\" alt=\"formulari 100x100\" width=\"50\" height=\"50\" \/><\/a><\/span><\/strong><\/td>\n<td style=\"border: none; width: 440px;\"><strong><span style=\"font-size: 14pt;\"><a href=\"https:\/\/drive.google.com\/file\/d\/1AExNkO_QeNYhIV36N1x8h5y0f6JhVegu\/view?usp=sharing\" target=\"_blank\" rel=\"noopener noreferrer\">Justificaci\u00f3 de faltes 4t ESO<\/a><\/span><\/strong><\/td>\n<\/tr>\n<tr>\n<td style=\"border: none; width: 67px;\"><a href=\"http:\/\/agora.xtec.cat\/ieslasedeta\/wp-content\/uploads\/usu656\/2015\/09\/formulari-100x100.png\"><img loading=\"lazy\" decoding=\"async\" class=\"alignnone wp-image-400\" src=\"http:\/\/agora.xtec.cat\/ieslasedeta\/wp-content\/uploads\/usu656\/2015\/09\/formulari-100x100.png\" alt=\"formulari 100x100\" width=\"50\" height=\"50\" \/><\/a><\/td>\n<td style=\"border: none; width: 440px;\"><strong><span style=\"font-size: 14pt;\"><a href=\"https:\/\/drive.google.com\/file\/d\/1_c23_8UIVgRDvOH3o5lDZFUkweb9OfxS\/view?usp=sharing\" target=\"_blank\" rel=\"noopener noreferrer\">Justificaci\u00f3 de faltes 1r Batxillerat<\/a><\/span><\/strong><\/td>\n<\/tr>\n<tr>\n<td style=\"border: none; width: 67px;\"><strong><span style=\"font-size: 14pt;\"><a href=\"http:\/\/agora.xtec.cat\/ieslasedeta\/wp-content\/uploads\/usu656\/2015\/09\/formulari-100x100.png\"><img loading=\"lazy\" decoding=\"async\" class=\"alignnone wp-image-400\" src=\"http:\/\/agora.xtec.cat\/ieslasedeta\/wp-content\/uploads\/usu656\/2015\/09\/formulari-100x100.png\" alt=\"formulari 100x100\" width=\"50\" height=\"50\" \/><\/a><\/span><\/strong><\/td>\n<td style=\"border: none; width: 440px;\"><strong><span style=\"font-size: 14pt;\"><a href=\"https:\/\/drive.google.com\/file\/d\/1filGUgtj-DPe8osuQbwUu0wRyP7GxAo5\/view?usp=sharing\" target=\"_blank\" rel=\"noopener noreferrer\">Justificaci\u00f3 de faltes 2n Batxillerat<\/a><\/span><\/strong><\/td>\n<\/tr>\n<\/tbody>\n<\/table>\n","protected":false},"excerpt":{"rendered":"<p>Autoritzaci\u00f3 per sortir del centre en horari lectiu Justificaci\u00f3 de faltes 1r ESO Justificaci\u00f3 de faltes 2n ESO Justificaci\u00f3 de faltes 3r ESO Justificaci\u00f3 de faltes 4t ESO Justificaci\u00f3 de faltes 1r Batxillerat Justificaci\u00f3 de faltes 2n Batxillerat<\/p>\n","protected":false},"author":1,"featured_media":0,"parent":0,"menu_order":0,"comment_status":"closed","ping_status":"closed","template":"","meta":{"_bbp_topic_count":0,"_bbp_reply_count":0,"_bbp_total_topic_count":0,"_bbp_total_reply_count":0,"_bbp_voice_count":0,"_bbp_anonymous_reply_count":0,"_bbp_topic_count_hidden":0,"_bbp_reply_count_hidden":0,"_bbp_forum_subforum_count":0,"site-sidebar-layout":"default","site-content-layout":"","ast-site-content-layout":"default","site-content-style":"default","site-sidebar-style":"default","ast-global-header-display":"","ast-banner-title-visibility":"","ast-main-header-display":"","ast-hfb-above-header-display":"","ast-hfb-below-header-display":"","ast-hfb-mobile-header-display":"","site-post-title":"","ast-breadcrumbs-content":"","ast-featured-img":"","footer-sml-layout":"","theme-transparent-header-meta":"","adv-header-id-meta":"","stick-header-meta":"","header-above-stick-meta":"","header-main-stick-meta":"","header-below-stick-meta":"","astra-migrate-meta-layouts":"set","ast-page-background-enabled":"default","ast-page-background-meta":{"desktop":{"background-color":"var(--ast-global-color-4)","background-image":"","background-repeat":"repeat","background-position":"center center","background-size":"auto","background-attachment":"scroll","background-type":"","background-media":"","overlay-type":"","overlay-color":"","overlay-opacity":"","overlay-gradient":""},"tablet":{"background-color":"","background-image":"","background-repeat":"repeat","background-position":"center center","background-size":"auto","background-attachment":"scroll","background-type":"","background-media":"","overlay-type":"","overlay-color":"","overlay-opacity":"","overlay-gradient":""},"mobile":{"background-color":"","background-image":"","background-repeat":"repeat","background-position":"center center","background-size":"auto","background-attachment":"scroll","background-type":"","background-media":"","overlay-type":"","overlay-color":"","overlay-opacity":"","overlay-gradient":""}},"ast-content-background-meta":{"desktop":{"background-color":"var(--ast-global-color-5)","background-image":"","background-repeat":"repeat","background-position":"center center","background-size":"auto","background-attachment":"scroll","background-type":"","background-media":"","overlay-type":"","overlay-color":"","overlay-opacity":"","overlay-gradient":""},"tablet":{"background-color":"var(--ast-global-color-5)","background-image":"","background-repeat":"repeat","background-position":"center center","background-size":"auto","background-attachment":"scroll","background-type":"","background-media":"","overlay-type":"","overlay-color":"","overlay-opacity":"","overlay-gradient":""},"mobile":{"background-color":"var(--ast-global-color-5)","background-image":"","background-repeat":"repeat","background-position":"center center","background-size":"auto","background-attachment":"scroll","background-type":"","background-media":"","overlay-type":"","overlay-color":"","overlay-opacity":"","overlay-gradient":""}},"footnotes":""},"class_list":["post-396","page","type-page","status-publish","hentry"],"post_mailing_queue_ids":[],"_links":{"self":[{"href":"https:\/\/agora.xtec.cat\/ieslasedeta\/wp-json\/wp\/v2\/pages\/396","targetHints":{"allow":["GET"]}}],"collection":[{"href":"https:\/\/agora.xtec.cat\/ieslasedeta\/wp-json\/wp\/v2\/pages"}],"about":[{"href":"https:\/\/agora.xtec.cat\/ieslasedeta\/wp-json\/wp\/v2\/types\/page"}],"author":[{"embeddable":true,"href":"https:\/\/agora.xtec.cat\/ieslasedeta\/wp-json\/wp\/v2\/users\/1"}],"replies":[{"embeddable":true,"href":"https:\/\/agora.xtec.cat\/ieslasedeta\/wp-json\/wp\/v2\/comments?post=396"}],"version-history":[{"count":4,"href":"https:\/\/agora.xtec.cat\/ieslasedeta\/wp-json\/wp\/v2\/pages\/396\/revisions"}],"predecessor-version":[{"id":13458,"href":"https:\/\/agora.xtec.cat\/ieslasedeta\/wp-json\/wp\/v2\/pages\/396\/revisions\/13458"}],"wp:attachment":[{"href":"https:\/\/agora.xtec.cat\/ieslasedeta\/wp-json\/wp\/v2\/media?parent=396"}],"curies":[{"name":"wp","href":"https:\/\/api.w.org\/{rel}","templated":true}]}}