{"id":39,"date":"2014-09-17T16:36:44","date_gmt":"2014-09-17T16:36:44","guid":{"rendered":"http:\/\/agora.xtec.cat\/ieslasedeta\/?page_id=39"},"modified":"2025-11-18T10:11:20","modified_gmt":"2025-11-18T09:11:20","slug":"instal%c2%b7lacions","status":"publish","type":"page","link":"https:\/\/agora.xtec.cat\/ieslasedeta\/linstitut\/instal%c2%b7lacions\/","title":{"rendered":"Instal\u00b7lacions"},"content":{"rendered":"\n<div class=\"wp-block-getwid-images-slider has-arrows-inside has-dots-inside is-carousel has-slides-gap-none has-images-center has-cropped-images\"><div class=\"wp-block-getwid-images-slider__wrapper\" data-effect=\"slide\" data-slides-show=\"3\" data-slides-show-laptop=\"1\" data-slides-show-tablet=\"1\" data-slides-show-mobile=\"1\" data-slides-scroll=\"1\" data-autoplay=\"false\" data-pause-hover=\"false\" data-autoplay-speed=\"6000\" data-infinite=\"true\" data-animation-speed=\"800\" data-center-mode=\"false\" data-variable-width=\"false\" data-arrows=\"inside\" data-dots=\"inside\" data-spacing=\"none\"><div class=\"wp-block-getwid-images-slider__item\"><figure><img loading=\"lazy\" decoding=\"async\" width=\"2560\" height=\"1928\" src=\"https:\/\/agora.xtec.cat\/ieslasedeta\/wp-content\/uploads\/usu656\/2025\/11\/1000049358-scaled.jpg\" data-id=\"13598\" data-link=\"https:\/\/agora.xtec.cat\/ieslasedeta\/1000049358\/\" data-original-link=\"https:\/\/agora.xtec.cat\/ieslasedeta\/wp-content\/uploads\/usu656\/2025\/11\/1000049358-scaled.jpg\" class=\"wp-block-getwid-images-slider__image wp-image-13598\" srcset=\"https:\/\/agora.xtec.cat\/ieslasedeta\/wp-content\/uploads\/usu656\/2025\/11\/1000049358-scaled.jpg 2560w, https:\/\/agora.xtec.cat\/ieslasedeta\/wp-content\/uploads\/usu656\/2025\/11\/1000049358-300x226.jpg 300w, https:\/\/agora.xtec.cat\/ieslasedeta\/wp-content\/uploads\/usu656\/2025\/11\/1000049358-1024x771.jpg 1024w, https:\/\/agora.xtec.cat\/ieslasedeta\/wp-content\/uploads\/usu656\/2025\/11\/1000049358-768x578.jpg 768w, https:\/\/agora.xtec.cat\/ieslasedeta\/wp-content\/uploads\/usu656\/2025\/11\/1000049358-1536x1157.jpg 1536w, https:\/\/agora.xtec.cat\/ieslasedeta\/wp-content\/uploads\/usu656\/2025\/11\/1000049358-2048x1542.jpg 2048w\" sizes=\"auto, (max-width: 2560px) 100vw, 2560px\" \/><\/figure><\/div><div class=\"wp-block-getwid-images-slider__item\"><figure><img loading=\"lazy\" decoding=\"async\" width=\"2560\" height=\"1928\" src=\"https:\/\/agora.xtec.cat\/ieslasedeta\/wp-content\/uploads\/usu656\/2025\/11\/1000049359-scaled.jpg\" data-id=\"13596\" data-link=\"https:\/\/agora.xtec.cat\/ieslasedeta\/1000049359\/\" data-original-link=\"https:\/\/agora.xtec.cat\/ieslasedeta\/wp-content\/uploads\/usu656\/2025\/11\/1000049359-scaled.jpg\" class=\"wp-block-getwid-images-slider__image wp-image-13596\" srcset=\"https:\/\/agora.xtec.cat\/ieslasedeta\/wp-content\/uploads\/usu656\/2025\/11\/1000049359-scaled.jpg 2560w, https:\/\/agora.xtec.cat\/ieslasedeta\/wp-content\/uploads\/usu656\/2025\/11\/1000049359-300x226.jpg 300w, https:\/\/agora.xtec.cat\/ieslasedeta\/wp-content\/uploads\/usu656\/2025\/11\/1000049359-1024x771.jpg 1024w, https:\/\/agora.xtec.cat\/ieslasedeta\/wp-content\/uploads\/usu656\/2025\/11\/1000049359-768x578.jpg 768w, https:\/\/agora.xtec.cat\/ieslasedeta\/wp-content\/uploads\/usu656\/2025\/11\/1000049359-1536x1157.jpg 1536w, https:\/\/agora.xtec.cat\/ieslasedeta\/wp-content\/uploads\/usu656\/2025\/11\/1000049359-2048x1542.jpg 2048w\" sizes=\"auto, (max-width: 2560px) 100vw, 2560px\" \/><\/figure><\/div><div class=\"wp-block-getwid-images-slider__item\"><figure><img loading=\"lazy\" decoding=\"async\" width=\"2560\" height=\"1928\" src=\"https:\/\/agora.xtec.cat\/ieslasedeta\/wp-content\/uploads\/usu656\/2025\/11\/1000049360-scaled.jpg\" data-id=\"13597\" data-link=\"https:\/\/agora.xtec.cat\/ieslasedeta\/1000049360\/\" data-original-link=\"https:\/\/agora.xtec.cat\/ieslasedeta\/wp-content\/uploads\/usu656\/2025\/11\/1000049360-scaled.jpg\" class=\"wp-block-getwid-images-slider__image wp-image-13597\" srcset=\"https:\/\/agora.xtec.cat\/ieslasedeta\/wp-content\/uploads\/usu656\/2025\/11\/1000049360-scaled.jpg 2560w, https:\/\/agora.xtec.cat\/ieslasedeta\/wp-content\/uploads\/usu656\/2025\/11\/1000049360-300x226.jpg 300w, https:\/\/agora.xtec.cat\/ieslasedeta\/wp-content\/uploads\/usu656\/2025\/11\/1000049360-1024x771.jpg 1024w, https:\/\/agora.xtec.cat\/ieslasedeta\/wp-content\/uploads\/usu656\/2025\/11\/1000049360-768x578.jpg 768w, https:\/\/agora.xtec.cat\/ieslasedeta\/wp-content\/uploads\/usu656\/2025\/11\/1000049360-1536x1157.jpg 1536w, https:\/\/agora.xtec.cat\/ieslasedeta\/wp-content\/uploads\/usu656\/2025\/11\/1000049360-2048x1542.jpg 2048w\" sizes=\"auto, (max-width: 2560px) 100vw, 2560px\" \/><\/figure><\/div><\/div><\/div>\n\n\n\n<p><\/p>\n\n\n\n<p>El centre <span style=\"color: #000000;\"><strong>compta amb totes les instal\u00b7lacions necess\u00e0ries<\/strong><\/span> per a dur a terme la pr\u00e0ctica educativa en condicions \u00f2ptimes:<\/p>\n\n\n\n<h2 class=\"wp-block-heading has-background has-medium-font-size\" style=\"background-color:#6a035ea8\">Equipaments generals<\/h2>\n\n\n\n<ul class=\"wp-block-list\">\n<li><span style=\"color: #ff0000;\"><strong>Aulari digitalitzat<\/strong><\/span>, perqu\u00e8 participem del projecte Educat 2.0 les aules del centre tenen instal\u00b7lats sistemes de projecci\u00f3 i estan digitalitzades amb xarxa wi-fi de fibra \u00f2ptica, cosa que permet una alta connectivitat. A m\u00e9s tot l&#8217;alumnat d&#8217;ESO compta amb un ordinador port\u00e0til de propietat per poder participar del projecte de llibre digital, perqu\u00e8 ja no treballem amb llibres amb el suport tradicional en paper.<\/li>\n\n\n\n<li><strong><span style=\"color: #ff0000;\">Biblioteca<\/span>,<\/strong> que es troba en proc\u00e9s de renovaci\u00f3 quant al fons bibliogr\u00e0fic i els equipaments inform\u00e0tics.Tenim&nbsp;lel projecte&nbsp;de convertir-la en un bon centre de recursos que faciliti l&#8217;acc\u00e9s a la informaci\u00f3 i sigui font de recursos informatius en qualsevol suport a l\u2019abast de&nbsp;l&#8217;alumnat, del professorat i de la comunitat educativa. Volem que sigui&nbsp;un entorn d\u2019aprenentatge que s&#8217;integri en els recursos del centre per a l\u2019ensenyament i l\u2019aprenentatge de les diverses \u00e0rees curriculars, i especialment de l\u2019h\u00e0bit lector.<\/li>\n\n\n\n<li><strong><span style=\"color: #ff0000;\">Sala de visites<\/span><\/strong>&nbsp;per poder atendre les fam\u00edlies i oferir informaci\u00f3 puntual i detallada sobre l\u2019evoluci\u00f3 dels vostres fills\/es. Per tal de mantenir-vos informats al m\u00e0xim tenim un projecte de tutories individuals, que permet una atenci\u00f3 m\u00e9s personalitzada. \u00c9s per aix\u00f2 que disposem d&#8217;un espai on poder conversar tranquil\u00b7lament amb els pares i mares.<\/li>\n<\/ul>\n\n\n\n<h2 class=\"wp-block-heading has-background has-medium-font-size\" style=\"background-color:#6a035ea8\">\u00c0mbit de ci\u00e8ncies<\/h2>\n\n\n\n<ul class=\"wp-block-list\">\n<li><strong><span style=\"color: #ff0000;\">Laboratoris cient\u00edfics&nbsp;<\/span><\/strong>[Ci\u00e8ncies Naturals i F\u00edsica i Qu\u00edmica] ben equipats on l\u2019alumnat pot experimentar de manera pr\u00e0ctica la compet\u00e8ncia en el coneixement i la interacci\u00f3 amb el m\u00f3n f\u00edsic gr\u00e0cies als coneixements adquirits. Mitjan\u00e7ant aquests equipaments podem oferir un&nbsp;millor rendiment de l&#8217;aprenentatge cient\u00edfic. En aquests tipus d&#8217;aules es treballa en grups redu\u00efts.<\/li>\n\n\n\n<li><span style=\"color: #ff0000;\"><strong>Taller de tecnologia<\/strong>&nbsp;<\/span>amb tot tipus d\u2019eines i estris per a poder familiaritzar l\u2019alumnat en les arts aplicades, l\u2019electr\u00f2nica, etc. Per tal d\u2019afavorir un millor rendiment i aprenentatge de la compet\u00e8ncia tecnol\u00f2gica treballem una hora setmanal amb l\u2019alumnat en grups redu\u00efts en aquesta aula.<\/li>\n<\/ul>\n\n\n\n<h2 class=\"wp-block-heading has-background has-medium-font-size\" style=\"background-color:#6a035ea8\">\u00c0mbit d&#8217;expressi\u00f3<\/h2>\n\n\n\n<ul class=\"wp-block-list\">\n<li><span style=\"color: #ff0000;\"><strong>Aula de m\u00fasica<\/strong><\/span>&nbsp;dotada amb instruments, recursos i equipaments d&#8217;\u00e0udio per a poder fomentar el gust per la m\u00fasica en l\u2019alumnat.<\/li>\n\n\n\n<li><span style=\"color: #ff0000;\"><strong>Aula de dibuix<\/strong><\/span>&nbsp;equipada amb mobiliari adaptat i materials per a poder fomentar l\u2019expressivitat art\u00edstica de l\u2019alumnat i d\u2019altres disciplines, pr\u00f2pies del Batxillerat, com ara el dibuix t\u00e8cnic.<\/li>\n\n\n\n<li><span style=\"color: #ff0000;\"><b>Gimn\u00e0s i pistes esportives&nbsp;<\/b><\/span>equipades on l\u2019alumnat descobreix les infinites possibilitats motrius que ofereix el cos hum\u00e0.<span style=\"color: #ff0000;\"><b><br><\/b><\/span><\/li>\n<\/ul>\n","protected":false},"excerpt":{"rendered":"<p>El centre compta amb totes les instal\u00b7lacions necess\u00e0ries per a dur a terme la pr\u00e0ctica educativa en condicions \u00f2ptimes: Equipaments generals \u00c0mbit de ci\u00e8ncies \u00c0mbit d&#8217;expressi\u00f3<\/p>\n","protected":false},"author":1,"featured_media":0,"parent":13342,"menu_order":40,"comment_status":"closed","ping_status":"closed","template":"","meta":{"_bbp_topic_count":0,"_bbp_reply_count":0,"_bbp_total_topic_count":0,"_bbp_total_reply_count":0,"_bbp_voice_count":0,"_bbp_anonymous_reply_count":0,"_bbp_topic_count_hidden":0,"_bbp_reply_count_hidden":0,"_bbp_forum_subforum_count":0,"site-sidebar-layout":"default","site-content-layout":"","ast-site-content-layout":"default","site-content-style":"default","site-sidebar-style":"default","ast-global-header-display":"","ast-banner-title-visibility":"","ast-main-header-display":"","ast-hfb-above-header-display":"","ast-hfb-below-header-display":"","ast-hfb-mobile-header-display":"","site-post-title":"","ast-breadcrumbs-content":"","ast-featured-img":"","footer-sml-layout":"","theme-transparent-header-meta":"default","adv-header-id-meta":"","stick-header-meta":"","header-above-stick-meta":"","header-main-stick-meta":"","header-below-stick-meta":"","astra-migrate-meta-layouts":"set","ast-page-background-enabled":"default","ast-page-background-meta":{"desktop":{"background-color":"var(--ast-global-color-4)","background-image":"","background-repeat":"repeat","background-position":"center center","background-size":"auto","background-attachment":"scroll","background-type":"","background-media":"","overlay-type":"","overlay-color":"","overlay-opacity":"","overlay-gradient":""},"tablet":{"background-color":"","background-image":"","background-repeat":"repeat","background-position":"center center","background-size":"auto","background-attachment":"scroll","background-type":"","background-media":"","overlay-type":"","overlay-color":"","overlay-opacity":"","overlay-gradient":""},"mobile":{"background-color":"","background-image":"","background-repeat":"repeat","background-position":"center center","background-size":"auto","background-attachment":"scroll","background-type":"","background-media":"","overlay-type":"","overlay-color":"","overlay-opacity":"","overlay-gradient":""}},"ast-content-background-meta":{"desktop":{"background-color":"var(--ast-global-color-5)","background-image":"","background-repeat":"repeat","background-position":"center center","background-size":"auto","background-attachment":"scroll","background-type":"","background-media":"","overlay-type":"","overlay-color":"","overlay-opacity":"","overlay-gradient":""},"tablet":{"background-color":"var(--ast-global-color-5)","background-image":"","background-repeat":"repeat","background-position":"center center","background-size":"auto","background-attachment":"scroll","background-type":"","background-media":"","overlay-type":"","overlay-color":"","overlay-opacity":"","overlay-gradient":""},"mobile":{"background-color":"var(--ast-global-color-5)","background-image":"","background-repeat":"repeat","background-position":"center center","background-size":"auto","background-attachment":"scroll","background-type":"","background-media":"","overlay-type":"","overlay-color":"","overlay-opacity":"","overlay-gradient":""}},"footnotes":""},"class_list":["post-39","page","type-page","status-publish","hentry"],"post_mailing_queue_ids":[],"_links":{"self":[{"href":"https:\/\/agora.xtec.cat\/ieslasedeta\/wp-json\/wp\/v2\/pages\/39","targetHints":{"allow":["GET"]}}],"collection":[{"href":"https:\/\/agora.xtec.cat\/ieslasedeta\/wp-json\/wp\/v2\/pages"}],"about":[{"href":"https:\/\/agora.xtec.cat\/ieslasedeta\/wp-json\/wp\/v2\/types\/page"}],"author":[{"embeddable":true,"href":"https:\/\/agora.xtec.cat\/ieslasedeta\/wp-json\/wp\/v2\/users\/1"}],"replies":[{"embeddable":true,"href":"https:\/\/agora.xtec.cat\/ieslasedeta\/wp-json\/wp\/v2\/comments?post=39"}],"version-history":[{"count":6,"href":"https:\/\/agora.xtec.cat\/ieslasedeta\/wp-json\/wp\/v2\/pages\/39\/revisions"}],"predecessor-version":[{"id":13600,"href":"https:\/\/agora.xtec.cat\/ieslasedeta\/wp-json\/wp\/v2\/pages\/39\/revisions\/13600"}],"up":[{"embeddable":true,"href":"https:\/\/agora.xtec.cat\/ieslasedeta\/wp-json\/wp\/v2\/pages\/13342"}],"wp:attachment":[{"href":"https:\/\/agora.xtec.cat\/ieslasedeta\/wp-json\/wp\/v2\/media?parent=39"}],"curies":[{"name":"wp","href":"https:\/\/api.w.org\/{rel}","templated":true}]}}