{"id":326,"date":"2015-07-05T17:31:16","date_gmt":"2015-07-05T16:31:16","guid":{"rendered":"http:\/\/agora.xtec.cat\/ieslasedeta\/?page_id=326"},"modified":"2026-03-10T10:07:36","modified_gmt":"2026-03-10T09:07:36","slug":"ambits-didactics","status":"publish","type":"page","link":"https:\/\/agora.xtec.cat\/ieslasedeta\/ambits-didactics\/","title":{"rendered":"\u00c0mbits did\u00e0ctics"},"content":{"rendered":"<p>Els diferents departaments i seminaris did\u00e0ctics s&#8217;organitzen en sis \u00e0mbits:<\/p>\n<ul>\n<li><a href=\"https:\/\/agora.xtec.cat\/ieslasedeta\/categoria\/llengues-i-literatures\/\" target=\"_blank\" rel=\"noopener noreferrer\"><span style=\"color: #ff0000;\">Lleng\u00fces\u00a0i literatura<\/span><\/a> (Llengua catalana, Llengua castellana)<\/li>\n<li><a href=\"http:\/\/agora.xtec.cat\/ieslasedeta\/categoria\/ambits-didactics\/llengues-estrangeres\/\" target=\"_blank\" rel=\"noopener noreferrer\"><span style=\"color: #ff0000;\">Lleng\u00fces estrangeres<\/span><\/a> (Angl\u00e8s, Alemany i Cultura Cl\u00e0ssica)<\/li>\n<li><a href=\"http:\/\/agora.xtec.cat\/ieslasedeta\/categoria\/ambits-didactics\/ciencies-socials\/\" target=\"_blank\" rel=\"noopener noreferrer\"><span style=\"color: #ff0000;\">Ci\u00e8ncies socials<\/span><\/a> (Ci\u00e8ncies Socials, Economia, Filosofia i Religi\u00f3)<\/li>\n<li><a href=\"https:\/\/agora.xtec.cat\/ieslasedeta\/categoria\/ambits-didactics\/matematiques\/\" target=\"_blank\" rel=\"noopener noreferrer\"><span style=\"color: #ff0000;\">Matem\u00e0tiques<\/span><\/a> (Matem\u00e0tiques)<\/li>\n<li><a href=\"http:\/\/agora.xtec.cat\/ieslasedeta\/categoria\/ambits-didactics\/ciencies-i-tecnologia\/\" target=\"_blank\" rel=\"noopener noreferrer\"><span style=\"color: #ff0000;\">Ci\u00e8ncies i Tecnologia<\/span><\/a> (Biologia i Geologia, F\u00edsica i Qu\u00edmica, Tecnologia)<\/li>\n<li><a href=\"http:\/\/agora.xtec.cat\/ieslasedeta\/categoria\/ambits-didactics\/expressio\/\" target=\"_blank\" rel=\"noopener noreferrer\"><span style=\"color: #ff0000;\">Expressi\u00f3<\/span><\/a> (Visual i Pl\u00e0stica, M\u00fasica, Educaci\u00f3 F\u00edsica i Orientaci\u00f3)<\/li>\n<\/ul>\n","protected":false},"excerpt":{"rendered":"<p>Els diferents departaments i seminaris did\u00e0ctics s&#8217;organitzen en sis \u00e0mbits: Lleng\u00fces\u00a0i literatura (Llengua catalana, Llengua castellana) Lleng\u00fces estrangeres (Angl\u00e8s, Alemany i Cultura Cl\u00e0ssica) Ci\u00e8ncies socials (Ci\u00e8ncies Socials, Economia, Filosofia i Religi\u00f3) Matem\u00e0tiques (Matem\u00e0tiques) Ci\u00e8ncies i Tecnologia (Biologia i Geologia, F\u00edsica i Qu\u00edmica, Tecnologia) Expressi\u00f3 (Visual i Pl\u00e0stica, M\u00fasica, Educaci\u00f3 F\u00edsica i Orientaci\u00f3)<\/p>\n","protected":false},"author":1,"featured_media":0,"parent":0,"menu_order":0,"comment_status":"closed","ping_status":"closed","template":"","meta":{"_bbp_topic_count":0,"_bbp_reply_count":0,"_bbp_total_topic_count":0,"_bbp_total_reply_count":0,"_bbp_voice_count":0,"_bbp_anonymous_reply_count":0,"_bbp_topic_count_hidden":0,"_bbp_reply_count_hidden":0,"_bbp_forum_subforum_count":0,"site-sidebar-layout":"default","site-content-layout":"","ast-site-content-layout":"default","site-content-style":"default","site-sidebar-style":"default","ast-global-header-display":"","ast-banner-title-visibility":"","ast-main-header-display":"","ast-hfb-above-header-display":"","ast-hfb-below-header-display":"","ast-hfb-mobile-header-display":"","site-post-title":"","ast-breadcrumbs-content":"","ast-featured-img":"","footer-sml-layout":"","theme-transparent-header-meta":"default","adv-header-id-meta":"","stick-header-meta":"","header-above-stick-meta":"","header-main-stick-meta":"","header-below-stick-meta":"","astra-migrate-meta-layouts":"set","ast-page-background-enabled":"default","ast-page-background-meta":{"desktop":{"background-color":"var(--ast-global-color-4)","background-image":"","background-repeat":"repeat","background-position":"center center","background-size":"auto","background-attachment":"scroll","background-type":"","background-media":"","overlay-type":"","overlay-color":"","overlay-opacity":"","overlay-gradient":""},"tablet":{"background-color":"","background-image":"","background-repeat":"repeat","background-position":"center center","background-size":"auto","background-attachment":"scroll","background-type":"","background-media":"","overlay-type":"","overlay-color":"","overlay-opacity":"","overlay-gradient":""},"mobile":{"background-color":"","background-image":"","background-repeat":"repeat","background-position":"center center","background-size":"auto","background-attachment":"scroll","background-type":"","background-media":"","overlay-type":"","overlay-color":"","overlay-opacity":"","overlay-gradient":""}},"ast-content-background-meta":{"desktop":{"background-color":"var(--ast-global-color-5)","background-image":"","background-repeat":"repeat","background-position":"center center","background-size":"auto","background-attachment":"scroll","background-type":"","background-media":"","overlay-type":"","overlay-color":"","overlay-opacity":"","overlay-gradient":""},"tablet":{"background-color":"var(--ast-global-color-5)","background-image":"","background-repeat":"repeat","background-position":"center center","background-size":"auto","background-attachment":"scroll","background-type":"","background-media":"","overlay-type":"","overlay-color":"","overlay-opacity":"","overlay-gradient":""},"mobile":{"background-color":"var(--ast-global-color-5)","background-image":"","background-repeat":"repeat","background-position":"center center","background-size":"auto","background-attachment":"scroll","background-type":"","background-media":"","overlay-type":"","overlay-color":"","overlay-opacity":"","overlay-gradient":""}},"footnotes":""},"class_list":["post-326","page","type-page","status-publish","hentry"],"post_mailing_queue_ids":[],"_links":{"self":[{"href":"https:\/\/agora.xtec.cat\/ieslasedeta\/wp-json\/wp\/v2\/pages\/326","targetHints":{"allow":["GET"]}}],"collection":[{"href":"https:\/\/agora.xtec.cat\/ieslasedeta\/wp-json\/wp\/v2\/pages"}],"about":[{"href":"https:\/\/agora.xtec.cat\/ieslasedeta\/wp-json\/wp\/v2\/types\/page"}],"author":[{"embeddable":true,"href":"https:\/\/agora.xtec.cat\/ieslasedeta\/wp-json\/wp\/v2\/users\/1"}],"replies":[{"embeddable":true,"href":"https:\/\/agora.xtec.cat\/ieslasedeta\/wp-json\/wp\/v2\/comments?post=326"}],"version-history":[{"count":5,"href":"https:\/\/agora.xtec.cat\/ieslasedeta\/wp-json\/wp\/v2\/pages\/326\/revisions"}],"predecessor-version":[{"id":13742,"href":"https:\/\/agora.xtec.cat\/ieslasedeta\/wp-json\/wp\/v2\/pages\/326\/revisions\/13742"}],"wp:attachment":[{"href":"https:\/\/agora.xtec.cat\/ieslasedeta\/wp-json\/wp\/v2\/media?parent=326"}],"curies":[{"name":"wp","href":"https:\/\/api.w.org\/{rel}","templated":true}]}}