{"id":27,"date":"2014-09-17T16:24:03","date_gmt":"2014-09-17T16:24:03","guid":{"rendered":"http:\/\/agora.xtec.cat\/ieslasedeta\/?page_id=27"},"modified":"2025-11-06T17:24:13","modified_gmt":"2025-11-06T16:24:13","slug":"historia","status":"publish","type":"page","link":"https:\/\/agora.xtec.cat\/ieslasedeta\/linstitut\/historia\/","title":{"rendered":"Hist\u00f2ria del centre"},"content":{"rendered":"<p style=\"text-align: left;\"><span style=\"color: #ff0000;\"><strong>EL PRESENT I LA NOSTRA APOSTA DE FUTUR<\/strong><\/span><\/p>\n<p><div class=\"ast-oembed-container \" style=\"height: 100%;\"><iframe loading=\"lazy\" title=\"&quot;La Sedeta, un fil a la mem\u00f2ria&quot;\" width=\"500\" height=\"375\" src=\"https:\/\/www.youtube.com\/embed\/LXISbAYmuro?feature=oembed\" frameborder=\"0\" allow=\"accelerometer; autoplay; clipboard-write; encrypted-media; gyroscope; picture-in-picture; web-share\" referrerpolicy=\"strict-origin-when-cross-origin\" allowfullscreen><\/iframe><\/div><\/p>\n<p><span style=\"color: #ff0000;\"><strong>UN PASSEIG PER LA HIST\u00d2RIA<\/strong><\/span><\/p>\n<p>Si fem una ullada al passat, veurem que l&#8217;institut, l&#8217;escola i el centre c\u00edvic sorgeixen de la voluntat ciutadana de no renunciar als equipaments de l&#8217;antiga f\u00e0brica la Sedeta. Fou una campanya popular\u00a0de llarg recorregut ja que l&#8217;any 1953 havia comen\u00e7at el trasllat de l&#8217;antiga f\u00e0brica fora del casc urb\u00e0. Es tractava d&#8217;una important ind\u00fastria t\u00e8xtil, edificada l\u2019any 1899. Va ser una de les primeres ind\u00fastries d\u2019Europa en produir, amb telers mec\u00e0nics, teixits de seda crua &#8220;Shantung&#8221;. Tamb\u00e9 produ\u00efa teixits de llana. Va ser situada al barri del Camp d&#8217;en Grassot, entre els carrers de Pare Claret, Sic\u00edlia, Ind\u00fastria i passatge Llavallol. Quasi 7.000 metres quadrats d&#8217;extensi\u00f3 que els ve\u00efns de la zona es proposen recuperar per a \u00fas p\u00fablic. L&#8217;octubre de 1980, el Consell del districte interv\u00e9 i, tot i que s&#8217;intenta respectar el plantejament general del conjunt arquitect\u00f2nic, es proposa reconstruir nom\u00e9s all\u00f2 que est\u00e0 en mal estat. Es decideix habilitar els espais exteriors com a pati escolar i fer una pla\u00e7a p\u00fablica. Els ve\u00efns concreten les seves principals peticions: el 1982 s&#8217;inaugura el CEIP la Sedeta. Comen\u00e7a amb vuit unitats d&#8217;EGB, amb parvulari (P-4 i P-5), i s&#8217;inaugura, tamb\u00e9, l&#8217;edifici destinat a centre c\u00edvic. S\u00f3n tres pisos i un altell on s&#8217;ubiquen depend\u00e8ncies per a tallers, sala d&#8217;actes, biblioteca i tot un conjunt d&#8217;instal\u00b7lacions \u00fatils per al barri. El 1983 s&#8217;inaugur\u00e0 l&#8217;Institut de Batxillerat La Sedeta.<\/p>\n<p><div class=\"ast-oembed-container \" style=\"height: 100%;\"><iframe loading=\"lazy\" title=\"La f\u00e0brica de la Sedeta | Va passar aqu\u00ed\" width=\"500\" height=\"281\" src=\"https:\/\/www.youtube.com\/embed\/nuV7ZtW43tE?feature=oembed\" frameborder=\"0\" allow=\"accelerometer; autoplay; clipboard-write; encrypted-media; gyroscope; picture-in-picture; web-share\" referrerpolicy=\"strict-origin-when-cross-origin\" allowfullscreen><\/iframe><\/div><\/p>\n\n\n<figure class=\"wp-block-embed is-type-wp-embed is-provider-institut-la-sedeta wp-block-embed-institut-la-sedeta\"><div class=\"wp-block-embed__wrapper\">\n<blockquote class=\"wp-embedded-content\" data-secret=\"NCFnkV9OIR\"><a href=\"https:\/\/agora.xtec.cat\/ieslasedeta\/general\/la-historia-de-la-fabrica\/\">La hist\u00f2ria de la f\u00e0brica<\/a><\/blockquote><iframe loading=\"lazy\" class=\"wp-embedded-content\" sandbox=\"allow-scripts\" security=\"restricted\" style=\"position: absolute; visibility: hidden;\" title=\"&#8220;La hist\u00f2ria de la f\u00e0brica&#8221; &#8212; Institut La Sedeta\" src=\"https:\/\/agora.xtec.cat\/ieslasedeta\/general\/la-historia-de-la-fabrica\/embed\/#?secret=cFnHho1V0T#?secret=NCFnkV9OIR\" data-secret=\"NCFnkV9OIR\" width=\"500\" height=\"282\" frameborder=\"0\" marginwidth=\"0\" marginheight=\"0\" scrolling=\"no\"><\/iframe>\n<\/div><\/figure>\n\n\n\n<figure class=\"wp-block-embed is-type-wp-embed is-provider-institut-la-sedeta wp-block-embed-institut-la-sedeta\" style=\"margin-right:0;margin-left:0\"><div class=\"wp-block-embed__wrapper\">\n<blockquote class=\"wp-embedded-content\" data-secret=\"mN3MKQKKnF\"><a href=\"https:\/\/agora.xtec.cat\/ieslasedeta\/general\/el-patrimoni\/\">El patrimoni<\/a><\/blockquote><iframe loading=\"lazy\" class=\"wp-embedded-content\" sandbox=\"allow-scripts\" security=\"restricted\" style=\"position: absolute; visibility: hidden;\" title=\"&#8220;El patrimoni&#8221; &#8212; Institut La Sedeta\" src=\"https:\/\/agora.xtec.cat\/ieslasedeta\/general\/el-patrimoni\/embed\/#?secret=4E2oP9tKpv#?secret=mN3MKQKKnF\" data-secret=\"mN3MKQKKnF\" width=\"500\" height=\"282\" frameborder=\"0\" marginwidth=\"0\" marginheight=\"0\" scrolling=\"no\"><\/iframe>\n<\/div><\/figure>\n\n\n\n<figure class=\"wp-block-embed is-type-wp-embed is-provider-institut-la-sedeta wp-block-embed-institut-la-sedeta\"><div class=\"wp-block-embed__wrapper\">\n<blockquote class=\"wp-embedded-content\" data-secret=\"17BplnKEZ2\"><a href=\"https:\/\/agora.xtec.cat\/ieslasedeta\/general\/memoria-de-la-sedeta-teixint-histories-de-vida\/\">Mem\u00f2ria de La Sedeta. Teixint hist\u00f2ries de vida<\/a><\/blockquote><iframe loading=\"lazy\" class=\"wp-embedded-content\" sandbox=\"allow-scripts\" security=\"restricted\" style=\"position: absolute; visibility: hidden;\" title=\"&#8220;Mem\u00f2ria de La Sedeta. Teixint hist\u00f2ries de vida&#8221; &#8212; Institut La Sedeta\" src=\"https:\/\/agora.xtec.cat\/ieslasedeta\/general\/memoria-de-la-sedeta-teixint-histories-de-vida\/embed\/#?secret=UXj4t8QeVz#?secret=17BplnKEZ2\" data-secret=\"17BplnKEZ2\" width=\"500\" height=\"282\" frameborder=\"0\" marginwidth=\"0\" marginheight=\"0\" scrolling=\"no\"><\/iframe>\n<\/div><\/figure>\n\n\n\n<figure class=\"wp-block-embed is-type-wp-embed is-provider-institut-la-sedeta wp-block-embed-institut-la-sedeta\"><div class=\"wp-block-embed__wrapper\">\n<blockquote class=\"wp-embedded-content\" data-secret=\"bNIKBui7Io\"><a href=\"https:\/\/agora.xtec.cat\/ieslasedeta\/general\/senyalitzacio-de-linstitut-la-sedeta\/\">Senyalitzaci\u00f3 de l\u2019Institut La Sedeta<\/a><\/blockquote><iframe loading=\"lazy\" class=\"wp-embedded-content\" sandbox=\"allow-scripts\" security=\"restricted\" style=\"position: absolute; visibility: hidden;\" title=\"&#8220;Senyalitzaci\u00f3 de l\u2019Institut La Sedeta&#8221; &#8212; Institut La Sedeta\" src=\"https:\/\/agora.xtec.cat\/ieslasedeta\/general\/senyalitzacio-de-linstitut-la-sedeta\/embed\/#?secret=i6Euj6OFb1#?secret=bNIKBui7Io\" data-secret=\"bNIKBui7Io\" width=\"500\" height=\"282\" frameborder=\"0\" marginwidth=\"0\" marginheight=\"0\" scrolling=\"no\"><\/iframe>\n<\/div><\/figure>\n","protected":false},"excerpt":{"rendered":"<p>EL PRESENT I LA NOSTRA APOSTA DE FUTUR UN PASSEIG PER LA HIST\u00d2RIA Si fem una ullada al passat, veurem que l&#8217;institut, l&#8217;escola i el centre c\u00edvic sorgeixen de la voluntat ciutadana de no renunciar als equipaments de l&#8217;antiga f\u00e0brica la Sedeta. Fou una campanya popular\u00a0de llarg recorregut ja que l&#8217;any 1953 havia comen\u00e7at el [&hellip;]<\/p>\n","protected":false},"author":1,"featured_media":0,"parent":13342,"menu_order":20,"comment_status":"closed","ping_status":"closed","template":"","meta":{"_bbp_topic_count":0,"_bbp_reply_count":0,"_bbp_total_topic_count":0,"_bbp_total_reply_count":0,"_bbp_voice_count":0,"_bbp_anonymous_reply_count":0,"_bbp_topic_count_hidden":0,"_bbp_reply_count_hidden":0,"_bbp_forum_subforum_count":0,"site-sidebar-layout":"default","site-content-layout":"","ast-site-content-layout":"default","site-content-style":"default","site-sidebar-style":"default","ast-global-header-display":"","ast-banner-title-visibility":"","ast-main-header-display":"","ast-hfb-above-header-display":"","ast-hfb-below-header-display":"","ast-hfb-mobile-header-display":"","site-post-title":"","ast-breadcrumbs-content":"","ast-featured-img":"","footer-sml-layout":"","theme-transparent-header-meta":"default","adv-header-id-meta":"","stick-header-meta":"","header-above-stick-meta":"","header-main-stick-meta":"","header-below-stick-meta":"","astra-migrate-meta-layouts":"set","ast-page-background-enabled":"default","ast-page-background-meta":{"desktop":{"background-color":"var(--ast-global-color-4)","background-image":"","background-repeat":"repeat","background-position":"center center","background-size":"auto","background-attachment":"scroll","background-type":"","background-media":"","overlay-type":"","overlay-color":"","overlay-opacity":"","overlay-gradient":""},"tablet":{"background-color":"","background-image":"","background-repeat":"repeat","background-position":"center center","background-size":"auto","background-attachment":"scroll","background-type":"","background-media":"","overlay-type":"","overlay-color":"","overlay-opacity":"","overlay-gradient":""},"mobile":{"background-color":"","background-image":"","background-repeat":"repeat","background-position":"center center","background-size":"auto","background-attachment":"scroll","background-type":"","background-media":"","overlay-type":"","overlay-color":"","overlay-opacity":"","overlay-gradient":""}},"ast-content-background-meta":{"desktop":{"background-color":"var(--ast-global-color-5)","background-image":"","background-repeat":"repeat","background-position":"center center","background-size":"auto","background-attachment":"scroll","background-type":"","background-media":"","overlay-type":"","overlay-color":"","overlay-opacity":"","overlay-gradient":""},"tablet":{"background-color":"var(--ast-global-color-5)","background-image":"","background-repeat":"repeat","background-position":"center center","background-size":"auto","background-attachment":"scroll","background-type":"","background-media":"","overlay-type":"","overlay-color":"","overlay-opacity":"","overlay-gradient":""},"mobile":{"background-color":"var(--ast-global-color-5)","background-image":"","background-repeat":"repeat","background-position":"center center","background-size":"auto","background-attachment":"scroll","background-type":"","background-media":"","overlay-type":"","overlay-color":"","overlay-opacity":"","overlay-gradient":""}},"footnotes":""},"class_list":["post-27","page","type-page","status-publish","hentry"],"post_mailing_queue_ids":[],"_links":{"self":[{"href":"https:\/\/agora.xtec.cat\/ieslasedeta\/wp-json\/wp\/v2\/pages\/27","targetHints":{"allow":["GET"]}}],"collection":[{"href":"https:\/\/agora.xtec.cat\/ieslasedeta\/wp-json\/wp\/v2\/pages"}],"about":[{"href":"https:\/\/agora.xtec.cat\/ieslasedeta\/wp-json\/wp\/v2\/types\/page"}],"author":[{"embeddable":true,"href":"https:\/\/agora.xtec.cat\/ieslasedeta\/wp-json\/wp\/v2\/users\/1"}],"replies":[{"embeddable":true,"href":"https:\/\/agora.xtec.cat\/ieslasedeta\/wp-json\/wp\/v2\/comments?post=27"}],"version-history":[{"count":6,"href":"https:\/\/agora.xtec.cat\/ieslasedeta\/wp-json\/wp\/v2\/pages\/27\/revisions"}],"predecessor-version":[{"id":13443,"href":"https:\/\/agora.xtec.cat\/ieslasedeta\/wp-json\/wp\/v2\/pages\/27\/revisions\/13443"}],"up":[{"embeddable":true,"href":"https:\/\/agora.xtec.cat\/ieslasedeta\/wp-json\/wp\/v2\/pages\/13342"}],"wp:attachment":[{"href":"https:\/\/agora.xtec.cat\/ieslasedeta\/wp-json\/wp\/v2\/media?parent=27"}],"curies":[{"name":"wp","href":"https:\/\/api.w.org\/{rel}","templated":true}]}}