{"id":2355,"date":"2016-05-23T11:00:49","date_gmt":"2016-05-23T10:00:49","guid":{"rendered":"http:\/\/agora.xtec.cat\/ieslasedeta\/?page_id=2355"},"modified":"2026-04-07T13:49:21","modified_gmt":"2026-04-07T11:49:21","slug":"ajuts-menjador","status":"publish","type":"page","link":"https:\/\/agora.xtec.cat\/ieslasedeta\/menjador-escolar\/ajuts-menjador\/","title":{"rendered":"Ajuts Menjador"},"content":{"rendered":"\n<p>Les sol\u00b7licituds es presentaran a trav\u00e9s d&#8217;un formulari telem\u00e0tic adre\u00e7at a l&#8217;alumnat que estigui matriculat per al curs 2025-2026, en un per\u00edode inicial i quatre per\u00edodes oberts de sol\u00b7licituds:<\/p>\n\n\n\n<p>Tota la informaci\u00f3 sobre els ajuts menjador del curs 25-26 la podeu trobar en aquest <a href=\"https:\/\/www.edubcn.cat\/ca\/alumnat_i_familia\/ajuts_beques_i_subvencions\/ajuts_de_menjador_escolar\" target=\"_blank\" rel=\"noreferrer noopener\">enlla\u00e7<\/a><\/p>\n\n\n\n<p><strong>Per\u00edode inicial: <\/strong>entre el 19 de maig i el 20 de juny, ambd\u00f3s inclosos, i fins el 26 de juny per portar, si escau, la documentaci\u00f3 requerida. <a href=\"https:\/\/drive.google.com\/file\/d\/1cHUV_UlCj0p-Do5uzZ-wV4ssfhWRQ1dQ\/view?usp=drive_link\" target=\"_blank\" rel=\"noreferrer noopener\">Resoluci\u00f3 definitiva.<\/a><\/p>\n\n\n\n<p><strong>Primer per\u00edode obert:<\/strong> entre el 8 i el 24 de setembre de 2025, ambd\u00f3s inclosos, i fins el 26 de setembre per portar, si escau, la documentaci\u00f3 requerida.&nbsp;<a href=\"https:\/\/drive.google.com\/file\/d\/1LavhnhDLIvQQirPzGt65jB03WjNIcl6l\/view?usp=drive_link\" target=\"_blank\" rel=\"noreferrer noopener\">Resoluci\u00f3 definitiva.<\/a><\/p>\n\n\n\n<p><strong>Segon per\u00edode obert:<\/strong> entre el 25 de setembre i el 30 de novembre de 2025, ambd\u00f3s inclosos, i fins el 3 de desembre per portar, si escau, la documentaci\u00f3 requerida. <a href=\"https:\/\/drive.google.com\/file\/d\/1-CcyVC2cSYoxoHA59JqMtxKnTgQgPl9k\/view?usp=drive_link\" target=\"_blank\" rel=\"noreferrer noopener\">Resoluci\u00f3 definitiva.<\/a><\/p>\n\n\n\n<p><strong>Tercer per\u00edode obert:<\/strong> entre l&#8217;1 de desembre de 2025 i l&#8217;1 de mar\u00e7 de 2026, ambd\u00f3s inclosos, i fins el 3 de mar\u00e7 per portar, si escau, la documentaci\u00f3 requerida. <a href=\"https:\/\/drive.google.com\/file\/d\/1NCABt0MRVZTzhT_mXyoY-4g88TB8k3nK\/view?usp=drive_link\" target=\"_blank\" rel=\"noreferrer noopener\">Resoluci\u00f3 provisional.<\/a><\/p>\n\n\n\n<p><strong>Quart per\u00edode obert:<\/strong> entre el 2 de mar\u00e7 de 2026 i fins l&#8217;\u00faltim dia que s&#8217;admetin noves admissions del curs 2025-2026.<\/p>\n\n\n\n<p><\/p>\n","protected":false},"excerpt":{"rendered":"<p>Les sol\u00b7licituds es presentaran a trav\u00e9s d&#8217;un formulari telem\u00e0tic adre\u00e7at a l&#8217;alumnat que estigui matriculat per al curs 2025-2026, en un per\u00edode inicial i quatre per\u00edodes oberts de sol\u00b7licituds: Tota la informaci\u00f3 sobre els ajuts menjador del curs 25-26 la podeu trobar en aquest enlla\u00e7 Per\u00edode inicial: entre el 19 de maig i el 20 [&hellip;]<\/p>\n","protected":false},"author":1,"featured_media":0,"parent":69,"menu_order":4,"comment_status":"closed","ping_status":"closed","template":"","meta":{"_bbp_topic_count":0,"_bbp_reply_count":0,"_bbp_total_topic_count":0,"_bbp_total_reply_count":0,"_bbp_voice_count":0,"_bbp_anonymous_reply_count":0,"_bbp_topic_count_hidden":0,"_bbp_reply_count_hidden":0,"_bbp_forum_subforum_count":0,"site-sidebar-layout":"default","site-content-layout":"","ast-site-content-layout":"default","site-content-style":"default","site-sidebar-style":"default","ast-global-header-display":"","ast-banner-title-visibility":"","ast-main-header-display":"","ast-hfb-above-header-display":"","ast-hfb-below-header-display":"","ast-hfb-mobile-header-display":"","site-post-title":"","ast-breadcrumbs-content":"","ast-featured-img":"","footer-sml-layout":"","theme-transparent-header-meta":"","adv-header-id-meta":"","stick-header-meta":"","header-above-stick-meta":"","header-main-stick-meta":"","header-below-stick-meta":"","astra-migrate-meta-layouts":"set","ast-page-background-enabled":"default","ast-page-background-meta":{"desktop":{"background-color":"var(--ast-global-color-4)","background-image":"","background-repeat":"repeat","background-position":"center center","background-size":"auto","background-attachment":"scroll","background-type":"","background-media":"","overlay-type":"","overlay-color":"","overlay-opacity":"","overlay-gradient":""},"tablet":{"background-color":"","background-image":"","background-repeat":"repeat","background-position":"center center","background-size":"auto","background-attachment":"scroll","background-type":"","background-media":"","overlay-type":"","overlay-color":"","overlay-opacity":"","overlay-gradient":""},"mobile":{"background-color":"","background-image":"","background-repeat":"repeat","background-position":"center center","background-size":"auto","background-attachment":"scroll","background-type":"","background-media":"","overlay-type":"","overlay-color":"","overlay-opacity":"","overlay-gradient":""}},"ast-content-background-meta":{"desktop":{"background-color":"var(--ast-global-color-5)","background-image":"","background-repeat":"repeat","background-position":"center center","background-size":"auto","background-attachment":"scroll","background-type":"","background-media":"","overlay-type":"","overlay-color":"","overlay-opacity":"","overlay-gradient":""},"tablet":{"background-color":"var(--ast-global-color-5)","background-image":"","background-repeat":"repeat","background-position":"center center","background-size":"auto","background-attachment":"scroll","background-type":"","background-media":"","overlay-type":"","overlay-color":"","overlay-opacity":"","overlay-gradient":""},"mobile":{"background-color":"var(--ast-global-color-5)","background-image":"","background-repeat":"repeat","background-position":"center center","background-size":"auto","background-attachment":"scroll","background-type":"","background-media":"","overlay-type":"","overlay-color":"","overlay-opacity":"","overlay-gradient":""}},"footnotes":""},"class_list":["post-2355","page","type-page","status-publish","hentry"],"post_mailing_queue_ids":[],"_links":{"self":[{"href":"https:\/\/agora.xtec.cat\/ieslasedeta\/wp-json\/wp\/v2\/pages\/2355","targetHints":{"allow":["GET"]}}],"collection":[{"href":"https:\/\/agora.xtec.cat\/ieslasedeta\/wp-json\/wp\/v2\/pages"}],"about":[{"href":"https:\/\/agora.xtec.cat\/ieslasedeta\/wp-json\/wp\/v2\/types\/page"}],"author":[{"embeddable":true,"href":"https:\/\/agora.xtec.cat\/ieslasedeta\/wp-json\/wp\/v2\/users\/1"}],"replies":[{"embeddable":true,"href":"https:\/\/agora.xtec.cat\/ieslasedeta\/wp-json\/wp\/v2\/comments?post=2355"}],"version-history":[{"count":5,"href":"https:\/\/agora.xtec.cat\/ieslasedeta\/wp-json\/wp\/v2\/pages\/2355\/revisions"}],"predecessor-version":[{"id":13782,"href":"https:\/\/agora.xtec.cat\/ieslasedeta\/wp-json\/wp\/v2\/pages\/2355\/revisions\/13782"}],"up":[{"embeddable":true,"href":"https:\/\/agora.xtec.cat\/ieslasedeta\/wp-json\/wp\/v2\/pages\/69"}],"wp:attachment":[{"href":"https:\/\/agora.xtec.cat\/ieslasedeta\/wp-json\/wp\/v2\/media?parent=2355"}],"curies":[{"name":"wp","href":"https:\/\/api.w.org\/{rel}","templated":true}]}}