{"id":21,"date":"2014-09-17T16:14:14","date_gmt":"2014-09-17T16:14:14","guid":{"rendered":"http:\/\/agora.xtec.cat\/ieslasedeta\/?page_id=21"},"modified":"2025-11-06T17:28:41","modified_gmt":"2025-11-06T16:28:41","slug":"on-som","status":"publish","type":"page","link":"https:\/\/agora.xtec.cat\/ieslasedeta\/linstitut\/on-som\/","title":{"rendered":"Dades de contacte"},"content":{"rendered":"<p style=\"color: #666666;\"><strong>Institut La Sedeta<\/strong><br \/>\nCarrer Ind\u00fastria 67-73 (08025 Barcelona)<br \/>\n93 458 99 01<br \/>\na8040138@xtec.cat<\/p>\n<table class=\" alignleft\" style=\"width: 75.4706%; height: 66px;\">\n<tbody>\n<tr style=\"height: 33px;\">\n<td style=\"height: 33px; width: 71.0816%;\">Sol\u00b7licitud de t\u00edtols, certificats i beques<\/td>\n<td style=\"height: 33px; width: 71.0818%;\"><a href=\"mailto:secretaria@ilasedeta.cat\" target=\"_blank\" rel=\"noopener noreferrer\">secretaria@ilasedeta.cat<\/a><\/td>\n<\/tr>\n<tr>\n<td style=\"width: 71.0816%;\">Justificaci\u00f3 faltes d&#8217;assist\u00e8ncia de l&#8217;alumnat<\/td>\n<td style=\"width: 71.0818%;\"><a href=\"mailto:consergeria@ilasedeta.cat\" target=\"_blank\" rel=\"noopener noreferrer\">consergeria@ilasedeta.ca<\/a><a href=\"mailto:consergeria@ilasedeta.cat\" target=\"_blank\" rel=\"noopener noreferrer\">t<\/a><\/td>\n<\/tr>\n<\/tbody>\n<\/table>\n<p><iframe loading=\"lazy\" src=\"https:\/\/www.google.com\/maps\/embed?pb=!1m18!1m12!1m3!1d2992.5758397674103!2d2.1681964999999983!3d41.40501699999999!2m3!1f0!2f0!3f0!3m2!1i1024!2i768!4f13.1!3m3!1m2!1s0x0000000000000000%3A0xbd6631a1fb90d65b!2sIES+La+Sedeta!5e0!3m2!1sca!2ses!4v1435868905626\" width=\"600\" height=\"450\" frameborder=\"0\"><\/iframe><br \/>\n<strong>Com arribar-hi:<br \/>\n<\/strong><\/p>\n<ul>\n<li>Per metro: L\u00ednies L2, L4, L5<\/li>\n<li>Per bus: L\u00ednies H8, 20, 45, 47<\/li>\n<\/ul>\n<p><strong>Escoles adscrites a l&#8217;institut:<\/strong><\/p>\n<ul>\n<li><a href=\"http:\/\/fructuosgelabert.cat\/\" target=\"_blank\" rel=\"noopener noreferrer\">Escola Fructu\u00f3s Gelabert<\/a><\/li>\n<li><a href=\"https:\/\/www.xn--escoladelesaiges-wzb.cat\/\" target=\"_blank\" rel=\"noopener noreferrer\">Escola de les Aig\u00fces<\/a><\/li>\n<li><a href=\"http:\/\/escolaunivers.cat\" target=\"_blank&quot;\" rel=\"noopener noreferrer\">Escola L&#8217;Univers<\/a><\/li>\n<li><a href=\"https:\/\/sites.google.com\/a\/xtec.cat\/webescolapaucasalsgracia\/\" target=\"_blank\" rel=\"noopener noreferrer\">Escola Pau Casals (Fins a preinscripci\u00f3 23_24)<\/a><\/li>\n<li><a href=\"http:\/\/www.ceipsagradafamilia.com\/\" target=\"_blank\" rel=\"noopener noreferrer\">Escola Sagrada Fam\u00edlia<\/a><\/li>\n<li><a href=\"http:\/\/blocs.xtec.cat\/lasedeta\/\" target=\"_blank\" rel=\"noopener noreferrer\">Escola La Sedeta<\/a><\/li>\n<\/ul>\n","protected":false},"excerpt":{"rendered":"<p>Institut La Sedeta Carrer Ind\u00fastria 67-73 (08025 Barcelona) 93 458 99 01 a8040138@xtec.cat Sol\u00b7licitud de t\u00edtols, certificats i beques secretaria@ilasedeta.cat Justificaci\u00f3 faltes d&#8217;assist\u00e8ncia de l&#8217;alumnat consergeria@ilasedeta.cat Com arribar-hi: Per metro: L\u00ednies L2, L4, L5 Per bus: L\u00ednies H8, 20, 45, 47 Escoles adscrites a l&#8217;institut: Escola Fructu\u00f3s Gelabert Escola de les Aig\u00fces Escola L&#8217;Univers Escola [&hellip;]<\/p>\n","protected":false},"author":1,"featured_media":0,"parent":13342,"menu_order":10,"comment_status":"closed","ping_status":"closed","template":"","meta":{"_bbp_topic_count":0,"_bbp_reply_count":0,"_bbp_total_topic_count":0,"_bbp_total_reply_count":0,"_bbp_voice_count":0,"_bbp_anonymous_reply_count":0,"_bbp_topic_count_hidden":0,"_bbp_reply_count_hidden":0,"_bbp_forum_subforum_count":0,"site-sidebar-layout":"default","site-content-layout":"","ast-site-content-layout":"default","site-content-style":"default","site-sidebar-style":"default","ast-global-header-display":"","ast-banner-title-visibility":"","ast-main-header-display":"","ast-hfb-above-header-display":"","ast-hfb-below-header-display":"","ast-hfb-mobile-header-display":"","site-post-title":"","ast-breadcrumbs-content":"","ast-featured-img":"","footer-sml-layout":"","theme-transparent-header-meta":"","adv-header-id-meta":"","stick-header-meta":"","header-above-stick-meta":"","header-main-stick-meta":"","header-below-stick-meta":"","astra-migrate-meta-layouts":"set","ast-page-background-enabled":"default","ast-page-background-meta":{"desktop":{"background-color":"var(--ast-global-color-4)","background-image":"","background-repeat":"repeat","background-position":"center center","background-size":"auto","background-attachment":"scroll","background-type":"","background-media":"","overlay-type":"","overlay-color":"","overlay-opacity":"","overlay-gradient":""},"tablet":{"background-color":"","background-image":"","background-repeat":"repeat","background-position":"center center","background-size":"auto","background-attachment":"scroll","background-type":"","background-media":"","overlay-type":"","overlay-color":"","overlay-opacity":"","overlay-gradient":""},"mobile":{"background-color":"","background-image":"","background-repeat":"repeat","background-position":"center center","background-size":"auto","background-attachment":"scroll","background-type":"","background-media":"","overlay-type":"","overlay-color":"","overlay-opacity":"","overlay-gradient":""}},"ast-content-background-meta":{"desktop":{"background-color":"var(--ast-global-color-5)","background-image":"","background-repeat":"repeat","background-position":"center center","background-size":"auto","background-attachment":"scroll","background-type":"","background-media":"","overlay-type":"","overlay-color":"","overlay-opacity":"","overlay-gradient":""},"tablet":{"background-color":"var(--ast-global-color-5)","background-image":"","background-repeat":"repeat","background-position":"center center","background-size":"auto","background-attachment":"scroll","background-type":"","background-media":"","overlay-type":"","overlay-color":"","overlay-opacity":"","overlay-gradient":""},"mobile":{"background-color":"var(--ast-global-color-5)","background-image":"","background-repeat":"repeat","background-position":"center center","background-size":"auto","background-attachment":"scroll","background-type":"","background-media":"","overlay-type":"","overlay-color":"","overlay-opacity":"","overlay-gradient":""}},"footnotes":""},"class_list":["post-21","page","type-page","status-publish","hentry"],"post_mailing_queue_ids":[],"_links":{"self":[{"href":"https:\/\/agora.xtec.cat\/ieslasedeta\/wp-json\/wp\/v2\/pages\/21","targetHints":{"allow":["GET"]}}],"collection":[{"href":"https:\/\/agora.xtec.cat\/ieslasedeta\/wp-json\/wp\/v2\/pages"}],"about":[{"href":"https:\/\/agora.xtec.cat\/ieslasedeta\/wp-json\/wp\/v2\/types\/page"}],"author":[{"embeddable":true,"href":"https:\/\/agora.xtec.cat\/ieslasedeta\/wp-json\/wp\/v2\/users\/1"}],"replies":[{"embeddable":true,"href":"https:\/\/agora.xtec.cat\/ieslasedeta\/wp-json\/wp\/v2\/comments?post=21"}],"version-history":[{"count":4,"href":"https:\/\/agora.xtec.cat\/ieslasedeta\/wp-json\/wp\/v2\/pages\/21\/revisions"}],"predecessor-version":[{"id":13451,"href":"https:\/\/agora.xtec.cat\/ieslasedeta\/wp-json\/wp\/v2\/pages\/21\/revisions\/13451"}],"up":[{"embeddable":true,"href":"https:\/\/agora.xtec.cat\/ieslasedeta\/wp-json\/wp\/v2\/pages\/13342"}],"wp:attachment":[{"href":"https:\/\/agora.xtec.cat\/ieslasedeta\/wp-json\/wp\/v2\/media?parent=21"}],"curies":[{"name":"wp","href":"https:\/\/api.w.org\/{rel}","templated":true}]}}