{"id":1775,"date":"2016-03-14T12:51:45","date_gmt":"2016-03-14T11:51:45","guid":{"rendered":"http:\/\/agora.xtec.cat\/ieslasedeta\/?page_id=1775"},"modified":"2025-11-13T19:34:56","modified_gmt":"2025-11-13T18:34:56","slug":"tutories","status":"publish","type":"page","link":"https:\/\/agora.xtec.cat\/ieslasedeta\/equip-huma\/tutories\/","title":{"rendered":"Tutories"},"content":{"rendered":"<table style=\"border-collapse: collapse; width: 100%; height: 299px;\">\n<tbody>\n<tr style=\"height: 52px;\">\n<td style=\"background-color: #ff3257; height: 52px; width: 99.711%; text-align: center;\" colspan=\"5\"><span style=\"color: #ffffff;\"><b>TUTORIES GRUPS<\/b><\/span><\/td>\n<\/tr>\n<tr style=\"height: 23px;\">\n<td style=\"text-align: center; width: 15.4143%; background-color: rgba(106, 3, 94, 0.66); height: 23px;\"><span style=\"color: #ffffff;\"><b>\u00a0<\/b><\/span><\/td>\n<td style=\"text-align: center; width: 24.4701%; background-color: rgba(106, 3, 94, 0.66); height: 23px;\"><span style=\"color: #ffffff;\"><b>A<\/b><\/span><\/td>\n<td style=\"text-align: center; width: 19.9422%; background-color: rgba(106, 3, 94, 0.66); height: 23px;\"><span style=\"color: #ffffff;\"><b>B<\/b><\/span><\/td>\n<td style=\"text-align: center; width: 19.9422%; background-color: rgba(106, 3, 94, 0.66); height: 23px;\"><span style=\"color: #ffffff;\"><b>C<\/b><\/span><\/td>\n<td style=\"text-align: center; width: 19.9422%; background-color: rgba(106, 3, 94, 0.66); height: 23px;\"><span style=\"color: #ffffff;\"><b>D<\/b><\/span><\/td>\n<\/tr>\n<tr style=\"height: 35px;\">\n<td style=\"width: 15.4143%; height: 35px; text-align: center; background-color: #4c86a6;\"><strong>1r ESO<\/strong><\/td>\n<td style=\"width: 24.4701%; height: 35px;\">Albert Bassas<\/td>\n<td style=\"width: 19.9422%; height: 35px;\">N\u00faria Mendo<\/td>\n<td style=\"width: 19.9422%; height: 35px;\">Ariadna Est\u00e9vez<\/td>\n<td style=\"width: 19.9422%; height: 35px; background-color: #ded9d9;\"><\/td>\n<\/tr>\n<tr style=\"height: 35px;\">\n<td style=\"width: 15.4143%; text-align: center; height: 35px; background-color: #4c86a6;\"><strong>2n ESO<\/strong><\/td>\n<td style=\"width: 24.4701%; height: 35px;\">N\u00faria Bosch<\/td>\n<td style=\"width: 19.9422%; height: 35px;\">Maria Garcia<\/td>\n<td style=\"width: 19.9422%; height: 35px;\">Josep Maria Fradera<\/td>\n<td style=\"width: 19.9422%; height: 35px;\">Ver\u00f3nica Lambea<\/td>\n<\/tr>\n<tr style=\"height: 52px;\">\n<td style=\"width: 15.4143%; height: 34px; text-align: center; background-color: #4c86a6;\"><strong>3r ESO<\/strong><\/td>\n<td style=\"width: 24.4701%; height: 34px;\">Carolina Ter\u00e9s<\/td>\n<td style=\"width: 19.9422%; height: 34px;\">Mikel Fern\u00e1ndez<\/td>\n<td style=\"width: 19.9422%; height: 34px; background-color: #ded9d9;\"><\/td>\n<td style=\"width: 19.9422%; height: 34px; background-color: #ded9d9;\"><\/td>\n<\/tr>\n<tr style=\"height: 52px;\">\n<td style=\"width: 15.4143%; height: 40px; text-align: center; background-color: #4c86a6;\"><strong>4t ESO<\/strong><\/td>\n<td style=\"width: 24.4701%; height: 40px;\">Gemma Bartu\u00ed<\/td>\n<td style=\"width: 19.9422%; height: 40px;\">Xavier Gabarr\u00f3<\/td>\n<td style=\"width: 19.9422%; height: 40px; background-color: #ded9d9;\"><\/td>\n<td style=\"width: 19.9422%; height: 40px; background-color: #ded9d9;\"><\/td>\n<\/tr>\n<tr style=\"height: 52px;\">\n<td style=\"width: 15.4143%; height: 41px; text-align: center; background-color: #4c86a6;\"><strong>1r Batxillerat<\/strong><\/td>\n<td style=\"width: 24.4701%; height: 41px;\">S\u00edlvia Font<\/td>\n<td style=\"width: 19.9422%; height: 41px;\">Francesc Salgado<\/td>\n<td style=\"width: 19.9422%; height: 41px; background-color: #ded9d9;\"><\/td>\n<td style=\"width: 19.9422%; height: 41px; background-color: #ded9d9;\"><\/td>\n<\/tr>\n<tr style=\"height: 52px;\">\n<td style=\"width: 15.4143%; height: 39px; text-align: center; background-color: #4c86a6;\"><strong>2n Batxillerat<\/strong><\/td>\n<td style=\"width: 24.4701%; height: 39px;\">Ricard Sent\u00eds<\/td>\n<td style=\"width: 19.9422%; height: 39px;\">Josep Llu\u00eds Mart\u00ednez<\/td>\n<td style=\"width: 19.9422%; height: 39px; background-color: #ded9d9;\"><\/td>\n<td style=\"width: 19.9422%; height: 39px; background-color: #ded9d9;\"><\/td>\n<\/tr>\n<\/tbody>\n<\/table>\n<p style=\"text-align: justify;\"><strong><a href=\"http:\/\/agora.xtec.cat\/ieslasedeta\/wp-content\/uploads\/usu656\/2016\/09\/team-300x261.jpg\"><img loading=\"lazy\" decoding=\"async\" class=\"size-full wp-image-2812 alignright\" src=\"http:\/\/agora.xtec.cat\/ieslasedeta\/wp-content\/uploads\/usu656\/2016\/09\/team-300x261.jpg\" alt=\"team-300x261\" width=\"300\" height=\"261\" \/><\/a><\/strong><\/p>\n<p style=\"text-align: justify;\"><strong>L&#8217;acci\u00f3 tutorial compr\u00e8n les activitats d&#8217;acollida, d&#8217;orientaci\u00f3 personal i social (en els aspectes intel\u00b7lectual, emocional i moral, d&#8217;acord amb l&#8217;edat), acad\u00e8mica i professional de l&#8217;alumnat, perqu\u00e8 aquest assoleixi la maduresa personal i la integraci\u00f3 social.<\/strong><\/p>\n<p style=\"text-align: justify;\">El professorat del centre programa l&#8217;acci\u00f3 tutorial, d&#8217;acord amb les l\u00ednies que s\u00f3n establertes al PEC, per mitj\u00e0 del <strong>PAT (Pla d&#8217;Acci\u00f3 Tutorial)<\/strong> aprovat pel Claustre i pel Consell Escolar. La tasca de coordinaci\u00f3 del PAT s&#8217;inclou en les actuacions del Departament d&#8217;Orientaci\u00f3 del centre i de les Coordinacions d&#8217;ESO i de Batxillerat.<\/p>\n<p style=\"text-align: justify;\"><strong>Tot el professorat\u00a0\u00e9s responsable de l&#8217;exercici de l&#8217;acci\u00f3 tutorial i del bon funcionament d&#8217;un\u00a0grup, ja que l&#8217;activitat docent implica no nom\u00e9s impartir continguts propis de la mat\u00e8ria, sin\u00f3 tamb\u00e9 l&#8217;orientaci\u00f3 i el seguiment del proc\u00e9s d&#8217;aprenentatge, i l&#8217;adaptaci\u00f3 de l&#8217;ensenyament a les diverses necessitats educatives de l&#8217;alumnat.<\/strong> <strong>No obstant aix\u00f2, per tal de coordinar l&#8217;acci\u00f3 tutorial, es designa un\/a tutor\/a de grup\u00a0<\/strong>\u00a0en cadascun dels quatre nivells de l&#8217;ESO i del Batxillerat.<\/p>\n<p style=\"text-align: justify;\">Pel que fa a els tutors i a les tutores de grup, aquests porten al dia la documentaci\u00f3 que els\/les alumnes tramiten a l&#8217;inici de curs (perm\u00eds de sortida, drets d&#8217;imatge, etc.) i d&#8217;altres que sorgeixen durant el seu transcurs (permisos de sortides, recollida de diners, etc.). Durant l&#8217;hora de tutoria amb el grup, planifiquen, per exemple, activitats col\u00b7lectives per a afavorir la cohesi\u00f3 i la dinamitzaci\u00f3 del grup classe (preparaci\u00f3 de la sortida de final de curs o qualsevol altre tipus de projecte col\u00b7lectiu com a classe). Entre les seves tasques cal destacar les seg\u00fcents:<\/p>\n<ul>\n<li style=\"text-align: justify;\"><strong>Afavorir la relaci\u00f3 entre els\/les alumnes.<\/strong><\/li>\n<li style=\"text-align: justify;\"><strong>Refor\u00e7ar els l\u00edders positius.<\/strong><\/li>\n<li style=\"text-align: justify;\"><strong>Facilitar la integraci\u00f3 dels alumnes nous.<\/strong><\/li>\n<li style=\"text-align: justify;\"><strong>Resoldre conflictes i contemplar la derivaci\u00f3 a l&#8217;equip de mediaci\u00f3.<\/strong><\/li>\n<\/ul>\n<p style=\"text-align: justify;\">El\/les tutors\/es de grup tamb\u00e9 possibiliten el re\u00e0rtiment\u00a0de les responsabilitats de l&#8217;aula entre l&#8217;alumnat i fomenten la col\u00b7laboraci\u00f3 en aspectes organitzatius del centre. Per tant, s&#8217;encarreguen d&#8217;organitzar:<\/p>\n<ul style=\"text-align: justify;\">\n<li><strong>L&#8217;elecci\u00f3 de delegats o membres del Consell Escolar.<\/strong><\/li>\n<li><strong>Els responsables d&#8217;ordre i neteja de l&#8217;aula.<\/strong><\/li>\n<li><strong>Els responsables de portar al dia el calendari com\u00fa de proves, entregues de treballs, etc.<\/strong><\/li>\n<li><strong>El manteniment de les instal\u00b7lacions de l&#8217;aula.<\/strong><\/li>\n<\/ul>\n<p style=\"text-align: justify;\">Durant l&#8217;hora de tutoria \u00a0els\/les tutors de grup preparen i duen a terme les activitats relacionades amb els eixos transversals del PAT:<\/p>\n<table>\n<tbody>\n<tr>\n<td style=\"background-color: #4c86a6;\"><span style=\"color: #ffffff;\"><strong>1r ESO<\/strong><\/span><\/td>\n<td style=\"border-color: #f59d05;\">\n<ul>\n<li>Medi ambient i sostenibilitat<\/li>\n<li>Addiccions a les noves tecnologies<\/li>\n<li>H\u00e0bits saludables: alimentaci\u00f3, neteja i descans<\/li>\n<li>Conductes de risc: internet<\/li>\n<\/ul>\n<\/td>\n<\/tr>\n<tr>\n<td style=\"background-color: #4c86a6;\"><span style=\"color: #ffffff;\"><strong>2n ESO<\/strong><\/span><\/td>\n<td style=\"border-color: #f59d05;\">\n<ul>\n<li>H\u00e0bits saludables: alimentaci\u00f3, autoestima i publicitat<\/li>\n<li>Trastorns alimentaris i conductes de risc: bul\u00edmia i anor\u00e8xia<\/li>\n<\/ul>\n<\/td>\n<\/tr>\n<tr>\n<td style=\"background-color: #4c86a6;\"><span style=\"color: #ffffff;\"><strong>3r ESO<\/strong><\/span><\/td>\n<td style=\"border-color: #f59d05;\">\n<ul>\n<li>Drogodepend\u00e8ncia: alcohol i tabac, drogues toves i de disseny<\/li>\n<li>Relacions sexuals, valors de la toler\u00e0ncia i la responsabilitat<\/li>\n<\/ul>\n<\/td>\n<\/tr>\n<tr>\n<td style=\"background-color: #4c86a6;\"><span style=\"color: #ffffff;\"><strong>4t ESO<\/strong><\/span><\/td>\n<td style=\"border-color: #f59d05;\">\n<ul>\n<li>Relacions personals, q\u00fcestions de g\u00e8nere: maltractaments<\/li>\n<li>Drogodepend\u00e8ncia: opiacis<\/li>\n<li>Comprom\u00eds social<\/li>\n<li>Orientaci\u00f3 escolar<\/li>\n<\/ul>\n<\/td>\n<\/tr>\n<\/tbody>\n<\/table>\n<p style=\"text-align: justify;\"><strong>Els\u00a0tutors i les tutores, a m\u00e9s, es responsabilitzen de l&#8217;avaluaci\u00f3 del seu grup d&#8217;alumnes en les sessions d&#8217;avaluaci\u00f3<\/strong>; juntament amb el\/la secretari\/\u00e0ria, tamb\u00e9 es preocupen de l&#8217;elaboraci\u00f3 dels documents que acrediten els resultats de les avaluacions; i tenen cura de la comunicaci\u00f3 de les avaluacions als pares, a les mares o als representants legals.<\/p>\n","protected":false},"excerpt":{"rendered":"<p>TUTORIES GRUPS \u00a0 A B C D 1r ESO Albert Bassas N\u00faria Mendo Ariadna Est\u00e9vez 2n ESO N\u00faria Bosch Maria Garcia Josep Maria Fradera Ver\u00f3nica Lambea 3r ESO Carolina Ter\u00e9s Mikel Fern\u00e1ndez 4t ESO Gemma Bartu\u00ed Xavier Gabarr\u00f3 1r Batxillerat S\u00edlvia Font Francesc Salgado 2n Batxillerat Ricard Sent\u00eds Josep Llu\u00eds Mart\u00ednez L&#8217;acci\u00f3 tutorial compr\u00e8n les [&hellip;]<\/p>\n","protected":false},"author":1,"featured_media":0,"parent":908,"menu_order":3,"comment_status":"closed","ping_status":"closed","template":"","meta":{"_bbp_topic_count":0,"_bbp_reply_count":0,"_bbp_total_topic_count":0,"_bbp_total_reply_count":0,"_bbp_voice_count":0,"_bbp_anonymous_reply_count":0,"_bbp_topic_count_hidden":0,"_bbp_reply_count_hidden":0,"_bbp_forum_subforum_count":0,"site-sidebar-layout":"default","site-content-layout":"","ast-site-content-layout":"default","site-content-style":"default","site-sidebar-style":"default","ast-global-header-display":"","ast-banner-title-visibility":"","ast-main-header-display":"","ast-hfb-above-header-display":"","ast-hfb-below-header-display":"","ast-hfb-mobile-header-display":"","site-post-title":"","ast-breadcrumbs-content":"","ast-featured-img":"","footer-sml-layout":"","theme-transparent-header-meta":"default","adv-header-id-meta":"","stick-header-meta":"","header-above-stick-meta":"","header-main-stick-meta":"","header-below-stick-meta":"","astra-migrate-meta-layouts":"set","ast-page-background-enabled":"default","ast-page-background-meta":{"desktop":{"background-color":"var(--ast-global-color-4)","background-image":"","background-repeat":"repeat","background-position":"center center","background-size":"auto","background-attachment":"scroll","background-type":"","background-media":"","overlay-type":"","overlay-color":"","overlay-opacity":"","overlay-gradient":""},"tablet":{"background-color":"","background-image":"","background-repeat":"repeat","background-position":"center center","background-size":"auto","background-attachment":"scroll","background-type":"","background-media":"","overlay-type":"","overlay-color":"","overlay-opacity":"","overlay-gradient":""},"mobile":{"background-color":"","background-image":"","background-repeat":"repeat","background-position":"center center","background-size":"auto","background-attachment":"scroll","background-type":"","background-media":"","overlay-type":"","overlay-color":"","overlay-opacity":"","overlay-gradient":""}},"ast-content-background-meta":{"desktop":{"background-color":"var(--ast-global-color-5)","background-image":"","background-repeat":"repeat","background-position":"center center","background-size":"auto","background-attachment":"scroll","background-type":"","background-media":"","overlay-type":"","overlay-color":"","overlay-opacity":"","overlay-gradient":""},"tablet":{"background-color":"var(--ast-global-color-5)","background-image":"","background-repeat":"repeat","background-position":"center center","background-size":"auto","background-attachment":"scroll","background-type":"","background-media":"","overlay-type":"","overlay-color":"","overlay-opacity":"","overlay-gradient":""},"mobile":{"background-color":"var(--ast-global-color-5)","background-image":"","background-repeat":"repeat","background-position":"center center","background-size":"auto","background-attachment":"scroll","background-type":"","background-media":"","overlay-type":"","overlay-color":"","overlay-opacity":"","overlay-gradient":""}},"footnotes":""},"class_list":["post-1775","page","type-page","status-publish","hentry"],"post_mailing_queue_ids":[],"_links":{"self":[{"href":"https:\/\/agora.xtec.cat\/ieslasedeta\/wp-json\/wp\/v2\/pages\/1775","targetHints":{"allow":["GET"]}}],"collection":[{"href":"https:\/\/agora.xtec.cat\/ieslasedeta\/wp-json\/wp\/v2\/pages"}],"about":[{"href":"https:\/\/agora.xtec.cat\/ieslasedeta\/wp-json\/wp\/v2\/types\/page"}],"author":[{"embeddable":true,"href":"https:\/\/agora.xtec.cat\/ieslasedeta\/wp-json\/wp\/v2\/users\/1"}],"replies":[{"embeddable":true,"href":"https:\/\/agora.xtec.cat\/ieslasedeta\/wp-json\/wp\/v2\/comments?post=1775"}],"version-history":[{"count":5,"href":"https:\/\/agora.xtec.cat\/ieslasedeta\/wp-json\/wp\/v2\/pages\/1775\/revisions"}],"predecessor-version":[{"id":13562,"href":"https:\/\/agora.xtec.cat\/ieslasedeta\/wp-json\/wp\/v2\/pages\/1775\/revisions\/13562"}],"up":[{"embeddable":true,"href":"https:\/\/agora.xtec.cat\/ieslasedeta\/wp-json\/wp\/v2\/pages\/908"}],"wp:attachment":[{"href":"https:\/\/agora.xtec.cat\/ieslasedeta\/wp-json\/wp\/v2\/media?parent=1775"}],"curies":[{"name":"wp","href":"https:\/\/api.w.org\/{rel}","templated":true}]}}