{"id":1773,"date":"2016-03-14T12:50:27","date_gmt":"2016-03-14T11:50:27","guid":{"rendered":"http:\/\/agora.xtec.cat\/ieslasedeta\/?page_id=1773"},"modified":"2025-11-26T19:40:46","modified_gmt":"2025-11-26T18:40:46","slug":"coordinacions","status":"publish","type":"page","link":"https:\/\/agora.xtec.cat\/ieslasedeta\/equip-huma\/coordinacions\/","title":{"rendered":"Coordinacions"},"content":{"rendered":"\n<h2 class=\"wp-block-heading has-background has-medium-font-size\" style=\"background-color:#6a035ea8\">Caps d&#8217;\u00e0mbit<\/h2>\n\n\n\n<figure class=\"wp-block-image alignright is-resized is-style-rounded\"><a href=\"http:\/\/agora.xtec.cat\/ieslasedeta\/wp-content\/uploads\/usu656\/2016\/09\/trabajo-en-equipo-e-integracion.jpg\"><img loading=\"lazy\" decoding=\"async\" width=\"300\" height=\"228\" src=\"http:\/\/agora.xtec.cat\/ieslasedeta\/wp-content\/uploads\/usu656\/2016\/09\/trabajo-en-equipo-e-integracion-300x228.jpg\" alt=\"trabajo-en-equipo-e-integracion\" class=\"wp-image-2816\" style=\"width:318px;height:auto\" srcset=\"https:\/\/agora.xtec.cat\/ieslasedeta\/wp-content\/uploads\/usu656\/2016\/09\/trabajo-en-equipo-e-integracion-300x228.jpg 300w, https:\/\/agora.xtec.cat\/ieslasedeta\/wp-content\/uploads\/usu656\/2016\/09\/trabajo-en-equipo-e-integracion.jpg 460w\" sizes=\"auto, (max-width: 300px) 100vw, 300px\" \/><\/a><\/figure>\n\n\n\n<p><strong>Els diferents departaments i seminaris did\u00e0ctics s&#8217;organitzen en sis \u00e0mbits<\/strong>:<\/p>\n\n\n\n<ul class=\"wp-block-list\">\n<li class=\"has-ast-global-color-1-color has-text-color has-link-color wp-elements-0aaa03f450f2557a80bc931de0a62b1d\"><span style=\"color: #ff0000;\"><a href=\"https:\/\/agora.xtec.cat\/ieslasedeta\/categoria\/llengues-i-literatures\/\" target=\"_blank\" rel=\"noreferrer noopener\">Lleng\u00fces&nbsp;i literatura<\/a><\/span> (<em>Llengua catalana, llengua castellana i aula d&#8217;acollida<\/em>)<\/li>\n\n\n\n<li class=\"has-ast-global-color-1-color has-text-color has-link-color wp-elements-01bfa2947e3b452431b7b67fe104c681\"><a href=\"http:\/\/agora.xtec.cat\/ieslasedeta\/categoria\/ambits-didactics\/llengues-estrangeres\/\" target=\"_blank\" rel=\"noopener noreferrer\"><span style=\"color: #ff0000;\">Lleng\u00fces estrangeres<\/span><\/a> (<em>Angl\u00e8s, alemany i cultura cl\u00e0ssica<\/em>)<\/li>\n\n\n\n<li class=\"has-ast-global-color-1-color has-text-color has-link-color wp-elements-6cdde5572ec971bb9b8d77c054027894\"><a href=\"http:\/\/agora.xtec.cat\/ieslasedeta\/categoria\/ambits-didactics\/ciencies-socials\/\" target=\"_blank\" rel=\"noopener noreferrer\"><span style=\"color: #ff0000;\">Ci\u00e8ncies socials<\/span><\/a> (<em>Ci\u00e8ncies socials, economia, filosofia i religi\u00f3<\/em>)<\/li>\n\n\n\n<li class=\"has-ast-global-color-1-color has-text-color has-link-color wp-elements-e0da16b016ddb21247202db06ebc1e4c\"><a href=\"http:\/\/agora.xtec.cat\/ieslasedeta\/categoria\/ambits-didactics\/matematiques\/\" target=\"_blank\" rel=\"noopener noreferrer\"><span style=\"color: #ff0000;\">Matem\u00e0tiques<\/span><\/a> (<em>Matem\u00e0tiques<\/em>)<\/li>\n\n\n\n<li class=\"has-ast-global-color-1-color has-text-color has-link-color wp-elements-45ad6463d034a33255418cc68652e003\"><a href=\"http:\/\/agora.xtec.cat\/ieslasedeta\/categoria\/ambits-didactics\/ciencies-i-tecnologia\/\" target=\"_blank\" rel=\"noopener noreferrer\"><span style=\"color: #ff0000;\">Ci\u00e8ncies i Tecnologia<\/span><\/a> (<em>Biologia i geologia, f\u00edsica i qu\u00edmica, tecnologia<\/em>)<\/li>\n\n\n\n<li class=\"has-ast-global-color-1-color has-text-color has-link-color wp-elements-6d0745c6ff19f21617f99c1da277e4f5\"><a href=\"http:\/\/agora.xtec.cat\/ieslasedeta\/categoria\/ambits-didactics\/expressio\/\" target=\"_blank\" rel=\"noopener noreferrer\"><span style=\"color: #ff0000;\">Expressi\u00f3<\/span><\/a> (<em>Visual i pl\u00e0stica, m\u00fasica i educaci\u00f3 f\u00edsica<\/em>)<\/li>\n<\/ul>\n\n\n\n<p>Cadascun t\u00e9 un cap&nbsp;amb les seg\u00fcents funcions:<\/p>\n\n\n\n<ul class=\"wp-block-list\">\n<li><strong>Convocar, coordinar i recollir en una acta els acords presos a les reunions de l&#8217;\u00e0mbit.<\/strong><\/li>\n\n\n\n<li><strong>Coordinar i distribuir<\/strong> al s\u00ed de l&#8217;\u00e0mbit did\u00e0ctic els processos de:\n<ul class=\"wp-block-list\">\n<li>Concreci\u00f3 i publicaci\u00f3 de les programacions de les mat\u00e8ries corresponents, vetllant per la seva coher\u00e8ncia.<\/li>\n\n\n\n<li>Establiment i publicaci\u00f3 dels criteris d&#8217;avaluaci\u00f3 i qualificaci\u00f3 de les mat\u00e8ries corresponents.<\/li>\n\n\n\n<li>Realitzaci\u00f3 de la mem\u00f2ria anual de l&#8217;\u00e0mbit.<\/li>\n\n\n\n<li>Organitzaci\u00f3 dels ex\u00e0mens de recuperaci\u00f3 de mat\u00e8ries pendents de l&#8217;ESO i el batxillerat.<\/li>\n<\/ul>\n<\/li>\n\n\n\n<li><strong>Vetllar per l&#8217;establiment i el seguiment de la metodologia i did\u00e0ctica<\/strong> educatives aplicables en la pr\u00e0ctica docent.<\/li>\n\n\n\n<li><strong>Propiciar la innovaci\u00f3 i recerca educatives i la formaci\u00f3 permanent<\/strong> al s\u00ed del propi \u00e0mbit did\u00e0ctic.<\/li>\n\n\n\n<li>Assistir a les reunions de coordinaci\u00f3 convocades per la direcci\u00f3 del centre.<\/li>\n\n\n\n<li>Con\u00e8ixer les activitats de l&#8217;\u00e0mbit fora dels espais habituals.<\/li>\n<\/ul>\n\n\n\n<figure class=\"wp-block-table is-style-stripes has-medium-font-size\"><table class=\"has-black-color has-ast-global-color-0-background-color has-text-color has-background has-link-color has-fixed-layout\"><tbody><tr><td class=\"has-text-align-center\" data-align=\"center\" colspan=\"3\"><strong>CAPS D&#8217;\u00c0MBIT DID\u00c0CTIC<\/strong><\/td><\/tr><tr><td class=\"has-text-align-center\" data-align=\"center\"><strong>Lleng\u00fces i literatura<\/strong><\/td><td class=\"has-text-align-center\" data-align=\"center\"><strong>Lleng\u00fces estrangeres<\/strong><\/td><td class=\"has-text-align-center\" data-align=\"center\"><strong>Matem\u00e0tiques<\/strong><\/td><\/tr><tr><td class=\"has-text-align-center\" data-align=\"center\">Montse Armengol<\/td><td class=\"has-text-align-center\" data-align=\"center\">Guillem Pou<\/td><td class=\"has-text-align-center\" data-align=\"center\">Josep Llu\u00eds Mart\u00ednez<\/td><\/tr><tr><td class=\"has-text-align-center\" data-align=\"center\"><strong>Ci\u00e8ncies i Tecnologia<\/strong><\/td><td class=\"has-text-align-center\" data-align=\"center\"><strong>Ci\u00e8ncies Socials<\/strong><\/td><td class=\"has-text-align-center\" data-align=\"center\"><strong>Expressi\u00f3<\/strong><\/td><\/tr><tr><td class=\"has-text-align-center\" data-align=\"center\">Albert Saurina<\/td><td class=\"has-text-align-center\" data-align=\"center\">Francesc Salgado<\/td><td class=\"has-text-align-center\" data-align=\"center\">S\u00edlvia Masd\u00e9u<\/td><\/tr><\/tbody><\/table><\/figure>\n\n\n\n<h2 class=\"wp-block-heading has-background has-medium-font-size\" style=\"background-color:#6a035ea8\">Altres c\u00e0rrecs de coordinaci\u00f3<\/h2>\n\n\n\n<figure class=\"wp-block-table is-style-stripes\"><table class=\"has-ast-global-color-0-background-color has-background has-fixed-layout\"><tbody><tr><td colspan=\"3\"><\/td><\/tr><tr><td><strong>ESO<\/strong><\/td><td><strong>Batxillerat<\/strong><\/td><td><strong>Riscos Laborals<\/strong><\/td><\/tr><tr><td>1r cicle: N\u00faria Bosch<br>2n cicle: Carolina Ter\u00e9s<\/td><td>Jos\u00e9 Antonio Torrecillas<\/td><td>Guillem Romeu<\/td><\/tr><tr><td><b>TAC<\/b><\/td><td><strong>Web<\/strong><\/td><td><strong>Xarxes Socials<\/strong><\/td><\/tr><tr><td>Tom\u00e0s Winand<\/td><td>Albert Bassas<\/td><td>&nbsp;Cristina Dur\u00f3<\/td><\/tr><tr><td><strong>Activitats i serveis<\/strong><\/td><td><strong>Biblioteca<\/strong><\/td><td><strong>LIC<\/strong><\/td><\/tr><tr><td>Albert Bassas<\/td><td>Marta Tarroja<\/td><td>S\u00edlvia Font<\/td><\/tr><\/tbody><\/table><\/figure>\n\n\n\n<p><span style=\"color: #ff0000;\"><strong>COORDINACI\u00d3 D&#8217;ESO<\/strong><\/span><\/p>\n\n\n\n<p>Les seves funcions s\u00f3n:<\/p>\n\n\n\n<ul class=\"wp-block-list\">\n<li><strong>Afavorir l&#8217;actuaci\u00f3 coordinada del professorat d&#8217;ESO<\/strong> a trav\u00e9s de la discussi\u00f3 i l&#8217;acord de criteris i accions comuns.<\/li>\n\n\n\n<li><strong>Convocar i coordinar les reunions dels tutors i tutores d&#8217;ESO<\/strong>, conjuntament amb la persona responsable de la coordinaci\u00f3 pedag\u00f2gica.<\/li>\n\n\n\n<li>Recollir els acords presos en les reunions de tutors i tutores i vetllar pel seu compliment.<\/li>\n\n\n\n<li><strong>Coordinar les tasques dels tutors i tutores d&#8217;ESO<\/strong>, vetllant per l&#8217;aplicaci\u00f3 del PAT, conjuntament amb la persona responsable de la coordinaci\u00f3 pedag\u00f2gica.<\/li>\n\n\n\n<li>Coordinar, conjuntament amb els tutors i tutores de grup i la persona responsable de la coordinaci\u00f3 d&#8217;activitats escolars, les activitats i sortides complement\u00e0ries. vetllant perqu\u00e8 siguin distribu\u00efdes d&#8217;una manera \u00f2ptima.<\/li>\n\n\n\n<li>Planificar i coordinar la correcta realitzaci\u00f3 dels cr\u00e8dits de s\u00edntesi i el projecte de recerca conjuntament amb la persona responsable de la coordinaci\u00f3 pedag\u00f2gica.<strong><br><\/strong><\/li>\n\n\n\n<li>Afavorir la transmissi\u00f3 de la informaci\u00f3 entre l\u2019equip docent de l&#8217;ESO i la direcci\u00f3.<\/li>\n<\/ul>\n\n\n\n<p><span style=\"color: #ff0000;\"><strong>COORDINACI\u00d3 DE BATXILLERAT<\/strong><\/span><\/p>\n\n\n\n<p>Les seves funcions s\u00f3n:<\/p>\n\n\n\n<ul class=\"wp-block-list\">\n<li><strong>Afavorir l&#8217;actuaci\u00f3 coordinada del professorat de Batxillerat<\/strong> a trav\u00e9s de la discussi\u00f3 i l&#8217;acord de criteris i accions comuns.<\/li>\n\n\n\n<li><strong>Convocar i coordinar les reunions dels tutors i tutores de Batxillerat<\/strong>, conjuntament amb la persona responsable de la coordinaci\u00f3 pedag\u00f2gica.<\/li>\n\n\n\n<li>Recollir els acords presos en les reunions de tutors i tutores i vetllar pel seu compliment.<\/li>\n\n\n\n<li><strong>Coordinar les tasques dels tutors i tutores del Batxillerat<\/strong>, vetllant per l&#8217;aplicaci\u00f3 del PAT, conjuntament amb la persona responsable de la coordinaci\u00f3 pedag\u00f2gica.<\/li>\n\n\n\n<li>Coordinar, conjuntament amb els tutors i tutores de grup i la persona responsable de la coordinaci\u00f3 d&#8217;activitats escolars, les activitats i sortides complement\u00e0ries. vetllant perqu\u00e8 siguin distribu\u00efdes d&#8217;una manera \u00f2ptima.<\/li>\n\n\n\n<li><strong>Planificar i coordinar la correcta realitzaci\u00f3 dels treballs de recerca<\/strong>.\n<ul class=\"wp-block-list\">\n<li>Recollir les propostes de treballs de recerca dels diferents departaments did\u00e0ctics.<\/li>\n\n\n\n<li>Assignar els treballs de recerca als alumnes de 1r de batxillerat durant el segon trimestre del curs.<\/li>\n\n\n\n<li>Fer un seguiment dels alumnes que s&#8217;incorporen a l&#8217;institut a 2n de batxillerat, tant pel que fa a la coher\u00e8ncia del curr\u00edculum com a la presentaci\u00f3 del TR.<\/li>\n\n\n\n<li>Confegir els horaris de les exposicions del TR.<\/li>\n\n\n\n<li>Mantenir el contacte amb el CRP i tenir cura de presentar els TR als premis que habitualment es convoquen, fonamentalment al F\u00f2rum de TR de Gr\u00e0cia.<\/li>\n<\/ul>\n<\/li>\n\n\n\n<li>V<strong>etllar perqu\u00e8 els curr\u00edculums de l\u2019alumne\/a siguin coherents<\/strong>.<\/li>\n\n\n\n<li>Fer arribar als alumnes i als professors tota la informaci\u00f3 que calgui sobre les PAU. Coordinar tant l\u2019orientaci\u00f3 universit\u00e0ria com professional de cicles superiors.<\/li>\n\n\n\n<li>Controlar la correcci\u00f3 dels canvis de modalitat, recuperaci\u00f3 de mat\u00e8ries suspeses i convalidacions.<\/li>\n\n\n\n<li>Afavorir la transmissi\u00f3 de la informaci\u00f3 entre l\u2019equip docent de Batxillerat i la direcci\u00f3.<\/li>\n<\/ul>\n\n\n\n<p><span style=\"color: #ff0000;\"><strong>COORDINACI\u00d3 DE PREVENCI\u00d3 DE RISCOS LABORALS<\/strong><\/span><\/p>\n\n\n\n<p>Les seves funcions s\u00f3n:<\/p>\n\n\n\n<ul class=\"wp-block-list\">\n<li><strong>Promoure i coordinar, segons les directrius de la direcci\u00f3 del centre, les actuacions en mat\u00e8ria de salut i seguretat del centre.<\/strong><\/li>\n\n\n\n<li>Promoure les actuacions preventives b\u00e0siques, com l\u2019ordre, la neteja, la senyalitzaci\u00f3 i el manteniment en general i efectuar-ne el seguiment i control.<\/li>\n\n\n\n<li><strong>Col\u00b7laborar en l\u2019elaboraci\u00f3 del pla d\u2019emerg\u00e8ncia i en les actuacions que se&#8217;n derivin.<\/strong><\/li>\n\n\n\n<li>Col\u00b7laborar amb el claustre pel desenvolupament, dins del curr\u00edculum de l\u2019alumnat, dels continguts de prevenci\u00f3 de riscos i d\u2019estil de vida saludable.<\/li>\n<\/ul>\n\n\n\n<p><span style=\"color: #ff0000;\"><strong>COORDINACI\u00d3 DE LES TECNOLOGIES DE L&#8217;APRENENTATGE I DEL CONEIXEMENT<\/strong><\/span><\/p>\n\n\n\n<p>Les seves funcions s\u00f3n:<\/p>\n\n\n\n<ul class=\"wp-block-list\">\n<li><strong>Proposar a l\u2019equip directiu els criteris per la utilitzaci\u00f3 i optimitzaci\u00f3 dels recursos inform\u00e0tics<\/strong> i per l\u2019adquisici\u00f3 de nous.<\/li>\n\n\n\n<li><strong>Assessorar l\u2019equip directiu, el professorat i el personal d\u2019administraci\u00f3 i serveis en l\u2019\u00fas de les aplicacions de gesti\u00f3 acad\u00e8mica del Departament d\u2019Educaci\u00f3.<\/strong><\/li>\n\n\n\n<li><strong>Assessorar el professorat en la utilitzaci\u00f3 de programes i recursos inform\u00e0tics en les diverses \u00e0rees i mat\u00e8ries i orientar-lo<\/strong> sobre la seva formaci\u00f3 en aquest tema.<\/li>\n\n\n\n<li><strong>Vetllar i mantenir les instal\u00b7lacions i equipaments inform\u00e0tics del centre i resoldre&#8217;n les incid\u00e8ncies.<\/strong><\/li>\n\n\n\n<li>Altres funcions que la direcci\u00f3 del centre li encomani en relaci\u00f3 amb els recursos inform\u00e0tics i\/o telem\u00e0tics.<\/li>\n<\/ul>\n\n\n\n<p><span style=\"color: #ff0000;\"><strong>COORDINACI\u00d3 WEB<\/strong><\/span><\/p>\n\n\n\n<p>Les seves funcions s\u00f3n:<\/p>\n\n\n\n<ul class=\"wp-block-list\">\n<li><strong>Promoure, coordinar i administrar la publicaci\u00f3 de continguts al web del centre<\/strong>, vetllant per la seva coher\u00e8ncia.<\/li>\n\n\n\n<li><strong>Potenciar la utilitzaci\u00f3 del web del centre com a vehicle de comunicaci\u00f3 amb la comunitat educativa<\/strong>.<\/li>\n\n\n\n<li><strong>Col\u00b7laborar amb la persona responsable de la coordinaci\u00f3 TAC<\/strong> en la definici\u00f3 dels objectius i usos del web del centre.<\/li>\n<\/ul>\n\n\n\n<p><span style=\"color: #ff0000;\"><strong>COORDINACI\u00d3 DE XARXES SOCIALS<\/strong><\/span><\/p>\n\n\n\n<p>Les seves funcions s\u00f3n:<\/p>\n\n\n\n<ul class=\"wp-block-list\">\n<li><strong>Promoure i coordinar<\/strong> la publicaci\u00f3 peri\u00f2dica de contingut a les xarxes socials del centre.<\/li>\n\n\n\n<li>Promoure les actuacions preventives b\u00e0siques, com l\u2019ordre, la neteja, la senyalitzaci\u00f3 i el manteniment en general i efectuar-ne el seguiment i control.<\/li>\n\n\n\n<li><strong>Col\u00b7laborar en l\u2019elaboraci\u00f3 del pla d\u2019emerg\u00e8ncia i en les actuacions que se&#8217;n derivin.<\/strong><\/li>\n\n\n\n<li>Col\u00b7laborar amb el claustre pel desenvolupament, dins del curr\u00edculum de l\u2019alumnat, dels continguts de prevenci\u00f3 de riscos i d\u2019estil de vida saludable.<\/li>\n<\/ul>\n\n\n\n<p><span style=\"color: #ff0000;\"><strong>COORDINACI\u00d3 D&#8217;ACTIVITATS I SERVEIS<\/strong><\/span><\/p>\n\n\n\n<p>Les seves funcions s\u00f3n:<\/p>\n\n\n\n<ul class=\"wp-block-list\">\n<li><strong>Coordinar i gestionar les sortides i activitats escolars complement\u00e0ries del centre<\/strong>, conjuntament amb la persona responsable de la prefectura d&#8217;estudis, vetllant perqu\u00e8 estiguin distribu\u00efdes d&#8217;una manera \u00f2ptima.<\/li>\n\n\n\n<li><strong>Vetllar per la difusi\u00f3 de la informaci\u00f3 relativa a les sortides acad\u00e8miques<\/strong>.<\/li>\n\n\n\n<li><strong>Afavorir la difusi\u00f3 de la informaci\u00f3 relativa a les activitats culturals i esportives i fomentar la participaci\u00f3<\/strong>.<\/li>\n\n\n\n<li><strong>Promoure, coordinar i gestionar les diferents activitats culturals i esportives<\/strong> organitzades en el centre, especialment les festes de Sant Jordi, Carnestoltes i Nadal.<\/li>\n<\/ul>\n\n\n\n<p class=\"text_seccio_3\"><span style=\"color: #ff0000;\"><strong>COORDINACI\u00d3 DE BIBLIOTECA<\/strong><\/span><\/p>\n\n\n\n<p class=\"text_seccio_3\">Les seves funcions s\u00f3n:<\/p>\n\n\n\n<ul class=\"wp-block-list\">\n<li><span style=\"font-family: inherit; font-size: 1em;\"><strong>Establir criteris i formes de funcionament de la biblioteca<\/strong> d\u2019acord amb la comunitat escolar i el PEC.<\/span><\/li>\n\n\n\n<li><span style=\"font-family: inherit; font-size: 1em;\">Recollir les necessitats lectores i d\u2019informaci\u00f3 dels diferents sectors de la comunitat escolar i donar a con\u00e8ixer els acords presos a l\u2019entorn de la biblioteca.<\/span><\/li>\n\n\n\n<li><strong><span style=\"font-family: inherit; font-size: 1em;\">Elaborar i avaluar el projecte de biblioteca d&#8217;acord amb el Pla Anual del centre.<\/span><\/strong><\/li>\n\n\n\n<li><span style=\"font-family: inherit; font-size: 1em;\">Donar suport i fer difusi\u00f3 dels projectes i activitats que es desenvolupen des de la biblioteca a tota la comunitat educativa.<\/span><\/li>\n<\/ul>\n","protected":false},"excerpt":{"rendered":"<p>Caps d&#8217;\u00e0mbit Els diferents departaments i seminaris did\u00e0ctics s&#8217;organitzen en sis \u00e0mbits: Cadascun t\u00e9 un cap&nbsp;amb les seg\u00fcents funcions: CAPS D&#8217;\u00c0MBIT DID\u00c0CTIC Lleng\u00fces i literatura Lleng\u00fces estrangeres Matem\u00e0tiques Montse Armengol Guillem Pou Josep Llu\u00eds Mart\u00ednez Ci\u00e8ncies i Tecnologia Ci\u00e8ncies Socials Expressi\u00f3 Albert Saurina Francesc Salgado S\u00edlvia Masd\u00e9u Altres c\u00e0rrecs de coordinaci\u00f3 ESO Batxillerat Riscos Laborals [&hellip;]<\/p>\n","protected":false},"author":1,"featured_media":0,"parent":908,"menu_order":2,"comment_status":"closed","ping_status":"closed","template":"","meta":{"_bbp_topic_count":0,"_bbp_reply_count":0,"_bbp_total_topic_count":0,"_bbp_total_reply_count":0,"_bbp_voice_count":0,"_bbp_anonymous_reply_count":0,"_bbp_topic_count_hidden":0,"_bbp_reply_count_hidden":0,"_bbp_forum_subforum_count":0,"site-sidebar-layout":"default","site-content-layout":"","ast-site-content-layout":"default","site-content-style":"default","site-sidebar-style":"default","ast-global-header-display":"","ast-banner-title-visibility":"","ast-main-header-display":"","ast-hfb-above-header-display":"","ast-hfb-below-header-display":"","ast-hfb-mobile-header-display":"","site-post-title":"","ast-breadcrumbs-content":"","ast-featured-img":"","footer-sml-layout":"","theme-transparent-header-meta":"default","adv-header-id-meta":"","stick-header-meta":"","header-above-stick-meta":"","header-main-stick-meta":"","header-below-stick-meta":"","astra-migrate-meta-layouts":"set","ast-page-background-enabled":"default","ast-page-background-meta":{"desktop":{"background-color":"var(--ast-global-color-4)","background-image":"","background-repeat":"repeat","background-position":"center center","background-size":"auto","background-attachment":"scroll","background-type":"","background-media":"","overlay-type":"","overlay-color":"","overlay-opacity":"","overlay-gradient":""},"tablet":{"background-color":"","background-image":"","background-repeat":"repeat","background-position":"center center","background-size":"auto","background-attachment":"scroll","background-type":"","background-media":"","overlay-type":"","overlay-color":"","overlay-opacity":"","overlay-gradient":""},"mobile":{"background-color":"","background-image":"","background-repeat":"repeat","background-position":"center center","background-size":"auto","background-attachment":"scroll","background-type":"","background-media":"","overlay-type":"","overlay-color":"","overlay-opacity":"","overlay-gradient":""}},"ast-content-background-meta":{"desktop":{"background-color":"var(--ast-global-color-5)","background-image":"","background-repeat":"repeat","background-position":"center center","background-size":"auto","background-attachment":"scroll","background-type":"","background-media":"","overlay-type":"","overlay-color":"","overlay-opacity":"","overlay-gradient":""},"tablet":{"background-color":"var(--ast-global-color-5)","background-image":"","background-repeat":"repeat","background-position":"center center","background-size":"auto","background-attachment":"scroll","background-type":"","background-media":"","overlay-type":"","overlay-color":"","overlay-opacity":"","overlay-gradient":""},"mobile":{"background-color":"var(--ast-global-color-5)","background-image":"","background-repeat":"repeat","background-position":"center center","background-size":"auto","background-attachment":"scroll","background-type":"","background-media":"","overlay-type":"","overlay-color":"","overlay-opacity":"","overlay-gradient":""}},"footnotes":""},"class_list":["post-1773","page","type-page","status-publish","hentry"],"post_mailing_queue_ids":[],"_links":{"self":[{"href":"https:\/\/agora.xtec.cat\/ieslasedeta\/wp-json\/wp\/v2\/pages\/1773","targetHints":{"allow":["GET"]}}],"collection":[{"href":"https:\/\/agora.xtec.cat\/ieslasedeta\/wp-json\/wp\/v2\/pages"}],"about":[{"href":"https:\/\/agora.xtec.cat\/ieslasedeta\/wp-json\/wp\/v2\/types\/page"}],"author":[{"embeddable":true,"href":"https:\/\/agora.xtec.cat\/ieslasedeta\/wp-json\/wp\/v2\/users\/1"}],"replies":[{"embeddable":true,"href":"https:\/\/agora.xtec.cat\/ieslasedeta\/wp-json\/wp\/v2\/comments?post=1773"}],"version-history":[{"count":6,"href":"https:\/\/agora.xtec.cat\/ieslasedeta\/wp-json\/wp\/v2\/pages\/1773\/revisions"}],"predecessor-version":[{"id":13647,"href":"https:\/\/agora.xtec.cat\/ieslasedeta\/wp-json\/wp\/v2\/pages\/1773\/revisions\/13647"}],"up":[{"embeddable":true,"href":"https:\/\/agora.xtec.cat\/ieslasedeta\/wp-json\/wp\/v2\/pages\/908"}],"wp:attachment":[{"href":"https:\/\/agora.xtec.cat\/ieslasedeta\/wp-json\/wp\/v2\/media?parent=1773"}],"curies":[{"name":"wp","href":"https:\/\/api.w.org\/{rel}","templated":true}]}}