{"id":13380,"date":"2025-11-03T15:33:58","date_gmt":"2025-11-03T14:33:58","guid":{"rendered":"https:\/\/agora.xtec.cat\/ieslasedeta\/?page_id=13380"},"modified":"2025-12-04T18:16:14","modified_gmt":"2025-12-04T17:16:14","slug":"projectes-de-centre-2","status":"publish","type":"page","link":"https:\/\/agora.xtec.cat\/ieslasedeta\/projectes-de-centre-2\/","title":{"rendered":"Projectes de Centre"},"content":{"rendered":"\n<p>La innovaci\u00f3 educativa a l&#8217;Institut La Sedeta es manifesta de moltes maneres i en moltes situacions per\u00f2 sempre amb un objectiu clar: millorar la qualitat dels aprenentatges competencials del nostre alumnat.<\/p>\n\n\n\n<p><span style=\"font-weight: 400;\">Els darrers anys hem fet un esfor\u00e7 en fer cr\u00e9ixer el treball per projectes adaptant-los a les necessitats de cada moment.<\/span> <span style=\"font-weight: 400;\">Es el que en diem <\/span><b>projectes en 3D<\/b><span style=\"font-weight: 400;\">:<\/span><\/p>\n\n\n\n<p><span style=\"font-weight: 400;\"><strong>PROJECTES D&#8217;\u00c0MBIT<\/strong> did\u00e0ctic definits en el temps i connectats amb els objectius espec\u00edfics d&#8217;una mat\u00e8ria i els globals de l&#8217;etapa<\/span>.<\/p>\n\n\n\n<p><strong>PROJECTES INTERDISCIPLINARS<\/strong> que, alineats amb els objectius de dos o m\u00e9s \u00e0mbits did\u00e0ctics i sempre vinculats a les Compet\u00e8ncies Transversals, aprofiten les zones de contacte mutu per desenvolupar activitats i al voltant d&#8217;un eix tem\u00e0tic com\u00fa. Actualment es desenvolupen dos projectes anuals per a cada curs de l&#8217;ESO:<\/p>\n\n\n\n<ul class=\"wp-block-list\">\n<li class=\"has-ast-global-color-1-color has-text-color has-link-color wp-elements-38609691b84ab218effd042aff9c7895\"><a href=\"https:\/\/agora.xtec.cat\/ieslasedeta\/projectes-de-centre\/projectes-1r-eso\/\"><span style=\"font-weight: 400;\">Qui S\u00f3c? (1r ESO)<\/span><\/a><\/li>\n\n\n\n<li class=\"has-ast-global-color-1-color has-text-color has-link-color wp-elements-81d8e8dab74e1f130a589f3d799397df\"><a href=\"https:\/\/agora.xtec.cat\/ieslasedeta\/projectes-de-centre\/projectes-1r-eso\/\">Va de Pirates! (1r ESO)<\/a><\/li>\n\n\n\n<li class=\"has-ast-global-color-1-color has-text-color has-link-color wp-elements-4c0020502bf1a6391add7c467e0f3aca\"><a href=\"https:\/\/agora.xtec.cat\/ieslasedeta\/projectes-de-centre\/projectes-2n-eso\/\">Barcelona en 4 Actes (2n ESO)<\/a><\/li>\n\n\n\n<li class=\"has-ast-global-color-1-color has-text-color has-link-color wp-elements-7279d41d20ee1c1bf840c2871f06daef\"><a href=\"https:\/\/agora.xtec.cat\/ieslasedeta\/projectes-de-centre\/projectes-2n-eso\/\">Terra de Volcans (2n ESO)<\/a><\/li>\n\n\n\n<li class=\"has-ast-global-color-1-color has-text-color has-link-color wp-elements-5b960be3118bb6d38a6a74e47e7343b3\"><a href=\"https:\/\/agora.xtec.cat\/ieslasedeta\/projectes-de-centre\/projectes-3r-eso\/\">Congr\u00e9s M\u00e8dic (3r ESO)<\/a><\/li>\n\n\n\n<li class=\"has-ast-global-color-1-color has-text-color has-link-color wp-elements-c43396c43c49e5a1294109623b5f3203\"><a href=\"https:\/\/agora.xtec.cat\/ieslasedeta\/projectes-de-centre\/projectes-3r-eso\/\">Fem una Nova Cara per Barcelona? (3r ESO)<\/a><\/li>\n\n\n\n<li class=\"has-ast-global-color-1-color has-text-color has-link-color wp-elements-2da2d9cdbdfd551b17643723251b99f7\"><a href=\"https:\/\/agora.xtec.cat\/ieslasedeta\/projectes-de-centre\/projectes-4t-eso\/\">Enigma (4t ESO)<\/a><\/li>\n\n\n\n<li class=\"has-ast-global-color-1-color has-text-color has-link-color wp-elements-4971bcf614ec4259345b9af1bf820c7d\"><a href=\"https:\/\/agora.xtec.cat\/ieslasedeta\/projectes-de-centre\/projectes-4t-eso\/\">Altaveufest (4t ESO)<\/a><\/li>\n<\/ul>\n\n\n\n<p><span style=\"font-weight: 400;\"><strong>PROJECTES GLOBALS<\/strong> de centre en diferents moments del curs i que permeten millorar l&#8217;aprenentatge de les compet\u00e8ncies globals a partir d&#8217;eixos tem\u00e0tics d&#8217;inter\u00e8s general. <\/span> <br>&#8211; <a href=\"https:\/\/agora.xtec.cat\/ieslasedeta\/objectius-per-al-desenvolupament-sostenible\/\"><span style=\"font-weight: 400;\">Objectius del Desenvolupament Sostenible<\/span><\/a> <br>&#8211; <a href=\"https:\/\/agora.xtec.cat\/ieslasedeta\/projectes-de-centre\/aprenentatge-i-servei-comunitari\/\">Aprenentatge i Servei<\/a><\/p>\n\n\n\n<p><\/p>\n\n\n\n<p><\/p>\n","protected":false},"excerpt":{"rendered":"<p>La innovaci\u00f3 educativa a l&#8217;Institut La Sedeta es manifesta de moltes maneres i en moltes situacions per\u00f2 sempre amb un objectiu clar: millorar la qualitat dels aprenentatges competencials del nostre alumnat. Els darrers anys hem fet un esfor\u00e7 en fer cr\u00e9ixer el treball per projectes adaptant-los a les necessitats de cada moment. Es el que [&hellip;]<\/p>\n","protected":false},"author":1,"featured_media":0,"parent":0,"menu_order":0,"comment_status":"closed","ping_status":"closed","template":"","meta":{"_bbp_topic_count":0,"_bbp_reply_count":0,"_bbp_total_topic_count":0,"_bbp_total_reply_count":0,"_bbp_voice_count":0,"_bbp_anonymous_reply_count":0,"_bbp_topic_count_hidden":0,"_bbp_reply_count_hidden":0,"_bbp_forum_subforum_count":0,"site-sidebar-layout":"default","site-content-layout":"","ast-site-content-layout":"default","site-content-style":"default","site-sidebar-style":"default","ast-global-header-display":"","ast-banner-title-visibility":"","ast-main-header-display":"","ast-hfb-above-header-display":"","ast-hfb-below-header-display":"","ast-hfb-mobile-header-display":"","site-post-title":"","ast-breadcrumbs-content":"","ast-featured-img":"","footer-sml-layout":"","theme-transparent-header-meta":"default","adv-header-id-meta":"","stick-header-meta":"","header-above-stick-meta":"","header-main-stick-meta":"","header-below-stick-meta":"","astra-migrate-meta-layouts":"set","ast-page-background-enabled":"default","ast-page-background-meta":{"desktop":{"background-color":"var(--ast-global-color-4)","background-image":"","background-repeat":"repeat","background-position":"center center","background-size":"auto","background-attachment":"scroll","background-type":"","background-media":"","overlay-type":"","overlay-color":"","overlay-opacity":"","overlay-gradient":""},"tablet":{"background-color":"","background-image":"","background-repeat":"repeat","background-position":"center center","background-size":"auto","background-attachment":"scroll","background-type":"","background-media":"","overlay-type":"","overlay-color":"","overlay-opacity":"","overlay-gradient":""},"mobile":{"background-color":"","background-image":"","background-repeat":"repeat","background-position":"center center","background-size":"auto","background-attachment":"scroll","background-type":"","background-media":"","overlay-type":"","overlay-color":"","overlay-opacity":"","overlay-gradient":""}},"ast-content-background-meta":{"desktop":{"background-color":"var(--ast-global-color-5)","background-image":"","background-repeat":"repeat","background-position":"center center","background-size":"auto","background-attachment":"scroll","background-type":"","background-media":"","overlay-type":"","overlay-color":"","overlay-opacity":"","overlay-gradient":""},"tablet":{"background-color":"var(--ast-global-color-5)","background-image":"","background-repeat":"repeat","background-position":"center center","background-size":"auto","background-attachment":"scroll","background-type":"","background-media":"","overlay-type":"","overlay-color":"","overlay-opacity":"","overlay-gradient":""},"mobile":{"background-color":"var(--ast-global-color-5)","background-image":"","background-repeat":"repeat","background-position":"center center","background-size":"auto","background-attachment":"scroll","background-type":"","background-media":"","overlay-type":"","overlay-color":"","overlay-opacity":"","overlay-gradient":""}},"footnotes":""},"class_list":["post-13380","page","type-page","status-publish","hentry"],"post_mailing_queue_ids":[],"_links":{"self":[{"href":"https:\/\/agora.xtec.cat\/ieslasedeta\/wp-json\/wp\/v2\/pages\/13380","targetHints":{"allow":["GET"]}}],"collection":[{"href":"https:\/\/agora.xtec.cat\/ieslasedeta\/wp-json\/wp\/v2\/pages"}],"about":[{"href":"https:\/\/agora.xtec.cat\/ieslasedeta\/wp-json\/wp\/v2\/types\/page"}],"author":[{"embeddable":true,"href":"https:\/\/agora.xtec.cat\/ieslasedeta\/wp-json\/wp\/v2\/users\/1"}],"replies":[{"embeddable":true,"href":"https:\/\/agora.xtec.cat\/ieslasedeta\/wp-json\/wp\/v2\/comments?post=13380"}],"version-history":[{"count":6,"href":"https:\/\/agora.xtec.cat\/ieslasedeta\/wp-json\/wp\/v2\/pages\/13380\/revisions"}],"predecessor-version":[{"id":13655,"href":"https:\/\/agora.xtec.cat\/ieslasedeta\/wp-json\/wp\/v2\/pages\/13380\/revisions\/13655"}],"wp:attachment":[{"href":"https:\/\/agora.xtec.cat\/ieslasedeta\/wp-json\/wp\/v2\/media?parent=13380"}],"curies":[{"name":"wp","href":"https:\/\/api.w.org\/{rel}","templated":true}]}}