{"id":13370,"date":"2025-10-31T10:00:49","date_gmt":"2025-10-31T09:00:49","guid":{"rendered":"https:\/\/agora.xtec.cat\/ieslasedeta\/?page_id=13370"},"modified":"2025-11-06T17:30:30","modified_gmt":"2025-11-06T16:30:30","slug":"projectes-4t-eso","status":"publish","type":"page","link":"https:\/\/agora.xtec.cat\/ieslasedeta\/projectes-4t-eso\/","title":{"rendered":"Projectes 4t ESO"},"content":{"rendered":"<p><b>Projecte enigma<\/b><\/p>\n<p><span style=\"font-weight: 400;\">Aquest projecte interdisciplinari t\u00e9 com a objectiu que l\u2019alumnat dissenyi, desenvolupi i implementi un escape room com a producte final. Es tracta d\u2019una proposta did\u00e0ctica que integra coneixements de diferents \u00e0rees i promou el treball cooperatiu, la creativitat i la resoluci\u00f3 de problemes.<\/span><\/p>\n<p><span style=\"font-weight: 400;\">L\u2019activitat s\u2019inicia amb la presentaci\u00f3 d\u2019un conjunt de premisses i reptes proposats des de les diferents mat\u00e8ries participants en el projecte. A partir d\u2019aquests elements, l\u2019alumnat haur\u00e0 de dissenyar i construir una s\u00e8rie d\u2019enigmes, proves i pistes que donin coher\u00e8ncia i continu\u00eftat al seu escape room.<\/span><\/p>\n<p><span style=\"font-weight: 400;\">El projecte culmina amb la presentaci\u00f3 i posada en pr\u00e0ctica dels escape rooms dissenyats per l\u2019alumnat. Durant la jornada final, els diferents grups d\u2019estudiants del centre participaran en les activitats, experimentant els reptes creats pels seus companys.<\/span><\/p>\n<p><b>Altaveufest<\/b><\/p>\n<p><span style=\"font-weight: 400;\">\u00c9s un projecte de car\u00e0cter transversal i comunitari que t\u00e9 com a finalitat fomentar la solidaritat, la responsabilitat social i el comprom\u00eds ciutad\u00e0 de l\u2019alumnat.\u00a0<\/span><\/p>\n<p><span style=\"font-weight: 400;\">A trav\u00e9s d\u2019aquesta iniciativa, els i les alumnes planifiquen, organitzen i duen a terme un festival obert a la comunitat educativa amb l\u2019objectiu de recaptar fons destinats a una organitzaci\u00f3 no governamental (ONG) que treballi per causes socials o humanit\u00e0ries.<\/span><\/p>\n<p><span style=\"font-weight: 400;\">El projecte finalitza amb la realitzaci\u00f3 de l\u2019esdeveniment, el qual esdev\u00e9 un espai de conviv\u00e8ncia i comprom\u00eds compartit entre entre tots els membres de la comunitat educativa. Els fons recollits es destinen \u00edntegrament al projecte o causa seleccionada.<\/span><\/p>\n","protected":false},"excerpt":{"rendered":"<p>Projecte enigma Aquest projecte interdisciplinari t\u00e9 com a objectiu que l\u2019alumnat dissenyi, desenvolupi i implementi un escape room com a producte final. Es tracta d\u2019una proposta did\u00e0ctica que integra coneixements de diferents \u00e0rees i promou el treball cooperatiu, la creativitat i la resoluci\u00f3 de problemes. L\u2019activitat s\u2019inicia amb la presentaci\u00f3 d\u2019un conjunt de premisses i [&hellip;]<\/p>\n","protected":false},"author":1,"featured_media":0,"parent":0,"menu_order":0,"comment_status":"closed","ping_status":"closed","template":"","meta":{"_bbp_topic_count":0,"_bbp_reply_count":0,"_bbp_total_topic_count":0,"_bbp_total_reply_count":0,"_bbp_voice_count":0,"_bbp_anonymous_reply_count":0,"_bbp_topic_count_hidden":0,"_bbp_reply_count_hidden":0,"_bbp_forum_subforum_count":0,"site-sidebar-layout":"default","site-content-layout":"","ast-site-content-layout":"default","site-content-style":"default","site-sidebar-style":"default","ast-global-header-display":"","ast-banner-title-visibility":"","ast-main-header-display":"","ast-hfb-above-header-display":"","ast-hfb-below-header-display":"","ast-hfb-mobile-header-display":"","site-post-title":"","ast-breadcrumbs-content":"","ast-featured-img":"","footer-sml-layout":"","theme-transparent-header-meta":"default","adv-header-id-meta":"","stick-header-meta":"","header-above-stick-meta":"","header-main-stick-meta":"","header-below-stick-meta":"","astra-migrate-meta-layouts":"set","ast-page-background-enabled":"default","ast-page-background-meta":{"desktop":{"background-color":"var(--ast-global-color-4)","background-image":"","background-repeat":"repeat","background-position":"center center","background-size":"auto","background-attachment":"scroll","background-type":"","background-media":"","overlay-type":"","overlay-color":"","overlay-opacity":"","overlay-gradient":""},"tablet":{"background-color":"","background-image":"","background-repeat":"repeat","background-position":"center center","background-size":"auto","background-attachment":"scroll","background-type":"","background-media":"","overlay-type":"","overlay-color":"","overlay-opacity":"","overlay-gradient":""},"mobile":{"background-color":"","background-image":"","background-repeat":"repeat","background-position":"center center","background-size":"auto","background-attachment":"scroll","background-type":"","background-media":"","overlay-type":"","overlay-color":"","overlay-opacity":"","overlay-gradient":""}},"ast-content-background-meta":{"desktop":{"background-color":"var(--ast-global-color-5)","background-image":"","background-repeat":"repeat","background-position":"center center","background-size":"auto","background-attachment":"scroll","background-type":"","background-media":"","overlay-type":"","overlay-color":"","overlay-opacity":"","overlay-gradient":""},"tablet":{"background-color":"var(--ast-global-color-5)","background-image":"","background-repeat":"repeat","background-position":"center center","background-size":"auto","background-attachment":"scroll","background-type":"","background-media":"","overlay-type":"","overlay-color":"","overlay-opacity":"","overlay-gradient":""},"mobile":{"background-color":"var(--ast-global-color-5)","background-image":"","background-repeat":"repeat","background-position":"center center","background-size":"auto","background-attachment":"scroll","background-type":"","background-media":"","overlay-type":"","overlay-color":"","overlay-opacity":"","overlay-gradient":""}},"footnotes":""},"class_list":["post-13370","page","type-page","status-publish","hentry"],"post_mailing_queue_ids":[],"_links":{"self":[{"href":"https:\/\/agora.xtec.cat\/ieslasedeta\/wp-json\/wp\/v2\/pages\/13370","targetHints":{"allow":["GET"]}}],"collection":[{"href":"https:\/\/agora.xtec.cat\/ieslasedeta\/wp-json\/wp\/v2\/pages"}],"about":[{"href":"https:\/\/agora.xtec.cat\/ieslasedeta\/wp-json\/wp\/v2\/types\/page"}],"author":[{"embeddable":true,"href":"https:\/\/agora.xtec.cat\/ieslasedeta\/wp-json\/wp\/v2\/users\/1"}],"replies":[{"embeddable":true,"href":"https:\/\/agora.xtec.cat\/ieslasedeta\/wp-json\/wp\/v2\/comments?post=13370"}],"version-history":[{"count":2,"href":"https:\/\/agora.xtec.cat\/ieslasedeta\/wp-json\/wp\/v2\/pages\/13370\/revisions"}],"predecessor-version":[{"id":13456,"href":"https:\/\/agora.xtec.cat\/ieslasedeta\/wp-json\/wp\/v2\/pages\/13370\/revisions\/13456"}],"wp:attachment":[{"href":"https:\/\/agora.xtec.cat\/ieslasedeta\/wp-json\/wp\/v2\/media?parent=13370"}],"curies":[{"name":"wp","href":"https:\/\/api.w.org\/{rel}","templated":true}]}}