{"id":13368,"date":"2025-10-31T10:00:26","date_gmt":"2025-10-31T09:00:26","guid":{"rendered":"https:\/\/agora.xtec.cat\/ieslasedeta\/?page_id=13368"},"modified":"2025-11-06T17:30:15","modified_gmt":"2025-11-06T16:30:15","slug":"projectes-3r-eso","status":"publish","type":"page","link":"https:\/\/agora.xtec.cat\/ieslasedeta\/projectes-3r-eso\/","title":{"rendered":"Projectes 3r ESO"},"content":{"rendered":"<p><b>Congr\u00e9s m\u00e8dic<\/b><\/p>\n<p><span style=\"font-weight: 400;\">Aquest projecte interdisciplinari t\u00e9 com a objectiu que l\u2019alumnat investigui diferents tipus de malalties o casos m\u00e8dics des de diverses perspectives acad\u00e8miques.<\/span><\/p>\n<p><span style=\"font-weight: 400;\">El producte final del projecte consisteix en l\u2019organitzaci\u00f3 d\u2019un congr\u00e9s m\u00e8dic escolar, en el qual els estudiants assumeixen el rol de ponents i presenten els resultats de la seva recerca davant dels companys i del professorat.<\/span><\/p>\n<p><span style=\"font-weight: 400;\">Els principals objectius del projecte s\u00f3n fomentar la recerca i la investigaci\u00f3 cient\u00edfica amb rigor metodol\u00f2gic, aix\u00ed com potenciar les compet\u00e8ncies comunicatives i orals de l\u2019alumnat en contextos formals i acad\u00e8mics.<\/span><\/p>\n<p><b>Fem una nova cara per Barcelona?<\/b><\/p>\n<p><span style=\"font-weight: 400;\">Aquest projecte interdisciplinari parteix de l\u2019enc\u00e0rrec a l\u2019alumnat de dissenyar i elaborar una escultura abstracta que simbolitzi la ciutat de Barcelona.<\/span><\/p>\n<p><span style=\"font-weight: 400;\">Per dur a terme aquesta tasca, l\u2019alumnat haur\u00e0 de realitzar una recerca sobre l\u2019evoluci\u00f3 de les tend\u00e8ncies art\u00edstiques i urban\u00edstiques de la ciutat, des de la Barcelona romana fins a l\u2019actual districte del 22@.<\/span><\/p>\n<p><span style=\"font-weight: 400;\">L\u2019objectiu principal \u00e9s fomentar la comprensi\u00f3 hist\u00f2rica i art\u00edstica de la ciutat i afavorir la connexi\u00f3 entre l\u2019an\u00e0lisi patrimonial, la creativitat i l\u2019expressi\u00f3 pl\u00e0stica.<\/span><\/p>\n","protected":false},"excerpt":{"rendered":"<p>Congr\u00e9s m\u00e8dic Aquest projecte interdisciplinari t\u00e9 com a objectiu que l\u2019alumnat investigui diferents tipus de malalties o casos m\u00e8dics des de diverses perspectives acad\u00e8miques. El producte final del projecte consisteix en l\u2019organitzaci\u00f3 d\u2019un congr\u00e9s m\u00e8dic escolar, en el qual els estudiants assumeixen el rol de ponents i presenten els resultats de la seva recerca davant [&hellip;]<\/p>\n","protected":false},"author":1,"featured_media":0,"parent":0,"menu_order":0,"comment_status":"closed","ping_status":"closed","template":"","meta":{"_bbp_topic_count":0,"_bbp_reply_count":0,"_bbp_total_topic_count":0,"_bbp_total_reply_count":0,"_bbp_voice_count":0,"_bbp_anonymous_reply_count":0,"_bbp_topic_count_hidden":0,"_bbp_reply_count_hidden":0,"_bbp_forum_subforum_count":0,"site-sidebar-layout":"default","site-content-layout":"","ast-site-content-layout":"default","site-content-style":"default","site-sidebar-style":"default","ast-global-header-display":"","ast-banner-title-visibility":"","ast-main-header-display":"","ast-hfb-above-header-display":"","ast-hfb-below-header-display":"","ast-hfb-mobile-header-display":"","site-post-title":"","ast-breadcrumbs-content":"","ast-featured-img":"","footer-sml-layout":"","theme-transparent-header-meta":"default","adv-header-id-meta":"","stick-header-meta":"","header-above-stick-meta":"","header-main-stick-meta":"","header-below-stick-meta":"","astra-migrate-meta-layouts":"set","ast-page-background-enabled":"default","ast-page-background-meta":{"desktop":{"background-color":"var(--ast-global-color-4)","background-image":"","background-repeat":"repeat","background-position":"center center","background-size":"auto","background-attachment":"scroll","background-type":"","background-media":"","overlay-type":"","overlay-color":"","overlay-opacity":"","overlay-gradient":""},"tablet":{"background-color":"","background-image":"","background-repeat":"repeat","background-position":"center center","background-size":"auto","background-attachment":"scroll","background-type":"","background-media":"","overlay-type":"","overlay-color":"","overlay-opacity":"","overlay-gradient":""},"mobile":{"background-color":"","background-image":"","background-repeat":"repeat","background-position":"center center","background-size":"auto","background-attachment":"scroll","background-type":"","background-media":"","overlay-type":"","overlay-color":"","overlay-opacity":"","overlay-gradient":""}},"ast-content-background-meta":{"desktop":{"background-color":"var(--ast-global-color-5)","background-image":"","background-repeat":"repeat","background-position":"center center","background-size":"auto","background-attachment":"scroll","background-type":"","background-media":"","overlay-type":"","overlay-color":"","overlay-opacity":"","overlay-gradient":""},"tablet":{"background-color":"var(--ast-global-color-5)","background-image":"","background-repeat":"repeat","background-position":"center center","background-size":"auto","background-attachment":"scroll","background-type":"","background-media":"","overlay-type":"","overlay-color":"","overlay-opacity":"","overlay-gradient":""},"mobile":{"background-color":"var(--ast-global-color-5)","background-image":"","background-repeat":"repeat","background-position":"center center","background-size":"auto","background-attachment":"scroll","background-type":"","background-media":"","overlay-type":"","overlay-color":"","overlay-opacity":"","overlay-gradient":""}},"footnotes":""},"class_list":["post-13368","page","type-page","status-publish","hentry"],"post_mailing_queue_ids":[],"_links":{"self":[{"href":"https:\/\/agora.xtec.cat\/ieslasedeta\/wp-json\/wp\/v2\/pages\/13368","targetHints":{"allow":["GET"]}}],"collection":[{"href":"https:\/\/agora.xtec.cat\/ieslasedeta\/wp-json\/wp\/v2\/pages"}],"about":[{"href":"https:\/\/agora.xtec.cat\/ieslasedeta\/wp-json\/wp\/v2\/types\/page"}],"author":[{"embeddable":true,"href":"https:\/\/agora.xtec.cat\/ieslasedeta\/wp-json\/wp\/v2\/users\/1"}],"replies":[{"embeddable":true,"href":"https:\/\/agora.xtec.cat\/ieslasedeta\/wp-json\/wp\/v2\/comments?post=13368"}],"version-history":[{"count":2,"href":"https:\/\/agora.xtec.cat\/ieslasedeta\/wp-json\/wp\/v2\/pages\/13368\/revisions"}],"predecessor-version":[{"id":13455,"href":"https:\/\/agora.xtec.cat\/ieslasedeta\/wp-json\/wp\/v2\/pages\/13368\/revisions\/13455"}],"wp:attachment":[{"href":"https:\/\/agora.xtec.cat\/ieslasedeta\/wp-json\/wp\/v2\/media?parent=13368"}],"curies":[{"name":"wp","href":"https:\/\/api.w.org\/{rel}","templated":true}]}}