{"id":13342,"date":"2025-10-30T19:35:28","date_gmt":"2025-10-30T18:35:28","guid":{"rendered":"https:\/\/agora.xtec.cat\/ieslasedeta\/?page_id=13342"},"modified":"2025-11-06T17:28:30","modified_gmt":"2025-11-06T16:28:30","slug":"linstitut","status":"publish","type":"page","link":"https:\/\/agora.xtec.cat\/ieslasedeta\/linstitut\/","title":{"rendered":"L&#8217;institut"},"content":{"rendered":"<p>L\u2019INS La Sedeta \u00e9s un centre p\u00fablic d\u2019educaci\u00f3 situat al barri de Camp de Grassot \u2013 Gr\u00e0cia Nova al districte de Gr\u00e0cia que ofereix estudis d\u2019ESO i Batxillerat.<\/p>\n<p>La missi\u00f3 principal del centre \u00e9s la formaci\u00f3 integral del seu alumnat perqu\u00e8 puguin exercir els seus drets i deures com a ciutadans actius i responsables en la societat del segle XXI, desenvolupant les seves compet\u00e8ncies personals, socials i professionals.<\/p>\n<p>\u00c9s en aquest sentit que les principals l\u00ednies d\u2019actuaci\u00f3 es centren en la tutoritzaci\u00f3 dels alumnes al llarg de tota la seva estada al centre, l\u2019estimulaci\u00f3 de la creativitat, l\u2019autonomia i la iniciativa personal del nostre alumnat, la recerca de l\u2019excel\u00b7l\u00e8ncia a trav\u00e9s de l\u2019esfor\u00e7 i l\u2019acompanyament en el descobriment del gaudi de la cultura.<\/p>\n<p>L\u2019INS La Sedeta vol ser un centre de refer\u00e8ncia en la ciutat per la qualitat i la recerca de la millora cont\u00ednua dels ensenyaments que ofereix, per la capacitat d\u2019atendre de forma personalitzada les necessitats de tot l\u2019alumnat, tant en l\u2019\u00e0mbit hum\u00e0 com en l\u2019acad\u00e8mic, per la identificaci\u00f3 i comprom\u00eds amb la societat a la que pertany i per la participaci\u00f3 i la corresponsabilitat de les fam\u00edlies en l\u2019educaci\u00f3 dels seus fills i filles.<\/p>\n<p>El projecte educatiu de l\u2019INS La Sedeta busca la formaci\u00f3 integral de l\u2019alumnat i el seu desenvolupament personal, social, emocional i professional, des d\u2019un conjunt de valors que inclou:<\/p>\n<ul>\n<li>La promoci\u00f3 de la llibertat individual a partir de l\u2019exercici de l\u2019esperit cr\u00edtic i la responsabilitat, del gaudi de la feina ben feta i l\u2019esfor\u00e7 personal i col\u00b7lectiu.<\/li>\n<li>L\u2019exercici de la responsabilitat envers els altres a partir de la solidaritat, la participaci\u00f3, el di\u00e0leg, el respecte i el comprom\u00eds.<\/li>\n<\/ul>\n<p>Per impulsar aquest conjunt de valors, l\u2019INS La Sedeta es declara com una escola p\u00fablica, laica, democr\u00e0tica i pluralista que fomenta la llibertat, la just\u00edcia, la interculturalitat, la coeducaci\u00f3 i la sostenibilitat i que es regeix pels principis de:<\/p>\n<div>\n<ul>\n<li>La corresponsabilitat sostinguda en el treball en equip al centre i amb la resta de la comunitat educativa.<\/li>\n<li>L\u2019obertura a la millora permanent en la recerca de la qualitat educativa per donar resposta a les necessitats de tot l\u2019alumnat.<\/li>\n<\/ul>\n<\/div>\n","protected":false},"excerpt":{"rendered":"<p>L\u2019INS La Sedeta \u00e9s un centre p\u00fablic d\u2019educaci\u00f3 situat al barri de Camp de Grassot \u2013 Gr\u00e0cia Nova al districte de Gr\u00e0cia que ofereix estudis d\u2019ESO i Batxillerat. La missi\u00f3 principal del centre \u00e9s la formaci\u00f3 integral del seu alumnat perqu\u00e8 puguin exercir els seus drets i deures com a ciutadans actius i responsables en [&hellip;]<\/p>\n","protected":false},"author":1,"featured_media":0,"parent":0,"menu_order":0,"comment_status":"closed","ping_status":"closed","template":"","meta":{"_bbp_topic_count":0,"_bbp_reply_count":0,"_bbp_total_topic_count":0,"_bbp_total_reply_count":0,"_bbp_voice_count":0,"_bbp_anonymous_reply_count":0,"_bbp_topic_count_hidden":0,"_bbp_reply_count_hidden":0,"_bbp_forum_subforum_count":0,"site-sidebar-layout":"default","site-content-layout":"","ast-site-content-layout":"default","site-content-style":"default","site-sidebar-style":"default","ast-global-header-display":"","ast-banner-title-visibility":"","ast-main-header-display":"","ast-hfb-above-header-display":"","ast-hfb-below-header-display":"","ast-hfb-mobile-header-display":"","site-post-title":"","ast-breadcrumbs-content":"","ast-featured-img":"","footer-sml-layout":"","theme-transparent-header-meta":"default","adv-header-id-meta":"","stick-header-meta":"","header-above-stick-meta":"","header-main-stick-meta":"","header-below-stick-meta":"","astra-migrate-meta-layouts":"set","ast-page-background-enabled":"default","ast-page-background-meta":{"desktop":{"background-color":"var(--ast-global-color-4)","background-image":"","background-repeat":"repeat","background-position":"center center","background-size":"auto","background-attachment":"scroll","background-type":"","background-media":"","overlay-type":"","overlay-color":"","overlay-opacity":"","overlay-gradient":""},"tablet":{"background-color":"","background-image":"","background-repeat":"repeat","background-position":"center center","background-size":"auto","background-attachment":"scroll","background-type":"","background-media":"","overlay-type":"","overlay-color":"","overlay-opacity":"","overlay-gradient":""},"mobile":{"background-color":"","background-image":"","background-repeat":"repeat","background-position":"center center","background-size":"auto","background-attachment":"scroll","background-type":"","background-media":"","overlay-type":"","overlay-color":"","overlay-opacity":"","overlay-gradient":""}},"ast-content-background-meta":{"desktop":{"background-color":"var(--ast-global-color-5)","background-image":"","background-repeat":"repeat","background-position":"center center","background-size":"auto","background-attachment":"scroll","background-type":"","background-media":"","overlay-type":"","overlay-color":"","overlay-opacity":"","overlay-gradient":""},"tablet":{"background-color":"var(--ast-global-color-5)","background-image":"","background-repeat":"repeat","background-position":"center center","background-size":"auto","background-attachment":"scroll","background-type":"","background-media":"","overlay-type":"","overlay-color":"","overlay-opacity":"","overlay-gradient":""},"mobile":{"background-color":"var(--ast-global-color-5)","background-image":"","background-repeat":"repeat","background-position":"center center","background-size":"auto","background-attachment":"scroll","background-type":"","background-media":"","overlay-type":"","overlay-color":"","overlay-opacity":"","overlay-gradient":""}},"footnotes":""},"class_list":["post-13342","page","type-page","status-publish","hentry"],"post_mailing_queue_ids":[],"_links":{"self":[{"href":"https:\/\/agora.xtec.cat\/ieslasedeta\/wp-json\/wp\/v2\/pages\/13342","targetHints":{"allow":["GET"]}}],"collection":[{"href":"https:\/\/agora.xtec.cat\/ieslasedeta\/wp-json\/wp\/v2\/pages"}],"about":[{"href":"https:\/\/agora.xtec.cat\/ieslasedeta\/wp-json\/wp\/v2\/types\/page"}],"author":[{"embeddable":true,"href":"https:\/\/agora.xtec.cat\/ieslasedeta\/wp-json\/wp\/v2\/users\/1"}],"replies":[{"embeddable":true,"href":"https:\/\/agora.xtec.cat\/ieslasedeta\/wp-json\/wp\/v2\/comments?post=13342"}],"version-history":[{"count":2,"href":"https:\/\/agora.xtec.cat\/ieslasedeta\/wp-json\/wp\/v2\/pages\/13342\/revisions"}],"predecessor-version":[{"id":13344,"href":"https:\/\/agora.xtec.cat\/ieslasedeta\/wp-json\/wp\/v2\/pages\/13342\/revisions\/13344"}],"wp:attachment":[{"href":"https:\/\/agora.xtec.cat\/ieslasedeta\/wp-json\/wp\/v2\/media?parent=13342"}],"curies":[{"name":"wp","href":"https:\/\/api.w.org\/{rel}","templated":true}]}}