{"id":13282,"date":"2025-10-29T10:45:38","date_gmt":"2025-10-29T09:45:38","guid":{"rendered":"https:\/\/agora.xtec.cat\/ieslasedeta\/?page_id=13282"},"modified":"2025-11-13T19:17:47","modified_gmt":"2025-11-13T18:17:47","slug":"professorat","status":"publish","type":"page","link":"https:\/\/agora.xtec.cat\/ieslasedeta\/equip-huma\/professorat\/","title":{"rendered":"Professorat &#8211; directori de correus"},"content":{"rendered":"\n<figure class=\"wp-block-table\"><table class=\"has-fixed-layout\"><tbody><tr><td><strong>Montse Armengol<\/strong><\/td><td><div><div>montse.armengol@ilasedeta.cat<\/div><\/div><\/td><\/tr><tr><td><strong>Rosa Arrazola<\/strong><\/td><td><div><div>rarrazol@ilasedeta.cat<\/div><\/div><\/td><\/tr><tr><td><strong>Gemma Bartu\u00ed<\/strong><\/td><td><div><div>gemma.bartui@ilasedeta.cat<\/div><\/div><\/td><\/tr><tr><td><strong>Albert Bassas<\/strong><\/td><td><div><div>albert.bassas@ilasedeta.cat<\/div><\/div><\/td><\/tr><tr><td><strong>Anna Boixad\u00f3s<\/strong><\/td><td><div><div>anna.boixados@ilasedeta.cat<\/div><\/div><\/td><\/tr><tr><td><strong>Nuria Bosch<\/strong><\/td><td><div><div>nbosch2@ilasedeta.cat<\/div><\/div><\/td><\/tr><tr><td><strong>Jordi Carreras<\/strong><\/td><td><div><div>jcarre39@ilasedeta.cat<\/div><\/div><\/td><\/tr><tr><td><strong>Cristina Dur\u00f3<\/strong><\/td><td><div><div>cristina.duro@ilasedeta.cat<\/div><\/div><\/td><\/tr><tr><td><strong>Ariadna Estevez<\/strong><\/td><td><div><div>ariadna.estevez<span class=\"atwho-query\">@ilasedeta.cat<\/span><\/div><\/div><\/td><\/tr><tr><td><strong>Marga Farr\u00e9<\/strong><\/td><td><div><div>marga.farre@ilasedeta.cat<\/div><\/div><\/td><\/tr><tr><td><strong>Mikel Fern\u00e1ndez<\/strong><\/td><td><div><div>mikel.fernandez@ilasedeta.cat<\/div><\/div><\/td><\/tr><tr><td><strong>S\u00edlvia Font<\/strong><\/td><td><div><div>silvia.font@ilasedeta.cat<\/div><\/div><\/td><\/tr><tr><td><strong>Josep Maria Fradera<\/strong><\/td><td><div><div>josep.fradera@ilasedeta.cat<\/div><\/div><\/td><\/tr><tr><td><strong>Xavier Gabarr\u00f3<\/strong><\/td><td><div><div>xavier.gabarro@ilasedeta.cat<\/div><\/div><\/td><\/tr><tr><td><strong>Montserrat Gamazo<\/strong><\/td><td><div><div>mgamazo2@ilasedeta.cat<\/div><\/div><\/td><\/tr><tr><td><strong>Maria Garcia<\/strong><\/td><td><div><div>maria.garcia@ilasedeta.cat<\/div><\/div><\/td><\/tr><tr><td><strong>Berta Gastalver<\/strong><\/td><td><div><div>bgastalv@ilasedeta.cat<\/div><\/div><\/td><\/tr><tr><td><strong>Veronica Lambea<\/strong><\/td><td><div><div>veronica.lambea@ilasedeta.cat<\/div><\/div><\/td><\/tr><tr><td><strong>Bartomeu Llopis<\/strong><\/td><td><div><div>bartomeu.llopis@ilasedeta.cat<\/div><\/div><\/td><\/tr><tr><td><strong>Pedro Jesus Mariscal<\/strong><\/td><td><div><div>pedro.mariscal@ilasedeta.cat<\/div><\/div><\/td><\/tr><tr><td><strong>Josep Llu\u00eds Mart\u00ednez<\/strong><\/td><td><div><div>jmart444@ilasedeta.cat<\/div><\/div><\/td><\/tr><tr><td><strong>Silvia Masdeu<\/strong><\/td><td><div><div>silvia.masdeu@ilasedeta.cat<\/div><\/div><\/td><\/tr><tr><td><strong>Giovanni Mazzoleni<\/strong><\/td><td><div><div>giovanni.mazzoleni@ilasedeta.cat<\/div><\/div><\/td><\/tr><tr><td><strong>N\u00faria Mendo<\/strong><\/td><td><div><div>nmendo@ilasedeta.cat<\/div><\/div><\/td><\/tr><tr><td><strong>Santiago Moll<\/strong><\/td><td><div><div>santiago.moll@ilasedeta.cat<\/div><\/div><\/td><\/tr><tr><td><strong>Angel Mota<\/strong><\/td><td><div><div>amota@ilasedeta.cat<\/div><\/div><\/td><\/tr><tr><td><strong>Iolanda Murillo<\/strong><\/td><td><div><div>iolanda.murillo@ilasedeta.cat<\/div><\/div><\/td><\/tr><tr><td><strong>Guillem Pou<\/strong><\/td><td><div><div>gpou4@ilasedeta.cat<\/div><\/div><\/td><\/tr><tr><td><strong>Guillem Romeu<\/strong><\/td><td><div><div>guillem.romeu@ilasedeta.cat<\/div><\/div><\/td><\/tr><tr><td><strong>Daniel Ru\u00edz<\/strong><\/td><td><div><div>daniel.ruiz@ilasedeta.cat<\/div><\/div><\/td><\/tr><tr><td><strong>Francesc Salgado<\/strong><\/td><td><div><div>francesc.salgado@ilasedeta.cat<\/div><\/div><\/td><\/tr><tr><td><strong>Jordi Salvany<\/strong><\/td><td><div><div>jordi.salvany@ilasedeta.cat<\/div><\/div><\/td><\/tr><tr><td><strong>Albert Saurina<\/strong><\/td><td><div><div>albert.saurina@ilasedeta.cat<\/div><\/div><\/td><\/tr><tr><td><strong>Ricard Sent\u00eds<\/strong><\/td><td><div><div>ricard.sentis@ilasedeta.cat<\/div><\/div><\/td><\/tr><tr><td><strong>Marta Tarroja<\/strong><\/td><td><div><div>mtarroja@ilasedeta.cat<\/div><\/div><\/td><\/tr><tr><td><strong>Carolina Teres<\/strong><\/td><td><div><div>cteres@ilasedeta.cat<\/div><\/div><\/td><\/tr><tr><td><strong>Jos\u00e9 Antonio Torrecillas<\/strong><\/td><td><div><div>jtorreci@ilasedeta.cat<\/div><\/div><\/td><\/tr><tr><td><strong>Raquel Vicedo<\/strong><\/td><td><div><div>rvicedo@ilasedeta.cat<\/div><\/div><\/td><\/tr><tr><td><strong>Tom\u00e0s Winand<\/strong><\/td><td><div><div>tomas.winand@ilasedeta.cat<\/div><\/div><\/td><\/tr><\/tbody><\/table><\/figure>\n\n\n\n<p><\/p>\n","protected":false},"excerpt":{"rendered":"<p>Montse Armengol montse.armengol@ilasedeta.cat Rosa Arrazola rarrazol@ilasedeta.cat Gemma Bartu\u00ed gemma.bartui@ilasedeta.cat Albert Bassas albert.bassas@ilasedeta.cat Anna Boixad\u00f3s anna.boixados@ilasedeta.cat Nuria Bosch nbosch2@ilasedeta.cat Jordi Carreras jcarre39@ilasedeta.cat Cristina Dur\u00f3 cristina.duro@ilasedeta.cat Ariadna Estevez ariadna.estevez@ilasedeta.cat Marga Farr\u00e9 marga.farre@ilasedeta.cat Mikel Fern\u00e1ndez mikel.fernandez@ilasedeta.cat S\u00edlvia Font silvia.font@ilasedeta.cat Josep Maria Fradera josep.fradera@ilasedeta.cat Xavier Gabarr\u00f3 xavier.gabarro@ilasedeta.cat Montserrat Gamazo mgamazo2@ilasedeta.cat Maria Garcia maria.garcia@ilasedeta.cat Berta Gastalver bgastalv@ilasedeta.cat Veronica Lambea veronica.lambea@ilasedeta.cat [&hellip;]<\/p>\n","protected":false},"author":1,"featured_media":0,"parent":908,"menu_order":0,"comment_status":"closed","ping_status":"closed","template":"","meta":{"_bbp_topic_count":0,"_bbp_reply_count":0,"_bbp_total_topic_count":0,"_bbp_total_reply_count":0,"_bbp_voice_count":0,"_bbp_anonymous_reply_count":0,"_bbp_topic_count_hidden":0,"_bbp_reply_count_hidden":0,"_bbp_forum_subforum_count":0,"site-sidebar-layout":"default","site-content-layout":"","ast-site-content-layout":"default","site-content-style":"default","site-sidebar-style":"default","ast-global-header-display":"","ast-banner-title-visibility":"","ast-main-header-display":"","ast-hfb-above-header-display":"","ast-hfb-below-header-display":"","ast-hfb-mobile-header-display":"","site-post-title":"","ast-breadcrumbs-content":"","ast-featured-img":"","footer-sml-layout":"","theme-transparent-header-meta":"default","adv-header-id-meta":"","stick-header-meta":"","header-above-stick-meta":"","header-main-stick-meta":"","header-below-stick-meta":"","astra-migrate-meta-layouts":"set","ast-page-background-enabled":"default","ast-page-background-meta":{"desktop":{"background-color":"var(--ast-global-color-4)","background-image":"","background-repeat":"repeat","background-position":"center center","background-size":"auto","background-attachment":"scroll","background-type":"","background-media":"","overlay-type":"","overlay-color":"","overlay-opacity":"","overlay-gradient":""},"tablet":{"background-color":"","background-image":"","background-repeat":"repeat","background-position":"center center","background-size":"auto","background-attachment":"scroll","background-type":"","background-media":"","overlay-type":"","overlay-color":"","overlay-opacity":"","overlay-gradient":""},"mobile":{"background-color":"","background-image":"","background-repeat":"repeat","background-position":"center center","background-size":"auto","background-attachment":"scroll","background-type":"","background-media":"","overlay-type":"","overlay-color":"","overlay-opacity":"","overlay-gradient":""}},"ast-content-background-meta":{"desktop":{"background-color":"var(--ast-global-color-5)","background-image":"","background-repeat":"repeat","background-position":"center center","background-size":"auto","background-attachment":"scroll","background-type":"","background-media":"","overlay-type":"","overlay-color":"","overlay-opacity":"","overlay-gradient":""},"tablet":{"background-color":"var(--ast-global-color-5)","background-image":"","background-repeat":"repeat","background-position":"center center","background-size":"auto","background-attachment":"scroll","background-type":"","background-media":"","overlay-type":"","overlay-color":"","overlay-opacity":"","overlay-gradient":""},"mobile":{"background-color":"var(--ast-global-color-5)","background-image":"","background-repeat":"repeat","background-position":"center center","background-size":"auto","background-attachment":"scroll","background-type":"","background-media":"","overlay-type":"","overlay-color":"","overlay-opacity":"","overlay-gradient":""}},"footnotes":""},"class_list":["post-13282","page","type-page","status-publish","hentry"],"post_mailing_queue_ids":[],"_links":{"self":[{"href":"https:\/\/agora.xtec.cat\/ieslasedeta\/wp-json\/wp\/v2\/pages\/13282","targetHints":{"allow":["GET"]}}],"collection":[{"href":"https:\/\/agora.xtec.cat\/ieslasedeta\/wp-json\/wp\/v2\/pages"}],"about":[{"href":"https:\/\/agora.xtec.cat\/ieslasedeta\/wp-json\/wp\/v2\/types\/page"}],"author":[{"embeddable":true,"href":"https:\/\/agora.xtec.cat\/ieslasedeta\/wp-json\/wp\/v2\/users\/1"}],"replies":[{"embeddable":true,"href":"https:\/\/agora.xtec.cat\/ieslasedeta\/wp-json\/wp\/v2\/comments?post=13282"}],"version-history":[{"count":5,"href":"https:\/\/agora.xtec.cat\/ieslasedeta\/wp-json\/wp\/v2\/pages\/13282\/revisions"}],"predecessor-version":[{"id":13557,"href":"https:\/\/agora.xtec.cat\/ieslasedeta\/wp-json\/wp\/v2\/pages\/13282\/revisions\/13557"}],"up":[{"embeddable":true,"href":"https:\/\/agora.xtec.cat\/ieslasedeta\/wp-json\/wp\/v2\/pages\/908"}],"wp:attachment":[{"href":"https:\/\/agora.xtec.cat\/ieslasedeta\/wp-json\/wp\/v2\/media?parent=13282"}],"curies":[{"name":"wp","href":"https:\/\/api.w.org\/{rel}","templated":true}]}}