{"id":12929,"date":"2025-01-22T10:01:12","date_gmt":"2025-01-22T09:01:12","guid":{"rendered":"https:\/\/agora.xtec.cat\/ieslasedeta\/?page_id=12929"},"modified":"2025-11-18T10:49:20","modified_gmt":"2025-11-18T09:49:20","slug":"comissio-llengua","status":"publish","type":"page","link":"https:\/\/agora.xtec.cat\/ieslasedeta\/comissions\/comissio-llengua\/","title":{"rendered":"Comissi\u00f3 Llengua"},"content":{"rendered":"\n<figure class=\"wp-block-video alignfull\"><video controls src=\"https:\/\/agora.xtec.cat\/ieslasedeta\/wp-content\/uploads\/usu656\/2025\/11\/Comisio-de-catala-1-1-1.mp4\"><\/video><\/figure>\n\n\n\n<p>La Comissi\u00f3 Llengua, actualment formada per cinc alumnes i dos professors, fou creada el 2023 amb l&#8217;objectiu de fomentar l&#8217;\u00fas social del catal\u00e0, sobretot entre l&#8217;alumnat nouvingut i l&#8217;alumnat en general. Per assolir-ho, se centra en els seg\u00fcents eixos:<\/p>\n\n\n\n<ol class=\"wp-block-list\">\n<li>Ensenyar catal\u00e0 a aquells alumnes que ho necessitin.<\/li>\n\n\n\n<li>Animar les fam\u00edlies a matricular la mainada a cursos de catal\u00e0.<\/li>\n\n\n\n<li>Encoratjar el professorat a utilitzar-lo sempre i arreu.<\/li>\n\n\n\n<li>Engrescar els membres del PAS a fer el mateix.<\/li>\n\n\n\n<li>Vetllar perqu\u00e8 els convidats a fer tallers, xerrades, cursets i altres activitats de formaci\u00f3 l&#8217;emprin.<\/li>\n\n\n\n<li>Respectar i fer respectar el Projecte Ling\u00fc\u00edstic de Centre.<\/li>\n\n\n\n<li>Engegar campanyes per la llengua.<\/li>\n\n\n\n<li>Demanar als monitors que la m\u00fasica sigui majorit\u00e0riament en catal\u00e0.<\/li>\n\n\n\n<li>Esperonar l&#8217;institut i les empreses perqu\u00e8 els contractes i la documentaci\u00f3 sigui en catal\u00e0.<\/li>\n\n\n\n<li>Crear material per al professorat que fomenti el catal\u00e0 en diversos \u00e0mbits i moments: 8M, Nadal, Sant Jordi&#8230;<\/li>\n<\/ol>\n\n\n\n<p><\/p>\n\n\n\n<h1 class=\"wp-block-heading\">Eines per ensenyar el catal\u00e0<\/h1>\n\n\n\n<p>Algunes de les eines per al professorat fetes per la comissi\u00f3 s\u00f3n:<\/p>\n\n\n\n<h4 class=\"wp-block-heading\"><a href=\"https:\/\/padlet.com\/danielruiz62\/25-llibres-recomanats-baa8h5ls8c492b5y\" target=\"_blank\" rel=\"noopener\">Padlet &#8220;25 llibres recomanats&#8221;<\/a><\/h4>\n\n\n\n<h4 class=\"wp-block-heading\"><a href=\"https:\/\/padlet.com\/danielruiz62\/100-dones-referents-h6km25s04c8zylov\" target=\"_blank\" rel=\"noopener\">Padlet &#8220;100 dones referents&#8221;<\/a><\/h4>\n\n\n\n<h4 class=\"wp-block-heading\"><a href=\"https:\/\/padlet.com\/danielruiz62\/20-poemes-catalans-iyym9yeby9nfclm4\" target=\"_blank\" rel=\"noopener\">Padlet &#8220;20 poemes catalans&#8221;<\/a><br><br><a href=\"http:\/\/20jocs.blogspot.com\" target=\"_blank\" rel=\"noopener\">Bloc &#8220;20 jocs per ensenyar&#8221;<\/a><\/h4>\n\n\n\n<h1 class=\"wp-block-heading\">Campanya de foment del catal\u00e0<\/h1>\n\n\n\n<p>Gr\u00e0cies a la col\u00b7laboraci\u00f3 dels alumnes membres de la comissi\u00f3 (Elna, Carla, Adri\u00e0 i Eloi) hem fet cartells i enganxines per promoure el catal\u00e0 a les festes i en l&#8217;\u00e0mbit educatiu:<\/p>\n\n\n\n<figure class=\"wp-block-image aligncenter\"><a href=\"https:\/\/agora.xtec.cat\/ieslasedeta\/wp-content\/uploads\/usu656\/2025\/02\/ensenya-la-llengua.jpg\"><img loading=\"lazy\" decoding=\"async\" width=\"300\" height=\"300\" src=\"https:\/\/agora.xtec.cat\/ieslasedeta\/wp-content\/uploads\/usu656\/2025\/02\/ensenya-la-llengua-300x300.jpg\" alt=\"\" class=\"wp-image-12989\" srcset=\"https:\/\/agora.xtec.cat\/ieslasedeta\/wp-content\/uploads\/usu656\/2025\/02\/ensenya-la-llengua-300x300.jpg 300w, https:\/\/agora.xtec.cat\/ieslasedeta\/wp-content\/uploads\/usu656\/2025\/02\/ensenya-la-llengua-150x150.jpg 150w, https:\/\/agora.xtec.cat\/ieslasedeta\/wp-content\/uploads\/usu656\/2025\/02\/ensenya-la-llengua.jpg 500w\" sizes=\"auto, (max-width: 300px) 100vw, 300px\" \/><\/a><\/figure>\n\n\n\n<figure class=\"wp-block-image aligncenter is-resized\"><a href=\"https:\/\/agora.xtec.cat\/ieslasedeta\/wp-content\/uploads\/usu656\/2025\/02\/elcatala-totimes.jpg\"><img loading=\"lazy\" decoding=\"async\" width=\"300\" height=\"300\" src=\"https:\/\/agora.xtec.cat\/ieslasedeta\/wp-content\/uploads\/usu656\/2025\/02\/elcatala-totimes-300x300.jpg\" alt=\"\" class=\"wp-image-12990\" style=\"width:301px;height:auto\" srcset=\"https:\/\/agora.xtec.cat\/ieslasedeta\/wp-content\/uploads\/usu656\/2025\/02\/elcatala-totimes-300x300.jpg 300w, https:\/\/agora.xtec.cat\/ieslasedeta\/wp-content\/uploads\/usu656\/2025\/02\/elcatala-totimes-150x150.jpg 150w, https:\/\/agora.xtec.cat\/ieslasedeta\/wp-content\/uploads\/usu656\/2025\/02\/elcatala-totimes.jpg 500w\" sizes=\"auto, (max-width: 300px) 100vw, 300px\" \/><\/a><\/figure>\n\n\n\n<figure class=\"wp-block-image aligncenter\"><a href=\"https:\/\/agora.xtec.cat\/ieslasedeta\/wp-content\/uploads\/usu656\/2025\/02\/logo-comissio-definitiu-1.jpg\"><img loading=\"lazy\" decoding=\"async\" width=\"300\" height=\"300\" src=\"https:\/\/agora.xtec.cat\/ieslasedeta\/wp-content\/uploads\/usu656\/2025\/02\/logo-comissio-definitiu-1-300x300.jpg\" alt=\"\" class=\"wp-image-12992\" srcset=\"https:\/\/agora.xtec.cat\/ieslasedeta\/wp-content\/uploads\/usu656\/2025\/02\/logo-comissio-definitiu-1-300x300.jpg 300w, https:\/\/agora.xtec.cat\/ieslasedeta\/wp-content\/uploads\/usu656\/2025\/02\/logo-comissio-definitiu-1-150x150.jpg 150w, https:\/\/agora.xtec.cat\/ieslasedeta\/wp-content\/uploads\/usu656\/2025\/02\/logo-comissio-definitiu-1.jpg 500w\" sizes=\"auto, (max-width: 300px) 100vw, 300px\" \/><\/a><\/figure>\n\n\n\n<p><\/p>\n\n\n\n<h1 class=\"wp-block-heading\">Catal\u00e0 per a tothom<\/h1>\n\n\n\n<p>La Comissi\u00f3 Llengua s&#8217;adhereix a la campanya &#8220;<a href=\"http:\/\/peratothom.cat\" target=\"_blank\" rel=\"noopener\">Catal\u00e0 per a tothom&#8221;<\/a>.<\/p>\n\n\n\n<figure class=\"wp-block-image\"><a href=\"https:\/\/agora.xtec.cat\/ieslasedeta\/wp-content\/uploads\/usu656\/2025\/02\/cat-tothom.png\"><img loading=\"lazy\" decoding=\"async\" width=\"299\" height=\"169\" src=\"https:\/\/agora.xtec.cat\/ieslasedeta\/wp-content\/uploads\/usu656\/2025\/02\/cat-tothom.png\" alt=\"\" class=\"wp-image-13008\"\/><\/a><\/figure>\n\n\n\n<p><\/p>\n\n\n\n<h1 class=\"wp-block-heading\">&nbsp;<\/h1>\n","protected":false},"excerpt":{"rendered":"<p>La Comissi\u00f3 Llengua, actualment formada per cinc alumnes i dos professors, fou creada el 2023 amb l&#8217;objectiu de fomentar l&#8217;\u00fas social del catal\u00e0, sobretot entre l&#8217;alumnat nouvingut i l&#8217;alumnat en general. Per assolir-ho, se centra en els seg\u00fcents eixos: Eines per ensenyar el catal\u00e0 Algunes de les eines per al professorat fetes per la comissi\u00f3 [&hellip;]<\/p>\n","protected":false},"author":1,"featured_media":0,"parent":12413,"menu_order":0,"comment_status":"closed","ping_status":"closed","template":"","meta":{"_bbp_topic_count":0,"_bbp_reply_count":0,"_bbp_total_topic_count":0,"_bbp_total_reply_count":0,"_bbp_voice_count":0,"_bbp_anonymous_reply_count":0,"_bbp_topic_count_hidden":0,"_bbp_reply_count_hidden":0,"_bbp_forum_subforum_count":0,"site-sidebar-layout":"default","site-content-layout":"","ast-site-content-layout":"default","site-content-style":"default","site-sidebar-style":"default","ast-global-header-display":"","ast-banner-title-visibility":"","ast-main-header-display":"","ast-hfb-above-header-display":"","ast-hfb-below-header-display":"","ast-hfb-mobile-header-display":"","site-post-title":"","ast-breadcrumbs-content":"","ast-featured-img":"","footer-sml-layout":"","theme-transparent-header-meta":"","adv-header-id-meta":"","stick-header-meta":"","header-above-stick-meta":"","header-main-stick-meta":"","header-below-stick-meta":"","astra-migrate-meta-layouts":"set","ast-page-background-enabled":"default","ast-page-background-meta":{"desktop":{"background-color":"var(--ast-global-color-4)","background-image":"","background-repeat":"repeat","background-position":"center center","background-size":"auto","background-attachment":"scroll","background-type":"","background-media":"","overlay-type":"","overlay-color":"","overlay-opacity":"","overlay-gradient":""},"tablet":{"background-color":"","background-image":"","background-repeat":"repeat","background-position":"center center","background-size":"auto","background-attachment":"scroll","background-type":"","background-media":"","overlay-type":"","overlay-color":"","overlay-opacity":"","overlay-gradient":""},"mobile":{"background-color":"","background-image":"","background-repeat":"repeat","background-position":"center center","background-size":"auto","background-attachment":"scroll","background-type":"","background-media":"","overlay-type":"","overlay-color":"","overlay-opacity":"","overlay-gradient":""}},"ast-content-background-meta":{"desktop":{"background-color":"var(--ast-global-color-5)","background-image":"","background-repeat":"repeat","background-position":"center center","background-size":"auto","background-attachment":"scroll","background-type":"","background-media":"","overlay-type":"","overlay-color":"","overlay-opacity":"","overlay-gradient":""},"tablet":{"background-color":"var(--ast-global-color-5)","background-image":"","background-repeat":"repeat","background-position":"center center","background-size":"auto","background-attachment":"scroll","background-type":"","background-media":"","overlay-type":"","overlay-color":"","overlay-opacity":"","overlay-gradient":""},"mobile":{"background-color":"var(--ast-global-color-5)","background-image":"","background-repeat":"repeat","background-position":"center center","background-size":"auto","background-attachment":"scroll","background-type":"","background-media":"","overlay-type":"","overlay-color":"","overlay-opacity":"","overlay-gradient":""}},"footnotes":""},"class_list":["post-12929","page","type-page","status-publish","hentry"],"post_mailing_queue_ids":[],"_links":{"self":[{"href":"https:\/\/agora.xtec.cat\/ieslasedeta\/wp-json\/wp\/v2\/pages\/12929","targetHints":{"allow":["GET"]}}],"collection":[{"href":"https:\/\/agora.xtec.cat\/ieslasedeta\/wp-json\/wp\/v2\/pages"}],"about":[{"href":"https:\/\/agora.xtec.cat\/ieslasedeta\/wp-json\/wp\/v2\/types\/page"}],"author":[{"embeddable":true,"href":"https:\/\/agora.xtec.cat\/ieslasedeta\/wp-json\/wp\/v2\/users\/1"}],"replies":[{"embeddable":true,"href":"https:\/\/agora.xtec.cat\/ieslasedeta\/wp-json\/wp\/v2\/comments?post=12929"}],"version-history":[{"count":6,"href":"https:\/\/agora.xtec.cat\/ieslasedeta\/wp-json\/wp\/v2\/pages\/12929\/revisions"}],"predecessor-version":[{"id":13614,"href":"https:\/\/agora.xtec.cat\/ieslasedeta\/wp-json\/wp\/v2\/pages\/12929\/revisions\/13614"}],"up":[{"embeddable":true,"href":"https:\/\/agora.xtec.cat\/ieslasedeta\/wp-json\/wp\/v2\/pages\/12413"}],"wp:attachment":[{"href":"https:\/\/agora.xtec.cat\/ieslasedeta\/wp-json\/wp\/v2\/media?parent=12929"}],"curies":[{"name":"wp","href":"https:\/\/api.w.org\/{rel}","templated":true}]}}