{"id":2840,"date":"2018-02-02T11:34:38","date_gmt":"2018-02-02T10:34:38","guid":{"rendered":"http:\/\/agora.xtec.cat\/ieslaromanica\/?page_id=2840"},"modified":"2018-02-02T11:35:07","modified_gmt":"2018-02-02T10:35:07","slug":"requisits-dacces-al-cicle-formatiu-2","status":"publish","type":"page","link":"https:\/\/agora.xtec.cat\/ieslaromanica\/cicles-formatius\/curs-23_24-gs\/cicle-formatiu-de-grau-superior-de-fabricacio-de-productes-farmaceutics-biotecnologics-i-afins-qub0\/requisits-dacces-al-cicle-formatiu-2\/","title":{"rendered":"Requisits d&#8217;acc\u00e9s al cicle formatiu"},"content":{"rendered":"<p>Tenen\u00a0<strong>acc\u00e9s directe<\/strong>\u00a0al cicle les persones que compleixen algun dels requisits seg\u00fcents:<\/p>\n<ul>\n<li>tenir el t\u00edtol de batxillerat,<\/li>\n<li>tenir el t\u00edtol de t\u00e8cnic especialista, t\u00e8cnic superior o equivalent,<\/li>\n<li>haver superat el segon curs de batxillerat de qualsevol modalitat de batxillerat experimental,<\/li>\n<li>haver superat el curs d&#8217;orientaci\u00f3 universit\u00e0ria (COU) o el preuniversitari,<\/li>\n<li>tenir qualsevol titulaci\u00f3 universit\u00e0ria o una d&#8217;equivalent, o<\/li>\n<li>haver superat la prova d&#8217;acc\u00e9s a la universitat per a m\u00e9s grans de 25 anys.<\/li>\n<\/ul>\n<p>Tamb\u00e9 poden accedir les persones amb el t\u00edtol de t\u00e8cnic de formaci\u00f3 professional.<\/p>\n<p>Les persones que no compleixen cap dels requisits esmentats han de superar una\u00a0<a href=\"http:\/\/ensenyament.gencat.cat\/ca\/serveis-tramits\/proves\/proves-acces\/gs-fp\/\" target=\"_blank\" rel=\"noopener noreferrer\">prova d&#8217;acc\u00e9s<\/a>. Per presentar-s&#8217;hi cal tenir complerts 19 anys o b\u00e9 complir-los durant l&#8217;any natural en qu\u00e8 es realitza la prova.<\/p>\n<p style=\"text-align: center;\"><a title=\"CFGS de Fabricaci\u00f3 de productes farmac\u00e8utics, biotecnol\u00f2gics i afins (QUB0)\" href=\"http:\/\/agora.xtec.cat\/ieslaromanica\/cicles-formatius\/cicle-formatiu-de-grau-superior-de-fabricacio-de-productes-farmaceutics-biotecnologics-i-afins-qub0\/\">Torna a CFGS de Fabricaci\u00f3 de productes farmac\u00e8utics, biotecnol\u00f2gics i afins<\/a><\/p>\n","protected":false},"excerpt":{"rendered":"<p>Tenen\u00a0acc\u00e9s directe\u00a0al cicle les persones que compleixen algun dels requisits seg\u00fcents:<\/p>\n<ul>\n<li>tenir el t\u00edtol de batxillerat,<\/li>\n<li>tenir el t\u00edtol de t\u00e8cnic especialista, t\u00e8cnic superior o equivalent,<\/li>\n<li>haver superat el segon curs de batxillerat de qualsevol modalitat de batxillerat experimental,<\/li>\n<li>haver superat el curs d&#8217;orientaci\u00f3 universit\u00e0ria (COU) o el preuniversitari,<\/li>\n<li>tenir&hellip;  <a href=\"https:\/\/agora.xtec.cat\/ieslaromanica\/cicles-formatius\/curs-23_24-gs\/cicle-formatiu-de-grau-superior-de-fabricacio-de-productes-farmaceutics-biotecnologics-i-afins-qub0\/requisits-dacces-al-cicle-formatiu-2\/\" title=\"Read Requisits d&#8217;acc\u00e9s al cicle formatiu\">Llegeix m\u00e9s\u00bb<\/a><br \/>\n","protected":false},"author":35,"featured_media":0,"parent":2621,"menu_order":1,"comment_status":"closed","ping_status":"closed","template":"page-templates\/side-menu.php","meta":{"_bbp_topic_count":0,"_bbp_reply_count":0,"_bbp_total_topic_count":0,"_bbp_total_reply_count":0,"_bbp_voice_count":0,"_bbp_anonymous_reply_count":0,"_bbp_topic_count_hidden":0,"_bbp_reply_count_hidden":0,"_bbp_forum_subforum_count":0,"footnotes":""},"class_list":["post-2840","page","type-page","status-publish","hentry"],"post_mailing_queue_ids":[],"_links":{"self":[{"href":"https:\/\/agora.xtec.cat\/ieslaromanica\/wp-json\/wp\/v2\/pages\/2840","targetHints":{"allow":["GET"]}}],"collection":[{"href":"https:\/\/agora.xtec.cat\/ieslaromanica\/wp-json\/wp\/v2\/pages"}],"about":[{"href":"https:\/\/agora.xtec.cat\/ieslaromanica\/wp-json\/wp\/v2\/types\/page"}],"author":[{"embeddable":true,"href":"https:\/\/agora.xtec.cat\/ieslaromanica\/wp-json\/wp\/v2\/users\/35"}],"replies":[{"embeddable":true,"href":"https:\/\/agora.xtec.cat\/ieslaromanica\/wp-json\/wp\/v2\/comments?post=2840"}],"version-history":[{"count":2,"href":"https:\/\/agora.xtec.cat\/ieslaromanica\/wp-json\/wp\/v2\/pages\/2840\/revisions"}],"predecessor-version":[{"id":2843,"href":"https:\/\/agora.xtec.cat\/ieslaromanica\/wp-json\/wp\/v2\/pages\/2840\/revisions\/2843"}],"up":[{"embeddable":true,"href":"https:\/\/agora.xtec.cat\/ieslaromanica\/wp-json\/wp\/v2\/pages\/2621"}],"wp:attachment":[{"href":"https:\/\/agora.xtec.cat\/ieslaromanica\/wp-json\/wp\/v2\/media?parent=2840"}],"curies":[{"name":"wp","href":"https:\/\/api.w.org\/{rel}","templated":true}]}}