{"id":2808,"date":"2018-02-01T19:07:59","date_gmt":"2018-02-01T18:07:59","guid":{"rendered":"http:\/\/agora.xtec.cat\/ieslaromanica\/?page_id=2808"},"modified":"2018-02-17T16:19:08","modified_gmt":"2018-02-17T15:19:08","slug":"continuitat-destudis","status":"publish","type":"page","link":"https:\/\/agora.xtec.cat\/ieslaromanica\/cicles-formatius\/preinscripcio-i-matricula-a-cicles-formatius-de-grau-mitja-grau-superior-2023-2024\/cicle-formatiu-de-grau-mitja-operacions-de-laboratori-qu20\/continuitat-destudis\/","title":{"rendered":"Sortides professionals i continu\u00eftat d&#8217;estudis"},"content":{"rendered":"<div class=\"CS_fFons_DestaquemB CS_fFons_DestaquemB2\">\n<div id=\"div_05\" class=\"CS_paddingTop10 nomargeleft display\">\n<div class=\"FW_bColCos dotted\">\n<h3>Sortides acad\u00e8miques<\/h3>\n<p>Amb aquests estudis s&#8217;obt\u00e9 el t\u00edtol de\u00a0<strong>t\u00e8cnic o t\u00e8cnica<\/strong>, que permet accedir:<\/p>\n<ul>\n<li>al batxillerat,<\/li>\n<li>a un cicle de grau superior del\u00a0mateix\u00a0<a href=\"http:\/\/queestudiar.gencat.cat\/ca\/estudis\/fp\/itineraris\/\" target=\"_self\">itinerari del cicle<\/a>\u00a0de\u00a0grau mitj\u00e0.<\/li>\n<\/ul>\n<h3>Sortides professionals<\/h3>\n<p>La superaci\u00f3 d&#8217;aquest cicle formatiu permet accedir al\u00a0<strong>m\u00f3n laboral<\/strong>\u00a0com a:<\/p>\n<ul>\n<li>Auxiliar, operador\/a o t\u00e8cnic\/a de laboratoris de qu\u00edmica<\/li>\n<li>Auxiliar, operador\/a o t\u00e8cnic\/a d\u2019ind\u00fastries qu\u00edmiques, aliment\u00e0ries, farmac\u00e8utiques i transformadores<\/li>\n<li>Auxiliar, operador\/a o t\u00e8cnic\/a del sector mediambiental<\/li>\n<li>Auxiliar, operador\/a o t\u00e8cnic\/a de control de qualitat de materials, metal\u00b7l\u00fargia i galvanot\u00e8cnia<\/li>\n<li>Auxiliar, operador\/a o t\u00e8cnic\/a d\u2019assajos de productes de fabricaci\u00f3 mec\u00e0nica<\/li>\n<li>Auxiliar, operador\/a o t\u00e8cnic\/a de microbiologia aliment\u00e0ria, mediambiental, farmac\u00e8utica i d\u2019aig\u00fces<\/li>\n<li>Auxiliar, operador\/a o t\u00e8cnic\/a de mat\u00e8ries primeres i producte acabat<\/li>\n<li>Auxiliar, operador\/a o t\u00e8cnic\/a de\u00a0control i recepci\u00f3 de mat\u00e8ries<\/li>\n<li>Auxiliar, operador\/a o t\u00e8cnic\/a de centres de formaci\u00f3 i investigaci\u00f3<\/li>\n<li>Operador\/a de manteniment de serveis auxiliars, equipament i magatzem<\/li>\n<li>Mostrejador i assajos de camp<\/li>\n<\/ul>\n<\/div>\n<\/div>\n<\/div>\n<div class=\"CS_fFons_DestaquemPeu CS_fFons_DestaquemPeu2\" style=\"text-align: center;\">\u00a0<a href=\"http:\/\/agora.xtec.cat\/ieslaromanica\/cicles-formatius\/cicle-formatiu-de-grau-mitja-operacions-de-laboratori-qu20\/\" target=\"_blank\" rel=\"noopener noreferrer\">Torna a\u00a0<\/a><a title=\"CFGM Operacions de laboratori (QU20)\" href=\"http:\/\/agora.xtec.cat\/ieslaromanica\/cicles-formatius\/cicle-formatiu-de-grau-mitja-operacions-de-laboratori-qu20\/\">CFGM Operacions de laboratori (QU20)<\/a><\/div>\n","protected":false},"excerpt":{"rendered":"<p>Sortides acad\u00e8miques<br \/>\nAmb aquests estudis s&#8217;obt\u00e9 el t\u00edtol de\u00a0t\u00e8cnic o t\u00e8cnica, que permet accedir:<\/p>\n<ul>\n<li>al batxillerat,<\/li>\n<li>a un cicle de grau superior del\u00a0mateix\u00a0<a href=\"http:\/\/queestudiar.gencat.cat\/ca\/estudis\/fp\/itineraris\/\" target=\"_self\">itinerari del cicle<\/a>\u00a0de\u00a0grau mitj\u00e0.<\/li>\n<\/ul>\n<p>Sortides professionals<br \/>\nLa superaci\u00f3 d&#8217;aquest cicle formatiu permet accedir al\u00a0m\u00f3n laboral\u00a0com a:<\/p>\n<ul>\n<li>Auxiliar, operador\/a o t\u00e8cnic\/a de laboratoris de qu\u00edmica<\/li>\n<li>Auxiliar, operador\/a o t\u00e8cnic\/a&hellip;  <a href=\"https:\/\/agora.xtec.cat\/ieslaromanica\/cicles-formatius\/preinscripcio-i-matricula-a-cicles-formatius-de-grau-mitja-grau-superior-2023-2024\/cicle-formatiu-de-grau-mitja-operacions-de-laboratori-qu20\/continuitat-destudis\/\" title=\"Read Sortides professionals i continu\u00eftat d&#8217;estudis\">Llegeix m\u00e9s\u00bb<\/a><br \/>\n","protected":false},"author":35,"featured_media":0,"parent":2217,"menu_order":3,"comment_status":"closed","ping_status":"closed","template":"page-templates\/side-menu.php","meta":{"_bbp_topic_count":0,"_bbp_reply_count":0,"_bbp_total_topic_count":0,"_bbp_total_reply_count":0,"_bbp_voice_count":0,"_bbp_anonymous_reply_count":0,"_bbp_topic_count_hidden":0,"_bbp_reply_count_hidden":0,"_bbp_forum_subforum_count":0,"footnotes":""},"class_list":["post-2808","page","type-page","status-publish","hentry"],"post_mailing_queue_ids":[],"_links":{"self":[{"href":"https:\/\/agora.xtec.cat\/ieslaromanica\/wp-json\/wp\/v2\/pages\/2808","targetHints":{"allow":["GET"]}}],"collection":[{"href":"https:\/\/agora.xtec.cat\/ieslaromanica\/wp-json\/wp\/v2\/pages"}],"about":[{"href":"https:\/\/agora.xtec.cat\/ieslaromanica\/wp-json\/wp\/v2\/types\/page"}],"author":[{"embeddable":true,"href":"https:\/\/agora.xtec.cat\/ieslaromanica\/wp-json\/wp\/v2\/users\/35"}],"replies":[{"embeddable":true,"href":"https:\/\/agora.xtec.cat\/ieslaromanica\/wp-json\/wp\/v2\/comments?post=2808"}],"version-history":[{"count":3,"href":"https:\/\/agora.xtec.cat\/ieslaromanica\/wp-json\/wp\/v2\/pages\/2808\/revisions"}],"predecessor-version":[{"id":2961,"href":"https:\/\/agora.xtec.cat\/ieslaromanica\/wp-json\/wp\/v2\/pages\/2808\/revisions\/2961"}],"up":[{"embeddable":true,"href":"https:\/\/agora.xtec.cat\/ieslaromanica\/wp-json\/wp\/v2\/pages\/2217"}],"wp:attachment":[{"href":"https:\/\/agora.xtec.cat\/ieslaromanica\/wp-json\/wp\/v2\/media?parent=2808"}],"curies":[{"name":"wp","href":"https:\/\/api.w.org\/{rel}","templated":true}]}}