{"id":2806,"date":"2018-02-01T19:05:16","date_gmt":"2018-02-01T18:05:16","guid":{"rendered":"http:\/\/agora.xtec.cat\/ieslaromanica\/?page_id=2806"},"modified":"2018-02-01T19:05:48","modified_gmt":"2018-02-01T18:05:48","slug":"tramits","status":"publish","type":"page","link":"https:\/\/agora.xtec.cat\/ieslaromanica\/cicles-formatius\/preinscripcio-i-matricula-a-cicles-formatius-de-grau-mitja-grau-superior-2023-2024\/cicle-formatiu-de-grau-mitja-operacions-de-laboratori-qu20\/tramits\/","title":{"rendered":"Tr\u00e0mits"},"content":{"rendered":"<p>Per cursar el cicle cal formalitzar la sol\u00b7licitud i presentar-la al centre i per a l&#8217;ensenyament demanat en primer lloc.<\/p>\n<p>Per ordenar les sol\u00b7licituds i atorgar les places quan el nombre de sol\u00b7licituds \u00e9s superior a l&#8217;oferta, es d\u00f3na prioritat a:<\/p>\n<ol>\n<li>L&#8217;alumnat que ha cursat les modalitats de batxillerat priorit\u00e0ries per al cicle corresponent. Aquestes sol\u00b7licituds s&#8217;ordenen segons la qualificaci\u00f3 mitjana del batxillerat.<\/li>\n<li>L&#8217;alumnat que supera la prova d&#8217;acc\u00e9s i el que no ha de fer la prova tot i que no t\u00e9 acc\u00e9s directe al cicle . Aquestes sol\u00b7licituds s&#8217;ordenen d&#8217;acord amb la qualificaci\u00f3 de la prova d&#8217;acc\u00e9s o de la qualificaci\u00f3 que en permet l&#8217;exempci\u00f3.<\/li>\n<\/ol>\n<p style=\"text-align: center;\"><a href=\"http:\/\/agora.xtec.cat\/ieslaromanica\/cicles-formatius\/cicle-formatiu-de-grau-mitja-operacions-de-laboratori-qu20\/\" target=\"_blank\" rel=\"noopener noreferrer\">Torna a\u00a0<\/a><a title=\"CFGM Operacions de laboratori (QU20)\" href=\"http:\/\/agora.xtec.cat\/ieslaromanica\/cicles-formatius\/cicle-formatiu-de-grau-mitja-operacions-de-laboratori-qu20\/\">CFGM Operacions de laboratori (QU20)<\/a><\/p>\n","protected":false},"excerpt":{"rendered":"<p>Per cursar el cicle cal formalitzar la sol\u00b7licitud i presentar-la al centre i per a l&#8217;ensenyament demanat en primer lloc.<br \/>\nPer ordenar les sol\u00b7licituds i atorgar les places quan el nombre de sol\u00b7licituds \u00e9s superior a l&#8217;oferta, es d\u00f3na prioritat a:<\/p>\n<ol>\n<li>L&#8217;alumnat que ha cursat les modalitats&hellip;  <a href=\"https:\/\/agora.xtec.cat\/ieslaromanica\/cicles-formatius\/preinscripcio-i-matricula-a-cicles-formatius-de-grau-mitja-grau-superior-2023-2024\/cicle-formatiu-de-grau-mitja-operacions-de-laboratori-qu20\/tramits\/\" title=\"Read Tr\u00e0mits\">Llegeix m\u00e9s\u00bb<\/a><br \/>\n","protected":false},"author":35,"featured_media":0,"parent":2217,"menu_order":2,"comment_status":"closed","ping_status":"closed","template":"page-templates\/side-menu.php","meta":{"_bbp_topic_count":0,"_bbp_reply_count":0,"_bbp_total_topic_count":0,"_bbp_total_reply_count":0,"_bbp_voice_count":0,"_bbp_anonymous_reply_count":0,"_bbp_topic_count_hidden":0,"_bbp_reply_count_hidden":0,"_bbp_forum_subforum_count":0,"footnotes":""},"class_list":["post-2806","page","type-page","status-publish","hentry"],"post_mailing_queue_ids":[],"_links":{"self":[{"href":"https:\/\/agora.xtec.cat\/ieslaromanica\/wp-json\/wp\/v2\/pages\/2806","targetHints":{"allow":["GET"]}}],"collection":[{"href":"https:\/\/agora.xtec.cat\/ieslaromanica\/wp-json\/wp\/v2\/pages"}],"about":[{"href":"https:\/\/agora.xtec.cat\/ieslaromanica\/wp-json\/wp\/v2\/types\/page"}],"author":[{"embeddable":true,"href":"https:\/\/agora.xtec.cat\/ieslaromanica\/wp-json\/wp\/v2\/users\/35"}],"replies":[{"embeddable":true,"href":"https:\/\/agora.xtec.cat\/ieslaromanica\/wp-json\/wp\/v2\/comments?post=2806"}],"version-history":[{"count":1,"href":"https:\/\/agora.xtec.cat\/ieslaromanica\/wp-json\/wp\/v2\/pages\/2806\/revisions"}],"predecessor-version":[{"id":2807,"href":"https:\/\/agora.xtec.cat\/ieslaromanica\/wp-json\/wp\/v2\/pages\/2806\/revisions\/2807"}],"up":[{"embeddable":true,"href":"https:\/\/agora.xtec.cat\/ieslaromanica\/wp-json\/wp\/v2\/pages\/2217"}],"wp:attachment":[{"href":"https:\/\/agora.xtec.cat\/ieslaromanica\/wp-json\/wp\/v2\/media?parent=2806"}],"curies":[{"name":"wp","href":"https:\/\/api.w.org\/{rel}","templated":true}]}}