{"id":26237,"date":"2026-05-12T08:49:13","date_gmt":"2026-05-12T06:49:13","guid":{"rendered":"https:\/\/agora.xtec.cat\/ieslaromanica\/?page_id=26237"},"modified":"2026-05-12T08:49:13","modified_gmt":"2026-05-12T06:49:13","slug":"pfi-programa-de-formacio-i-insercio","status":"publish","type":"page","link":"https:\/\/agora.xtec.cat\/ieslaromanica\/estudis\/pfi-programa-de-formacio-i-insercio\/","title":{"rendered":"PFI &#8211; Programa de Formaci\u00f3 i Inserci\u00f3"},"content":{"rendered":"<p style=\"text-align: justify;\" data-start=\"20\" data-end=\"431\">El Programa de Formaci\u00f3 i Inserci\u00f3 (PFI) \u00e9s una formaci\u00f3 adre\u00e7ada a joves d\u2019entre 16 i 21 anys que no han obtingut el t\u00edtol de l\u2019ESO i que volen continuar formant-se i preparar-se per al m\u00f3n laboral. A trav\u00e9s d\u2019un aprenentatge pr\u00e0ctic i proper a l\u2019entorn professional, el PFI permet adquirir compet\u00e8ncies b\u00e0siques, h\u00e0bits de treball i una primera qualificaci\u00f3 professional.<\/p>\n<p style=\"text-align: justify;\" data-start=\"433\" data-end=\"877\">A <span class=\"hover:entity-accent entity-underline inline cursor-pointer align-baseline\"><span class=\"whitespace-normal\">INS La Rom\u00e0nica<\/span><\/span>, el PFI \u00e9s una oportunitat per reprendre els estudis, orientar el futur acad\u00e8mic i professional i facilitar l\u2019acc\u00e9s posterior als cicles formatius de grau mitj\u00e0. El programa combina formaci\u00f3 te\u00f2rica, activitats pr\u00e0ctiques i acompanyament tutorial personalitzat per ajudar l\u2019alumnat a desenvolupar les seves capacitats i millorar la seva inserci\u00f3 educativa i laboral.<\/p>\n<h3 style=\"text-align: center;\">PFI \u2013 CURS 26-27<\/h3>\n<p style=\"text-align: center;\"><a href=\"https:\/\/agora.xtec.cat\/ieslaromanica\/wp-content\/uploads\/usu857\/2026\/05\/Oferta-inicial-PFI.pdf\">Oferta inicial del PFI<\/a><\/p>\n<p style=\"text-align: center;\"><a href=\"https:\/\/agora.xtec.cat\/ieslaromanica\/wp-content\/uploads\/usu857\/2026\/05\/Resolucio-area-influencia-PFI.pdf\">Resoluci\u00f3 de l\u2019\u00e0rea d\u2019influ\u00e8ncia<\/a><\/p>\n<p data-start=\"433\" data-end=\"877\"><a href=\"https:\/\/agora.xtec.cat\/ieslaromanica\/wp-content\/uploads\/usu857\/2026\/05\/Cartell-PFI-2022-cartell-pfi_page-0001.jpg\"><img loading=\"lazy\" decoding=\"async\" class=\"alignnone size-large wp-image-26235\" src=\"https:\/\/agora.xtec.cat\/ieslaromanica\/wp-content\/uploads\/usu857\/2026\/05\/Cartell-PFI-2022-cartell-pfi_page-0001-724x1024.jpg\" alt=\"\" width=\"724\" height=\"1024\" srcset=\"https:\/\/agora.xtec.cat\/ieslaromanica\/wp-content\/uploads\/usu857\/2026\/05\/Cartell-PFI-2022-cartell-pfi_page-0001-724x1024.jpg 724w, https:\/\/agora.xtec.cat\/ieslaromanica\/wp-content\/uploads\/usu857\/2026\/05\/Cartell-PFI-2022-cartell-pfi_page-0001-212x300.jpg 212w, https:\/\/agora.xtec.cat\/ieslaromanica\/wp-content\/uploads\/usu857\/2026\/05\/Cartell-PFI-2022-cartell-pfi_page-0001-768x1086.jpg 768w, https:\/\/agora.xtec.cat\/ieslaromanica\/wp-content\/uploads\/usu857\/2026\/05\/Cartell-PFI-2022-cartell-pfi_page-0001-1086x1536.jpg 1086w, https:\/\/agora.xtec.cat\/ieslaromanica\/wp-content\/uploads\/usu857\/2026\/05\/Cartell-PFI-2022-cartell-pfi_page-0001-1448x2048.jpg 1448w, https:\/\/agora.xtec.cat\/ieslaromanica\/wp-content\/uploads\/usu857\/2026\/05\/Cartell-PFI-2022-cartell-pfi_page-0001.jpg 1755w\" sizes=\"auto, (max-width: 724px) 100vw, 724px\" \/><\/a><\/p>\n","protected":false},"excerpt":{"rendered":"<p>El Programa de Formaci\u00f3 i Inserci\u00f3 (PFI) \u00e9s una formaci\u00f3 adre\u00e7ada a joves d\u2019entre 16 i 21 anys que no han obtingut el t\u00edtol de l\u2019ESO i que volen continuar formant-se i preparar-se per al m\u00f3n laboral. A trav\u00e9s d\u2019un aprenentatge pr\u00e0ctic i proper a&hellip;  <a href=\"https:\/\/agora.xtec.cat\/ieslaromanica\/estudis\/pfi-programa-de-formacio-i-insercio\/\" title=\"Read PFI &#8211; Programa de Formaci\u00f3 i Inserci\u00f3\">Llegeix m\u00e9s\u00bb<\/a><\/p>\n","protected":false},"author":34,"featured_media":0,"parent":195,"menu_order":0,"comment_status":"closed","ping_status":"closed","template":"","meta":{"_bbp_topic_count":0,"_bbp_reply_count":0,"_bbp_total_topic_count":0,"_bbp_total_reply_count":0,"_bbp_voice_count":0,"_bbp_anonymous_reply_count":0,"_bbp_topic_count_hidden":0,"_bbp_reply_count_hidden":0,"_bbp_forum_subforum_count":0,"footnotes":""},"class_list":["post-26237","page","type-page","status-publish","hentry"],"post_mailing_queue_ids":[],"_links":{"self":[{"href":"https:\/\/agora.xtec.cat\/ieslaromanica\/wp-json\/wp\/v2\/pages\/26237","targetHints":{"allow":["GET"]}}],"collection":[{"href":"https:\/\/agora.xtec.cat\/ieslaromanica\/wp-json\/wp\/v2\/pages"}],"about":[{"href":"https:\/\/agora.xtec.cat\/ieslaromanica\/wp-json\/wp\/v2\/types\/page"}],"author":[{"embeddable":true,"href":"https:\/\/agora.xtec.cat\/ieslaromanica\/wp-json\/wp\/v2\/users\/34"}],"replies":[{"embeddable":true,"href":"https:\/\/agora.xtec.cat\/ieslaromanica\/wp-json\/wp\/v2\/comments?post=26237"}],"version-history":[{"count":1,"href":"https:\/\/agora.xtec.cat\/ieslaromanica\/wp-json\/wp\/v2\/pages\/26237\/revisions"}],"predecessor-version":[{"id":26238,"href":"https:\/\/agora.xtec.cat\/ieslaromanica\/wp-json\/wp\/v2\/pages\/26237\/revisions\/26238"}],"up":[{"embeddable":true,"href":"https:\/\/agora.xtec.cat\/ieslaromanica\/wp-json\/wp\/v2\/pages\/195"}],"wp:attachment":[{"href":"https:\/\/agora.xtec.cat\/ieslaromanica\/wp-json\/wp\/v2\/media?parent=26237"}],"curies":[{"name":"wp","href":"https:\/\/api.w.org\/{rel}","templated":true}]}}