{"id":2571,"date":"2018-01-11T20:15:29","date_gmt":"2018-01-11T19:15:29","guid":{"rendered":"http:\/\/agora.xtec.cat\/ieslaromanica\/?page_id=2571"},"modified":"2025-05-28T22:50:46","modified_gmt":"2025-05-28T20:50:46","slug":"cicle-formatiu-de-grau-mitja-planta-quimica-perfil-professional-productes-farmaceutics-i-cosmetics-qu11","status":"publish","type":"page","link":"https:\/\/agora.xtec.cat\/ieslaromanica\/cicles-formatius\/preinscripcio-i-matricula-a-cicles-formatius-de-grau-mitja-grau-superior-2023-2024\/cicle-formatiu-de-grau-mitja-planta-quimica-perfil-professional-productes-farmaceutics-i-cosmetics-qu11\/","title":{"rendered":"CFGM de Planta qu\u00edmica, perfil professional productes farmac\u00e8utics i cosm\u00e8tics (QU11)"},"content":{"rendered":"<p style=\"text-align: justify;\">Aquests estudis postobligatoris capaciten per fer totes les operacions b\u00e0siques de control i de manteniment dels equips dels diversos processos qu\u00edmics i de les fases de fabricaci\u00f3 de productes farmac\u00e8utics i cosm\u00e8tics, per assegurar la qualitat del producte i complir les normes de prevenci\u00f3 de riscos, de seguretat i ambientals.<\/p>\n<p style=\"text-align: justify;\">Tenen una durada de 2.000 hores (1.617 lectives en un centre educatiu i\u00a0383 pr\u00e0ctiques en un centre de treball) distribu\u00efdes en\u00a0<strong>dos cursos<\/strong>\u00a0acad\u00e8mics.<\/p>\n<p style=\"text-align: justify;\">Per a m\u00e9s informaci\u00f3 clica sobre els seg\u00fcents enlla\u00e7os:<\/p>\n<ul>\n<li><a href=\"https:\/\/agora.xtec.cat\/ieslaromanica\/wp-content\/uploads\/usu857\/2025\/05\/QU11-25-26.pdf\"><span style=\"color: #0000ff;\">Continguts<\/span><\/a><\/li>\n<li><span style=\"color: #0000ff;\"><a style=\"color: #0000ff;\" title=\"Requisits d'acc\u00e9s al cicle formatiu\" href=\"http:\/\/agora.xtec.cat\/ieslaromanica\/cicles-formatius\/cicle-formatiu-de-grau-mitja-planta-quimica-perfil-professional-productes-farmaceutics-i-cosmetics-qu11\/requisits-dacces-al-cicle-formatiu\/\" target=\"_blank\" rel=\"noopener noreferrer\">Requisits d&#8217;acc\u00e9s al cicle formatiu<\/a><\/span><\/li>\n<li><span style=\"color: #0000ff;\"><a style=\"color: #0000ff;\" title=\"Tr\u00e0mits\" href=\"http:\/\/agora.xtec.cat\/ieslaromanica\/cicles-formatius\/cicle-formatiu-de-grau-mitja-planta-quimica-perfil-professional-productes-farmaceutics-i-cosmetics-qu11\/tramits\/\" target=\"_blank\" rel=\"noopener noreferrer\">Tr\u00e0mits<\/a><\/span><\/li>\n<li><span style=\"color: #0000ff;\"><a style=\"color: #0000ff;\" title=\"Continu\u00eftat d'estudis\" href=\"http:\/\/agora.xtec.cat\/ieslaromanica\/cicles-formatius\/cicle-formatiu-de-grau-mitja-planta-quimica-perfil-professional-productes-farmaceutics-i-cosmetics-qu11\/continuitat-destudis\/\" target=\"_blank\" rel=\"noopener noreferrer\">Continu\u00eftat d&#8217;estudis<\/a><\/span><\/li>\n<\/ul>\n<p style=\"text-align: center;\"><a href=\"http:\/\/agora.xtec.cat\/ieslaromanica\/cicles-formatius\/\">Torna a Cicles Formatius<\/a><\/p>\n<p style=\"text-align: center;\">\n","protected":false},"excerpt":{"rendered":"<p>Aquests estudis postobligatoris capaciten per fer totes les operacions b\u00e0siques de control i de manteniment dels equips dels diversos processos qu\u00edmics i de les fases de fabricaci\u00f3 de productes farmac\u00e8utics i cosm\u00e8tics, per assegurar la qualitat del producte i complir les normes de prevenci\u00f3 de&hellip;  <a href=\"https:\/\/agora.xtec.cat\/ieslaromanica\/cicles-formatius\/preinscripcio-i-matricula-a-cicles-formatius-de-grau-mitja-grau-superior-2023-2024\/cicle-formatiu-de-grau-mitja-planta-quimica-perfil-professional-productes-farmaceutics-i-cosmetics-qu11\/\" title=\"Read CFGM de Planta qu\u00edmica, perfil professional productes farmac\u00e8utics i cosm\u00e8tics (QU11)\">Llegeix m\u00e9s\u00bb<\/a><\/p>\n","protected":false},"author":35,"featured_media":0,"parent":21071,"menu_order":1,"comment_status":"closed","ping_status":"closed","template":"page-templates\/side-menu.php","meta":{"_bbp_topic_count":0,"_bbp_reply_count":0,"_bbp_total_topic_count":0,"_bbp_total_reply_count":0,"_bbp_voice_count":0,"_bbp_anonymous_reply_count":0,"_bbp_topic_count_hidden":0,"_bbp_reply_count_hidden":0,"_bbp_forum_subforum_count":0,"footnotes":""},"class_list":["post-2571","page","type-page","status-publish","hentry"],"post_mailing_queue_ids":[],"_links":{"self":[{"href":"https:\/\/agora.xtec.cat\/ieslaromanica\/wp-json\/wp\/v2\/pages\/2571","targetHints":{"allow":["GET"]}}],"collection":[{"href":"https:\/\/agora.xtec.cat\/ieslaromanica\/wp-json\/wp\/v2\/pages"}],"about":[{"href":"https:\/\/agora.xtec.cat\/ieslaromanica\/wp-json\/wp\/v2\/types\/page"}],"author":[{"embeddable":true,"href":"https:\/\/agora.xtec.cat\/ieslaromanica\/wp-json\/wp\/v2\/users\/35"}],"replies":[{"embeddable":true,"href":"https:\/\/agora.xtec.cat\/ieslaromanica\/wp-json\/wp\/v2\/comments?post=2571"}],"version-history":[{"count":5,"href":"https:\/\/agora.xtec.cat\/ieslaromanica\/wp-json\/wp\/v2\/pages\/2571\/revisions"}],"predecessor-version":[{"id":25208,"href":"https:\/\/agora.xtec.cat\/ieslaromanica\/wp-json\/wp\/v2\/pages\/2571\/revisions\/25208"}],"up":[{"embeddable":true,"href":"https:\/\/agora.xtec.cat\/ieslaromanica\/wp-json\/wp\/v2\/pages\/21071"}],"wp:attachment":[{"href":"https:\/\/agora.xtec.cat\/ieslaromanica\/wp-json\/wp\/v2\/media?parent=2571"}],"curies":[{"name":"wp","href":"https:\/\/api.w.org\/{rel}","templated":true}]}}