{"id":2217,"date":"2017-10-26T20:42:35","date_gmt":"2017-10-26T18:42:35","guid":{"rendered":"http:\/\/agora.xtec.cat\/ieslaromanica\/?page_id=2217"},"modified":"2025-05-28T22:34:13","modified_gmt":"2025-05-28T20:34:13","slug":"cicle-formatiu-de-grau-mitja-operacions-de-laboratori-qu20","status":"publish","type":"page","link":"https:\/\/agora.xtec.cat\/ieslaromanica\/cicles-formatius\/preinscripcio-i-matricula-a-cicles-formatius-de-grau-mitja-grau-superior-2023-2024\/cicle-formatiu-de-grau-mitja-operacions-de-laboratori-qu20\/","title":{"rendered":"CFGM Operacions de laboratori (QU20)"},"content":{"rendered":"<p>Aquests estudis capaciten per realitzar assajos de materials, an\u00e0lisis fisicoqu\u00edmiques, qu\u00edmiques i biol\u00f2giques, mantenint operatius els equips i les instal\u00b7lacions de serveis auxiliars, complint les normes de qualitat i prevenci\u00f3 de riscos laborals i de protecci\u00f3 ambiental.<\/p>\n<p>La durada \u00e9s de 2.000 hores (1.650 en un centre educatiu i 350 en un centre de treball) distribu\u00efdes en\u00a0<strong>dos cursos\u00a0<\/strong>acad\u00e8mics.<\/p>\n<p>Aquest estudi\u00a0<strong>substitueix<\/strong>\u00a0el cicle Laboratori (LOGSE).<\/p>\n<p>Per a m\u00e9s informaci\u00f3 clica sobre els seg\u00fcents enlla\u00e7os:<\/p>\n<ul>\n<li style=\"text-align: left;\"><a href=\"https:\/\/agora.xtec.cat\/ieslaromanica\/wp-content\/uploads\/usu857\/2025\/05\/QU20-25-26.pdf\">Continguts<\/a><\/li>\n<li style=\"text-align: left;\"><a title=\"Requisits d'acc\u00e9s al cicle formatiu\" href=\"http:\/\/agora.xtec.cat\/ieslaromanica\/cicles-formatius\/cicle-formatiu-de-grau-mitja-operacions-de-laboratori-qu20\/acces\/\" target=\"_blank\" rel=\"noopener noreferrer\">Requisits d&#8217;acc\u00e9s al cicle formatiu<\/a><\/li>\n<li style=\"text-align: left;\"><a title=\"Tr\u00e0mits\" href=\"http:\/\/agora.xtec.cat\/ieslaromanica\/cicles-formatius\/cicle-formatiu-de-grau-mitja-operacions-de-laboratori-qu20\/tramits\/\" target=\"_blank\" rel=\"noopener noreferrer\">Tr\u00e0mits<\/a><\/li>\n<li style=\"text-align: left;\"><a title=\"Continu\u00eftat d'estudis\" href=\"http:\/\/agora.xtec.cat\/ieslaromanica\/cicles-formatius\/cicle-formatiu-de-grau-mitja-operacions-de-laboratori-qu20\/continuitat-destudis\/\" target=\"_blank\" rel=\"noopener noreferrer\">Continu\u00eftat d&#8217;estudis<\/a><\/li>\n<\/ul>\n<p style=\"text-align: center;\"><a href=\"http:\/\/agora.xtec.cat\/ieslaromanica\/cicles-formatius\/\">Torna a Cicles Formatius<\/a><\/p>\n","protected":false},"excerpt":{"rendered":"<p>Aquests estudis capaciten per realitzar assajos de materials, an\u00e0lisis fisicoqu\u00edmiques, qu\u00edmiques i biol\u00f2giques, mantenint operatius els equips i les instal\u00b7lacions de serveis auxiliars, complint les normes de qualitat i prevenci\u00f3 de riscos laborals i de protecci\u00f3 ambiental.<br \/>\nLa durada \u00e9s de 2.000 hores (1.650 en un&hellip;  <a href=\"https:\/\/agora.xtec.cat\/ieslaromanica\/cicles-formatius\/preinscripcio-i-matricula-a-cicles-formatius-de-grau-mitja-grau-superior-2023-2024\/cicle-formatiu-de-grau-mitja-operacions-de-laboratori-qu20\/\" title=\"Read CFGM Operacions de laboratori (QU20)\">Llegeix m\u00e9s\u00bb<\/a><\/p>\n","protected":false},"author":35,"featured_media":0,"parent":21071,"menu_order":0,"comment_status":"closed","ping_status":"closed","template":"page-templates\/side-menu.php","meta":{"_bbp_topic_count":0,"_bbp_reply_count":0,"_bbp_total_topic_count":0,"_bbp_total_reply_count":0,"_bbp_voice_count":0,"_bbp_anonymous_reply_count":0,"_bbp_topic_count_hidden":0,"_bbp_reply_count_hidden":0,"_bbp_forum_subforum_count":0,"footnotes":""},"class_list":["post-2217","page","type-page","status-publish","hentry"],"post_mailing_queue_ids":[],"_links":{"self":[{"href":"https:\/\/agora.xtec.cat\/ieslaromanica\/wp-json\/wp\/v2\/pages\/2217","targetHints":{"allow":["GET"]}}],"collection":[{"href":"https:\/\/agora.xtec.cat\/ieslaromanica\/wp-json\/wp\/v2\/pages"}],"about":[{"href":"https:\/\/agora.xtec.cat\/ieslaromanica\/wp-json\/wp\/v2\/types\/page"}],"author":[{"embeddable":true,"href":"https:\/\/agora.xtec.cat\/ieslaromanica\/wp-json\/wp\/v2\/users\/35"}],"replies":[{"embeddable":true,"href":"https:\/\/agora.xtec.cat\/ieslaromanica\/wp-json\/wp\/v2\/comments?post=2217"}],"version-history":[{"count":4,"href":"https:\/\/agora.xtec.cat\/ieslaromanica\/wp-json\/wp\/v2\/pages\/2217\/revisions"}],"predecessor-version":[{"id":25202,"href":"https:\/\/agora.xtec.cat\/ieslaromanica\/wp-json\/wp\/v2\/pages\/2217\/revisions\/25202"}],"up":[{"embeddable":true,"href":"https:\/\/agora.xtec.cat\/ieslaromanica\/wp-json\/wp\/v2\/pages\/21071"}],"wp:attachment":[{"href":"https:\/\/agora.xtec.cat\/ieslaromanica\/wp-json\/wp\/v2\/media?parent=2217"}],"curies":[{"name":"wp","href":"https:\/\/api.w.org\/{rel}","templated":true}]}}