{"id":20886,"date":"2022-03-04T13:36:11","date_gmt":"2022-03-04T12:36:11","guid":{"rendered":"https:\/\/agora.xtec.cat\/ieslaromanica\/?page_id=20886"},"modified":"2022-03-04T13:36:11","modified_gmt":"2022-03-04T12:36:11","slug":"futurafp-2","status":"publish","type":"page","link":"https:\/\/agora.xtec.cat\/ieslaromanica\/cicles-formatius\/xarxes-de-fp\/futurafp-2\/","title":{"rendered":"FuturaFP"},"content":{"rendered":"<p><a href=\"https:\/\/agora.xtec.cat\/ieslaromanica\/wp-content\/uploads\/usu857\/2021\/09\/futuraFP.png\"><img loading=\"lazy\" decoding=\"async\" class=\"wp-image-19820 aligncenter\" src=\"https:\/\/agora.xtec.cat\/ieslaromanica\/wp-content\/uploads\/usu857\/2021\/09\/futuraFP-1024x485.png\" alt=\"\" width=\"320\" height=\"152\" srcset=\"https:\/\/agora.xtec.cat\/ieslaromanica\/wp-content\/uploads\/usu857\/2021\/09\/futuraFP-1024x485.png 1024w, https:\/\/agora.xtec.cat\/ieslaromanica\/wp-content\/uploads\/usu857\/2021\/09\/futuraFP-300x142.png 300w, https:\/\/agora.xtec.cat\/ieslaromanica\/wp-content\/uploads\/usu857\/2021\/09\/futuraFP-768x363.png 768w, https:\/\/agora.xtec.cat\/ieslaromanica\/wp-content\/uploads\/usu857\/2021\/09\/futuraFP-1536x727.png 1536w, https:\/\/agora.xtec.cat\/ieslaromanica\/wp-content\/uploads\/usu857\/2021\/09\/futuraFP.png 1585w\" sizes=\"auto, (max-width: 320px) 100vw, 320px\" \/><\/a><\/p>\n<p style=\"text-align: justify;\">Els objectius globals de la Xarxa FuturaFP \u00e9s poder comparar les estrat\u00e8gies que fa servir cada Centre i aprendre els uns dels altres. De moment, hem pogut apreciar que el nostre \u00e9s del que va m\u00e9s avan\u00e7at en molts aspectes, sense compar-se amb el INS. Comte Rius de Tarragona, que presenta moltes singularitats respecte de la resta de Centre participants. Ning\u00fa no t\u00e9 al costat el principal pol petroqu\u00edmic del sud d&#8217;Europa.<\/p>\n","protected":false},"excerpt":{"rendered":"<p><a href=\"https:\/\/agora.xtec.cat\/ieslaromanica\/wp-content\/uploads\/usu857\/2021\/09\/futuraFP.png\"><\/a><br \/>\nEls objectius globals de la Xarxa FuturaFP \u00e9s poder comparar les estrat\u00e8gies que fa servir cada Centre i aprendre els uns dels altres. De moment, hem pogut apreciar que el nostre \u00e9s del que va m\u00e9s avan\u00e7at en molts aspectes, sense compar-se amb el&hellip;  <a href=\"https:\/\/agora.xtec.cat\/ieslaromanica\/cicles-formatius\/xarxes-de-fp\/futurafp-2\/\" title=\"Read FuturaFP\">Llegeix m\u00e9s\u00bb<\/a><\/p>\n","protected":false},"author":35,"featured_media":0,"parent":20868,"menu_order":4,"comment_status":"closed","ping_status":"closed","template":"page-templates\/side-menu.php","meta":{"_bbp_topic_count":0,"_bbp_reply_count":0,"_bbp_total_topic_count":0,"_bbp_total_reply_count":0,"_bbp_voice_count":0,"_bbp_anonymous_reply_count":0,"_bbp_topic_count_hidden":0,"_bbp_reply_count_hidden":0,"_bbp_forum_subforum_count":0,"footnotes":""},"class_list":["post-20886","page","type-page","status-publish","hentry"],"post_mailing_queue_ids":[],"_links":{"self":[{"href":"https:\/\/agora.xtec.cat\/ieslaromanica\/wp-json\/wp\/v2\/pages\/20886","targetHints":{"allow":["GET"]}}],"collection":[{"href":"https:\/\/agora.xtec.cat\/ieslaromanica\/wp-json\/wp\/v2\/pages"}],"about":[{"href":"https:\/\/agora.xtec.cat\/ieslaromanica\/wp-json\/wp\/v2\/types\/page"}],"author":[{"embeddable":true,"href":"https:\/\/agora.xtec.cat\/ieslaromanica\/wp-json\/wp\/v2\/users\/35"}],"replies":[{"embeddable":true,"href":"https:\/\/agora.xtec.cat\/ieslaromanica\/wp-json\/wp\/v2\/comments?post=20886"}],"version-history":[{"count":1,"href":"https:\/\/agora.xtec.cat\/ieslaromanica\/wp-json\/wp\/v2\/pages\/20886\/revisions"}],"predecessor-version":[{"id":20889,"href":"https:\/\/agora.xtec.cat\/ieslaromanica\/wp-json\/wp\/v2\/pages\/20886\/revisions\/20889"}],"up":[{"embeddable":true,"href":"https:\/\/agora.xtec.cat\/ieslaromanica\/wp-json\/wp\/v2\/pages\/20868"}],"wp:attachment":[{"href":"https:\/\/agora.xtec.cat\/ieslaromanica\/wp-json\/wp\/v2\/media?parent=20886"}],"curies":[{"name":"wp","href":"https:\/\/api.w.org\/{rel}","templated":true}]}}