{"id":20314,"date":"2022-01-26T20:06:33","date_gmt":"2022-01-26T19:06:33","guid":{"rendered":"https:\/\/agora.xtec.cat\/ieslaromanica\/?page_id=20314"},"modified":"2022-02-15T09:31:56","modified_gmt":"2022-02-15T08:31:56","slug":"caixes-dinvestigacio","status":"publish","type":"page","link":"https:\/\/agora.xtec.cat\/ieslaromanica\/projectes\/projectes-actuals\/caixes-dinvestigacio\/","title":{"rendered":"Caixes d&#8217;investigaci\u00f3"},"content":{"rendered":"<table style=\"border-collapse: collapse; width: 67.4779%; height: 242px;\">\n<tbody>\n<tr>\n<td style=\"width: 58.4859%;\"><a href=\"https:\/\/sites.google.com\/inslaromanica.org\/sequenciacaixesinvestigacio\/inici\"><img loading=\"lazy\" decoding=\"async\" class=\"alignleft size-large wp-image-20740\" src=\"https:\/\/agora.xtec.cat\/ieslaromanica\/wp-content\/uploads\/usu857\/2022\/01\/IMG-web-caixes-1024x534.png\" alt=\"\" width=\"1024\" height=\"534\" srcset=\"https:\/\/agora.xtec.cat\/ieslaromanica\/wp-content\/uploads\/usu857\/2022\/01\/IMG-web-caixes-1024x534.png 1024w, https:\/\/agora.xtec.cat\/ieslaromanica\/wp-content\/uploads\/usu857\/2022\/01\/IMG-web-caixes-300x156.png 300w, https:\/\/agora.xtec.cat\/ieslaromanica\/wp-content\/uploads\/usu857\/2022\/01\/IMG-web-caixes-768x400.png 768w, https:\/\/agora.xtec.cat\/ieslaromanica\/wp-content\/uploads\/usu857\/2022\/01\/IMG-web-caixes.png 1238w\" sizes=\"auto, (max-width: 1024px) 100vw, 1024px\" \/><\/a><\/td>\n<td style=\"width: 41.5141%;\"><a href=\"https:\/\/agora.xtec.cat\/ieslaromanica\/tag\/projecte-caixes-dinvestigacio\/\"><img loading=\"lazy\" decoding=\"async\" class=\"alignleft size-large wp-image-20735\" src=\"https:\/\/agora.xtec.cat\/ieslaromanica\/wp-content\/uploads\/usu857\/2022\/01\/IMG-20220125-WA0046-1024x769.jpg\" alt=\"\" width=\"1024\" height=\"769\" srcset=\"https:\/\/agora.xtec.cat\/ieslaromanica\/wp-content\/uploads\/usu857\/2022\/01\/IMG-20220125-WA0046-1024x769.jpg 1024w, https:\/\/agora.xtec.cat\/ieslaromanica\/wp-content\/uploads\/usu857\/2022\/01\/IMG-20220125-WA0046-300x225.jpg 300w, https:\/\/agora.xtec.cat\/ieslaromanica\/wp-content\/uploads\/usu857\/2022\/01\/IMG-20220125-WA0046-768x576.jpg 768w, https:\/\/agora.xtec.cat\/ieslaromanica\/wp-content\/uploads\/usu857\/2022\/01\/IMG-20220125-WA0046-1536x1153.jpg 1536w, https:\/\/agora.xtec.cat\/ieslaromanica\/wp-content\/uploads\/usu857\/2022\/01\/IMG-20220125-WA0046-200x150.jpg 200w, https:\/\/agora.xtec.cat\/ieslaromanica\/wp-content\/uploads\/usu857\/2022\/01\/IMG-20220125-WA0046.jpg 1600w\" sizes=\"auto, (max-width: 1024px) 100vw, 1024px\" \/><\/a><\/td>\n<\/tr>\n<tr>\n<td style=\"width: 58.4859%;\">Web del projecte (En construcci\u00f3).<\/td>\n<td style=\"width: 41.5141%;\">Articles<\/td>\n<\/tr>\n<\/tbody>\n<\/table>\n<p>Aquest any acad\u00e8mic (2021-2022) hem iniciat un nou projecte a 1r d&#8217;ESO, les caixes d&#8217;investigaci\u00f3. La decisi\u00f3 d&#8217;implementar-ho a aquest nivell ha estat guiada per la necessitat d&#8217;aconseguir un vincle m\u00e9s profund entre la prim\u00e0ria i la secund\u00e0ria i aix\u00ed, seguir processos i metodologies que ajudin al nostre alumnat a la integraci\u00f3 progressiva al nou centre i suposi una continu\u00eftat educativa.<\/p>\n<p>La recerca mitjan\u00e7ant caixes assoleix el format b\u00e0sic i la metodologia pr\u00f2pia del treball per projectes on els processos cient\u00edfics i art\u00edstic es retroben. Es pret\u00e9n que l&#8217;alumnat integri les compet\u00e8ncies b\u00e0siques a partir d&#8217;un marc interdisciplinari des d&#8217;on es q\u00fcestiona tot i s&#8217;experimenta com a fonament de l&#8217;aprenentatge i la comprensi\u00f3 d&#8217;una realitat complexa i, a l&#8217;hora, propera i contextualitzada.<\/p>\n<p>Les caixes contenen diferents propostes i vies d&#8217;investigaci\u00f3 amb materials de tota mena (preguntes, textos, conceptes i esquemes, experiments, not\u00edcies,\u00a0 llibres de consulta, adreces d&#8217;internet&#8230;) per tal de donar resposta a la diversitat i a les necessitats pr\u00f2pies i espec\u00edfiques de cada individu i grup-classe.<\/p>\n<table style=\"border-collapse: collapse; width: 66.9296%; height: 814px;\">\n<tbody>\n<tr style=\"height: 459px;\">\n<td style=\"width: 38.2186%; height: 459px;\" rowspan=\"2\"><span style=\"font-size: 16px;\">Algunes propostes de caixes (cliqueu les imatges):<\/span><\/td>\n<td style=\"width: 92.6815%; height: 459px;\"><a href=\"https:\/\/sites.google.com\/inslaromanica.org\/mostra-caixes-investigacio\/mostra-de-caixes-dinvestigaci%C3%B3\"><img loading=\"lazy\" decoding=\"async\" class=\"alignleft size-large wp-image-20362\" src=\"https:\/\/agora.xtec.cat\/ieslaromanica\/wp-content\/uploads\/usu857\/2021\/11\/Esquema-propostes-Caixes-764x1024.jpg\" alt=\"\" width=\"764\" height=\"1024\" srcset=\"https:\/\/agora.xtec.cat\/ieslaromanica\/wp-content\/uploads\/usu857\/2021\/11\/Esquema-propostes-Caixes-764x1024.jpg 764w, https:\/\/agora.xtec.cat\/ieslaromanica\/wp-content\/uploads\/usu857\/2021\/11\/Esquema-propostes-Caixes-224x300.jpg 224w, https:\/\/agora.xtec.cat\/ieslaromanica\/wp-content\/uploads\/usu857\/2021\/11\/Esquema-propostes-Caixes-768x1029.jpg 768w, https:\/\/agora.xtec.cat\/ieslaromanica\/wp-content\/uploads\/usu857\/2021\/11\/Esquema-propostes-Caixes-1146x1536.jpg 1146w, https:\/\/agora.xtec.cat\/ieslaromanica\/wp-content\/uploads\/usu857\/2021\/11\/Esquema-propostes-Caixes.jpg 1152w\" sizes=\"auto, (max-width: 764px) 100vw, 764px\" \/><\/a><\/td>\n<\/tr>\n<tr>\n<td style=\"width: 92.6815%;\"><a href=\"https:\/\/sites.google.com\/inslaromanica.org\/mostra-caixes-investigacio\/mostra-de-caixes-dinvestigaci%C3%B3\"><img loading=\"lazy\" decoding=\"async\" class=\"alignleft size-large wp-image-20735\" src=\"https:\/\/agora.xtec.cat\/ieslaromanica\/wp-content\/uploads\/usu857\/2022\/01\/IMG-20220125-WA0046-1024x769.jpg\" alt=\"\" width=\"1024\" height=\"769\" srcset=\"https:\/\/agora.xtec.cat\/ieslaromanica\/wp-content\/uploads\/usu857\/2022\/01\/IMG-20220125-WA0046-1024x769.jpg 1024w, https:\/\/agora.xtec.cat\/ieslaromanica\/wp-content\/uploads\/usu857\/2022\/01\/IMG-20220125-WA0046-300x225.jpg 300w, https:\/\/agora.xtec.cat\/ieslaromanica\/wp-content\/uploads\/usu857\/2022\/01\/IMG-20220125-WA0046-768x576.jpg 768w, https:\/\/agora.xtec.cat\/ieslaromanica\/wp-content\/uploads\/usu857\/2022\/01\/IMG-20220125-WA0046-1536x1153.jpg 1536w, https:\/\/agora.xtec.cat\/ieslaromanica\/wp-content\/uploads\/usu857\/2022\/01\/IMG-20220125-WA0046-200x150.jpg 200w, https:\/\/agora.xtec.cat\/ieslaromanica\/wp-content\/uploads\/usu857\/2022\/01\/IMG-20220125-WA0046.jpg 1600w\" sizes=\"auto, (max-width: 1024px) 100vw, 1024px\" \/><\/a><\/td>\n<\/tr>\n<\/tbody>\n<\/table>\n<p>Aix\u00ed mateix constitueix un est\u00edmul per promoure l&#8217;autogesti\u00f3 del proc\u00e9s d&#8217;aprenentatge i la inclusivitat, un impuls per -des de la pr\u00f2pia reflexi\u00f3 i indagaci\u00f3- aprofundir, per una banda, en valors essencials per a la vida i, per altra, en coneixements i continguts, elements i situacions variades. Paral\u00b7lelament, es motiven processos d&#8217;assoliment cooperatiu, de treball en equip i grupal,\u00a0 afavorint la integraci\u00f3 de la compet\u00e8ncia d&#8217;expressi\u00f3 i comunicaci\u00f3, aix\u00ed com les compet\u00e8ncies transversals, com ara la social i la tecnol\u00f2gica (conjunt d&#8217;eines digitals de google workspace for education, presentacions, exposicions digitals&#8230;).<\/p>\n","protected":false},"excerpt":{"rendered":"<p><a href=\"https:\/\/sites.google.com\/inslaromanica.org\/sequenciacaixesinvestigacio\/inici\"><\/a><br \/>\n<a href=\"https:\/\/agora.xtec.cat\/ieslaromanica\/tag\/projecte-caixes-dinvestigacio\/\"><\/a><\/p>\n<p>Web del projecte (En construcci\u00f3).<br \/>\nArticles<\/p>\n<p>Aquest any acad\u00e8mic (2021-2022) hem iniciat un nou projecte a 1r d&#8217;ESO, les caixes d&#8217;investigaci\u00f3. La decisi\u00f3 d&#8217;implementar-ho a aquest nivell ha estat guiada per la necessitat d&#8217;aconseguir un vincle m\u00e9s profund entre la prim\u00e0ria i la secund\u00e0ria i&hellip;  <a href=\"https:\/\/agora.xtec.cat\/ieslaromanica\/projectes\/projectes-actuals\/caixes-dinvestigacio\/\" title=\"Read Caixes d&#8217;investigaci\u00f3\">Llegeix m\u00e9s\u00bb<\/a><\/p>\n","protected":false},"author":6,"featured_media":0,"parent":15903,"menu_order":0,"comment_status":"closed","ping_status":"closed","template":"page-templates\/side-menu.php","meta":{"_bbp_topic_count":0,"_bbp_reply_count":0,"_bbp_total_topic_count":0,"_bbp_total_reply_count":0,"_bbp_voice_count":0,"_bbp_anonymous_reply_count":0,"_bbp_topic_count_hidden":0,"_bbp_reply_count_hidden":0,"_bbp_forum_subforum_count":0,"footnotes":""},"class_list":["post-20314","page","type-page","status-publish","hentry"],"post_mailing_queue_ids":[],"_links":{"self":[{"href":"https:\/\/agora.xtec.cat\/ieslaromanica\/wp-json\/wp\/v2\/pages\/20314","targetHints":{"allow":["GET"]}}],"collection":[{"href":"https:\/\/agora.xtec.cat\/ieslaromanica\/wp-json\/wp\/v2\/pages"}],"about":[{"href":"https:\/\/agora.xtec.cat\/ieslaromanica\/wp-json\/wp\/v2\/types\/page"}],"author":[{"embeddable":true,"href":"https:\/\/agora.xtec.cat\/ieslaromanica\/wp-json\/wp\/v2\/users\/6"}],"replies":[{"embeddable":true,"href":"https:\/\/agora.xtec.cat\/ieslaromanica\/wp-json\/wp\/v2\/comments?post=20314"}],"version-history":[{"count":3,"href":"https:\/\/agora.xtec.cat\/ieslaromanica\/wp-json\/wp\/v2\/pages\/20314\/revisions"}],"predecessor-version":[{"id":20741,"href":"https:\/\/agora.xtec.cat\/ieslaromanica\/wp-json\/wp\/v2\/pages\/20314\/revisions\/20741"}],"up":[{"embeddable":true,"href":"https:\/\/agora.xtec.cat\/ieslaromanica\/wp-json\/wp\/v2\/pages\/15903"}],"wp:attachment":[{"href":"https:\/\/agora.xtec.cat\/ieslaromanica\/wp-json\/wp\/v2\/media?parent=20314"}],"curies":[{"name":"wp","href":"https:\/\/api.w.org\/{rel}","templated":true}]}}