{"id":19832,"date":"2021-09-03T16:14:52","date_gmt":"2021-09-03T14:14:52","guid":{"rendered":"https:\/\/agora.xtec.cat\/ieslaromanica\/?page_id=19832"},"modified":"2025-09-10T11:20:50","modified_gmt":"2025-09-10T09:20:50","slug":"horaris-de-grups-2025-26","status":"publish","type":"page","link":"https:\/\/agora.xtec.cat\/ieslaromanica\/cicles-formatius\/horaris-de-grups-2025-26\/","title":{"rendered":"Horaris de grups 2025-26"},"content":{"rendered":"<ul>\n<li><a href=\"https:\/\/agora.xtec.cat\/ieslaromanica\/wp-content\/uploads\/usu857\/2025\/09\/Horari-curs-25-26-QU201-Operacions-de-laboratori-1r.pdf\" target=\"_blank\" rel=\"noopener\">CFGM Operacions de laboratori 1r Curs<\/a><\/li>\n<li><a href=\"https:\/\/agora.xtec.cat\/ieslaromanica\/wp-content\/uploads\/usu857\/2025\/09\/Horari-curs-25-26-QU202-Operacions-de-laboratori-2n.pdf\" target=\"_blank\" rel=\"noopener\">CFGM Operacions de laboratori 2n Curs<\/a><\/li>\n<li><a href=\"https:\/\/agora.xtec.cat\/ieslaromanica\/wp-content\/uploads\/usu857\/2025\/09\/Horari-curs-25-26-QU111-Planta-quimica-perfil-professional-productes-farmaceutics-i-cosmetics-1r.pdf\" target=\"_blank\" rel=\"noopener\">CFGM \u00a0Planta qu\u00edmica, perfil professional productes farmac\u00e8utics i cosm\u00e8tics 1r Curs<\/a><\/li>\n<li><a href=\"https:\/\/agora.xtec.cat\/ieslaromanica\/wp-content\/uploads\/usu857\/2025\/09\/Horari-curs-25-26-QU112-Planta-quimica-perfil-professional-productes-farmaceutics-i-cosmetics-2n.pdf\" target=\"_blank\" rel=\"noopener\">CFGM \u00a0Planta qu\u00edmica, perfil professional productes farmac\u00e8utics i cosm\u00e8tics 2n Curs<\/a><\/li>\n<li><a href=\"https:\/\/agora.xtec.cat\/ieslaromanica\/wp-content\/uploads\/usu857\/2025\/09\/Horari-curs-25-26-QUD0M1-Laboratori-danalisi-i-de-control-de-qualitat-1r-curs-mati.pdf\" target=\"_blank\" rel=\"noopener\">CFGS Laboratori d&#8217;an\u00e0lisi i de control de qualitat 1r Curs grup mat\u00ed<\/a><\/li>\n<li><a href=\"https:\/\/agora.xtec.cat\/ieslaromanica\/wp-content\/uploads\/usu857\/2025\/09\/Horari-curs-25-26-QUD0M2-Laboratori-danalisi-i-de-control-de-qualitat-2n-curs-mati.pdf\" target=\"_blank\" rel=\"noopener\">CFGS Laboratori d&#8217;an\u00e0lisi i de control de qualitat 2n Curs grup mat\u00ed<\/a><\/li>\n<li><a href=\"https:\/\/agora.xtec.cat\/ieslaromanica\/wp-content\/uploads\/usu857\/2025\/09\/Gru1_QUD0T1.pdf\" target=\"_blank\" rel=\"noopener\">CFGS Laboratori d&#8217;an\u00e0lisi i de control de qualitat 1r Curs grup tarda<\/a><\/li>\n<li><a href=\"https:\/\/agora.xtec.cat\/ieslaromanica\/wp-content\/uploads\/usu857\/2025\/09\/Horari-curs-25-26-QUD0T2-Laboratori-danalisi-i-de-control-de-qualitat-2n-curs-tarda.pdf\" target=\"_blank\" rel=\"noopener\">CFGS Laboratori d&#8217;an\u00e0lisi i de control de qualitat 2n Curs grup tarda<\/a><\/li>\n<li><a href=\"https:\/\/agora.xtec.cat\/ieslaromanica\/wp-content\/uploads\/usu857\/2025\/09\/Horari-curs-25-26-QUB0M1-Fabricacio-de-productes-farmaceutics-biotecnologics-i-afins-1r-mati.pdf\" target=\"_blank\" rel=\"noopener\">CFGS Fabricaci\u00f3 de productes farmac\u00e8utics, biotecnol\u00f2gics i afins 1r Curs grup mat\u00ed<\/a><\/li>\n<li><a href=\"https:\/\/agora.xtec.cat\/ieslaromanica\/wp-content\/uploads\/usu857\/2025\/09\/Horari-curs-25-26-QUB0M2-Fabricacio-de-productes-farmaceutics-biotecnologics-i-afins-2n-mati.pdf\" target=\"_blank\" rel=\"noopener\">CFGS Fabricaci\u00f3 de productes farmac\u00e8utics, biotecnol\u00f2gics i afins 2n Curs grup mat\u00ed<\/a><\/li>\n<li><a href=\"https:\/\/agora.xtec.cat\/ieslaromanica\/wp-content\/uploads\/usu857\/2025\/09\/Horari-curs-25-26-QUB0T1-Fabricacio-de-productes-farmaceutics-biotecnologics-i-afins-1r-tarda.pdf\" target=\"_blank\" rel=\"noopener\">CFGS Fabricaci\u00f3 de productes farmac\u00e8utics, biotecnol\u00f2gics i afins 1r Curs grup tarda<\/a><\/li>\n<li><a href=\"https:\/\/agora.xtec.cat\/ieslaromanica\/wp-content\/uploads\/usu857\/2025\/09\/Horari-curs-25-26-QUB0T2-Fabricacio-de-productes-farmaceutics-biotecnologics-i-afins-2n-tarda.pdf\" target=\"_blank\" rel=\"noopener\">CFGS Fabricaci\u00f3 de productes farmac\u00e8utics, biotecnol\u00f2gics i afins 2n Curs grup tarda<\/a><\/li>\n<\/ul>\n<p>&nbsp;<\/p>\n<p>&nbsp;<\/p>\n<p>&nbsp;<\/p>\n<p>&nbsp;<\/p>\n<p>&nbsp;<\/p>\n<p>&nbsp;<\/p>\n","protected":false},"excerpt":{"rendered":"<ul>\n<li><a href=\"https:\/\/agora.xtec.cat\/ieslaromanica\/wp-content\/uploads\/usu857\/2025\/09\/Horari-curs-25-26-QU201-Operacions-de-laboratori-1r.pdf\" target=\"_blank\" rel=\"noopener\">CFGM Operacions de laboratori 1r Curs<\/a><\/li>\n<li><a href=\"https:\/\/agora.xtec.cat\/ieslaromanica\/wp-content\/uploads\/usu857\/2025\/09\/Horari-curs-25-26-QU202-Operacions-de-laboratori-2n.pdf\" target=\"_blank\" rel=\"noopener\">CFGM Operacions de laboratori 2n Curs<\/a><\/li>\n<li><a href=\"https:\/\/agora.xtec.cat\/ieslaromanica\/wp-content\/uploads\/usu857\/2025\/09\/Horari-curs-25-26-QU111-Planta-quimica-perfil-professional-productes-farmaceutics-i-cosmetics-1r.pdf\" target=\"_blank\" rel=\"noopener\">CFGM \u00a0Planta qu\u00edmica, perfil professional productes farmac\u00e8utics i cosm\u00e8tics 1r Curs<\/a><\/li>\n<li><a href=\"https:\/\/agora.xtec.cat\/ieslaromanica\/wp-content\/uploads\/usu857\/2025\/09\/Horari-curs-25-26-QU112-Planta-quimica-perfil-professional-productes-farmaceutics-i-cosmetics-2n.pdf\" target=\"_blank\" rel=\"noopener\">CFGM \u00a0Planta qu\u00edmica, perfil professional productes farmac\u00e8utics i cosm\u00e8tics 2n Curs<\/a><\/li>\n<li><a href=\"https:\/\/agora.xtec.cat\/ieslaromanica\/wp-content\/uploads\/usu857\/2025\/09\/Horari-curs-25-26-QUD0M1-Laboratori-danalisi-i-de-control-de-qualitat-1r-curs-mati.pdf\" target=\"_blank\"&hellip;  <a href=\"https:\/\/agora.xtec.cat\/ieslaromanica\/cicles-formatius\/horaris-de-grups-2025-26\/\" title=\"Read Horaris de grups 2025-26\">Llegeix m\u00e9s\u00bb<\/a><br \/>\n","protected":false},"author":35,"featured_media":0,"parent":2214,"menu_order":0,"comment_status":"closed","ping_status":"closed","template":"","meta":{"_bbp_topic_count":0,"_bbp_reply_count":0,"_bbp_total_topic_count":0,"_bbp_total_reply_count":0,"_bbp_voice_count":0,"_bbp_anonymous_reply_count":0,"_bbp_topic_count_hidden":0,"_bbp_reply_count_hidden":0,"_bbp_forum_subforum_count":0,"footnotes":""},"class_list":["post-19832","page","type-page","status-publish","hentry"],"post_mailing_queue_ids":[],"_links":{"self":[{"href":"https:\/\/agora.xtec.cat\/ieslaromanica\/wp-json\/wp\/v2\/pages\/19832","targetHints":{"allow":["GET"]}}],"collection":[{"href":"https:\/\/agora.xtec.cat\/ieslaromanica\/wp-json\/wp\/v2\/pages"}],"about":[{"href":"https:\/\/agora.xtec.cat\/ieslaromanica\/wp-json\/wp\/v2\/types\/page"}],"author":[{"embeddable":true,"href":"https:\/\/agora.xtec.cat\/ieslaromanica\/wp-json\/wp\/v2\/users\/35"}],"replies":[{"embeddable":true,"href":"https:\/\/agora.xtec.cat\/ieslaromanica\/wp-json\/wp\/v2\/comments?post=19832"}],"version-history":[{"count":6,"href":"https:\/\/agora.xtec.cat\/ieslaromanica\/wp-json\/wp\/v2\/pages\/19832\/revisions"}],"predecessor-version":[{"id":25395,"href":"https:\/\/agora.xtec.cat\/ieslaromanica\/wp-json\/wp\/v2\/pages\/19832\/revisions\/25395"}],"up":[{"embeddable":true,"href":"https:\/\/agora.xtec.cat\/ieslaromanica\/wp-json\/wp\/v2\/pages\/2214"}],"wp:attachment":[{"href":"https:\/\/agora.xtec.cat\/ieslaromanica\/wp-json\/wp\/v2\/media?parent=19832"}],"curies":[{"name":"wp","href":"https:\/\/api.w.org\/{rel}","templated":true}]}}