{"id":19437,"date":"2021-06-11T14:51:14","date_gmt":"2021-06-11T12:51:14","guid":{"rendered":"http:\/\/agora.xtec.cat\/ieslaromanica\/?page_id=19437"},"modified":"2021-11-15T19:39:38","modified_gmt":"2021-11-15T18:39:38","slug":"viatges-llengues-estrangeres","status":"publish","type":"page","link":"https:\/\/agora.xtec.cat\/ieslaromanica\/projectes\/historic-projectes\/viatges-llengues-estrangeres\/","title":{"rendered":"Immersi\u00f3 ling\u00fc\u00edstica"},"content":{"rendered":"<table style=\"border-collapse: collapse; width: 60.9937%; height: 190px;\">\n<tbody>\n<tr>\n<td style=\"width: 50%;\"><a href=\"https:\/\/agora.xtec.cat\/ieslaromanica\/general\/viatjar-virtualment-tambe-es-viatjar-per-aprendre\/\"><img loading=\"lazy\" decoding=\"async\" class=\"aligncenter size-full wp-image-19883\" src=\"https:\/\/agora.xtec.cat\/ieslaromanica\/wp-content\/uploads\/usu857\/2021\/09\/2020-2021-angles.png\" alt=\"\" width=\"402\" height=\"402\" srcset=\"https:\/\/agora.xtec.cat\/ieslaromanica\/wp-content\/uploads\/usu857\/2021\/09\/2020-2021-angles.png 402w, https:\/\/agora.xtec.cat\/ieslaromanica\/wp-content\/uploads\/usu857\/2021\/09\/2020-2021-angles-300x300.png 300w, https:\/\/agora.xtec.cat\/ieslaromanica\/wp-content\/uploads\/usu857\/2021\/09\/2020-2021-angles-150x150.png 150w\" sizes=\"auto, (max-width: 402px) 100vw, 402px\" \/><\/a><\/td>\n<td style=\"width: 50%;\"><a href=\"https:\/\/agora.xtec.cat\/ieslaromanica\/general\/projecte-dalemany-amb-linstitut-sigo-gistel-belgica\/\"><img loading=\"lazy\" decoding=\"async\" class=\"aligncenter size-full wp-image-19884\" src=\"https:\/\/agora.xtec.cat\/ieslaromanica\/wp-content\/uploads\/usu857\/2021\/09\/2021-belgica-2-alemany.jpg\" alt=\"\" width=\"967\" height=\"967\" srcset=\"https:\/\/agora.xtec.cat\/ieslaromanica\/wp-content\/uploads\/usu857\/2021\/09\/2021-belgica-2-alemany.jpg 967w, https:\/\/agora.xtec.cat\/ieslaromanica\/wp-content\/uploads\/usu857\/2021\/09\/2021-belgica-2-alemany-300x300.jpg 300w, https:\/\/agora.xtec.cat\/ieslaromanica\/wp-content\/uploads\/usu857\/2021\/09\/2021-belgica-2-alemany-150x150.jpg 150w, https:\/\/agora.xtec.cat\/ieslaromanica\/wp-content\/uploads\/usu857\/2021\/09\/2021-belgica-2-alemany-768x768.jpg 768w\" sizes=\"auto, (max-width: 967px) 100vw, 967px\" \/><\/a><\/td>\n<\/tr>\n<tr>\n<td style=\"width: 50%;\"><a href=\"https:\/\/www.youtube.com\/watch?v=sXI4-0g1yys\"><img loading=\"lazy\" decoding=\"async\" class=\"aligncenter size-full wp-image-19889\" src=\"https:\/\/agora.xtec.cat\/ieslaromanica\/wp-content\/uploads\/usu857\/2021\/09\/2020-Berlin.png\" alt=\"\" width=\"488\" height=\"488\" srcset=\"https:\/\/agora.xtec.cat\/ieslaromanica\/wp-content\/uploads\/usu857\/2021\/09\/2020-Berlin.png 488w, https:\/\/agora.xtec.cat\/ieslaromanica\/wp-content\/uploads\/usu857\/2021\/09\/2020-Berlin-300x300.png 300w, https:\/\/agora.xtec.cat\/ieslaromanica\/wp-content\/uploads\/usu857\/2021\/09\/2020-Berlin-150x150.png 150w\" sizes=\"auto, (max-width: 488px) 100vw, 488px\" \/><\/a><\/td>\n<td style=\"width: 50%;\"><a href=\"https:\/\/alemanylaromanica.blogspot.com\"><img loading=\"lazy\" decoding=\"async\" class=\"aligncenter size-full wp-image-19890\" src=\"https:\/\/agora.xtec.cat\/ieslaromanica\/wp-content\/uploads\/usu857\/2021\/09\/2020-Berlin-bloc.png\" alt=\"\" width=\"610\" height=\"610\" srcset=\"https:\/\/agora.xtec.cat\/ieslaromanica\/wp-content\/uploads\/usu857\/2021\/09\/2020-Berlin-bloc.png 610w, https:\/\/agora.xtec.cat\/ieslaromanica\/wp-content\/uploads\/usu857\/2021\/09\/2020-Berlin-bloc-300x300.png 300w, https:\/\/agora.xtec.cat\/ieslaromanica\/wp-content\/uploads\/usu857\/2021\/09\/2020-Berlin-bloc-150x150.png 150w\" sizes=\"auto, (max-width: 610px) 100vw, 610px\" \/><\/a><\/td>\n<\/tr>\n<tr>\n<td style=\"width: 50%;\"><a href=\"https:\/\/arneslaromanica.blogspot.com\/\"><img loading=\"lazy\" decoding=\"async\" class=\"aligncenter size-full wp-image-19449\" src=\"https:\/\/agora.xtec.cat\/ieslaromanica\/wp-content\/uploads\/usu857\/2021\/06\/2017-Arnes.png\" alt=\"\" width=\"419\" height=\"419\" srcset=\"https:\/\/agora.xtec.cat\/ieslaromanica\/wp-content\/uploads\/usu857\/2021\/06\/2017-Arnes.png 419w, https:\/\/agora.xtec.cat\/ieslaromanica\/wp-content\/uploads\/usu857\/2021\/06\/2017-Arnes-150x150.png 150w, https:\/\/agora.xtec.cat\/ieslaromanica\/wp-content\/uploads\/usu857\/2021\/06\/2017-Arnes-300x300.png 300w\" sizes=\"auto, (max-width: 419px) 100vw, 419px\" \/><\/a><\/td>\n<td style=\"width: 50%;\"><a href=\"https:\/\/munichlaromanica.blogspot.com\/\"><img loading=\"lazy\" decoding=\"async\" class=\"aligncenter size-full wp-image-19448\" src=\"https:\/\/agora.xtec.cat\/ieslaromanica\/wp-content\/uploads\/usu857\/2021\/06\/2015-Munic.png\" alt=\"\" width=\"372\" height=\"372\" srcset=\"https:\/\/agora.xtec.cat\/ieslaromanica\/wp-content\/uploads\/usu857\/2021\/06\/2015-Munic.png 372w, https:\/\/agora.xtec.cat\/ieslaromanica\/wp-content\/uploads\/usu857\/2021\/06\/2015-Munic-150x150.png 150w, https:\/\/agora.xtec.cat\/ieslaromanica\/wp-content\/uploads\/usu857\/2021\/06\/2015-Munic-300x300.png 300w\" sizes=\"auto, (max-width: 372px) 100vw, 372px\" \/><\/a><\/td>\n<\/tr>\n<tr>\n<td style=\"width: 50%;\"><a href=\"http:\/\/londontripromanica2015.blogspot.com\/\"><img loading=\"lazy\" decoding=\"async\" class=\"aligncenter size-full wp-image-19447\" src=\"https:\/\/agora.xtec.cat\/ieslaromanica\/wp-content\/uploads\/usu857\/2021\/06\/2015-londres.png\" alt=\"\" width=\"621\" height=\"621\" srcset=\"https:\/\/agora.xtec.cat\/ieslaromanica\/wp-content\/uploads\/usu857\/2021\/06\/2015-londres.png 621w, https:\/\/agora.xtec.cat\/ieslaromanica\/wp-content\/uploads\/usu857\/2021\/06\/2015-londres-150x150.png 150w, https:\/\/agora.xtec.cat\/ieslaromanica\/wp-content\/uploads\/usu857\/2021\/06\/2015-londres-300x300.png 300w\" sizes=\"auto, (max-width: 621px) 100vw, 621px\" \/><\/a><\/td>\n<td style=\"width: 50%;\"><a href=\"http:\/\/laromanica-ireland2014.blogspot.com\/\"><img loading=\"lazy\" decoding=\"async\" class=\"aligncenter size-full wp-image-19446\" src=\"https:\/\/agora.xtec.cat\/ieslaromanica\/wp-content\/uploads\/usu857\/2021\/06\/2014-Irlanda.png\" alt=\"\" width=\"570\" height=\"570\" srcset=\"https:\/\/agora.xtec.cat\/ieslaromanica\/wp-content\/uploads\/usu857\/2021\/06\/2014-Irlanda.png 570w, https:\/\/agora.xtec.cat\/ieslaromanica\/wp-content\/uploads\/usu857\/2021\/06\/2014-Irlanda-150x150.png 150w, https:\/\/agora.xtec.cat\/ieslaromanica\/wp-content\/uploads\/usu857\/2021\/06\/2014-Irlanda-300x300.png 300w\" sizes=\"auto, (max-width: 570px) 100vw, 570px\" \/><\/a><\/td>\n<\/tr>\n<tr>\n<td style=\"width: 50%;\"><a href=\"http:\/\/londreslaromanica.blogspot.com\/\"><img loading=\"lazy\" decoding=\"async\" class=\"aligncenter size-full wp-image-19445\" src=\"https:\/\/agora.xtec.cat\/ieslaromanica\/wp-content\/uploads\/usu857\/2021\/06\/2013-londres.png\" alt=\"\" width=\"582\" height=\"582\" srcset=\"https:\/\/agora.xtec.cat\/ieslaromanica\/wp-content\/uploads\/usu857\/2021\/06\/2013-londres.png 582w, https:\/\/agora.xtec.cat\/ieslaromanica\/wp-content\/uploads\/usu857\/2021\/06\/2013-londres-150x150.png 150w, https:\/\/agora.xtec.cat\/ieslaromanica\/wp-content\/uploads\/usu857\/2021\/06\/2013-londres-300x300.png 300w\" sizes=\"auto, (max-width: 582px) 100vw, 582px\" \/><\/a><\/td>\n<td style=\"width: 50%;\"><a href=\"https:\/\/cardonalaromanica.blogspot.com\/\"><img loading=\"lazy\" decoding=\"async\" class=\"aligncenter size-full wp-image-19444\" src=\"https:\/\/agora.xtec.cat\/ieslaromanica\/wp-content\/uploads\/usu857\/2021\/06\/2012-2016-Cardona.png\" alt=\"\" width=\"425\" height=\"425\" srcset=\"https:\/\/agora.xtec.cat\/ieslaromanica\/wp-content\/uploads\/usu857\/2021\/06\/2012-2016-Cardona.png 425w, https:\/\/agora.xtec.cat\/ieslaromanica\/wp-content\/uploads\/usu857\/2021\/06\/2012-2016-Cardona-150x150.png 150w, https:\/\/agora.xtec.cat\/ieslaromanica\/wp-content\/uploads\/usu857\/2021\/06\/2012-2016-Cardona-300x300.png 300w\" sizes=\"auto, (max-width: 425px) 100vw, 425px\" \/><\/a><\/td>\n<\/tr>\n<tr>\n<td style=\"width: 50%;\" colspan=\"2\"><a href=\"http:\/\/comeniuslaromanica.blogspot.com\/\"><img loading=\"lazy\" decoding=\"async\" class=\"aligncenter size-full wp-image-19459\" src=\"https:\/\/agora.xtec.cat\/ieslaromanica\/wp-content\/uploads\/usu857\/2021\/06\/comenius.png\" alt=\"\" width=\"843\" height=\"486\" srcset=\"https:\/\/agora.xtec.cat\/ieslaromanica\/wp-content\/uploads\/usu857\/2021\/06\/comenius.png 843w, https:\/\/agora.xtec.cat\/ieslaromanica\/wp-content\/uploads\/usu857\/2021\/06\/comenius-300x173.png 300w, https:\/\/agora.xtec.cat\/ieslaromanica\/wp-content\/uploads\/usu857\/2021\/06\/comenius-768x443.png 768w\" sizes=\"auto, (max-width: 843px) 100vw, 843px\" \/><\/a><\/td>\n<\/tr>\n<\/tbody>\n<\/table>\n<p style=\"margin: 0cm; margin-bottom: .0001pt;\"><a href=\"https:\/\/youtu.be\/WZVai5hTFX8\"><span style=\"font-size: 9.0pt; font-family: 'Arial','sans-serif';\">-Comenius 2010\/2012 &#8211; V\u00eddeo Youtube<\/span><\/a><\/p>\n<p style=\"margin: 0cm; margin-bottom: .0001pt;\"><span style=\"font-size: 9.0pt; font-family: 'Arial','sans-serif';\">-Buddy Programme. Oxford<\/span><\/p>\n<p style=\"margin: 0cm; margin-bottom: .0001pt;\"><a href=\"https:\/\/inslaromanica2018.wixsite.com\/blog\"><span style=\"font-size: 9.0pt; font-family: 'Arial','sans-serif';\">-Projecte international Village d&#8217;Eslov\u00e0quia<\/span><\/a><\/p>\n","protected":false},"excerpt":{"rendered":"<p><a href=\"https:\/\/agora.xtec.cat\/ieslaromanica\/general\/viatjar-virtualment-tambe-es-viatjar-per-aprendre\/\"><\/a><br \/>\n<a href=\"https:\/\/agora.xtec.cat\/ieslaromanica\/general\/projecte-dalemany-amb-linstitut-sigo-gistel-belgica\/\"><\/a><\/p>\n<p><a href=\"https:\/\/www.youtube.com\/watch?v=sXI4-0g1yys\"><\/a><br \/>\n<a href=\"https:\/\/alemanylaromanica.blogspot.com\"><\/a><\/p>\n<p><a href=\"https:\/\/arneslaromanica.blogspot.com\/\"><\/a><br \/>\n<a href=\"https:\/\/munichlaromanica.blogspot.com\/\"><\/a><\/p>\n<p><a href=\"http:\/\/londontripromanica2015.blogspot.com\/\"><\/a><br \/>\n<a href=\"http:\/\/laromanica-ireland2014.blogspot.com\/\"><\/a><\/p>\n<p><a href=\"http:\/\/londreslaromanica.blogspot.com\/\"><\/a><br \/>\n<a href=\"https:\/\/cardonalaromanica.blogspot.com\/\"><\/a><\/p>\n<p><a href=\"http:\/\/comeniuslaromanica.blogspot.com\/\"><\/a><\/p>\n<p><a href=\"https:\/\/youtu.be\/WZVai5hTFX8\">-Comenius 2010\/2012 &#8211; V\u00eddeo Youtube<\/a><br \/>\n-Buddy Programme. Oxford<br \/>\n<a href=\"https:\/\/inslaromanica2018.wixsite.com\/blog\">-Projecte international Village d&#8217;Eslov\u00e0quia<\/a><\/p>\n","protected":false},"author":6,"featured_media":0,"parent":15898,"menu_order":0,"comment_status":"closed","ping_status":"closed","template":"page-templates\/side-menu.php","meta":{"_bbp_topic_count":0,"_bbp_reply_count":0,"_bbp_total_topic_count":0,"_bbp_total_reply_count":0,"_bbp_voice_count":0,"_bbp_anonymous_reply_count":0,"_bbp_topic_count_hidden":0,"_bbp_reply_count_hidden":0,"_bbp_forum_subforum_count":0,"footnotes":""},"class_list":["post-19437","page","type-page","status-publish","hentry"],"post_mailing_queue_ids":[],"_links":{"self":[{"href":"https:\/\/agora.xtec.cat\/ieslaromanica\/wp-json\/wp\/v2\/pages\/19437","targetHints":{"allow":["GET"]}}],"collection":[{"href":"https:\/\/agora.xtec.cat\/ieslaromanica\/wp-json\/wp\/v2\/pages"}],"about":[{"href":"https:\/\/agora.xtec.cat\/ieslaromanica\/wp-json\/wp\/v2\/types\/page"}],"author":[{"embeddable":true,"href":"https:\/\/agora.xtec.cat\/ieslaromanica\/wp-json\/wp\/v2\/users\/6"}],"replies":[{"embeddable":true,"href":"https:\/\/agora.xtec.cat\/ieslaromanica\/wp-json\/wp\/v2\/comments?post=19437"}],"version-history":[{"count":3,"href":"https:\/\/agora.xtec.cat\/ieslaromanica\/wp-json\/wp\/v2\/pages\/19437\/revisions"}],"predecessor-version":[{"id":20344,"href":"https:\/\/agora.xtec.cat\/ieslaromanica\/wp-json\/wp\/v2\/pages\/19437\/revisions\/20344"}],"up":[{"embeddable":true,"href":"https:\/\/agora.xtec.cat\/ieslaromanica\/wp-json\/wp\/v2\/pages\/15898"}],"wp:attachment":[{"href":"https:\/\/agora.xtec.cat\/ieslaromanica\/wp-json\/wp\/v2\/media?parent=19437"}],"curies":[{"name":"wp","href":"https:\/\/api.w.org\/{rel}","templated":true}]}}