{"id":16163,"date":"2019-12-18T08:56:19","date_gmt":"2019-12-18T07:56:19","guid":{"rendered":"http:\/\/agora.xtec.cat\/ieslaromanica\/?page_id=16163"},"modified":"2021-09-08T11:39:14","modified_gmt":"2021-09-08T09:39:14","slug":"cultura-popular-dansa-i-musica-tradicional","status":"publish","type":"page","link":"https:\/\/agora.xtec.cat\/ieslaromanica\/projectes\/historic-projectes\/cultura-popular\/cultura-popular-dansa-i-musica-tradicional\/","title":{"rendered":"Cultura Popular. Dansa i m\u00fasica tradicional"},"content":{"rendered":"<p><img loading=\"lazy\" decoding=\"async\" class=\"aligncenter wp-image-16166\" src=\"https:\/\/agora.xtec.cat\/ieslaromanica\/wp-content\/uploads\/usu857\/2019\/12\/Fotografia-de-grup-de-Cultura-Popular-1024x541-bis-1024x358.jpg\" alt=\"\" width=\"542\" height=\"190\" srcset=\"https:\/\/agora.xtec.cat\/ieslaromanica\/wp-content\/uploads\/usu857\/2019\/12\/Fotografia-de-grup-de-Cultura-Popular-1024x541-bis.jpg 1024w, https:\/\/agora.xtec.cat\/ieslaromanica\/wp-content\/uploads\/usu857\/2019\/12\/Fotografia-de-grup-de-Cultura-Popular-1024x541-bis-300x105.jpg 300w, https:\/\/agora.xtec.cat\/ieslaromanica\/wp-content\/uploads\/usu857\/2019\/12\/Fotografia-de-grup-de-Cultura-Popular-1024x541-bis-768x269.jpg 768w\" sizes=\"auto, (max-width: 542px) 100vw, 542px\" \/><\/p>\n<p><a href=\"https:\/\/agora.xtec.cat\/ieslaromanica\/wp-content\/uploads\/usu857\/2018\/10\/ACTIVITAT-DE-CENTRE.-La-Rom\u00e0nica-Educaci\u00f3-i-Cultura.pdf\">PDF projecte Cultura Popular 2018-19.<\/a><\/p>\n<p><span style=\"font-family: verdana, sans-serif;\">L\u2019Institut La Rom\u00e0nica de Barber\u00e0 del Vall\u00e8s \u00e9s un centre educatiu de secund\u00e0ria on es treballa la cultura popular durant tot el curs escolar i de forma transversal i competencial. Tot a trav\u00e9s de tres assignatures optatives [oferides a l\u2019alumnat de 1r i 2n d\u2019ESO] de les quals dues es dediquen a la dansa [diferents branques de la cultura popular] i una altra a la m\u00fasica tradicional [flabiol i tambor\u00ed]. Sense oblidar, a m\u00e9s, l\u2019exist\u00e8ncia de la Colla Bastonera Les Romanes la qual neix del mateix projecte i que ja \u00e9s un col\u00b7lectiu obert a tota la poblaci\u00f3. <em>Adri\u00e1n Ortiz Mera.<\/em><\/span><\/p>\n<p><a href=\"https:\/\/agora.xtec.cat\/ieslaromanica\/general\/adri\/\">-Primeres mostres-actuacions.<\/a><\/p>\n<p><a href=\"https:\/\/agora.xtec.cat\/ieslaromanica\/general\/linstitut-la-romanica-explica-el-seu-projecte-cultural\/\">-Projecte i Institucions Culturals.<\/a><\/p>\n<p>-V\u00eddeos a Youtube. Final del 1r trimestre i felicitaci\u00f3 de Nadal: <a href=\"https:\/\/www.youtube.com\/watch?v=i14Vo8i5lFA&amp;feature=emb_logo\">Cultura popular a l&#8217;Institut La Rom\u00e0nica<\/a> \/ <a href=\"https:\/\/www.youtube.com\/watch?time_continue=10&amp;v=Z-1TW8quRP0&amp;feature=emb_logo\">Ball de Bastons.<\/a><\/p>\n<p>&nbsp;<\/p>\n","protected":false},"excerpt":{"rendered":"<p><a href=\"https:\/\/agora.xtec.cat\/ieslaromanica\/wp-content\/uploads\/usu857\/2018\/10\/ACTIVITAT-DE-CENTRE.-La-Rom\u00e0nica-Educaci\u00f3-i-Cultura.pdf\">PDF projecte Cultura Popular 2018-19.<\/a><br \/>\nL\u2019Institut La Rom\u00e0nica de Barber\u00e0 del Vall\u00e8s \u00e9s un centre educatiu de secund\u00e0ria on es treballa la cultura popular durant tot el curs escolar i de forma transversal i competencial. Tot a trav\u00e9s de tres assignatures optatives [oferides a l\u2019alumnat&hellip;  <a href=\"https:\/\/agora.xtec.cat\/ieslaromanica\/projectes\/historic-projectes\/cultura-popular\/cultura-popular-dansa-i-musica-tradicional\/\" title=\"Read Cultura Popular. Dansa i m\u00fasica tradicional\">Llegeix m\u00e9s\u00bb<\/a><\/p>\n","protected":false},"author":6,"featured_media":0,"parent":19964,"menu_order":0,"comment_status":"closed","ping_status":"closed","template":"page-templates\/side-menu.php","meta":{"_bbp_topic_count":0,"_bbp_reply_count":0,"_bbp_total_topic_count":0,"_bbp_total_reply_count":0,"_bbp_voice_count":0,"_bbp_anonymous_reply_count":0,"_bbp_topic_count_hidden":0,"_bbp_reply_count_hidden":0,"_bbp_forum_subforum_count":0,"footnotes":""},"class_list":["post-16163","page","type-page","status-publish","hentry"],"post_mailing_queue_ids":[],"_links":{"self":[{"href":"https:\/\/agora.xtec.cat\/ieslaromanica\/wp-json\/wp\/v2\/pages\/16163","targetHints":{"allow":["GET"]}}],"collection":[{"href":"https:\/\/agora.xtec.cat\/ieslaromanica\/wp-json\/wp\/v2\/pages"}],"about":[{"href":"https:\/\/agora.xtec.cat\/ieslaromanica\/wp-json\/wp\/v2\/types\/page"}],"author":[{"embeddable":true,"href":"https:\/\/agora.xtec.cat\/ieslaromanica\/wp-json\/wp\/v2\/users\/6"}],"replies":[{"embeddable":true,"href":"https:\/\/agora.xtec.cat\/ieslaromanica\/wp-json\/wp\/v2\/comments?post=16163"}],"version-history":[{"count":3,"href":"https:\/\/agora.xtec.cat\/ieslaromanica\/wp-json\/wp\/v2\/pages\/16163\/revisions"}],"predecessor-version":[{"id":16368,"href":"https:\/\/agora.xtec.cat\/ieslaromanica\/wp-json\/wp\/v2\/pages\/16163\/revisions\/16368"}],"up":[{"embeddable":true,"href":"https:\/\/agora.xtec.cat\/ieslaromanica\/wp-json\/wp\/v2\/pages\/19964"}],"wp:attachment":[{"href":"https:\/\/agora.xtec.cat\/ieslaromanica\/wp-json\/wp\/v2\/media?parent=16163"}],"curies":[{"name":"wp","href":"https:\/\/api.w.org\/{rel}","templated":true}]}}