{"id":16129,"date":"2019-12-17T12:33:17","date_gmt":"2019-12-17T11:33:17","guid":{"rendered":"http:\/\/agora.xtec.cat\/ieslaromanica\/?page_id=16129"},"modified":"2023-01-23T17:43:44","modified_gmt":"2023-01-23T16:43:44","slug":"ambit-educacio-fisica","status":"publish","type":"page","link":"https:\/\/agora.xtec.cat\/ieslaromanica\/departaments-didactics\/ambit-educacio-fisica\/","title":{"rendered":"\u00c0mbit Educaci\u00f3 F\u00edsica"},"content":{"rendered":"<p><a href=\"https:\/\/sites.google.com\/inslaromanica.org\/dep-educaci-fsica\/inicio?authuser=0\"><img loading=\"lazy\" decoding=\"async\" class=\"aligncenter wp-image-22277 \" src=\"https:\/\/agora.xtec.cat\/ieslaromanica\/wp-content\/uploads\/usu857\/2023\/01\/educacio-fisica1.jpg\" alt=\"\" width=\"518\" height=\"690\" srcset=\"https:\/\/agora.xtec.cat\/ieslaromanica\/wp-content\/uploads\/usu857\/2023\/01\/educacio-fisica1.jpg 709w, https:\/\/agora.xtec.cat\/ieslaromanica\/wp-content\/uploads\/usu857\/2023\/01\/educacio-fisica1-225x300.jpg 225w\" sizes=\"auto, (max-width: 518px) 100vw, 518px\" \/><\/a><\/p>\n<table style=\"width: 510px;\">\n<tbody>\n<tr>\n<td style=\"width: 504px;\"><a href=\"https:\/\/agora.xtec.cat\/ieslaromanica\/departaments-didactics\/ambit-educacio-fisica\/educacio-fisica\/\">Educaci\u00f3 F\u00edsica<\/a><\/td>\n<\/tr>\n<\/tbody>\n<\/table>\n","protected":false},"excerpt":{"rendered":"<p><a href=\"https:\/\/sites.google.com\/inslaromanica.org\/dep-educaci-fsica\/inicio?authuser=0\"><\/a><\/p>\n<p><a href=\"https:\/\/agora.xtec.cat\/ieslaromanica\/departaments-didactics\/ambit-educacio-fisica\/educacio-fisica\/\">Educaci\u00f3 F\u00edsica<\/a><\/p>\n","protected":false},"author":6,"featured_media":0,"parent":1091,"menu_order":0,"comment_status":"closed","ping_status":"closed","template":"page-templates\/side-menu.php","meta":{"_bbp_topic_count":0,"_bbp_reply_count":0,"_bbp_total_topic_count":0,"_bbp_total_reply_count":0,"_bbp_voice_count":0,"_bbp_anonymous_reply_count":0,"_bbp_topic_count_hidden":0,"_bbp_reply_count_hidden":0,"_bbp_forum_subforum_count":0,"footnotes":""},"class_list":["post-16129","page","type-page","status-publish","hentry"],"post_mailing_queue_ids":[],"_links":{"self":[{"href":"https:\/\/agora.xtec.cat\/ieslaromanica\/wp-json\/wp\/v2\/pages\/16129","targetHints":{"allow":["GET"]}}],"collection":[{"href":"https:\/\/agora.xtec.cat\/ieslaromanica\/wp-json\/wp\/v2\/pages"}],"about":[{"href":"https:\/\/agora.xtec.cat\/ieslaromanica\/wp-json\/wp\/v2\/types\/page"}],"author":[{"embeddable":true,"href":"https:\/\/agora.xtec.cat\/ieslaromanica\/wp-json\/wp\/v2\/users\/6"}],"replies":[{"embeddable":true,"href":"https:\/\/agora.xtec.cat\/ieslaromanica\/wp-json\/wp\/v2\/comments?post=16129"}],"version-history":[{"count":3,"href":"https:\/\/agora.xtec.cat\/ieslaromanica\/wp-json\/wp\/v2\/pages\/16129\/revisions"}],"predecessor-version":[{"id":22279,"href":"https:\/\/agora.xtec.cat\/ieslaromanica\/wp-json\/wp\/v2\/pages\/16129\/revisions\/22279"}],"up":[{"embeddable":true,"href":"https:\/\/agora.xtec.cat\/ieslaromanica\/wp-json\/wp\/v2\/pages\/1091"}],"wp:attachment":[{"href":"https:\/\/agora.xtec.cat\/ieslaromanica\/wp-json\/wp\/v2\/media?parent=16129"}],"curies":[{"name":"wp","href":"https:\/\/api.w.org\/{rel}","templated":true}]}}