{"id":13809,"date":"2018-10-29T13:25:02","date_gmt":"2018-10-29T12:25:02","guid":{"rendered":"http:\/\/agora.xtec.cat\/ieslaromanica\/?page_id=13809"},"modified":"2021-09-08T11:38:02","modified_gmt":"2021-09-08T09:38:02","slug":"la-cultura-popular-com-a-eina-educativa","status":"publish","type":"page","link":"https:\/\/agora.xtec.cat\/ieslaromanica\/projectes\/historic-projectes\/cultura-popular\/la-cultura-popular-com-a-eina-educativa\/","title":{"rendered":"La Cultura Popular com a eina educativa"},"content":{"rendered":"<table style=\"width: 416px;\">\n<tbody>\n<tr>\n<td style=\"width: 410px;\"><a href=\"https:\/\/agora.xtec.cat\/ieslaromanica\/wp-content\/uploads\/usu857\/2018\/10\/DSC_2336.jpg\"><img loading=\"lazy\" decoding=\"async\" class=\"alignnone size-full wp-image-13793\" src=\"https:\/\/agora.xtec.cat\/ieslaromanica\/wp-content\/uploads\/usu857\/2018\/10\/DSC_2336.jpg\" alt=\"\" width=\"1972\" height=\"1306\" srcset=\"https:\/\/agora.xtec.cat\/ieslaromanica\/wp-content\/uploads\/usu857\/2018\/10\/DSC_2336.jpg 1972w, https:\/\/agora.xtec.cat\/ieslaromanica\/wp-content\/uploads\/usu857\/2018\/10\/DSC_2336-300x199.jpg 300w, https:\/\/agora.xtec.cat\/ieslaromanica\/wp-content\/uploads\/usu857\/2018\/10\/DSC_2336-768x509.jpg 768w, https:\/\/agora.xtec.cat\/ieslaromanica\/wp-content\/uploads\/usu857\/2018\/10\/DSC_2336-1024x678.jpg 1024w\" sizes=\"auto, (max-width: 1972px) 100vw, 1972px\" \/><\/a><\/td>\n<\/tr>\n<\/tbody>\n<\/table>\n<p style=\"text-align: justify;\">L\u2019institut p\u00fablic La Rom\u00e0nica ha treballat i treballa per la inclusi\u00f3 de la cultura popular dins del curr\u00edculum escolar amb la finalitat d\u2019emprar els avantatges que aquest fet implica a l\u2019hora d\u2019educar en valors i de millorar el treball en equip.<\/p>\n<p style=\"text-align: justify;\">Al llarg del curs 2017-2018 s\u2019ha anat treballant i confeccionat tot de sinergies entre professorat, alumnat i fam\u00edlies per tal d\u2019apropar la Cultura Popular al centre educatiu.<\/p>\n<p style=\"text-align: justify;\">La finalitat inherent en el moment de practicar cultura popular \u00e9s convertir-se en una eina transformadora que ens permet treballar de forma simult\u00e0nia valors com la integraci\u00f3, la cohesi\u00f3, la no discriminaci\u00f3, la no-viol\u00e8ncia, el treball en equip, el civisme, la cooperaci\u00f3, la democr\u00e0cia, el di\u00e0leg, la dignitat, l&#8217;esfor\u00e7, la generositat, l&#8217;honestedat, el saber estar, la sinceritat i la solidaritat.<\/p>\n<p style=\"text-align: justify;\">Tota la comunitat educativa som, en definitiva, agents implicades, \u00e9s a dir, que el projecte s\u2019adre\u00e7a a tota la comunitat educativa, sense excepcions.<\/p>\n<p style=\"text-align: justify;\">Si voleu con\u00e8ixer m\u00e9s detalls sobre aquest projecte (Objectius Generals i Espec\u00edfics, Metodologia, Recursos&#8230;), aqu\u00ed teniu l&#8217;enlla\u00e7 al document que recull tota la informaci\u00f3 sobre aquest projecte, dins el marc del comprom\u00eds amb l&#8217;\u00e8xit educatiu de l&#8217;Institut La Rom\u00e0nica.<\/p>\n<p style=\"text-align: center;\"><a href=\"https:\/\/agora.xtec.cat\/ieslaromanica\/wp-content\/uploads\/usu857\/2018\/10\/ACTIVITAT-DE-CENTRE.-La-Rom\u00e0nica-Educaci\u00f3-i-Cultura.pdf\">ACTIVITAT DE CENTRE. La Rom\u00e0nica &#8211; Educaci\u00f3 i Cultura<\/a><\/p>\n<h5><\/h5>\n<h5>ACTIVITATS 2017\/2018:<\/h5>\n<p style=\"text-align: justify;\">Els \u00e0mbits de Cultura Popular als quals durant el curs 2017\/2018 els nostres nois i noies han pogut accedir ha estat: la M\u00fasica Popular, el Ball de Bastons i els elements dels seguicis populars (gegantons i gegantones).<\/p>\n<h6><\/h6>\n<h6>Nadal 2017:<\/h6>\n<p style=\"text-align: justify;\"><strong>El dia 22 de desembre<\/strong>, darrer dia de classe de l&#8217;any 2017, es van dur a terme una s\u00e8rie de tallers com a activitats extraescolars, abans de recollir els butlletins de notes de la primera avaluaci\u00f3.<\/p>\n<p style=\"text-align: justify;\">La novetat, enguany, va ser el poder comptar amb tallers de Ball de Bastons, Ball de Gegants i de Diables. Vam poder comptar en el Ball de Bastons amb un professor del centre bastonaire, l&#8217;Adri\u00e0 Ortiz del seminari de F\u00edsica i Qu\u00edmica, pel Ball de Gegants amb en Josep Torrella, president del Grup de Geganters i Grallers de Barber\u00e0 del Vall\u00e8s, i pel Ball de Diables amb un alumne de 4t d&#8217;ESO membre del Grup de Diables de Barber\u00e0 del Vall\u00e8s, l&#8217;\u00c0lex Rosales.<\/p>\n<p style=\"text-align: justify;\">Abans del pati, van oferir a tot l&#8217;alumnat i professorat una actuaci\u00f3 de Ball de Bastons, Ball de Gegantons i de Diables. Agraim enormement la col\u00b7laboraci\u00f3 rebuda per part de les diferents entitats participants.<\/p>\n<table style=\"width: 414px;\">\n<tbody>\n<tr>\n<td style=\"width: 408.182px;\">Sant Jordi 2018:<\/p>\n<p><a href=\"https:\/\/agora.xtec.cat\/ieslaromanica\/wp-content\/uploads\/usu857\/2017\/12\/ball-gegants-bastons-diables.jpg\"><img loading=\"lazy\" decoding=\"async\" class=\"alignnone size-full wp-image-2481\" src=\"https:\/\/agora.xtec.cat\/ieslaromanica\/wp-content\/uploads\/usu857\/2017\/12\/ball-gegants-bastons-diables.jpg\" alt=\"\" width=\"1781\" height=\"1284\" srcset=\"https:\/\/agora.xtec.cat\/ieslaromanica\/wp-content\/uploads\/usu857\/2017\/12\/ball-gegants-bastons-diables.jpg 1781w, https:\/\/agora.xtec.cat\/ieslaromanica\/wp-content\/uploads\/usu857\/2017\/12\/ball-gegants-bastons-diables-300x216.jpg 300w, https:\/\/agora.xtec.cat\/ieslaromanica\/wp-content\/uploads\/usu857\/2017\/12\/ball-gegants-bastons-diables-768x554.jpg 768w, https:\/\/agora.xtec.cat\/ieslaromanica\/wp-content\/uploads\/usu857\/2017\/12\/ball-gegants-bastons-diables-1024x738.jpg 1024w\" sizes=\"auto, (max-width: 1781px) 100vw, 1781px\" \/><\/a><\/td>\n<\/tr>\n<\/tbody>\n<\/table>\n<p style=\"text-align: justify;\"><strong>El divendres 20 d&#8217;abril<\/strong> el nostre centre va fer un pas m\u00e9s en la inclusi\u00f3 de la cultura popular catalana en els centres educatius p\u00fablics, coincidint amb la celebraci\u00f3 de la <strong>Diada de Sant Jordi<\/strong>, ja que va arribar el moment de la presentaci\u00f3 de tots els elements de la Cultura Popular treballats (Capgross@s i grups de Ball de Bastons) davant de tota la comunitat educativa.<\/p>\n<p style=\"text-align: justify;\">Durant aquest segon trimestre, l&#8217;alumnat d&#8217;Educaci\u00f3 Visual i Pl\u00e0stica de 4t d&#8217;ESO va posar en valor la seva creativitat i ha constru\u00eft els tres primers capgrossos de l&#8217;Institut La Rom\u00e0nica. El dia 20 d&#8217;abril, coincidint t amb la celebraci\u00f3 de la Diada de Sant Jordi al nostre centre, van ser presentats a la nostra comunitat educativa.<\/p>\n<p style=\"text-align: justify;\">Dos alumnes de 4t dESO, l&#8217;\u00c0lex Rosales i el Ru Lin, i un de Batxillerat, l&#8217;Oscar Romero, van ser els encarregats de portar els capgrossos i donar-los vida el dia de la seva presentaci\u00f3.<\/p>\n<table style=\"width: 418px;\">\n<tbody>\n<tr>\n<td style=\"width: 411.818px;\">\n<p style=\"text-align: left;\">Han estat batejats com la ROMA, el NI i el CA (ROMANICA)<\/p>\n<p><img loading=\"lazy\" decoding=\"async\" class=\"size-full wp-image-3369 aligncenter\" src=\"http:\/\/agora.xtec.cat\/ieslaromanica\/wp-content\/uploads\/usu857\/2014\/09\/Sant-Jordi-6-retallada.jpg\" alt=\"\" width=\"1489\" height=\"1565\" srcset=\"https:\/\/agora.xtec.cat\/ieslaromanica\/wp-content\/uploads\/usu857\/2014\/09\/Sant-Jordi-6-retallada.jpg 1489w, https:\/\/agora.xtec.cat\/ieslaromanica\/wp-content\/uploads\/usu857\/2014\/09\/Sant-Jordi-6-retallada-285x300.jpg 285w, https:\/\/agora.xtec.cat\/ieslaromanica\/wp-content\/uploads\/usu857\/2014\/09\/Sant-Jordi-6-retallada-768x807.jpg 768w, https:\/\/agora.xtec.cat\/ieslaromanica\/wp-content\/uploads\/usu857\/2014\/09\/Sant-Jordi-6-retallada-974x1024.jpg 974w\" sizes=\"auto, (max-width: 1489px) 100vw, 1489px\" \/><\/td>\n<\/tr>\n<tr>\n<td style=\"width: 411.818px;\"><a href=\"https:\/\/agora.xtec.cat\/ieslaromanica\/wp-content\/uploads\/usu857\/2018\/04\/capgrossos-2.jpg\"><img loading=\"lazy\" decoding=\"async\" class=\"alignnone size-full wp-image-3547\" src=\"https:\/\/agora.xtec.cat\/ieslaromanica\/wp-content\/uploads\/usu857\/2018\/04\/capgrossos-2.jpg\" alt=\"\" width=\"1195\" height=\"753\" srcset=\"https:\/\/agora.xtec.cat\/ieslaromanica\/wp-content\/uploads\/usu857\/2018\/04\/capgrossos-2.jpg 1195w, https:\/\/agora.xtec.cat\/ieslaromanica\/wp-content\/uploads\/usu857\/2018\/04\/capgrossos-2-300x189.jpg 300w, https:\/\/agora.xtec.cat\/ieslaromanica\/wp-content\/uploads\/usu857\/2018\/04\/capgrossos-2-768x484.jpg 768w, https:\/\/agora.xtec.cat\/ieslaromanica\/wp-content\/uploads\/usu857\/2018\/04\/capgrossos-2-1024x645.jpg 1024w\" sizes=\"auto, (max-width: 1195px) 100vw, 1195px\" \/><\/a><\/td>\n<\/tr>\n<\/tbody>\n<\/table>\n<p style=\"text-align: justify;\">Tal i com marca el protocol, els tres capgrossos van ser batejats oficialment per la Colla de Geganters i Grallers de Barber\u00e0 del Vall\u00e8s, que ens va acompanyar durant la celebraci\u00f3 amb els dos capgrossos massers de Barber\u00e0 del Vall\u00e8s, aix\u00ed com el capgr\u00f2s bomber i el bruixot. Tots els capgrossos junts, acompanyats del compositor i m\u00fasic salouenc Joan Macias Bonet, van ballar al mig de la pista gran del pati per celebrar el bateig dels nostres capgrossos.<\/p>\n<table style=\"width: 412px;\">\n<tbody>\n<tr>\n<td style=\"width: 406.364px;\"><a href=\"http:\/\/agora.xtec.cat\/ieslaromanica\/wp-content\/uploads\/usu857\/2018\/04\/Sant-Jordi-5-retallada.jpg\"><img loading=\"lazy\" decoding=\"async\" class=\"size-full wp-image-3403\" src=\"http:\/\/agora.xtec.cat\/ieslaromanica\/wp-content\/uploads\/usu857\/2018\/04\/Sant-Jordi-5-retallada.jpg\" alt=\"\" width=\"1374\" height=\"937\" \/><\/a><\/td>\n<\/tr>\n<\/tbody>\n<\/table>\n<p>&nbsp;<\/p>\n<p style=\"text-align: justify;\">Acompanyant els capgrossos, un bon grup de nois i noies<strong>,<\/strong> b\u00e0sicament de primer cicle de l&#8217;ESO, van presentar a tota la comunitat educativa els tres grups de Ball de Bastons creats a l&#8217;institut, de la m\u00e0 de l&#8217;Adri\u00e1n Ortiz Mera, professor del centre del Departament de F\u00edsica i Qu\u00edmica i actual President de la Coordinadora de Ball de Bastons de Catalunya.<\/p>\n<p style=\"text-align: justify;\">Des del tastet del ball de bastons que es va dur a terme en els tallers del darrer dia de classe del passat mes de desembre, una trentena d&#8217;alumnes s&#8217;han animat aquest segon trimestre a crear tres grups de ball de bastons que, encap\u00e7alats per l&#8217;Adri\u00e0, han confeccionat el ball de llu\u00efment dels capgrossos, han realitzat dues tipologies de sardanes i han preparat fins a set coreografies de Ball de Bastons.<\/p>\n<table style=\"width: 415px;\">\n<tbody>\n<tr>\n<td style=\"width: 409.091px;\"><a href=\"https:\/\/agora.xtec.cat\/ieslaromanica\/wp-content\/uploads\/usu857\/2014\/09\/Sant-Jordi-1-retallada.jpg\"><img loading=\"lazy\" decoding=\"async\" class=\"alignnone size-full wp-image-3364\" src=\"https:\/\/agora.xtec.cat\/ieslaromanica\/wp-content\/uploads\/usu857\/2014\/09\/Sant-Jordi-1-retallada.jpg\" alt=\"\" width=\"1204\" height=\"800\" srcset=\"https:\/\/agora.xtec.cat\/ieslaromanica\/wp-content\/uploads\/usu857\/2014\/09\/Sant-Jordi-1-retallada.jpg 1204w, https:\/\/agora.xtec.cat\/ieslaromanica\/wp-content\/uploads\/usu857\/2014\/09\/Sant-Jordi-1-retallada-300x199.jpg 300w, https:\/\/agora.xtec.cat\/ieslaromanica\/wp-content\/uploads\/usu857\/2014\/09\/Sant-Jordi-1-retallada-768x510.jpg 768w, https:\/\/agora.xtec.cat\/ieslaromanica\/wp-content\/uploads\/usu857\/2014\/09\/Sant-Jordi-1-retallada-1024x680.jpg 1024w\" sizes=\"auto, (max-width: 1204px) 100vw, 1204px\" \/><\/a><\/td>\n<\/tr>\n<tr>\n<td style=\"width: 409.091px;\"><a href=\"https:\/\/agora.xtec.cat\/ieslaromanica\/wp-content\/uploads\/usu857\/2018\/04\/ball-bastons-1.jpg\"><img loading=\"lazy\" decoding=\"async\" class=\"alignnone size-full wp-image-3550\" src=\"https:\/\/agora.xtec.cat\/ieslaromanica\/wp-content\/uploads\/usu857\/2018\/04\/ball-bastons-1.jpg\" alt=\"\" width=\"1204\" height=\"800\" srcset=\"https:\/\/agora.xtec.cat\/ieslaromanica\/wp-content\/uploads\/usu857\/2018\/04\/ball-bastons-1.jpg 1204w, https:\/\/agora.xtec.cat\/ieslaromanica\/wp-content\/uploads\/usu857\/2018\/04\/ball-bastons-1-300x199.jpg 300w, https:\/\/agora.xtec.cat\/ieslaromanica\/wp-content\/uploads\/usu857\/2018\/04\/ball-bastons-1-768x510.jpg 768w, https:\/\/agora.xtec.cat\/ieslaromanica\/wp-content\/uploads\/usu857\/2018\/04\/ball-bastons-1-1024x680.jpg 1024w\" sizes=\"auto, (max-width: 1204px) 100vw, 1204px\" \/><\/a><\/td>\n<\/tr>\n<tr>\n<td style=\"width: 409.091px;\">Fotografia de fam\u00edlia:<\/p>\n<p><a href=\"https:\/\/agora.xtec.cat\/ieslaromanica\/wp-content\/uploads\/usu857\/2014\/09\/Sant-Jordi-4-retallada.jpg\"><img loading=\"lazy\" decoding=\"async\" class=\"alignnone size-full wp-image-3367\" src=\"https:\/\/agora.xtec.cat\/ieslaromanica\/wp-content\/uploads\/usu857\/2014\/09\/Sant-Jordi-4-retallada.jpg\" alt=\"\" width=\"1204\" height=\"800\" srcset=\"https:\/\/agora.xtec.cat\/ieslaromanica\/wp-content\/uploads\/usu857\/2014\/09\/Sant-Jordi-4-retallada.jpg 1204w, https:\/\/agora.xtec.cat\/ieslaromanica\/wp-content\/uploads\/usu857\/2014\/09\/Sant-Jordi-4-retallada-300x199.jpg 300w, https:\/\/agora.xtec.cat\/ieslaromanica\/wp-content\/uploads\/usu857\/2014\/09\/Sant-Jordi-4-retallada-768x510.jpg 768w, https:\/\/agora.xtec.cat\/ieslaromanica\/wp-content\/uploads\/usu857\/2014\/09\/Sant-Jordi-4-retallada-1024x680.jpg 1024w\" sizes=\"auto, (max-width: 1204px) 100vw, 1204px\" \/><\/a><\/td>\n<\/tr>\n<tr>\n<td style=\"width: 409.091px;\">I Trobada d&#8217;Escoles Bastoneres de Sabadell (11 maig 2018):<\/p>\n<p><a href=\"https:\/\/agora.xtec.cat\/ieslaromanica\/wp-content\/uploads\/usu857\/2018\/10\/IMG_0481.jpg\"><img loading=\"lazy\" decoding=\"async\" class=\"size-full wp-image-13811 aligncenter\" src=\"https:\/\/agora.xtec.cat\/ieslaromanica\/wp-content\/uploads\/usu857\/2018\/10\/IMG_0481.jpg\" alt=\"\" width=\"1500\" height=\"1000\" srcset=\"https:\/\/agora.xtec.cat\/ieslaromanica\/wp-content\/uploads\/usu857\/2018\/10\/IMG_0481.jpg 1500w, https:\/\/agora.xtec.cat\/ieslaromanica\/wp-content\/uploads\/usu857\/2018\/10\/IMG_0481-300x200.jpg 300w, https:\/\/agora.xtec.cat\/ieslaromanica\/wp-content\/uploads\/usu857\/2018\/10\/IMG_0481-768x512.jpg 768w, https:\/\/agora.xtec.cat\/ieslaromanica\/wp-content\/uploads\/usu857\/2018\/10\/IMG_0481-1024x683.jpg 1024w\" sizes=\"auto, (max-width: 1500px) 100vw, 1500px\" \/><\/a><\/td>\n<\/tr>\n<tr>\n<td style=\"width: 409.091px;\">Recuperaci\u00f3 de la Trobada Bastonera Infantil de Catalunya de Salou (2 de juny 2018):<\/p>\n<p><a href=\"https:\/\/agora.xtec.cat\/ieslaromanica\/wp-content\/uploads\/usu857\/2018\/06\/INSTITUT-LA-ROM\u00c0NICA.jpg\"><img loading=\"lazy\" decoding=\"async\" class=\"alignnone size-full wp-image-3655\" src=\"https:\/\/agora.xtec.cat\/ieslaromanica\/wp-content\/uploads\/usu857\/2018\/06\/INSTITUT-LA-ROM\u00c0NICA.jpg\" alt=\"\" width=\"1024\" height=\"768\" srcset=\"https:\/\/agora.xtec.cat\/ieslaromanica\/wp-content\/uploads\/usu857\/2018\/06\/INSTITUT-LA-ROM\u00c0NICA.jpg 1024w, https:\/\/agora.xtec.cat\/ieslaromanica\/wp-content\/uploads\/usu857\/2018\/06\/INSTITUT-LA-ROM\u00c0NICA-300x225.jpg 300w, https:\/\/agora.xtec.cat\/ieslaromanica\/wp-content\/uploads\/usu857\/2018\/06\/INSTITUT-LA-ROM\u00c0NICA-768x576.jpg 768w, https:\/\/agora.xtec.cat\/ieslaromanica\/wp-content\/uploads\/usu857\/2018\/06\/INSTITUT-LA-ROM\u00c0NICA-200x150.jpg 200w\" sizes=\"auto, (max-width: 1024px) 100vw, 1024px\" \/><\/a><\/td>\n<\/tr>\n<tr>\n<td style=\"width: 409.091px;\">Graduaci\u00f3 de 4t d&#8217;ESO (26 de juny de 2018):<\/p>\n<p><a href=\"https:\/\/agora.xtec.cat\/ieslaromanica\/wp-content\/uploads\/usu857\/2018\/07\/DSC_0102.jpg\"><img loading=\"lazy\" decoding=\"async\" class=\"alignnone size-full wp-image-4071\" src=\"https:\/\/agora.xtec.cat\/ieslaromanica\/wp-content\/uploads\/usu857\/2018\/07\/DSC_0102.jpg\" alt=\"\" width=\"1204\" height=\"800\" srcset=\"https:\/\/agora.xtec.cat\/ieslaromanica\/wp-content\/uploads\/usu857\/2018\/07\/DSC_0102.jpg 1204w, https:\/\/agora.xtec.cat\/ieslaromanica\/wp-content\/uploads\/usu857\/2018\/07\/DSC_0102-300x199.jpg 300w, https:\/\/agora.xtec.cat\/ieslaromanica\/wp-content\/uploads\/usu857\/2018\/07\/DSC_0102-768x510.jpg 768w, https:\/\/agora.xtec.cat\/ieslaromanica\/wp-content\/uploads\/usu857\/2018\/07\/DSC_0102-1024x680.jpg 1024w\" sizes=\"auto, (max-width: 1204px) 100vw, 1204px\" \/><\/a><\/td>\n<\/tr>\n<\/tbody>\n<\/table>\n<p>&nbsp;<\/p>\n<p>&nbsp;<\/p>\n<p style=\"text-align: justify;\">Al dia seg\u00fcent, el 27 de juny, la nostra colla bastonera va actuar al Parc Central de Barber\u00e0 i Sabadell amb la colla de bastoners i bastoneres de Sabadell, ja que els faltaven participants per poder ballar. Els nostre grup van poder mostrar i ensenyar els balls apresos a les fam\u00edlies.<\/p>\n<h5>ACTIVITATS 2018\/2019:<\/h5>\n<h6>VI Trobada Bastonera de Salou (20 d&#8217;octubre de 2018):<\/h6>\n<p style=\"text-align: justify;\">A la primera fotografia podeu veure membres de la nostra colla bastonera donant un cop de m\u00e0 a la de Sabadell i a la segona recollint el recordatori de la nostra participaci\u00f3 a la VI Trobada de mans del president del Ball de Bastons de Salou i de l&#8217;alcalde de la poblaci\u00f3.<\/p>\n<table style=\"width: 408px;\">\n<tbody>\n<tr>\n<td style=\"width: 401.818px;\"><a href=\"https:\/\/agora.xtec.cat\/ieslaromanica\/wp-content\/uploads\/usu857\/2018\/10\/DSC_2373.jpg\"><img loading=\"lazy\" decoding=\"async\" class=\"alignnone size-full wp-image-13810\" src=\"https:\/\/agora.xtec.cat\/ieslaromanica\/wp-content\/uploads\/usu857\/2018\/10\/DSC_2373.jpg\" alt=\"\" width=\"1775\" height=\"1176\" srcset=\"https:\/\/agora.xtec.cat\/ieslaromanica\/wp-content\/uploads\/usu857\/2018\/10\/DSC_2373.jpg 1775w, https:\/\/agora.xtec.cat\/ieslaromanica\/wp-content\/uploads\/usu857\/2018\/10\/DSC_2373-300x199.jpg 300w, https:\/\/agora.xtec.cat\/ieslaromanica\/wp-content\/uploads\/usu857\/2018\/10\/DSC_2373-768x509.jpg 768w, https:\/\/agora.xtec.cat\/ieslaromanica\/wp-content\/uploads\/usu857\/2018\/10\/DSC_2373-1024x678.jpg 1024w\" sizes=\"auto, (max-width: 1775px) 100vw, 1775px\" \/><\/a><\/td>\n<\/tr>\n<tr>\n<td style=\"width: 401.818px;\"><a href=\"https:\/\/agora.xtec.cat\/ieslaromanica\/wp-content\/uploads\/usu857\/2018\/10\/DSC_0415.jpg\"><img loading=\"lazy\" decoding=\"async\" class=\"alignnone size-full wp-image-13794\" src=\"https:\/\/agora.xtec.cat\/ieslaromanica\/wp-content\/uploads\/usu857\/2018\/10\/DSC_0415.jpg\" alt=\"\" width=\"2160\" height=\"1440\" srcset=\"https:\/\/agora.xtec.cat\/ieslaromanica\/wp-content\/uploads\/usu857\/2018\/10\/DSC_0415.jpg 2160w, https:\/\/agora.xtec.cat\/ieslaromanica\/wp-content\/uploads\/usu857\/2018\/10\/DSC_0415-300x200.jpg 300w, https:\/\/agora.xtec.cat\/ieslaromanica\/wp-content\/uploads\/usu857\/2018\/10\/DSC_0415-768x512.jpg 768w, https:\/\/agora.xtec.cat\/ieslaromanica\/wp-content\/uploads\/usu857\/2018\/10\/DSC_0415-1024x683.jpg 1024w\" sizes=\"auto, (max-width: 2160px) 100vw, 2160px\" \/><\/a><\/td>\n<\/tr>\n<\/tbody>\n<\/table>\n<h6 class=\"gmail_default\"><span style=\"font-family: verdana, sans-serif; font-size: large;\">V Trobada Bastonera del Vall\u00e8s a Terrassa:<\/span><\/h6>\n<div class=\"gmail_default\"><\/div>\n<div class=\"gmail_default\" style=\"text-align: justify;\"><span style=\"font-family: verdana, sans-serif;\"><strong>El diumenge 28 d\u2019octubre s\u2019ha dut a terme la <\/strong><b>V Trobada Bastonera del Vall\u00e8s<\/b> a la poblaci\u00f3 de Terrassa, amb la participaci\u00f3 de: el Ball de Bastons de Castellar del Vall\u00e8s, els Bastoners de Sant Pere, la<strong> Colla Bastonera Les Romanes<\/strong> [de l\u2019Institut P\u00fablic de la Rom\u00e0nica de Barber\u00e0 del Vall\u00e8s], els Bastoners de Sentmenat, la Colla Bastonera de Canovelles, la Colla de Bastoners de Sabadell, les Bastoneres Blaves de Granollers i la colla amfitriona dels Bastoners de Terrassa.<\/span><\/div>\n<div class=\"gmail_default\" style=\"text-align: justify;\"><span style=\"font-family: verdana, sans-serif;\">\u00a0<\/span><\/div>\n<div class=\"gmail_default\" style=\"text-align: justify;\"><span style=\"font-family: verdana, sans-serif;\">La Trobada Bastonera del Vall\u00e8s \u00e9s un acte de la Coordinadora de Ball de Bastons de Catalunya que se celebra de forma anual en forma de trobada amb totes les colles de la Territorial del Vall\u00e8s la qual compr\u00e8n les comarques del Vall\u00e8s Oriental i el Vall\u00e8s Occidental. <\/span><\/div>\n<div><\/div>\n<div class=\"gmail_default\" style=\"text-align: justify;\"><span style=\"font-family: verdana, sans-serif;\"><span style=\"font-family: verdana, sans-serif;\">L\u2019esdeveniment, coorganitzat per la Coordinadora i enguany pels Bastoners de Terrassa, ha estat marcat per la pluja per\u00f2 aix\u00f2 no ha impedit pas la seva celebraci\u00f3. Tot i estar previst fer un recorregut dansat pel Parc de Vallparad\u00eds [com a parc i espai emblem\u00e0tic de la ciutat], les precipitacions del mat\u00ed han condicionat la idea inicial i finalment s\u2019ha dut a terme una ballada est\u00e0tica dins de l\u2019Auditori Municipal. En aquesta ballada de llu\u00efment, les colles han pogut mostrar diverses coreografies que han tingut com a final l\u2019execuci\u00f3 de dues danses conjuntes: el Passi-ho b\u00e9 i el Ball de Bastons de la Territorial del Vall\u00e8s [col\u00b7loquialment conegut per les colles com el Ball del Vall\u00e8s]. Aquest darrer \u00e9s un dels 9 balls coneguts com els Balls de la Coordinadora o els Balls de Bastons de Catalunya, creats pel jovent de les diferents contrades del territori catal\u00e0 amb l\u2019objectiu de representar les diferents regions bastoneres i tamb\u00e9 per representar el Ball de Bastons de Catalunya en les ocasions que fossin necess\u00e0ries. Enguany, ha estat la primera vegada que s\u2019ha executat aquesta coreografia de forma conjunta en una Trobada Bastonera del Vall\u00e8s.<\/span><\/span><\/div>\n<div class=\"gmail_default\" style=\"text-align: justify;\">\n<table style=\"width: 418px; height: 293px;\">\n<tbody>\n<tr>\n<td style=\"width: 411.818px;\"><a href=\"https:\/\/agora.xtec.cat\/ieslaromanica\/wp-content\/uploads\/usu857\/2018\/10\/Bastonada-Vall\u00e8s-2018-colles-3.jpg\"><img loading=\"lazy\" decoding=\"async\" class=\"size-full wp-image-13822 aligncenter\" src=\"https:\/\/agora.xtec.cat\/ieslaromanica\/wp-content\/uploads\/usu857\/2018\/10\/Bastonada-Vall\u00e8s-2018-colles-3.jpg\" alt=\"\" width=\"1695\" height=\"1130\" srcset=\"https:\/\/agora.xtec.cat\/ieslaromanica\/wp-content\/uploads\/usu857\/2018\/10\/Bastonada-Vall\u00e8s-2018-colles-3.jpg 1695w, https:\/\/agora.xtec.cat\/ieslaromanica\/wp-content\/uploads\/usu857\/2018\/10\/Bastonada-Vall\u00e8s-2018-colles-3-300x200.jpg 300w, https:\/\/agora.xtec.cat\/ieslaromanica\/wp-content\/uploads\/usu857\/2018\/10\/Bastonada-Vall\u00e8s-2018-colles-3-768x512.jpg 768w, https:\/\/agora.xtec.cat\/ieslaromanica\/wp-content\/uploads\/usu857\/2018\/10\/Bastonada-Vall\u00e8s-2018-colles-3-1024x683.jpg 1024w\" sizes=\"auto, (max-width: 1695px) 100vw, 1695px\" \/><\/a><\/td>\n<\/tr>\n<\/tbody>\n<\/table>\n<\/div>\n<div><\/div>\n","protected":false},"excerpt":{"rendered":"<p><a href=\"https:\/\/agora.xtec.cat\/ieslaromanica\/wp-content\/uploads\/usu857\/2018\/10\/DSC_2336.jpg\"><\/a><\/p>\n<p>L\u2019institut p\u00fablic La Rom\u00e0nica ha treballat i treballa per la inclusi\u00f3 de la cultura popular dins del curr\u00edculum escolar amb la finalitat d\u2019emprar els avantatges que aquest fet implica a l\u2019hora d\u2019educar en valors i de millorar el treball en equip.<br \/>\nAl llarg del curs&hellip;  <a href=\"https:\/\/agora.xtec.cat\/ieslaromanica\/projectes\/historic-projectes\/cultura-popular\/la-cultura-popular-com-a-eina-educativa\/\" title=\"Read La Cultura Popular com a eina educativa\">Llegeix m\u00e9s\u00bb<\/a><\/p>\n","protected":false},"author":3,"featured_media":0,"parent":19964,"menu_order":0,"comment_status":"closed","ping_status":"closed","template":"page-templates\/side-menu.php","meta":{"_bbp_topic_count":0,"_bbp_reply_count":0,"_bbp_total_topic_count":0,"_bbp_total_reply_count":0,"_bbp_voice_count":0,"_bbp_anonymous_reply_count":0,"_bbp_topic_count_hidden":0,"_bbp_reply_count_hidden":0,"_bbp_forum_subforum_count":0,"footnotes":""},"class_list":["post-13809","page","type-page","status-publish","hentry"],"post_mailing_queue_ids":[],"_links":{"self":[{"href":"https:\/\/agora.xtec.cat\/ieslaromanica\/wp-json\/wp\/v2\/pages\/13809","targetHints":{"allow":["GET"]}}],"collection":[{"href":"https:\/\/agora.xtec.cat\/ieslaromanica\/wp-json\/wp\/v2\/pages"}],"about":[{"href":"https:\/\/agora.xtec.cat\/ieslaromanica\/wp-json\/wp\/v2\/types\/page"}],"author":[{"embeddable":true,"href":"https:\/\/agora.xtec.cat\/ieslaromanica\/wp-json\/wp\/v2\/users\/3"}],"replies":[{"embeddable":true,"href":"https:\/\/agora.xtec.cat\/ieslaromanica\/wp-json\/wp\/v2\/comments?post=13809"}],"version-history":[{"count":3,"href":"https:\/\/agora.xtec.cat\/ieslaromanica\/wp-json\/wp\/v2\/pages\/13809\/revisions"}],"predecessor-version":[{"id":19966,"href":"https:\/\/agora.xtec.cat\/ieslaromanica\/wp-json\/wp\/v2\/pages\/13809\/revisions\/19966"}],"up":[{"embeddable":true,"href":"https:\/\/agora.xtec.cat\/ieslaromanica\/wp-json\/wp\/v2\/pages\/19964"}],"wp:attachment":[{"href":"https:\/\/agora.xtec.cat\/ieslaromanica\/wp-json\/wp\/v2\/media?parent=13809"}],"curies":[{"name":"wp","href":"https:\/\/api.w.org\/{rel}","templated":true}]}}